{"id":4588,"date":"2024-09-11T07:36:09","date_gmt":"2024-09-11T07:36:09","guid":{"rendered":"https:\/\/agricultural-gear-boxes.com\/product\/high-quality-5-stage-flatbed-tow-truck-hydraulic-cylinder\/"},"modified":"2024-09-11T07:36:09","modified_gmt":"2024-09-11T07:36:09","slug":"high-quality-5-stage-flatbed-tow-truck-hydraulic-cylinder","status":"publish","type":"product","link":"https:\/\/agricultural-gear-boxes.com\/pt\/product\/high-quality-5-stage-flatbed-tow-truck-hydraulic-cylinder\/","title":{"rendered":"Cilindro hidr\u00e1ulico de caminh\u00e3o de reboque de plataforma plana de 5 est\u00e1gios de alta qualidade"},"content":{"rendered":"<p>Todo o conte\u00fado desta p\u00e1gina \u00e9 retirado da Internet e \u00e9 usado apenas como refer\u00eancia para sele\u00e7\u00e3o de produtos. Nossos produtos s\u00e3o pe\u00e7as de reposi\u00e7\u00e3o, n\u00e3o pe\u00e7as de reposi\u00e7\u00e3o originais, e n\u00e3o somos detentores da marca registrada original do conte\u00fado. Nossas pe\u00e7as de reposi\u00e7\u00e3o podem se encaixar perfeitamente nas pe\u00e7as de reposi\u00e7\u00e3o originais. Se voc\u00ea precisar comprar pe\u00e7as de reposi\u00e7\u00e3o originais, entre em contato com o fornecedor original para comprar.<\/p>\n<h2>Cilindro hidr\u00e1ulico de caminh\u00e3o de reboque de plataforma plana de 5 est\u00e1gios de alta qualidade: uma solu\u00e7\u00e3o confi\u00e1vel para v\u00e1rias aplica\u00e7\u00f5es<\/h2>\n<p>O Cilindro Hidr\u00e1ulico de Caminh\u00e3o de Reboque de Plataforma Plana de 5 Est\u00e1gios de Alta Qualidade \u00e9 um produto de primeira qualidade que oferece efici\u00eancia, durabilidade e desempenho ideal. Este cilindro hidr\u00e1ulico \u00e9 amplamente utilizado em oficinas de reparo de m\u00e1quinas, fazendas, setores de energia e minera\u00e7\u00e3o, e fabrica\u00e7\u00e3o de m\u00e1quinas e f\u00e1bricas. Ele fornece uma solu\u00e7\u00e3o confi\u00e1vel para v\u00e1rias aplica\u00e7\u00f5es.<\/p>\n<p><img decoding=\"async\" src=\"https:\/\/img.jiansujichilun.com\/img\/hydrauliccylinders\/T_hydrauliccylinders-5.webp\" alt=\"Cilindro hidr\u00e1ulico de caminh\u00e3o de reboque de plataforma plana de 5 est\u00e1gios de alta qualidade\" \/><\/p>\n<h3>Hist\u00f3rico e classifica\u00e7\u00e3o do produto<\/h3>\n<p>O cilindro hidr\u00e1ulico \u00e9 um atuador mec\u00e2nico que \u00e9 usado para fornecer for\u00e7a unidirecional por meio de um curso unidirecional. O primeiro cilindro hidr\u00e1ulico foi inventado por Joseph Bramah na Inglaterra em 1795. Desde ent\u00e3o, tem sido amplamente usado em v\u00e1rios campos devido \u00e0 sua alta efici\u00eancia, baixo ru\u00eddo e opera\u00e7\u00e3o suave.<\/p>\n<p>O Cilindro Hidr\u00e1ulico de Caminh\u00e3o de Reboque de Plataforma Plana de 5 Est\u00e1gios de Alta Qualidade \u00e9 classificado como um cilindro hidr\u00e1ulico multiest\u00e1gio. Ele tem uma pot\u00eancia hidr\u00e1ulica potente e um corpo de a\u00e7o resistente, tornando-o um produto confi\u00e1vel e dur\u00e1vel.<\/p>\n<h3>Vantagens do Produto<\/h3>\n<ul>\n<li>Estrutura multiest\u00e1gio<\/li>\n<li>Potente pot\u00eancia hidr\u00e1ulica<\/li>\n<li>Corpo de a\u00e7o resistente<\/li>\n<li>O tamanho do furo varia de 2 a 6 polegadas<\/li>\n<li>O tamanho da haste varia de 1,125 a 4 polegadas<\/li>\n<li>O tamanho do curso varia de 4 a 100 polegadas<\/li>\n<li>O tamanho do pino varia de 0,5 a 2 polegadas<\/li>\n<li>Impulso m\u00e1ximo de 3000<\/li>\n<li>Tra\u00e7\u00e3o m\u00e1xima de 20 toneladas<\/li>\n<li>Certificado ISO9001:2000 para alta qualidade e confiabilidade<\/li>\n<\/ul>\n<h3>Materiais de produtos utiliz\u00e1veis<\/h3>\n<p>O Cilindro Hidr\u00e1ulico de Caminh\u00e3o de Reboque de Plataforma Plana de 5 Est\u00e1gios de Alta Qualidade \u00e9 feito de materiais de alta qualidade para garantir sua durabilidade e confiabilidade. O corpo do cilindro \u00e9 feito de a\u00e7o de alta resist\u00eancia, que tem alta capacidade de carga e \u00e9 resistente a impactos. A haste do pist\u00e3o \u00e9 feita de a\u00e7o de alta qualidade, que tem boa resist\u00eancia ao desgaste e \u00e0 corros\u00e3o. O anel de veda\u00e7\u00e3o \u00e9 feito de borracha de alta qualidade, que tem bom desempenho de veda\u00e7\u00e3o e \u00e9 f\u00e1cil de substituir.<\/p>\n<h3>Cen\u00e1rios de uso<\/h3>\n<p>O Cilindro Hidr\u00e1ulico de Caminh\u00e3o de Reboque de Plataforma Plana de 5 Est\u00e1gios de Alta Qualidade \u00e9 amplamente utilizado em v\u00e1rios campos, como oficinas de reparo de m\u00e1quinas, fazendas, setores de energia e minera\u00e7\u00e3o, e fabrica\u00e7\u00e3o de m\u00e1quinas e f\u00e1bricas. \u00c9 usado principalmente para levantar objetos pesados, empurrar ou puxar m\u00e1quinas ou ve\u00edculos grandes e fornecer energia para v\u00e1rios equipamentos mec\u00e2nicos e de engenharia.<\/p>\n<p><img decoding=\"async\" src=\"https:\/\/img.jiansujichilun.com\/img\/hydrauliccylinders\/T_hydrauliccylinders-5.webp\" alt=\"Cen\u00e1rios de uso de cilindro hidr\u00e1ulico de caminh\u00e3o de reboque de plataforma plana de alta qualidade de 5 est\u00e1gios\" \/><\/p>\n<h3>Instala\u00e7\u00e3o, Manuten\u00e7\u00e3o e Reparo<\/h3>\n<ul>\n<li>Instala\u00e7\u00e3o: Instale o cilindro hidr\u00e1ulico de acordo com as instru\u00e7\u00f5es de instala\u00e7\u00e3o. O cilindro deve ser fixado firmemente para evitar que se mova durante o uso.<\/li>\n<li>Manuten\u00e7\u00e3o: Verifique regularmente o cilindro hidr\u00e1ulico quanto a vazamentos, desgaste e danos. Substitua pe\u00e7as danificadas ou desgastadas a tempo. Adicione \u00f3leo hidr\u00e1ulico regularmente para manter a opera\u00e7\u00e3o normal do cilindro.<\/li>\n<li>Reparo: Quando o cilindro hidr\u00e1ulico falha, ele deve ser reparado a tempo. As pe\u00e7as danificadas ou desgastadas devem ser substitu\u00eddas, e o cilindro deve ser testado para garantir que ele funcione normalmente.<\/li>\n<\/ul>\n<h3>Substitui\u00e7\u00e3o<\/h3>\n<p>Se voc\u00ea precisar substituir o cilindro hidr\u00e1ulico de caminh\u00e3o de reboque de plataforma plana de alta qualidade de 5 est\u00e1gios, siga estas etapas:<\/p>\n<ul>\n<li>Identifique o modelo e as especifica\u00e7\u00f5es do cilindro hidr\u00e1ulico que voc\u00ea precisa substituir.<\/li>\n<li>Remova o cilindro hidr\u00e1ulico antigo e descarte-o adequadamente.<\/li>\n<li>Instale o novo cilindro hidr\u00e1ulico de acordo com as instru\u00e7\u00f5es de instala\u00e7\u00e3o.<\/li>\n<li>Teste o novo cilindro hidr\u00e1ulico para garantir que ele funcione normalmente.<\/li>\n<\/ul>\n<h2>Outros neg\u00f3cios de produtos<\/h2>\n<p><img decoding=\"async\" src=\"https:\/\/images.hzpt.com\/2024\/04\/unit-type-flexo-press-factory.webp\" alt=\"Outros neg\u00f3cios de produtos\" \/><\/p>\n<p>Al\u00e9m de cilindros hidr\u00e1ulicos, fornecemos principalmente v\u00e1rias engrenagens de pl\u00e1stico para uso industrial, como caixas de engrenagens agr\u00edcolas, eixos de sa\u00edda de pot\u00eancia, rodas dentadas, acoplamentos hidr\u00e1ulicos, redutores de engrenagem sem-fim, cremalheiras de engrenagens, correntes remov\u00edveis, polias e polias, caixas de engrenagens planet\u00e1rias, polias de sincroniza\u00e7\u00e3o, buchas, etc. Nossos produtos s\u00e3o de alta qualidade, com pre\u00e7os preferenciais, e oferecemos servi\u00e7os atenciosos. Damos as boas-vindas aos clientes para personalizar com desenhos e amostras.<\/p>\n<h2>Perguntas frequentes<\/h2>\n<p><img decoding=\"async\" src=\"https:\/\/img.jiansujichilun.com\/img\/hydrauliccylinders\/T_hydrauliccylinders-5.webp\" alt=\"Cilindro hidr\u00e1ulico de caminh\u00e3o de reboque de plataforma plana de alta qualidade de 5 est\u00e1gios FAQ\" \/><\/p>\n<p><b>P: Qual \u00e9 o prazo geral de entrega dos cilindros hidr\u00e1ulicos?<\/b><br \/>R: O prazo geral de entrega \u00e9 de 25 a 35 dias.<\/p>\n<p><b>P: Voc\u00eas fornecem amostras gr\u00e1tis dos seus produtos?<\/b><br \/>R: N\u00f3s fornecemos amostras, mas elas n\u00e3o s\u00e3o gratuitas.<\/p>\n<p><b>P: Posso personalizar os cilindros hidr\u00e1ulicos de acordo com minhas necessidades?<\/b><br \/>R: Sim, aceitamos personaliza\u00e7\u00e3o com base em suas amostras ou desenhos t\u00e9cnicos.<\/p>\n<p><b>P: Qual \u00e9 o empuxo m\u00e1ximo e a tra\u00e7\u00e3o m\u00e1xima do cilindro hidr\u00e1ulico de caminh\u00e3o de reboque de plataforma plana de alta qualidade de 5 est\u00e1gios?<\/b><br \/>R: O empuxo m\u00e1ximo do cilindro hidr\u00e1ulico \u00e9 de 3000 e a tra\u00e7\u00e3o m\u00e1xima \u00e9 de 20 toneladas.<\/p>\n<p><b>P: O cilindro hidr\u00e1ulico de caminh\u00e3o de reboque de plataforma plana de alta qualidade de 5 est\u00e1gios \u00e9 adequado para levantar objetos pesados?<\/b><br \/>R: Sim, o cilindro hidr\u00e1ulico \u00e9 usado principalmente para levantar objetos pesados, empurrar ou puxar m\u00e1quinas ou ve\u00edculos grandes e fornecer energia para v\u00e1rios equipamentos mec\u00e2nicos e de engenharia.<\/p>","protected":false},"excerpt":{"rendered":"<p>All content on this page is taken from the Internet and is only used as a reference for product selection. Our products are replacement parts, not original spare parts, and we are not the holder of the original trademark of the content. Our replacement parts can perfectly fit the original spare parts. If you need [&hellip;]<\/p>","protected":false},"featured_media":4587,"template":"","meta":{"_et_pb_use_builder":"","_et_pb_old_content":"","_et_gb_content_width":""},"product_brand":[],"product_cat":[11327],"product_tag":[],"class_list":{"0":"post-4588","1":"product","2":"type-product","3":"status-publish","4":"has-post-thumbnail","6":"product_cat-telescopic-hydraulic-cylinder","8":"first","9":"instock","10":"shipping-taxable","11":"product-type-simple"},"_links":{"self":[{"href":"https:\/\/agricultural-gear-boxes.com\/pt\/wp-json\/wp\/v2\/product\/4588","targetHints":{"allow":["GET"]}}],"collection":[{"href":"https:\/\/agricultural-gear-boxes.com\/pt\/wp-json\/wp\/v2\/product"}],"about":[{"href":"https:\/\/agricultural-gear-boxes.com\/pt\/wp-json\/wp\/v2\/types\/product"}],"wp:featuredmedia":[{"embeddable":true,"href":"https:\/\/agricultural-gear-boxes.com\/pt\/wp-json\/wp\/v2\/media\/4587"}],"wp:attachment":[{"href":"https:\/\/agricultural-gear-boxes.com\/pt\/wp-json\/wp\/v2\/media?parent=4588"}],"wp:term":[{"taxonomy":"product_brand","embeddable":true,"href":"https:\/\/agricultural-gear-boxes.com\/pt\/wp-json\/wp\/v2\/product_brand?post=4588"},{"taxonomy":"product_cat","embeddable":true,"href":"https:\/\/agricultural-gear-boxes.com\/pt\/wp-json\/wp\/v2\/product_cat?post=4588"},{"taxonomy":"product_tag","embeddable":true,"href":"https:\/\/agricultural-gear-boxes.com\/pt\/wp-json\/wp\/v2\/product_tag?post=4588"}],"curies":[{"name":"wp","href":"https:\/\/api.w.org\/{rel}","templated":true}]}}