{"id":4590,"date":"2024-09-11T07:36:11","date_gmt":"2024-09-11T07:36:11","guid":{"rendered":"https:\/\/agricultural-gear-boxes.com\/product\/quality-manufacturing-4-stage-telescopic-hydraulic-cylinder-for-dump-trailer\/"},"modified":"2024-09-11T07:36:11","modified_gmt":"2024-09-11T07:36:11","slug":"quality-manufacturing-4-stage-telescopic-hydraulic-cylinder-for-dump-trailer","status":"publish","type":"product","link":"https:\/\/agricultural-gear-boxes.com\/pt\/product\/quality-manufacturing-4-stage-telescopic-hydraulic-cylinder-for-dump-trailer\/","title":{"rendered":"Cilindro hidr\u00e1ulico telesc\u00f3pico de 4 est\u00e1gios de fabrica\u00e7\u00e3o de qualidade para reboque basculante"},"content":{"rendered":"<p>Todo o conte\u00fado desta p\u00e1gina vem da Internet e \u00e9 usado apenas como refer\u00eancia para sele\u00e7\u00e3o de produtos. Nossos produtos s\u00e3o pe\u00e7as de reposi\u00e7\u00e3o e n\u00e3o pe\u00e7as de reposi\u00e7\u00e3o originais. N\u00e3o somos detentores da marca registrada original do conte\u00fado. Nossas pe\u00e7as de reposi\u00e7\u00e3o podem se encaixar perfeitamente nas pe\u00e7as de reposi\u00e7\u00e3o originais. Se voc\u00ea precisar comprar pe\u00e7as de reposi\u00e7\u00e3o originais, entre em contato com o fornecedor original.<\/p>\n<p><h2>Cilindro hidr\u00e1ulico telesc\u00f3pico de 4 est\u00e1gios de fabrica\u00e7\u00e3o de qualidade para reboque basculante<\/h2><\/p>\n<p>Nosso Cilindro Hidr\u00e1ulico Telesc\u00f3pico de 4 Est\u00e1gios de Fabrica\u00e7\u00e3o de Qualidade para Reboque Basculante \u00e9 uma pe\u00e7a de reposi\u00e7\u00e3o de alta qualidade que \u00e9 perfeita para uso em oficinas de reparo de m\u00e1quinas, fazendas, energia e minera\u00e7\u00e3o, fabrica\u00e7\u00e3o de m\u00e1quinas e f\u00e1bricas de m\u00e1quinas. Este cilindro hidr\u00e1ulico ostenta recursos de economia de energia, alta efici\u00eancia e seguran\u00e7a. Ele \u00e9 constru\u00eddo para fornecer servi\u00e7o confi\u00e1vel e duradouro em aplica\u00e7\u00f5es industriais rigorosas.<\/p>\n<p><img decoding=\"async\" src=\"https:\/\/img.jiansujichilun.com\/img\/hydrauliccylinders\/T_hydrauliccylinders-5.webp\" alt=\"Cen\u00e1rio de uso\" \/><\/p>\n<h3>Aplica\u00e7\u00f5es<\/h3>\n<p>Nosso cilindro hidr\u00e1ulico \u00e9 projetado para ser usado em uma variedade de ind\u00fastrias, incluindo oficinas de reparo de m\u00e1quinas, fazendas, energia e minera\u00e7\u00e3o, fabrica\u00e7\u00e3o de m\u00e1quinas e f\u00e1bricas de m\u00e1quinas. \u00c9 perfeito para opera\u00e7\u00f5es pesadas devido \u00e0 sua robustez e durabilidade.<\/p>\n<h3>Vantagens<\/h3>\n<ul>\n<li>Economia de energia<\/li>\n<li>Alta efici\u00eancia<\/li>\n<li>Caracter\u00edsticas de seguran\u00e7a<\/li>\n<li>Material do corpo de a\u00e7o robusto e dur\u00e1vel<\/li>\n<li>Estrutura do cilindro de \u00eambolo padr\u00e3o<\/li>\n<li>Pot\u00eancia hidr\u00e1ulica<\/li>\n<li>Impulso m\u00e1ximo: 3000<\/li>\n<li>Tra\u00e7\u00e3o m\u00e1xima: 20 toneladas<\/li>\n<li>Certificado ISO9001:2000<\/li>\n<li>Tamanho do furo: 2-6 polegadas<\/li>\n<li>Tamanho da haste: 1,125-4 polegadas<\/li>\n<li>Tamanho do curso: 4-100 polegadas<\/li>\n<li>Tamanho do pino: 0,5-2 polegadas<\/li>\n<li>Cor: Preto<\/li>\n<\/ul>\n<h3>Materiais do produto<\/h3>\n<p>Nosso cilindro hidr\u00e1ulico telesc\u00f3pico de 4 est\u00e1gios de fabrica\u00e7\u00e3o de qualidade para reboque basculante \u00e9 feito de material de corpo de a\u00e7o de alta qualidade, garantindo que ele possa suportar os rigores de opera\u00e7\u00f5es pesadas.<\/p>\n<h3>Instala\u00e7\u00e3o, Manuten\u00e7\u00e3o e Reparo<\/h3>\n<p>Installing, maintaining, and repairing our hydraulic cylinder is easy and straightforward. We recommend that you follow the manufacturer&#8217;s instructions to ensure proper installation and maintenance. If you encounter any issues, please contact our customer service team for assistance.<\/p>\n<h3>Substitui\u00e7\u00e3o<\/h3>\n<p>Nossas pe\u00e7as de reposi\u00e7\u00e3o podem se encaixar perfeitamente nas pe\u00e7as de reposi\u00e7\u00e3o originais. Se voc\u00ea precisar substituir alguma pe\u00e7a, certifique-se de escolher a pe\u00e7a de reposi\u00e7\u00e3o correta para seu equipamento. Se precisar de assist\u00eancia, entre em contato com nossa equipe de atendimento ao cliente para obter assist\u00eancia.<\/p>\n<h3>Hist\u00f3ria e Classifica\u00e7\u00e3o<\/h3>\n<p>Cilindros hidr\u00e1ulicos t\u00eam sido usados por muitos anos em v\u00e1rias ind\u00fastrias. Eles s\u00e3o classificados com base em sua estrutura, fun\u00e7\u00e3o e aplica\u00e7\u00e3o. Nosso Cilindro Hidr\u00e1ulico Telesc\u00f3pico de 4 Est\u00e1gios de Fabrica\u00e7\u00e3o de Qualidade para Reboque Basculante \u00e9 uma estrutura de cilindro de \u00eambolo padr\u00e3o que fornece energia hidr\u00e1ulica para mover cargas em aplica\u00e7\u00f5es de servi\u00e7o pesado.<\/p>\n<h3>Perguntas frequentes<\/h3>\n<ol>\n<li><strong>P: Qual \u00e9 a garantia do seu cilindro hidr\u00e1ulico?<\/strong><br \/>\n    R: Nosso cilindro hidr\u00e1ulico vem com garantia de 1 ano.<\/li>\n<li><strong>P: Quais s\u00e3o os materiais utiliz\u00e1veis para seu cilindro hidr\u00e1ulico?<\/strong><br \/>\n    R: Nosso cilindro hidr\u00e1ulico telesc\u00f3pico de 4 est\u00e1gios de fabrica\u00e7\u00e3o de qualidade para reboque basculante \u00e9 feito de material de corpo de a\u00e7o de alta qualidade.<\/li>\n<li><strong>P: Como sei qual pe\u00e7a de reposi\u00e7\u00e3o escolher?<\/strong><br \/>\n    A: Certifique-se de escolher a pe\u00e7a de reposi\u00e7\u00e3o correta para seu equipamento. Se precisar de assist\u00eancia, entre em contato com nossa equipe de atendimento ao cliente para obter assist\u00eancia.<\/li>\n<li><strong>P: Voc\u00eas oferecem unidades de energia para venda?<\/strong><br \/>\n    R: Sim, tamb\u00e9m oferecemos unidades de energia para venda.<\/li>\n<li><strong>P: Posso personalizar meu pedido?<\/strong><br \/>\n    R: Sim, aceitamos que os clientes personalizem com desenhos ou amostras.<\/li>\n<\/ol>\n<p>N\u00f3s fornecemos principalmente v\u00e1rias engrenagens de pl\u00e1stico para uso industrial, como caixas de engrenagens agr\u00edcolas, eixos de sa\u00edda de pot\u00eancia, rodas dentadas, acoplamentos hidr\u00e1ulicos, redutores de engrenagem sem-fim, cremalheiras de engrenagens, correntes remov\u00edveis, polias e polias, caixas de engrenagens planet\u00e1rias, polias de sincroniza\u00e7\u00e3o, buchas, etc. Oferecemos produtos de alta qualidade, pre\u00e7os competitivos e excelente atendimento ao cliente. Entre em contato conosco para comprar.<\/p>\n<p><img decoding=\"async\" src=\"https:\/\/images.hzpt.com\/2024\/04\/unit-type-flexo-press-factory.webp\" alt=\"Outros neg\u00f3cios de produtos\" \/><\/p>","protected":false},"excerpt":{"rendered":"<p>All of the content on this page comes from the Internet and is only used as a reference for product selection. Our products are replacement parts rather than original spare parts. We are not the holder of the original trademark of the content. Our replacement parts can perfectly fit the original spare parts. If you [&hellip;]<\/p>","protected":false},"featured_media":4589,"template":"","meta":{"_et_pb_use_builder":"","_et_pb_old_content":"","_et_gb_content_width":""},"product_brand":[],"product_cat":[11327],"product_tag":[],"class_list":{"0":"post-4590","1":"product","2":"type-product","3":"status-publish","4":"has-post-thumbnail","6":"product_cat-telescopic-hydraulic-cylinder","8":"first","9":"instock","10":"shipping-taxable","11":"product-type-simple"},"_links":{"self":[{"href":"https:\/\/agricultural-gear-boxes.com\/pt\/wp-json\/wp\/v2\/product\/4590","targetHints":{"allow":["GET"]}}],"collection":[{"href":"https:\/\/agricultural-gear-boxes.com\/pt\/wp-json\/wp\/v2\/product"}],"about":[{"href":"https:\/\/agricultural-gear-boxes.com\/pt\/wp-json\/wp\/v2\/types\/product"}],"wp:featuredmedia":[{"embeddable":true,"href":"https:\/\/agricultural-gear-boxes.com\/pt\/wp-json\/wp\/v2\/media\/4589"}],"wp:attachment":[{"href":"https:\/\/agricultural-gear-boxes.com\/pt\/wp-json\/wp\/v2\/media?parent=4590"}],"wp:term":[{"taxonomy":"product_brand","embeddable":true,"href":"https:\/\/agricultural-gear-boxes.com\/pt\/wp-json\/wp\/v2\/product_brand?post=4590"},{"taxonomy":"product_cat","embeddable":true,"href":"https:\/\/agricultural-gear-boxes.com\/pt\/wp-json\/wp\/v2\/product_cat?post=4590"},{"taxonomy":"product_tag","embeddable":true,"href":"https:\/\/agricultural-gear-boxes.com\/pt\/wp-json\/wp\/v2\/product_tag?post=4590"}],"curies":[{"name":"wp","href":"https:\/\/api.w.org\/{rel}","templated":true}]}}