{"id":4592,"date":"2024-09-11T07:36:12","date_gmt":"2024-09-11T07:36:12","guid":{"rendered":"https:\/\/agricultural-gear-boxes.com\/product\/factory-direct-sale-20-ton-4-stage-dump-truck-hydraulic-cylinder\/"},"modified":"2024-09-11T07:36:12","modified_gmt":"2024-09-11T07:36:12","slug":"factory-direct-sale-20-ton-4-stage-dump-truck-hydraulic-cylinder","status":"publish","type":"product","link":"https:\/\/agricultural-gear-boxes.com\/pt\/product\/factory-direct-sale-20-ton-4-stage-dump-truck-hydraulic-cylinder\/","title":{"rendered":"Venda direta da f\u00e1brica 20 toneladas 4 est\u00e1gios caminh\u00e3o basculante cilindro hidr\u00e1ulico"},"content":{"rendered":"<p>Todo o conte\u00fado desta p\u00e1gina vem da internet e \u00e9 usado apenas como refer\u00eancia para sele\u00e7\u00e3o de produtos. Nossos produtos s\u00e3o pe\u00e7as de reposi\u00e7\u00e3o em vez de pe\u00e7as de reposi\u00e7\u00e3o originais, e n\u00e3o somos detentores da marca registrada original do conte\u00fado. Nossas pe\u00e7as de reposi\u00e7\u00e3o podem se encaixar perfeitamente nas pe\u00e7as de reposi\u00e7\u00e3o originais. Se voc\u00ea precisar comprar pe\u00e7as de reposi\u00e7\u00e3o originais, entre em contato com o fornecedor original para comprar.<\/p>\n<p><h2>Venda direta da f\u00e1brica 20 toneladas 4 est\u00e1gios caminh\u00e3o basculante cilindro hidr\u00e1ulico<\/h2><\/p>\n<p>The Factory Direct Sale 20 Ton 4 Stage Dump Truck Hydraulic Cylinder is a state-of-the-art product perfect for use in machinery repair shops, farms, energy &#038; mining, machinery manufacturing, and machinery factories. This multistage hydraulic cylinder is built with a robust steel body and is powered by hydraulic pressure. With a maximum thrust of 3000, it can pull up to 20 tons. It is certified under ISO9001:2000, ensuring its quality and reliability.<\/p>\n<p><h2>Vis\u00e3o geral do produto<\/h2><\/p>\n<p>O cilindro hidr\u00e1ulico de caminh\u00e3o basculante de 20 toneladas e 4 est\u00e1gios de venda direta da f\u00e1brica foi projetado com efici\u00eancia, seguran\u00e7a e conserva\u00e7\u00e3o de energia em mente. \u00c9 ideal para aplica\u00e7\u00f5es pesadas e oferece desempenho consistente e confi\u00e1vel. Sua estrutura de cilindro de \u00eambolo oferece durabilidade e resist\u00eancia superiores. O cilindro hidr\u00e1ulico vem com garantia de um ano para o produto e seus componentes principais, incluindo o rolamento e o cilindro hidr\u00e1ulico.<\/p>\n<p><h3>Cen\u00e1rios de uso do produto<\/h3><\/p>\n<p>&#8211; Machinery repair shops<br \/>\n&#8211; Farms<br \/>\n&#8211; Energy &#038; mining<br \/>\n&#8211; Machinery manufacturing<br \/>\n&#8211; Machinery factories<\/p>\n<p>![Cen\u00e1rio de uso do cilindro hidr\u00e1ulico](https:\/\/img.jiansujichilun.com\/img\/hydrauliccylinders\/T_hydrauliccylinders-5.webp)<\/p>\n<p><h3>Hist\u00f3rico do produto<\/h3><\/p>\n<p>O cilindro hidr\u00e1ulico de caminh\u00e3o basculante de 20 toneladas e 4 est\u00e1gios Factory Direct Sale tem uma longa hist\u00f3ria de desenvolvimento e inova\u00e7\u00e3o no campo de sistemas hidr\u00e1ulicos. Ao longo dos anos, ele passou por melhorias cont\u00ednuas para atender \u00e0s necessidades em constante mudan\u00e7a das aplica\u00e7\u00f5es industriais.<\/p>\n<p><h3>Classifica\u00e7\u00e3o do produto<\/h3><\/p>\n<p>O cilindro hidr\u00e1ulico pode ser classificado com base em seu est\u00e1gio, tamanho do furo, tamanho da haste, tamanho do curso, tamanho do pino e portas. Ele est\u00e1 dispon\u00edvel em v\u00e1rios tamanhos e especifica\u00e7\u00f5es para atender a diferentes requisitos.<\/p>\n<p><h3>Vantagens do produto<\/h3><\/p>\n<p>&#8211; Robust steel body for enhanced durability<br \/>\n&#8211; Powered by hydraulic pressure for efficient performance<br \/>\n&#8211; Maximum thrust of 3000 and capacity to pull up to 20 tons<br \/>\n&#8211; Certified under ISO9001:2000 for quality and reliability<br \/>\n&#8211; Designed with a plunger cylinder structure for superior strength<br \/>\n&#8211; One-year warranty for product and core components<\/p>\n<p><h3>Materiais de produtos utiliz\u00e1veis<\/h3><\/p>\n<p>O cilindro hidr\u00e1ulico de caminh\u00e3o basculante de 20 toneladas e 4 est\u00e1gios de venda direta da f\u00e1brica \u00e9 feito de materiais de alta qualidade, incluindo a\u00e7o resistente para o corpo e outros componentes. A escolha dos materiais garante sua durabilidade e longa vida \u00fatil.<\/p>\n<p><h3>Instala\u00e7\u00e3o, Manuten\u00e7\u00e3o e Reparo<\/h3><\/p>\n<p>Installing the hydraulic cylinder is a straightforward process. It should be installed following the manufacturer&#8217;s instructions and guidelines to ensure proper functioning. Regular maintenance is recommended to keep the cylinder in optimal condition. If any repairs are needed, it is recommended to consult a professional technician or follow the manufacturer&#8217;s repair procedures.<\/p>\n<p><h3>Substitui\u00e7\u00e3o de produto<\/h3><\/p>\n<p>Se for necess\u00e1ria uma substitui\u00e7\u00e3o, o cilindro hidr\u00e1ulico de caminh\u00e3o basculante de 20 toneladas e 4 est\u00e1gios da Factory Direct Sale pode ser facilmente substitu\u00eddo seguindo as etapas necess\u00e1rias. \u00c9 importante garantir que o cilindro de substitui\u00e7\u00e3o corresponda \u00e0s especifica\u00e7\u00f5es e aos requisitos do cilindro original.<\/p>\n<p><img decoding=\"async\" src=\"https:\/\/images.hzpt.com\/2024\/04\/unit-type-flexo-press-factory.webp\" alt=\"Outros neg\u00f3cios de produtos da empresa\" \/><\/p>\n<p>Nossa empresa tamb\u00e9m \u00e9 especializada no fornecimento de uma ampla gama de engrenagens pl\u00e1sticas industriais, incluindo caixas de engrenagens agr\u00edcolas, eixos de sa\u00edda de pot\u00eancia, rodas dentadas, acoplamentos hidr\u00e1ulicos, redutores de engrenagem sem-fim, cremalheiras de engrenagens, correntes remov\u00edveis, polias e polias, caixas de engrenagens planet\u00e1rias, polias de sincroniza\u00e7\u00e3o e buchas. Oferecemos produtos de alta qualidade, pre\u00e7os preferenciais e servi\u00e7os atenciosos. Os clientes s\u00e3o bem-vindos para personalizar produtos com desenhos e amostras.<\/p>\n<p><h2>Perguntas frequentes<\/h2><\/p>\n<p><h3>P: Os cilindros hidr\u00e1ulicos s\u00e3o pe\u00e7as de reposi\u00e7\u00e3o originais?<\/h3><\/p>\n<p>R: N\u00e3o, nossos cilindros hidr\u00e1ulicos s\u00e3o pe\u00e7as de reposi\u00e7\u00e3o.<\/p>\n<p><h3>P: Qual \u00e9 o prazo de entrega dos cilindros hidr\u00e1ulicos?<\/h3><\/p>\n<p>R: O prazo de entrega \u00e9 geralmente de 25 a 35 dias.<\/p>\n<p><h3>P: Voc\u00eas fornecem amostras?<\/h3><\/p>\n<p>R: Sim, fornecemos amostras, mas elas n\u00e3o s\u00e3o gratuitas.<\/p>\n<p><h3>P: Os cilindros hidr\u00e1ulicos podem ser usados em aplica\u00e7\u00f5es pesadas?<\/h3><\/p>\n<p>R: Sim, os cilindros hidr\u00e1ulicos s\u00e3o projetados para aplica\u00e7\u00f5es pesadas e oferecem desempenho consistente e confi\u00e1vel.<\/p>\n<p><h3>P: Os cilindros hidr\u00e1ulicos podem ser personalizados?<\/h3><\/p>\n<p>R: Sim, aceitamos a personaliza\u00e7\u00e3o de cilindros hidr\u00e1ulicos com base em requisitos e especifica\u00e7\u00f5es espec\u00edficas.<\/p>","protected":false},"excerpt":{"rendered":"<p>All the content on this page comes from the internet and is only used as a reference for product selection. Our products are replacement parts rather than original spare parts, and we are not the holder of the original trademark of the content. Our replacement parts can perfectly fit the original spare parts. If you [&hellip;]<\/p>","protected":false},"featured_media":4591,"template":"","meta":{"_et_pb_use_builder":"","_et_pb_old_content":"","_et_gb_content_width":""},"product_brand":[],"product_cat":[11327],"product_tag":[],"class_list":{"0":"post-4592","1":"product","2":"type-product","3":"status-publish","4":"has-post-thumbnail","6":"product_cat-telescopic-hydraulic-cylinder","8":"first","9":"instock","10":"shipping-taxable","11":"product-type-simple"},"_links":{"self":[{"href":"https:\/\/agricultural-gear-boxes.com\/pt\/wp-json\/wp\/v2\/product\/4592","targetHints":{"allow":["GET"]}}],"collection":[{"href":"https:\/\/agricultural-gear-boxes.com\/pt\/wp-json\/wp\/v2\/product"}],"about":[{"href":"https:\/\/agricultural-gear-boxes.com\/pt\/wp-json\/wp\/v2\/types\/product"}],"wp:featuredmedia":[{"embeddable":true,"href":"https:\/\/agricultural-gear-boxes.com\/pt\/wp-json\/wp\/v2\/media\/4591"}],"wp:attachment":[{"href":"https:\/\/agricultural-gear-boxes.com\/pt\/wp-json\/wp\/v2\/media?parent=4592"}],"wp:term":[{"taxonomy":"product_brand","embeddable":true,"href":"https:\/\/agricultural-gear-boxes.com\/pt\/wp-json\/wp\/v2\/product_brand?post=4592"},{"taxonomy":"product_cat","embeddable":true,"href":"https:\/\/agricultural-gear-boxes.com\/pt\/wp-json\/wp\/v2\/product_cat?post=4592"},{"taxonomy":"product_tag","embeddable":true,"href":"https:\/\/agricultural-gear-boxes.com\/pt\/wp-json\/wp\/v2\/product_tag?post=4592"}],"curies":[{"name":"wp","href":"https:\/\/api.w.org\/{rel}","templated":true}]}}