{"id":4596,"date":"2024-09-11T07:36:14","date_gmt":"2024-09-11T07:36:14","guid":{"rendered":"https:\/\/agricultural-gear-boxes.com\/product\/quality-assurance-telescopic-hydraulic-cylinder-for-dump-trailer\/"},"modified":"2024-09-11T07:36:14","modified_gmt":"2024-09-11T07:36:14","slug":"quality-assurance-telescopic-hydraulic-cylinder-for-dump-trailer","status":"publish","type":"product","link":"https:\/\/agricultural-gear-boxes.com\/pt\/product\/quality-assurance-telescopic-hydraulic-cylinder-for-dump-trailer\/","title":{"rendered":"Garantia de qualidade Cilindro hidr\u00e1ulico telesc\u00f3pico para reboque basculante"},"content":{"rendered":"<p>Todo o conte\u00fado desta p\u00e1gina \u00e9 proveniente da Internet e \u00e9 fornecido apenas como refer\u00eancia para sele\u00e7\u00e3o de produtos. Nossos produtos s\u00e3o pe\u00e7as de reposi\u00e7\u00e3o e n\u00e3o s\u00e3o pe\u00e7as de reposi\u00e7\u00e3o originais. N\u00e3o somos detentores da marca registrada original do conte\u00fado. Nossas pe\u00e7as de reposi\u00e7\u00e3o s\u00e3o adequadas apenas para pe\u00e7as de reposi\u00e7\u00e3o p\u00f3s-venda. Se voc\u00ea precisar comprar pe\u00e7as de reposi\u00e7\u00e3o originais, entre em contato com o fornecedor original para comprar.<\/p>\n<p><h2>Garantia de qualidade Cilindro hidr\u00e1ulico telesc\u00f3pico para reboque basculante<\/h2><\/p>\n<p>O Cilindro Hidr\u00e1ulico Telesc\u00f3pico Quality Assurance para Reboque Basculante \u00e9 um componente mec\u00e2nico altamente eficiente e com qualidade garantida usado para levantar, empurrar, puxar, dobrar e segurar cargas em m\u00e1quinas. Com garantia de um ano, o cilindro hidr\u00e1ulico \u00e9 certificado pela ISO9001:2000 e tem um empuxo m\u00e1ximo de 3000 e uma capacidade de tra\u00e7\u00e3o de 20 toneladas. O produto \u00e9 fabricado em a\u00e7o de alta qualidade e \u00e9 padr\u00e3o em tamanho e estrutura. <\/p>\n<p><h3>Cen\u00e1rios de uso<\/h3><\/p>\n<p>The hydraulic cylinder is widely used in machinery repair shops, farms, energy &#038; mining, machinery manufacturing, and factories. It is ideal for heavy-duty applications that require significant force. This hydraulic cylinder has been designed to meet the requirements of dump trailers, which need to lift and unload heavy loads. <\/p>\n<p><img decoding=\"async\" src=\"https:\/\/img.jiansujichilun.com\/img\/hydrauliccylinders\/T_hydrauliccylinders-5.webp\" alt=\"Cen\u00e1rio de uso do cilindro hidr\u00e1ulico\" \/><\/p>\n<p><h3>Vantagens<\/h3><\/p>\n<ul>\n<li>Economia de energia: O cilindro hidr\u00e1ulico oferece desempenho potente consumindo menos energia.<\/li>\n<li>Eficiente: O produto garante opera\u00e7\u00f5es r\u00e1pidas e eficientes, economizando tempo e aumentando a produtividade.<\/li>\n<li>Seguro: Constru\u00eddo com a seguran\u00e7a em mente, o cilindro hidr\u00e1ulico proporciona uma opera\u00e7\u00e3o confi\u00e1vel e sem riscos.<\/li>\n<li>Flex\u00edvel: Os cilindros hidr\u00e1ulicos telesc\u00f3picos t\u00eam muitas se\u00e7\u00f5es, o que os torna f\u00e1ceis de instalar e reparar.<\/li>\n<li>Dur\u00e1vel: O cilindro hidr\u00e1ulico \u00e9 feito de materiais de alta qualidade e constru\u00eddo para durar. <\/li>\n<\/ul>\n<p><h3>Materiais do produto<\/h3><\/p>\n<p>O cilindro hidr\u00e1ulico \u00e9 feito de a\u00e7o de alta qualidade e \u00e9 padr\u00e3o em tamanho e estrutura. Dependendo dos requisitos do cliente, ele tamb\u00e9m pode ser feito de outros materiais, como liga de alum\u00ednio. <\/p>\n<p><h3>Instala\u00e7\u00e3o e Manuten\u00e7\u00e3o<\/h3><\/p>\n<p>Para instalar o cilindro hidr\u00e1ulico, certifique-se de seguir as instru\u00e7\u00f5es fornecidas pelo fabricante. \u00c9 importante garantir que todas as conex\u00f5es estejam firmes e que o cilindro esteja alinhado corretamente com o equipamento. A manuten\u00e7\u00e3o regular \u00e9 necess\u00e1ria para garantir que o cilindro esteja funcionando corretamente. Isso inclui verificar se h\u00e1 vazamentos, rachaduras e outros danos, bem como lubrificar as pe\u00e7as m\u00f3veis. <\/p>\n<p><h3>Como substituir o produto<\/h3><\/p>\n<p>Antes de substituir o cilindro hidr\u00e1ulico, certifique-se de desligar a m\u00e1quina e liberar qualquer press\u00e3o no sistema hidr\u00e1ulico. Remova quaisquer acess\u00f3rios que possam estar conectados ao cilindro e, em seguida, afrouxe os parafusos que prendem o cilindro no lugar. Remova o cilindro antigo e substitua-o por um novo. Certifique-se de apertar todos os parafusos e reconectar quaisquer acess\u00f3rios que foram removidos. <\/p>\n<p><h3>Outros neg\u00f3cios de produtos da empresa<\/h3><\/p>\n<p>Al\u00e9m de cilindros hidr\u00e1ulicos, tamb\u00e9m oferecemos uma variedade de outros produtos industriais, incluindo engrenagens pl\u00e1sticas para caixas de engrenagens agr\u00edcolas, eixos de sa\u00edda de pot\u00eancia, rodas dentadas, acoplamentos hidr\u00e1ulicos, redutores de engrenagem sem-fim, cremalheiras de engrenagens, correntes remov\u00edveis, polias e polias, caixas de engrenagens planet\u00e1rias, polias de sincroniza\u00e7\u00e3o, buchas e muito mais. Estamos comprometidos em fornecer produtos de alta qualidade a pre\u00e7os competitivos e oferecer um servi\u00e7o superior. Os clientes s\u00e3o bem-vindos para personalizar os produtos com base em seus desenhos ou amostras. <\/p>\n<p><img decoding=\"async\" src=\"https:\/\/images.hzpt.com\/2024\/04\/unit-type-flexo-press-factory.webp\" alt=\"Outros neg\u00f3cios de produtos da empresa\" \/><\/p>\n<p><h2>Perguntas frequentes<\/h2><\/p>\n<p><q>Qual \u00e9 o empuxo m\u00e1ximo do cilindro hidr\u00e1ulico?<\/q><br \/>\n<a>O cilindro hidr\u00e1ulico tem um empuxo m\u00e1ximo de 3000.<\/a><\/p>\n<p><q>Qual \u00e9 a capacidade de tra\u00e7\u00e3o do cilindro hidr\u00e1ulico?<\/q><br \/>\n<a>O cilindro hidr\u00e1ulico tem capacidade de tra\u00e7\u00e3o de 20 toneladas.<\/a><\/p>\n<p><q>Qual \u00e9 o per\u00edodo de garantia do cilindro hidr\u00e1ulico?<\/q><br \/>\n<a>O cilindro hidr\u00e1ulico vem com garantia de um ano.<\/a><\/p>\n<p><q>Quais materiais s\u00e3o usados para fabricar o cilindro hidr\u00e1ulico?<\/q><br \/>\n<a>O cilindro hidr\u00e1ulico \u00e9 feito de a\u00e7o de alta qualidade e tamb\u00e9m pode ser feito de liga de alum\u00ednio, dependendo das necessidades do cliente.<\/a><\/p>\n<p><q>Qual \u00e9 a aplica\u00e7\u00e3o do cilindro hidr\u00e1ulico?<\/q><br \/>\n<a>The hydraulic cylinder is widely used in machinery repair shops, farms, energy &#038; mining, machinery manufacturing, and factories. It is suitable for heavy-duty applications that require significant force.<\/a><\/p>","protected":false},"excerpt":{"rendered":"<p>All content on this page is sourced from the Internet, and is only provided as a reference for product selection. Our products are replacement parts and are not original spare parts. We are not the holder of the original trademark of the content. Our replacement parts are suitable for after-sales replacement parts only. If you [&hellip;]<\/p>","protected":false},"featured_media":4595,"template":"","meta":{"_et_pb_use_builder":"","_et_pb_old_content":"","_et_gb_content_width":""},"product_brand":[],"product_cat":[11327],"product_tag":[],"class_list":{"0":"post-4596","1":"product","2":"type-product","3":"status-publish","4":"has-post-thumbnail","6":"product_cat-telescopic-hydraulic-cylinder","8":"first","9":"instock","10":"shipping-taxable","11":"product-type-simple"},"_links":{"self":[{"href":"https:\/\/agricultural-gear-boxes.com\/pt\/wp-json\/wp\/v2\/product\/4596","targetHints":{"allow":["GET"]}}],"collection":[{"href":"https:\/\/agricultural-gear-boxes.com\/pt\/wp-json\/wp\/v2\/product"}],"about":[{"href":"https:\/\/agricultural-gear-boxes.com\/pt\/wp-json\/wp\/v2\/types\/product"}],"wp:featuredmedia":[{"embeddable":true,"href":"https:\/\/agricultural-gear-boxes.com\/pt\/wp-json\/wp\/v2\/media\/4595"}],"wp:attachment":[{"href":"https:\/\/agricultural-gear-boxes.com\/pt\/wp-json\/wp\/v2\/media?parent=4596"}],"wp:term":[{"taxonomy":"product_brand","embeddable":true,"href":"https:\/\/agricultural-gear-boxes.com\/pt\/wp-json\/wp\/v2\/product_brand?post=4596"},{"taxonomy":"product_cat","embeddable":true,"href":"https:\/\/agricultural-gear-boxes.com\/pt\/wp-json\/wp\/v2\/product_cat?post=4596"},{"taxonomy":"product_tag","embeddable":true,"href":"https:\/\/agricultural-gear-boxes.com\/pt\/wp-json\/wp\/v2\/product_tag?post=4596"}],"curies":[{"name":"wp","href":"https:\/\/api.w.org\/{rel}","templated":true}]}}