{"id":4598,"date":"2024-09-11T07:36:15","date_gmt":"2024-09-11T07:36:15","guid":{"rendered":"https:\/\/agricultural-gear-boxes.com\/product\/hot-sale-5-stage-hydraulic-telescopic-cylinder-for-dump-trailer\/"},"modified":"2024-09-11T07:36:16","modified_gmt":"2024-09-11T07:36:16","slug":"hot-sale-5-stage-hydraulic-telescopic-cylinder-for-dump-trailer","status":"publish","type":"product","link":"https:\/\/agricultural-gear-boxes.com\/pt\/product\/hot-sale-5-stage-hydraulic-telescopic-cylinder-for-dump-trailer\/","title":{"rendered":"Venda quente 5 Est\u00e1gio Cilindro Telesc\u00f3pico Hidr\u00e1ulico para Reboque Basculante"},"content":{"rendered":"<p><!DOCTYPE html><br \/>\n<html><br \/>\n<body><\/p>\n<h2>Todo o conte\u00fado desta p\u00e1gina vem da Internet<\/h2>\n<p>The Hot Sale 5 Stage Hydraulic Telescopic Cylinder for Dump Trailer is a state-of-the-art, multi-stage hydraulic cylinder, designed to deliver high performance in diverse industries such as machinery repair shops, farms, energy &#038; mining, machinery manufacturing, and machinery factories.<\/p>\n<p><img decoding=\"async\" src=\"https:\/\/img.jiansujichilun.com\/img\/hydrauliccylinders\/T_hydrauliccylinders-5.webp\" alt=\"Cen\u00e1rio de uso do cilindro hidr\u00e1ulico\" \/><\/p>\n<h2>Introdu\u00e7\u00e3o<\/h2>\n<p>O Cilindro Telesc\u00f3pico Hidr\u00e1ulico de 5 Est\u00e1gios Hot Sale para Reboque Basculante \u00e9 uma pe\u00e7a de reposi\u00e7\u00e3o de alta qualidade que oferece desempenho superior em v\u00e1rios setores. Nossos cilindros hidr\u00e1ulicos s\u00e3o projetados para serem compat\u00edveis com v\u00e1rios reboques basculantes, fornecendo a pot\u00eancia necess\u00e1ria para opera\u00e7\u00f5es eficientes do ve\u00edculo. O cilindro hidr\u00e1ulico apresenta uma estrutura de cilindro de \u00eambolo que \u00e9 alimentada por hidr\u00e1ulica e tem um material de corpo feito de a\u00e7o. Com um empuxo m\u00e1ximo de 3000 e uma capacidade m\u00e1xima de tra\u00e7\u00e3o de peso de 20 toneladas, este cilindro hidr\u00e1ulico \u00e9 a pe\u00e7a de reposi\u00e7\u00e3o perfeita para reboques basculantes. O cilindro est\u00e1 dispon\u00edvel em preto e vem com um tamanho de furo de 2-6 polegadas, tamanho de haste de 1,125-4 polegadas, tamanho de curso de 4-100 polegadas e tamanho de pino de 0,5-2 polegadas. <\/p>\n<h3>Cen\u00e1rio de uso<\/h3>\n<p>Este cilindro hidr\u00e1ulico \u00e9 amplamente utilizado em reboques basculantes, fornecendo a pot\u00eancia necess\u00e1ria para levantar e abaixar a ca\u00e7amba do reboque para carga e descarga eficientes. Tamb\u00e9m \u00e9 adequado para outras m\u00e1quinas que exigem uma pe\u00e7a de reposi\u00e7\u00e3o de cilindro hidr\u00e1ulico com especifica\u00e7\u00f5es semelhantes.<\/p>\n<p><img decoding=\"async\" src=\"https:\/\/img.jiansujichilun.com\/img\/hydrauliccylinders\/T_hydrauliccylinders-5.webp\" alt=\"Cen\u00e1rio de uso do cilindro hidr\u00e1ulico\" \/><\/p>\n<h3>Hist\u00f3rico do produto<\/h3>\n<p>O cilindro hidr\u00e1ulico existe desde o in\u00edcio do s\u00e9culo XIX. Desde ent\u00e3o, ele evoluiu para ter v\u00e1rios est\u00e1gios, tornando-o mais eficiente em v\u00e1rias aplica\u00e7\u00f5es industriais. O Cilindro Telesc\u00f3pico Hidr\u00e1ulico de 5 Est\u00e1gios Hot Sale para Reboque Basculante \u00e9 um exemplo perfeito dessa evolu\u00e7\u00e3o.<\/p>\n<h3>Classifica\u00e7\u00e3o do produto<\/h3>\n<ul>\n<li>Cilindro hidr\u00e1ulico de a\u00e7\u00e3o simples<\/li>\n<li>Cilindro hidr\u00e1ulico de dupla a\u00e7\u00e3o<\/li>\n<li>Cilindro hidr\u00e1ulico telesc\u00f3pico<\/li>\n<li>Cilindro hidr\u00e1ulico de \u00eambolo<\/li>\n<\/ul>\n<h3>Vantagens e materiais de produtos utiliz\u00e1veis<\/h3>\n<ul>\n<li>Efici\u00eancia energ\u00e9tica<\/li>\n<li>Alto desempenho<\/li>\n<li>Seguran\u00e7a<\/li>\n<li>Durabilidade<\/li>\n<li>O corpo do cilindro \u00e9 feito de a\u00e7o de alta qualidade, garantindo excelente resist\u00eancia e durabilidade.<\/li>\n<li>A estrutura do cilindro do \u00eambolo torna o cilindro hidr\u00e1ulico altamente eficiente.<\/li>\n<li>O cilindro hidr\u00e1ulico possui um acabamento preto resistente \u00e0 corros\u00e3o e de longa dura\u00e7\u00e3o.<\/li>\n<\/ul>\n<h3>Instala\u00e7\u00e3o, Manuten\u00e7\u00e3o e Reparo<\/h3>\n<ul>\n<li>O cilindro hidr\u00e1ulico deve ser instalado por um profissional.<\/li>\n<li>A manuten\u00e7\u00e3o adequada garantir\u00e1 a longevidade e a efici\u00eancia do cilindro hidr\u00e1ulico.<\/li>\n<li>O cilindro hidr\u00e1ulico pode ser reparado por um profissional se apresentar mau funcionamento ou precisar ser substitu\u00eddo.<\/li>\n<\/ul>\n<h3>Como substituir o produto<\/h3>\n<ul>\n<li>Remova o cilindro hidr\u00e1ulico antigo do reboque basculante.<\/li>\n<li>Instale o novo cilindro hidr\u00e1ulico em seu lugar.<\/li>\n<li>Conecte as linhas hidr\u00e1ulicas ao novo cilindro.<\/li>\n<li>Teste o novo cilindro hidr\u00e1ulico para verificar se est\u00e1 funcionando corretamente.<\/li>\n<\/ul>\n<h2>Outros produtos<\/h2>\n<p>N\u00f3s fornecemos v\u00e1rias engrenagens de pl\u00e1stico para uso industrial, como caixas de engrenagens agr\u00edcolas, eixos de sa\u00edda de pot\u00eancia, rodas dentadas, acoplamentos hidr\u00e1ulicos, redutores de engrenagem sem-fim, cremalheiras de engrenagens, correntes remov\u00edveis, polias e polias, caixas de engrenagens planet\u00e1rias, polias de sincroniza\u00e7\u00e3o, buchas, etc. Nossos produtos de alta qualidade, pre\u00e7os competitivos e servi\u00e7os atenciosos receberam alto reconhecimento na ind\u00fastria. Damos as boas-vindas aos clientes para personalizar seus produtos com desenhos e amostras.<\/p>\n<p><img decoding=\"async\" src=\"https:\/\/images.hzpt.com\/2024\/04\/unit-type-flexo-press-factory.webp\" alt=\"Outros produtos\" \/><\/p>\n<h2>Perguntas frequentes<\/h2>\n<h3>P: Seus cilindros hidr\u00e1ulicos s\u00e3o pe\u00e7as de reposi\u00e7\u00e3o originais?<\/h3>\n<p>R: N\u00e3o, nossos cilindros hidr\u00e1ulicos s\u00e3o pe\u00e7as de reposi\u00e7\u00e3o e n\u00e3o pe\u00e7as de reposi\u00e7\u00e3o originais.<\/p>\n<h3>P: Suas pe\u00e7as de reposi\u00e7\u00e3o s\u00e3o compat\u00edveis com as pe\u00e7as de reposi\u00e7\u00e3o originais?<\/h3>\n<p>R: Nossas pe\u00e7as de reposi\u00e7\u00e3o podem se encaixar perfeitamente nas pe\u00e7as de reposi\u00e7\u00e3o originais.<\/p>\n<h3>P: Como posso saber se seu cilindro hidr\u00e1ulico \u00e9 compat\u00edvel com meu reboque basculante?<\/h3>\n<p>R: Voc\u00ea pode verificar as especifica\u00e7\u00f5es do seu reboque basculante e compar\u00e1-las com as especifica\u00e7\u00f5es do nosso cilindro hidr\u00e1ulico.<\/p>\n<h3>P: Como instalo seu cilindro hidr\u00e1ulico?<\/h3>\n<p>R: O cilindro hidr\u00e1ulico deve ser instalado por um profissional.<\/p>\n<h3>P: Como fa\u00e7o a manuten\u00e7\u00e3o do seu cilindro hidr\u00e1ulico?<\/h3>\n<p>R: A manuten\u00e7\u00e3o adequada garantir\u00e1 a longevidade e a efici\u00eancia do cilindro hidr\u00e1ulico.<\/p>\n<p><\/body><br \/>\n<\/html><\/p>","protected":false},"excerpt":{"rendered":"<p>All content on this page comes from the Internet The Hot Sale 5 Stage Hydraulic Telescopic Cylinder for Dump Trailer is a state-of-the-art, multi-stage hydraulic cylinder, designed to deliver high performance in diverse industries such as machinery repair shops, farms, energy &#038; mining, machinery manufacturing, and machinery factories. Introduction The Hot Sale 5 Stage Hydraulic [&hellip;]<\/p>","protected":false},"featured_media":4597,"template":"","meta":{"_et_pb_use_builder":"","_et_pb_old_content":"","_et_gb_content_width":""},"product_brand":[],"product_cat":[11327],"product_tag":[],"class_list":{"0":"post-4598","1":"product","2":"type-product","3":"status-publish","4":"has-post-thumbnail","6":"product_cat-telescopic-hydraulic-cylinder","8":"first","9":"instock","10":"shipping-taxable","11":"product-type-simple"},"_links":{"self":[{"href":"https:\/\/agricultural-gear-boxes.com\/pt\/wp-json\/wp\/v2\/product\/4598","targetHints":{"allow":["GET"]}}],"collection":[{"href":"https:\/\/agricultural-gear-boxes.com\/pt\/wp-json\/wp\/v2\/product"}],"about":[{"href":"https:\/\/agricultural-gear-boxes.com\/pt\/wp-json\/wp\/v2\/types\/product"}],"wp:featuredmedia":[{"embeddable":true,"href":"https:\/\/agricultural-gear-boxes.com\/pt\/wp-json\/wp\/v2\/media\/4597"}],"wp:attachment":[{"href":"https:\/\/agricultural-gear-boxes.com\/pt\/wp-json\/wp\/v2\/media?parent=4598"}],"wp:term":[{"taxonomy":"product_brand","embeddable":true,"href":"https:\/\/agricultural-gear-boxes.com\/pt\/wp-json\/wp\/v2\/product_brand?post=4598"},{"taxonomy":"product_cat","embeddable":true,"href":"https:\/\/agricultural-gear-boxes.com\/pt\/wp-json\/wp\/v2\/product_cat?post=4598"},{"taxonomy":"product_tag","embeddable":true,"href":"https:\/\/agricultural-gear-boxes.com\/pt\/wp-json\/wp\/v2\/product_tag?post=4598"}],"curies":[{"name":"wp","href":"https:\/\/api.w.org\/{rel}","templated":true}]}}