{"id":4608,"date":"2024-09-11T07:36:23","date_gmt":"2024-09-11T07:36:23","guid":{"rendered":"https:\/\/agricultural-gear-boxes.com\/product\/cost-effective-telescopic-hydraulic-cylinder-for-dump-trailer\/"},"modified":"2024-09-11T07:36:23","modified_gmt":"2024-09-11T07:36:23","slug":"cost-effective-telescopic-hydraulic-cylinder-for-dump-trailer","status":"publish","type":"product","link":"https:\/\/agricultural-gear-boxes.com\/pt\/product\/cost-effective-telescopic-hydraulic-cylinder-for-dump-trailer\/","title":{"rendered":"Cilindro hidr\u00e1ulico telesc\u00f3pico econ\u00f4mico para reboque basculante"},"content":{"rendered":"<p>Todo o conte\u00fado desta p\u00e1gina \u00e9 da internet e \u00e9 usado apenas como refer\u00eancia para sele\u00e7\u00e3o de produtos. Nossos produtos s\u00e3o pe\u00e7as de reposi\u00e7\u00e3o e n\u00e3o pe\u00e7as de reposi\u00e7\u00e3o originais. N\u00e3o somos detentores da marca registrada original do conte\u00fado. Nossas pe\u00e7as de reposi\u00e7\u00e3o podem se encaixar perfeitamente nas pe\u00e7as de reposi\u00e7\u00e3o originais, mas se voc\u00ea precisar comprar pe\u00e7as de reposi\u00e7\u00e3o originais, entre em contato com o fornecedor original para comprar.<\/p>\n<p><h2>Cilindro hidr\u00e1ulico telesc\u00f3pico econ\u00f4mico para reboque basculante<\/h2><\/p>\n<p>Cilindros hidr\u00e1ulicos telesc\u00f3picos s\u00e3o amplamente utilizados em reboques basculantes, proporcionando excelente durabilidade e robustez a m\u00e1quinas em v\u00e1rios setores, como agricultura, energia e minera\u00e7\u00e3o, e fabrica\u00e7\u00e3o de m\u00e1quinas.<\/p>\n<p><h3>Cen\u00e1rios de uso<\/h3><\/p>\n<p>Cilindros hidr\u00e1ulicos telesc\u00f3picos para reboques basculantes s\u00e3o usados para levantar e abaixar cargas em reboques. Eles s\u00e3o comumente usados em reboques basculantes para mover materiais como areia, cascalho e detritos. Esses cilindros s\u00e3o usados em equipamentos pesados, como guindastes e escavadeiras.<\/p>\n<p><img decoding=\"async\" src=\"https:\/\/img.jiansujichilun.com\/img\/hydrauliccylinders\/T_hydrauliccylinders-5.webp\"\/><\/p>\n<p><h3>Vantagens<\/h3><\/p>\n<p>Cilindros hidr\u00e1ulicos telesc\u00f3picos oferecem muitas vantagens sobre outros tipos de cilindros. Eles s\u00e3o energeticamente eficientes, altamente eficientes, seguros e confi\u00e1veis. Eles tamb\u00e9m s\u00e3o f\u00e1ceis de instalar, manter e reparar.<\/p>\n<p><h3>Hist\u00f3rico do produto<\/h3><\/p>\n<p>Cilindros hidr\u00e1ulicos telesc\u00f3picos t\u00eam sido usados em equipamentos pesados por muitos anos. Eles foram desenvolvidos pela primeira vez no in\u00edcio dos anos 1900 e, desde ent\u00e3o, foram aprimorados para melhor efici\u00eancia e desempenho.<\/p>\n<p><h3>Classifica\u00e7\u00e3o do produto<\/h3><\/p>\n<p>Cilindros hidr\u00e1ulicos telesc\u00f3picos s\u00e3o classificados por tamanho de furo, tamanho de haste, tamanho de curso e tamanho de pino. Eles est\u00e3o dispon\u00edveis com diferentes tamanhos de porta, como G\/SAE\/NPT\/M.<\/p>\n<p><h3>Materiais de produtos utiliz\u00e1veis<\/h3><\/p>\n<p>Os cilindros hidr\u00e1ulicos telesc\u00f3picos s\u00e3o feitos de a\u00e7o de alta qualidade, proporcionando excelente durabilidade e robustez.<\/p>\n<p><h3>Instala\u00e7\u00e3o, Manuten\u00e7\u00e3o e Reparo<\/h3><\/p>\n<p>A instala\u00e7\u00e3o de cilindros hidr\u00e1ulicos telesc\u00f3picos \u00e9 relativamente simples. A manuten\u00e7\u00e3o envolve inspe\u00e7\u00e3o e limpeza regulares do cilindro. O reparo envolve a substitui\u00e7\u00e3o de pe\u00e7as danificadas ou desgastadas.<\/p>\n<p><h3>Como substituir o produto<\/h3><\/p>\n<p>To replace a telescopic hydraulic cylinder, first, remove the old cylinder by loosening the mounting bolts and disconnecting the hydraulic lines. Install the new cylinder by following the manufacturer&#8217;s instructions and reconnecting the hydraulic lines.<\/p>\n<p><h2>Sobre nossos produtos<\/h2><\/p>\n<p>N\u00f3s fornecemos principalmente diversas engrenagens pl\u00e1sticas para uso industrial, como caixas de engrenagens agr\u00edcolas, eixos de sa\u00edda de pot\u00eancia, rodas dentadas, acoplamentos hidr\u00e1ulicos, redutores de engrenagem sem-fim, cremalheiras, correntes remov\u00edveis, polias e polias, caixas de engrenagens planet\u00e1rias, polias de sincroniza\u00e7\u00e3o, buchas, etc.<\/p>\n<p><img decoding=\"async\" src=\"https:\/\/images.hzpt.com\/2024\/04\/unit-type-flexo-press-factory.webp\"\/><\/p>\n<p>Oferecemos produtos de alta qualidade a pre\u00e7os preferenciais e fornecemos servi\u00e7os atenciosos. Damos boas-vindas aos clientes para personalizar com desenhos e amostras.<\/p>\n<p><h2>Perguntas frequentes<\/h2><\/p>\n<p><b>P: Seus produtos s\u00e3o pe\u00e7as de reposi\u00e7\u00e3o originais?<\/b><br \/>R: N\u00e3o, nossos produtos s\u00e3o pe\u00e7as de reposi\u00e7\u00e3o.<\/p>\n<p><b>P: Quais vantagens os cilindros hidr\u00e1ulicos telesc\u00f3picos oferecem?<\/b><br \/>R: Os cilindros hidr\u00e1ulicos telesc\u00f3picos s\u00e3o energeticamente eficientes, altamente eficientes, seguros e confi\u00e1veis.<\/p>\n<p><b>P: Como devo fazer a manuten\u00e7\u00e3o de um cilindro hidr\u00e1ulico telesc\u00f3pico?<\/b><br \/>R: Inspecione e limpe o cilindro regularmente.<\/p>\n<p><b>P: Como fa\u00e7o para substituir um cilindro hidr\u00e1ulico telesc\u00f3pico?<\/b><br \/>A: Remove the old cylinder by loosening the mounting bolts and disconnecting the hydraulic lines. Install the new cylinder by following the manufacturer&#8217;s instructions and reconnecting the hydraulic lines.<\/p>\n<p><b>P: Em quais ind\u00fastrias os cilindros hidr\u00e1ulicos telesc\u00f3picos s\u00e3o usados?<\/b><br \/>R: Os cilindros hidr\u00e1ulicos telesc\u00f3picos s\u00e3o usados na agricultura, energia, minera\u00e7\u00e3o e fabrica\u00e7\u00e3o de m\u00e1quinas.<\/p>","protected":false},"excerpt":{"rendered":"<p>All content on this page is from the internet and is only used as a reference for product selection. Our products are replacement parts and not original spare parts. We are not the holder of the original trademark of the content. Our replacement parts can perfectly fit the original spare parts, but if you need [&hellip;]<\/p>","protected":false},"featured_media":4607,"template":"","meta":{"_et_pb_use_builder":"","_et_pb_old_content":"","_et_gb_content_width":""},"product_brand":[],"product_cat":[11327],"product_tag":[],"class_list":{"0":"post-4608","1":"product","2":"type-product","3":"status-publish","4":"has-post-thumbnail","6":"product_cat-telescopic-hydraulic-cylinder","8":"first","9":"instock","10":"shipping-taxable","11":"product-type-simple"},"_links":{"self":[{"href":"https:\/\/agricultural-gear-boxes.com\/pt\/wp-json\/wp\/v2\/product\/4608","targetHints":{"allow":["GET"]}}],"collection":[{"href":"https:\/\/agricultural-gear-boxes.com\/pt\/wp-json\/wp\/v2\/product"}],"about":[{"href":"https:\/\/agricultural-gear-boxes.com\/pt\/wp-json\/wp\/v2\/types\/product"}],"wp:featuredmedia":[{"embeddable":true,"href":"https:\/\/agricultural-gear-boxes.com\/pt\/wp-json\/wp\/v2\/media\/4607"}],"wp:attachment":[{"href":"https:\/\/agricultural-gear-boxes.com\/pt\/wp-json\/wp\/v2\/media?parent=4608"}],"wp:term":[{"taxonomy":"product_brand","embeddable":true,"href":"https:\/\/agricultural-gear-boxes.com\/pt\/wp-json\/wp\/v2\/product_brand?post=4608"},{"taxonomy":"product_cat","embeddable":true,"href":"https:\/\/agricultural-gear-boxes.com\/pt\/wp-json\/wp\/v2\/product_cat?post=4608"},{"taxonomy":"product_tag","embeddable":true,"href":"https:\/\/agricultural-gear-boxes.com\/pt\/wp-json\/wp\/v2\/product_tag?post=4608"}],"curies":[{"name":"wp","href":"https:\/\/api.w.org\/{rel}","templated":true}]}}