{"id":4610,"date":"2024-09-11T07:36:24","date_gmt":"2024-09-11T07:36:24","guid":{"rendered":"https:\/\/agricultural-gear-boxes.com\/product\/good-quality-4-stage-double-acting-telescopic-multistage-hydraulic-cylinder\/"},"modified":"2024-09-11T07:36:24","modified_gmt":"2024-09-11T07:36:24","slug":"good-quality-4-stage-double-acting-telescopic-multistage-hydraulic-cylinder","status":"publish","type":"product","link":"https:\/\/agricultural-gear-boxes.com\/pt\/product\/good-quality-4-stage-double-acting-telescopic-multistage-hydraulic-cylinder\/","title":{"rendered":"Cilindro hidr\u00e1ulico telesc\u00f3pico multiest\u00e1gio de dupla a\u00e7\u00e3o de 4 est\u00e1gios de boa qualidade"},"content":{"rendered":"<p>Todo o conte\u00fado desta p\u00e1gina vem da internet e \u00e9 usado apenas como refer\u00eancia para sele\u00e7\u00e3o de produtos. Nossos produtos s\u00e3o pe\u00e7as de reposi\u00e7\u00e3o em vez de pe\u00e7as de reposi\u00e7\u00e3o originais; n\u00e3o somos detentores da marca registrada original do conte\u00fado. Nossos produtos s\u00e3o adequados apenas para pe\u00e7as de reposi\u00e7\u00e3o p\u00f3s-venda em vez de pe\u00e7as de reposi\u00e7\u00e3o originais. Nossas pe\u00e7as de reposi\u00e7\u00e3o podem se encaixar perfeitamente nas pe\u00e7as de reposi\u00e7\u00e3o originais; se voc\u00ea precisar comprar pe\u00e7as de reposi\u00e7\u00e3o originais, entre em contato com a f\u00e1brica original para comprar. Se voc\u00ea precisar comprar pe\u00e7as de reposi\u00e7\u00e3o originais, entre em contato com o fornecedor original para comprar.<\/p>\n<h2>Cilindro hidr\u00e1ulico telesc\u00f3pico multiest\u00e1gio de dupla a\u00e7\u00e3o de 4 est\u00e1gios de boa qualidade<\/h2>\n<p>Experimente a efici\u00eancia e a durabilidade do nosso cilindro hidr\u00e1ulico telesc\u00f3pico multiest\u00e1gio de dupla a\u00e7\u00e3o de 4 est\u00e1gios de alta qualidade. Este cilindro hidr\u00e1ulico \u00e9 perfeito para v\u00e1rias ind\u00fastrias, incluindo oficinas de reparo de m\u00e1quinas, fazendas, energia e minera\u00e7\u00e3o, fabrica\u00e7\u00e3o de m\u00e1quinas e f\u00e1bricas de m\u00e1quinas.<\/p>\n<p><img decoding=\"async\" src=\"https:\/\/img.jiansujichilun.com\/img\/hydrauliccylinders\/T_hydrauliccylinders-5.webp\" alt=\"Cen\u00e1rio de uso do cilindro hidr\u00e1ulico\" \/><\/p>\n<h3>Hist\u00f3rico do produto<\/h3>\n<p>O cilindro hidr\u00e1ulico telesc\u00f3pico multiest\u00e1gio de dupla a\u00e7\u00e3o de 4 est\u00e1gios tem uma hist\u00f3ria rica, que remonta \u00e0 sua inven\u00e7\u00e3o no in\u00edcio do s\u00e9culo XX. Ao longo dos anos, os avan\u00e7os em tecnologia e engenharia levaram ao desenvolvimento de cilindros hidr\u00e1ulicos mais eficientes e dur\u00e1veis.<\/p>\n<h3>Classifica\u00e7\u00e3o do produto<\/h3>\n<p>O cilindro hidr\u00e1ulico se enquadra na categoria de atuadores mec\u00e2nicos, projetados especificamente para converter energia hidr\u00e1ulica em energia mec\u00e2nica. \u00c9 comumente usado em v\u00e1rias aplica\u00e7\u00f5es onde movimento preciso e controlado \u00e9 necess\u00e1rio.<\/p>\n<h3>Vantagens do Nosso Cilindro Hidr\u00e1ulico<\/h3>\n<ul>\n<li>Altamente dur\u00e1vel: feito de material de a\u00e7o robusto, nosso cilindro hidr\u00e1ulico garante durabilidade e resist\u00eancia ao desgaste.<\/li>\n<li>Desempenho eficiente: com um empuxo m\u00e1ximo de 3.000 e uma capacidade de tra\u00e7\u00e3o de at\u00e9 20 toneladas, nosso cilindro hidr\u00e1ulico oferece resultados de alto desempenho.<\/li>\n<li>Confi\u00e1vel e seguro: Nosso cilindro hidr\u00e1ulico possui certifica\u00e7\u00e3o ISO9001:2000, garantindo sua qualidade e confiabilidade na opera\u00e7\u00e3o.<\/li>\n<\/ul>\n<h3>Materiais de produtos utiliz\u00e1veis<\/h3>\n<p>Nosso cilindro hidr\u00e1ulico \u00e9 feito de a\u00e7o de alta qualidade, escolhido especificamente por sua resist\u00eancia e durabilidade. O a\u00e7o passa por um rigoroso processo de fabrica\u00e7\u00e3o para garantir que atenda aos mais altos padr\u00f5es de qualidade.<\/p>\n<h3>Instala\u00e7\u00e3o, Manuten\u00e7\u00e3o e Reparo<\/h3>\n<p>Installing, maintaining, and repairing our hydraulic cylinder is a straightforward process. It is recommended to follow the manufacturer&#8217;s guidelines and instructions for installation. Regular maintenance, including lubrication and inspection, helps prolong the lifespan of the hydraulic cylinder. In case of any issues or damage, it is advisable to consult a trained professional for repair.<\/p>\n<h3>Substitui\u00e7\u00e3o de produto<\/h3>\n<p>Se surgir a necessidade de substitui\u00e7\u00e3o, nosso cilindro hidr\u00e1ulico \u00e9 projetado para ser facilmente substitu\u00edvel. Seguindo os procedimentos adequados e precau\u00e7\u00f5es de seguran\u00e7a, o cilindro antigo pode ser removido, e o novo pode ser instalado usando ferramentas e t\u00e9cnicas apropriadas.<\/p>\n<h2>Outros neg\u00f3cios de produtos<\/h2>\n<p>Al\u00e9m de nossos cilindros hidr\u00e1ulicos de alta qualidade, tamb\u00e9m somos especializados em fornecer v\u00e1rias engrenagens de pl\u00e1stico para uso industrial. Nossa linha de produtos inclui caixas de engrenagens agr\u00edcolas, eixos de sa\u00edda de pot\u00eancia, rodas dentadas, acoplamentos hidr\u00e1ulicos, redutores de engrenagem sem-fim, cremalheiras de engrenagens, correntes remov\u00edveis, polias e polias, caixas de engrenagens planet\u00e1rias, polias de sincroniza\u00e7\u00e3o, buchas e muito mais. Temos orgulho de oferecer produtos superiores, pre\u00e7os competitivos e excelente atendimento ao cliente. Aceitamos solicita\u00e7\u00f5es de personaliza\u00e7\u00e3o com base em desenhos e amostras.<\/p>\n<p><img decoding=\"async\" src=\"https:\/\/images.hzpt.com\/2024\/04\/unit-type-flexo-press-factory.webp\" alt=\"Outros neg\u00f3cios de produtos da empresa\" \/><\/p>\n<h2>Perguntas frequentes<\/h2>\n<ul>\n<li><b>P: Seus cilindros hidr\u00e1ulicos s\u00e3o adequados para todos os setores?<\/b><br \/>R: Nossos cilindros hidr\u00e1ulicos s\u00e3o projetados para serem vers\u00e1teis e podem ser usados em v\u00e1rios setores, como oficinas de reparo de m\u00e1quinas, fazendas, energia e minera\u00e7\u00e3o, fabrica\u00e7\u00e3o de m\u00e1quinas e f\u00e1bricas de m\u00e1quinas.<\/li>\n<li><b>P: Qual \u00e9 a vida \u00fatil esperada dos seus cilindros hidr\u00e1ulicos?<\/b><br \/>R: Nossos cilindros hidr\u00e1ulicos s\u00e3o feitos de material de a\u00e7o robusto, garantindo durabilidade de longa dura\u00e7\u00e3o. Com manuten\u00e7\u00e3o e cuidado adequados, eles podem servir de forma confi\u00e1vel por muitos anos.<\/li>\n<li><b>P: Seus cilindros hidr\u00e1ulicos podem ser personalizados?<\/b><br \/>R: Sim, oferecemos servi\u00e7os de personaliza\u00e7\u00e3o com base em desenhos e amostras para atender a requisitos e aplica\u00e7\u00f5es espec\u00edficas.<\/li>\n<li><b>P: Voc\u00eas fornecem suporte de instala\u00e7\u00e3o para seus cilindros hidr\u00e1ulicos?<\/b><br \/>A: While we don&#8217;t provide installation services ourselves, we can offer guidance and technical support to ensure proper installation of our hydraulic cylinders.<\/li>\n<li><b>P: Que garantia voc\u00eas oferecem para seus cilindros hidr\u00e1ulicos?<\/b><br \/>R: Oferecemos garantia de 1 ano para nossos cilindros hidr\u00e1ulicos, garantindo sua qualidade e desempenho.<\/li>\n<\/ul>","protected":false},"excerpt":{"rendered":"<p>All the content on this page comes from the internet and is only used as a reference for product selection. Our products are replacement parts rather than original spare parts; we are not the holder of the original trademark of the content. Our products are only suitable for after-sales replacement parts rather than original spare [&hellip;]<\/p>","protected":false},"featured_media":4609,"template":"","meta":{"_et_pb_use_builder":"","_et_pb_old_content":"","_et_gb_content_width":""},"product_brand":[],"product_cat":[11327],"product_tag":[],"class_list":{"0":"post-4610","1":"product","2":"type-product","3":"status-publish","4":"has-post-thumbnail","6":"product_cat-telescopic-hydraulic-cylinder","8":"first","9":"instock","10":"shipping-taxable","11":"product-type-simple"},"_links":{"self":[{"href":"https:\/\/agricultural-gear-boxes.com\/pt\/wp-json\/wp\/v2\/product\/4610","targetHints":{"allow":["GET"]}}],"collection":[{"href":"https:\/\/agricultural-gear-boxes.com\/pt\/wp-json\/wp\/v2\/product"}],"about":[{"href":"https:\/\/agricultural-gear-boxes.com\/pt\/wp-json\/wp\/v2\/types\/product"}],"wp:featuredmedia":[{"embeddable":true,"href":"https:\/\/agricultural-gear-boxes.com\/pt\/wp-json\/wp\/v2\/media\/4609"}],"wp:attachment":[{"href":"https:\/\/agricultural-gear-boxes.com\/pt\/wp-json\/wp\/v2\/media?parent=4610"}],"wp:term":[{"taxonomy":"product_brand","embeddable":true,"href":"https:\/\/agricultural-gear-boxes.com\/pt\/wp-json\/wp\/v2\/product_brand?post=4610"},{"taxonomy":"product_cat","embeddable":true,"href":"https:\/\/agricultural-gear-boxes.com\/pt\/wp-json\/wp\/v2\/product_cat?post=4610"},{"taxonomy":"product_tag","embeddable":true,"href":"https:\/\/agricultural-gear-boxes.com\/pt\/wp-json\/wp\/v2\/product_tag?post=4610"}],"curies":[{"name":"wp","href":"https:\/\/api.w.org\/{rel}","templated":true}]}}