{"id":4616,"date":"2024-09-11T07:36:28","date_gmt":"2024-09-11T07:36:28","guid":{"rendered":"https:\/\/agricultural-gear-boxes.com\/product\/high-quality-mini-dump-truck-hydraulic-hoist-cylinder-telescopic-hydraulic-cylinder\/"},"modified":"2024-09-11T07:36:28","modified_gmt":"2024-09-11T07:36:28","slug":"high-quality-mini-dump-truck-hydraulic-hoist-cylinder-telescopic-hydraulic-cylinder","status":"publish","type":"product","link":"https:\/\/agricultural-gear-boxes.com\/pt\/product\/high-quality-mini-dump-truck-hydraulic-hoist-cylinder-telescopic-hydraulic-cylinder\/","title":{"rendered":"Cilindro hidr\u00e1ulico telesc\u00f3pico de eleva\u00e7\u00e3o de caminh\u00e3o basculante de alta qualidade"},"content":{"rendered":"<p>Todo o conte\u00fado da p\u00e1gina vem da Internet, e o conte\u00fado \u00e9 usado apenas como refer\u00eancia para sele\u00e7\u00e3o de produtos. Nossos produtos s\u00e3o pe\u00e7as de reposi\u00e7\u00e3o em vez de pe\u00e7as de reposi\u00e7\u00e3o originais; n\u00e3o somos detentores da marca registrada original do conte\u00fado. Nossos produtos s\u00e3o adequados apenas para pe\u00e7as de reposi\u00e7\u00e3o p\u00f3s-venda em vez de pe\u00e7as de reposi\u00e7\u00e3o originais. Nossas pe\u00e7as de reposi\u00e7\u00e3o podem se encaixar perfeitamente nas pe\u00e7as de reposi\u00e7\u00e3o originais; se voc\u00ea precisar comprar pe\u00e7as de reposi\u00e7\u00e3o originais, entre em contato com a f\u00e1brica original para comprar. Se voc\u00ea precisar comprar pe\u00e7as de reposi\u00e7\u00e3o originais, entre em contato com o fornecedor original para comprar.<\/p>\n<h2>Cilindro hidr\u00e1ulico telesc\u00f3pico de eleva\u00e7\u00e3o de caminh\u00e3o basculante de alta qualidade<\/h2>\n<p>O Mini Dump Truck Hydraulic Hoist Cylinder \u00e9 um cilindro hidr\u00e1ulico telesc\u00f3pico de \u00faltima gera\u00e7\u00e3o e alta qualidade, projetado para oferecer desempenho, durabilidade e efici\u00eancia excepcionais. Este produto tem tamanhos de furo e haste variando de 2 a 6 polegadas e 1,125 a 4 polegadas, respectivamente, e vem em uma cor preta elegante. <\/p>\n<h2>Cen\u00e1rios de uso comum<\/h2>\n<p>Este cilindro hidr\u00e1ulico \u00e9 vers\u00e1til e encontra aplica\u00e7\u00e3o em v\u00e1rias ind\u00fastrias, como reparo e fabrica\u00e7\u00e3o de m\u00e1quinas, agricultura, energia e minera\u00e7\u00e3o. \u00c9 usado principalmente em caminh\u00f5es basculantes para levantar e despejar cargas pesadas. O cilindro tamb\u00e9m \u00e9 usado em outros tipos de m\u00e1quinas, como tratores de esteira, escavadeiras e guindastes.<\/p>\n<p><img decoding=\"async\" src=\"https:\/\/img.jiansujichilun.com\/img\/hydrauliccylinders\/T_hydrauliccylinders-5.webp\" alt=\"Cen\u00e1rio de uso do cilindro hidr\u00e1ulico\" \/><\/p>\n<h2>Vantagens<\/h2>\n<ul>\n<li>Efici\u00eancia energ\u00e9tica<\/li>\n<li>Alto desempenho<\/li>\n<li>Seguro e confi\u00e1vel<\/li>\n<li>Dur\u00e1vel<\/li>\n<li>F\u00e1cil de instalar, manter e reparar<\/li>\n<\/ul>\n<h2>Materiais usados<\/h2>\n<p>O cilindro hidr\u00e1ulico \u00e9 feito de material de a\u00e7o dur\u00e1vel e de alta qualidade, o que garante sua longevidade e desempenho. Ele \u00e9 projetado para suportar condi\u00e7\u00f5es extremas, cargas pesadas e situa\u00e7\u00f5es de alta press\u00e3o.<\/p>\n<h2>Instala\u00e7\u00e3o, Manuten\u00e7\u00e3o e Reparo<\/h2>\n<p>A instala\u00e7\u00e3o deste cilindro hidr\u00e1ulico \u00e9 simples e f\u00e1cil, com instru\u00e7\u00f5es claras fornecidas no manual. Manuten\u00e7\u00e3o regular \u00e9 recomendada para garantir a longevidade e o desempenho ideal do cilindro. Em caso de reparos ou substitui\u00e7\u00f5es, entre em contato com nossa equipe de atendimento ao cliente para obter assist\u00eancia.<\/p>\n<h2>Empresa Produto Neg\u00f3cios<\/h2>\n<p>Al\u00e9m de cilindros hidr\u00e1ulicos de reposi\u00e7\u00e3o, tamb\u00e9m fornecemos v\u00e1rias engrenagens de pl\u00e1stico para uso industrial. Nossos produtos incluem caixas de engrenagens agr\u00edcolas, eixos de sa\u00edda de pot\u00eancia, rodas dentadas, acoplamentos hidr\u00e1ulicos, redutores de engrenagem sem-fim, cremalheiras de engrenagens, correntes remov\u00edveis, polias e polias, caixas de engrenagens planet\u00e1rias, polias de sincroniza\u00e7\u00e3o, buchas e muito mais. Oferecemos produtos de alta qualidade a pre\u00e7os preferenciais e damos as boas-vindas aos clientes para personalizar com desenhos e amostras.<\/p>\n<p><img decoding=\"async\" src=\"https:\/\/images.hzpt.com\/2024\/04\/unit-type-flexo-press-factory.webp\" alt=\"Empresa Produto Neg\u00f3cios\" \/><\/p>\n<h2>Perguntas frequentes<\/h2>\n<ol>\n<li><b>P: Qual \u00e9 o per\u00edodo de garantia deste cilindro hidr\u00e1ulico?<\/b><br \/>\n    <br \/>R: O cilindro hidr\u00e1ulico vem com garantia de um ano.<\/li>\n<li><b>P: Qual \u00e9 o empuxo m\u00e1ximo e a tra\u00e7\u00e3o m\u00e1xima deste cilindro hidr\u00e1ulico?<\/b><br \/>\n    <br \/>R: Este cilindro hidr\u00e1ulico foi projetado para fornecer um empuxo m\u00e1ximo de 3.000 e uma tra\u00e7\u00e3o m\u00e1xima de 20 toneladas.<\/li>\n<li><b>P: Qual \u00e9 o peso deste cilindro hidr\u00e1ulico?<\/b><br \/>\n    <br \/>R: O cilindro hidr\u00e1ulico pesa 105 KG.<\/li>\n<li><b>P: Quais s\u00e3o os tamanhos do furo e da haste deste cilindro hidr\u00e1ulico?<\/b><br \/>\n    <br \/>R: O cilindro hidr\u00e1ulico tem tamanhos de furo e haste que variam de 2 a 6 polegadas e 1,125 a 4 polegadas, respectivamente.<\/li>\n<li><b>P: Qual \u00e9 o princ\u00edpio de funcionamento do sistema hidr\u00e1ulico deste cilindro?<\/b><br \/>\n    <br \/>A: O sistema hidr\u00e1ulico funciona no princ\u00edpio da mec\u00e2nica dos fluidos. O cilindro hidr\u00e1ulico, sendo o atuador, converte energia hidr\u00e1ulica em movimento mec\u00e2nico, traduzindo press\u00e3o em for\u00e7a. A unidade de pot\u00eancia \u00e9 o cora\u00e7\u00e3o do sistema hidr\u00e1ulico, fornecendo a energia necess\u00e1ria e os sinais de controle.<\/li>\n<\/ol>","protected":false},"excerpt":{"rendered":"<p>All the content on the page comes from the Internet, and the content is only used as a reference for product selection. Our products are replacement parts rather than original spare parts; we are not the holder of the original trademark of the content. Our products are only suitable for after-sales replacement parts rather than [&hellip;]<\/p>","protected":false},"featured_media":4615,"template":"","meta":{"_et_pb_use_builder":"","_et_pb_old_content":"","_et_gb_content_width":""},"product_brand":[],"product_cat":[11327],"product_tag":[],"class_list":{"0":"post-4616","1":"product","2":"type-product","3":"status-publish","4":"has-post-thumbnail","6":"product_cat-telescopic-hydraulic-cylinder","8":"first","9":"instock","10":"shipping-taxable","11":"product-type-simple"},"_links":{"self":[{"href":"https:\/\/agricultural-gear-boxes.com\/pt\/wp-json\/wp\/v2\/product\/4616","targetHints":{"allow":["GET"]}}],"collection":[{"href":"https:\/\/agricultural-gear-boxes.com\/pt\/wp-json\/wp\/v2\/product"}],"about":[{"href":"https:\/\/agricultural-gear-boxes.com\/pt\/wp-json\/wp\/v2\/types\/product"}],"wp:featuredmedia":[{"embeddable":true,"href":"https:\/\/agricultural-gear-boxes.com\/pt\/wp-json\/wp\/v2\/media\/4615"}],"wp:attachment":[{"href":"https:\/\/agricultural-gear-boxes.com\/pt\/wp-json\/wp\/v2\/media?parent=4616"}],"wp:term":[{"taxonomy":"product_brand","embeddable":true,"href":"https:\/\/agricultural-gear-boxes.com\/pt\/wp-json\/wp\/v2\/product_brand?post=4616"},{"taxonomy":"product_cat","embeddable":true,"href":"https:\/\/agricultural-gear-boxes.com\/pt\/wp-json\/wp\/v2\/product_cat?post=4616"},{"taxonomy":"product_tag","embeddable":true,"href":"https:\/\/agricultural-gear-boxes.com\/pt\/wp-json\/wp\/v2\/product_tag?post=4616"}],"curies":[{"name":"wp","href":"https:\/\/api.w.org\/{rel}","templated":true}]}}