{"id":4618,"date":"2024-09-11T07:36:31","date_gmt":"2024-09-11T07:36:31","guid":{"rendered":"https:\/\/agricultural-gear-boxes.com\/product\/factory-direct-sale-20-ton-dump-truck-hoist-hydraulic-cylinder\/"},"modified":"2024-09-11T07:36:31","modified_gmt":"2024-09-11T07:36:31","slug":"factory-direct-sale-20-ton-dump-truck-hoist-hydraulic-cylinder","status":"publish","type":"product","link":"https:\/\/agricultural-gear-boxes.com\/pt\/product\/factory-direct-sale-20-ton-dump-truck-hoist-hydraulic-cylinder\/","title":{"rendered":"Venda direta da f\u00e1brica Cilindro hidr\u00e1ulico para guincho de caminh\u00e3o basculante de 20 toneladas"},"content":{"rendered":"<p>Todas as informa\u00e7\u00f5es nesta p\u00e1gina v\u00eam da Internet e s\u00e3o usadas apenas como refer\u00eancia para sele\u00e7\u00e3o de produtos. Nossos produtos s\u00e3o pe\u00e7as de reposi\u00e7\u00e3o, em vez de pe\u00e7as de reposi\u00e7\u00e3o originais. N\u00e3o somos detentores da marca registrada original do conte\u00fado. Nossas pe\u00e7as de reposi\u00e7\u00e3o podem se encaixar perfeitamente nas pe\u00e7as de reposi\u00e7\u00e3o originais. Se voc\u00ea precisar comprar pe\u00e7as de reposi\u00e7\u00e3o originais, entre em contato com o fornecedor original para comprar.<\/p>\n<p><h2>Cilindro hidr\u00e1ulico para guincho de caminh\u00e3o basculante de 20 toneladas rec\u00e9m-lan\u00e7ado<\/h2><\/p>\n<p>The 20 Ton Dump Truck Hoist Hydraulic Cylinder is a newly launched product designed and manufactured by Ever-power. The hydraulic cylinder is a standard, plunger-style multistage cylinder that serves as a critical component in various industries such as machinery repair shops, farms, energy &#038; mining operations, and machinery manufacturing. Its maximum pull capacity is 20 tons. <\/p>\n<p><h3>Cen\u00e1rios de uso para o cilindro hidr\u00e1ulico de eleva\u00e7\u00e3o de caminh\u00e3o basculante de 20 toneladas<\/h3><\/p>\n<p>This hydraulic cylinder is versatile and suitable for various applications such as dump trucks, excavators, and other heavy machinery. It can withstand extreme conditions, ensuring longevity and reliability. The cylinder&#8217;s energy efficiency ensures minimal energy loss during operation, making it an ideal choice for those who value eco-friendliness. <\/p>\n<p><img decoding=\"async\" src=\"https:\/\/img.jiansujichilun.com\/img\/hydrauliccylinders\/T_hydrauliccylinders-5.webp\" alt=\"Caminh\u00e3o basculante usando cilindro hidr\u00e1ulico\"><\/p>\n<p><h3>Vantagens do produto<\/h3><\/p>\n<ul>\n<li>Constru\u00eddo com a\u00e7o robusto, tornando-o altamente dur\u00e1vel<\/li>\n<li>Atende aos padr\u00f5es de certifica\u00e7\u00e3o ISO9001:2000, garantindo uma opera\u00e7\u00e3o segura<\/li>\n<li>Projetado para m\u00e1xima efici\u00eancia, garantindo perda m\u00ednima de energia durante a opera\u00e7\u00e3o<\/li>\n<li>Pode encaixar perfeitamente nas pe\u00e7as de reposi\u00e7\u00e3o originais<\/li>\n<li>Personaliz\u00e1vel com desenhos ou amostras<\/li>\n<\/ul>\n<p><h3>Especifica\u00e7\u00f5es t\u00e9cnicas<\/h3><\/p>\n<p><table border=\"1\"><br \/>\n  <tr><td colspan=\"1\" rowspan=\"1\"><i>Tamanho do furo<\/i><\/td><td colspan=\"1\" rowspan=\"1\">2-6 polegadas<\/td><\/tr><br \/>\n  <tr><td colspan=\"1\" rowspan=\"1\"><i>Tamanho da haste<\/i><\/td><td colspan=\"1\" rowspan=\"1\">1,125-4 polegadas<\/td><\/tr><br \/>\n  <tr><td colspan=\"1\" rowspan=\"1\"><i>Tamanho do tra\u00e7o<\/i><\/td><td colspan=\"1\" rowspan=\"1\">4-100 polegadas<\/td><\/tr><br \/>\n  <tr><td colspan=\"1\" rowspan=\"1\"><i>Tamanho do pino<\/i><\/td><td colspan=\"1\" rowspan=\"1\">0,5-2 polegadas<\/td><\/tr><br \/>\n  <tr><td colspan=\"1\" rowspan=\"1\"><i>Portos<\/i><\/td><td colspan=\"1\" rowspan=\"1\">G\/SAE\/NPT\/M<\/td><\/tr><br \/>\n<\/table> <\/p>\n<p><h3>Instala\u00e7\u00e3o, Manuten\u00e7\u00e3o e Reparo<\/h3><\/p>\n<p>Este cilindro hidr\u00e1ulico \u00e9 f\u00e1cil de instalar, manter e reparar. Para instalar, basta seguir as instru\u00e7\u00f5es inclu\u00eddas para garantir a montagem adequada. Para manter e reparar, verifique regularmente se h\u00e1 vazamentos, limpe o cilindro e substitua quaisquer pe\u00e7as desgastadas ou danificadas. <\/p>\n<p><h3>Materiais do produto<\/h3><\/p>\n<p>This hydraulic cylinder is made with high-quality steel, ensuring durability and reliability. The cylinder&#8217;s body material is steel and is colored black to further add to its robustness. <\/p>\n<p><h3>Hist\u00f3ria e Classifica\u00e7\u00e3o<\/h3><\/p>\n<p>Cilindros hidr\u00e1ulicos t\u00eam sido usados h\u00e1 s\u00e9culos para converter pot\u00eancia fluida em for\u00e7a mec\u00e2nica linear e movimento. Eles podem ser classificados com base em seu design, modo de opera\u00e7\u00e3o e aplica\u00e7\u00e3o. O Cilindro Hidr\u00e1ulico de Guincho de Caminh\u00e3o Basculante de 20 Ton \u00e9 um cilindro multiest\u00e1gio padr\u00e3o, estilo \u00eambolo, que gera enormes quantidades de for\u00e7a com apenas pequenos ajustes na press\u00e3o do fluido.<\/p>\n<p><h3>Como substituir<\/h3><\/p>\n<p>To replace this hydraulic cylinder, simply follow the manufacturer&#8217;s instructions for removal and installation. It is important to ensure that the new cylinder is the correct size and type for the machinery it will be used in. <\/p>\n<p><h2>Ever-power&#8217;s Other Product Businesses<\/h2><\/p>\n<p>A Ever-power tamb\u00e9m fornece v\u00e1rias engrenagens de pl\u00e1stico para uso industrial, como caixas de engrenagens agr\u00edcolas, eixos de sa\u00edda de pot\u00eancia, rodas dentadas, acoplamentos hidr\u00e1ulicos, redutores de engrenagem sem-fim, cremalheiras de engrenagens, correntes remov\u00edveis, polias e polias, caixas de engrenagens planet\u00e1rias, polias de sincroniza\u00e7\u00e3o e buchas. Oferecemos produtos de alta qualidade, pre\u00e7os competitivos e atendimento ao cliente superior. Damos as boas-vindas aos clientes para personalizar com desenhos ou amostras. <\/p>\n<p><img decoding=\"async\" src=\"https:\/\/images.hzpt.com\/2024\/04\/unit-type-flexo-press-factory.webp\" alt=\"Outros neg\u00f3cios de produtos da Ever-power\"><\/p>\n<p><h2>Perguntas frequentes<\/h2><\/p>\n<p><font>P: Quanto tempo demora a entrega?<\/font><br \/>\n<font>R: O prazo geral de entrega \u00e9 de 25 a 35 dias.<\/font><\/p>\n<p><font>P: Voc\u00eas oferecem amostras?<\/font><br \/>\n<font>R: Sim, oferecemos amostras, mas elas n\u00e3o s\u00e3o gratuitas.<\/font><\/p>\n<p><font>P: Voc\u00eas podem produzir de acordo com as amostras?<\/font><br \/>\n<font>R: Sim, podemos produzir por suas amostras ou desenhos t\u00e9cnicos. Podemos construir os moldes e fixa\u00e7\u00f5es.<\/font><\/p>\n<p><font>P: Quais s\u00e3o as especifica\u00e7\u00f5es t\u00e9cnicas do cilindro hidr\u00e1ulico?<\/font><br \/>\n<font>R: O cilindro hidr\u00e1ulico tem um di\u00e2metro interno de 2 a 6 polegadas, um tamanho de haste de 1,125 a 4 polegadas, um tamanho de curso de 4 a 100 polegadas, um tamanho de pino de 0,5 a 2 polegadas e portas de G\/SAE\/NPT\/M.<\/font><\/p>\n<p><font>P: Qual \u00e9 a capacidade m\u00e1xima de tra\u00e7\u00e3o do cilindro hidr\u00e1ulico?<\/font><br \/>\n<font>R: A capacidade m\u00e1xima de tra\u00e7\u00e3o do cilindro hidr\u00e1ulico \u00e9 de 20 toneladas.<\/font><\/p>","protected":false},"excerpt":{"rendered":"<p>All information on this page comes from the Internet and is only used as a reference for product selection. Our products are replacement parts rather than original spare parts. We are not the holder of the original trademark of the content. Our replacement parts can perfectly fit the original spare parts. If you need to [&hellip;]<\/p>","protected":false},"featured_media":4617,"template":"","meta":{"_et_pb_use_builder":"","_et_pb_old_content":"","_et_gb_content_width":""},"product_brand":[],"product_cat":[11327],"product_tag":[],"class_list":{"0":"post-4618","1":"product","2":"type-product","3":"status-publish","4":"has-post-thumbnail","6":"product_cat-telescopic-hydraulic-cylinder","8":"first","9":"instock","10":"shipping-taxable","11":"product-type-simple"},"_links":{"self":[{"href":"https:\/\/agricultural-gear-boxes.com\/pt\/wp-json\/wp\/v2\/product\/4618","targetHints":{"allow":["GET"]}}],"collection":[{"href":"https:\/\/agricultural-gear-boxes.com\/pt\/wp-json\/wp\/v2\/product"}],"about":[{"href":"https:\/\/agricultural-gear-boxes.com\/pt\/wp-json\/wp\/v2\/types\/product"}],"wp:featuredmedia":[{"embeddable":true,"href":"https:\/\/agricultural-gear-boxes.com\/pt\/wp-json\/wp\/v2\/media\/4617"}],"wp:attachment":[{"href":"https:\/\/agricultural-gear-boxes.com\/pt\/wp-json\/wp\/v2\/media?parent=4618"}],"wp:term":[{"taxonomy":"product_brand","embeddable":true,"href":"https:\/\/agricultural-gear-boxes.com\/pt\/wp-json\/wp\/v2\/product_brand?post=4618"},{"taxonomy":"product_cat","embeddable":true,"href":"https:\/\/agricultural-gear-boxes.com\/pt\/wp-json\/wp\/v2\/product_cat?post=4618"},{"taxonomy":"product_tag","embeddable":true,"href":"https:\/\/agricultural-gear-boxes.com\/pt\/wp-json\/wp\/v2\/product_tag?post=4618"}],"curies":[{"name":"wp","href":"https:\/\/api.w.org\/{rel}","templated":true}]}}