{"id":4632,"date":"2024-09-11T07:36:39","date_gmt":"2024-09-11T07:36:39","guid":{"rendered":"https:\/\/agricultural-gear-boxes.com\/product\/quality-manufacturing-flatbed-tow-truck-dump-truck-hydraulic-cylinder\/"},"modified":"2024-09-11T07:36:40","modified_gmt":"2024-09-11T07:36:40","slug":"quality-manufacturing-flatbed-tow-truck-dump-truck-hydraulic-cylinder","status":"publish","type":"product","link":"https:\/\/agricultural-gear-boxes.com\/pt\/product\/quality-manufacturing-flatbed-tow-truck-dump-truck-hydraulic-cylinder\/","title":{"rendered":"Caminh\u00e3o de reboque de plataforma plana de fabrica\u00e7\u00e3o de qualidade, caminh\u00e3o basculante, cilindro hidr\u00e1ulico"},"content":{"rendered":"<p>Todo o conte\u00fado desta p\u00e1gina \u00e9 proveniente da internet e serve apenas como refer\u00eancia para sele\u00e7\u00e3o de produtos. Nossos produtos s\u00e3o pe\u00e7as de reposi\u00e7\u00e3o e n\u00e3o pe\u00e7as de reposi\u00e7\u00e3o originais. N\u00e3o possu\u00edmos a marca registrada do conte\u00fado apresentado aqui e, se voc\u00ea precisar de pe\u00e7as de reposi\u00e7\u00e3o originais, entre em contato com o fornecedor original.<\/p>\n<h2>Caminh\u00e3o de reboque de plataforma plana de fabrica\u00e7\u00e3o de qualidade, caminh\u00e3o basculante, cilindro hidr\u00e1ulico<\/h2>\n<p>Our high-quality, robustly built flatbed tow truck dump truck hydraulic cylinder is specially designed and manufactured for efficient, reliable operation in a wide range of applications. Engineered with precision, this hydraulic cylinder is perfect for machinery repair shops, farms, energy &#038; mining sectors, machinery manufacturing, and machinery factories.<\/p>\n<p><img decoding=\"async\" src=\"https:\/\/img.jiansujichilun.com\/img\/hydrauliccylinders\/T_hydrauliccylinders-5.webp\" alt=\"Cilindro Hidr\u00e1ulico\"><\/p>\n<h3>Hist\u00f3ria e Classifica\u00e7\u00e3o<\/h3>\n<p>Cilindros hidr\u00e1ulicos est\u00e3o em uso h\u00e1 mais de um s\u00e9culo e s\u00e3o amplamente utilizados em v\u00e1rias ind\u00fastrias. Eles s\u00e3o classificados em diferentes tipos com base em sua estrutura, opera\u00e7\u00e3o e aplica\u00e7\u00e3o.<\/p>\n<h3>Vantagens<\/h3>\n<p>Nosso cilindro hidr\u00e1ulico apresenta uma impressionante variedade de recursos e especifica\u00e7\u00f5es, incluindo:<\/p>\n<ul>\n<li>Uma estrutura padr\u00e3o de cilindro de \u00eambolo alimentado por energia hidr\u00e1ulica.<\/li>\n<li>Constru\u00eddo com a\u00e7o dur\u00e1vel para o material do corpo.<\/li>\n<li>Capaz de atingir um empuxo m\u00e1ximo de 3000 e uma tra\u00e7\u00e3o m\u00e1xima de 20 toneladas.<\/li>\n<li>Certifica\u00e7\u00e3o ISO 9001:2000.<\/li>\n<li>Dispon\u00edvel em uma cor preta elegante.<\/li>\n<\/ul>\n<h3>Materiais de produtos utiliz\u00e1veis<\/h3>\n<p>Nosso cilindro hidr\u00e1ulico \u00e9 constru\u00eddo com a\u00e7o dur\u00e1vel para o material do corpo, garantindo longevidade e durabilidade.<\/p>\n<h3>Cen\u00e1rios de uso<\/h3>\n<p>Our hydraulic cylinder is versatile and can be used in a wide range of applications, including machinery repair shops, farms, energy &#038; mining sectors, machinery manufacturing, and machinery factories.<\/p>\n<p><img decoding=\"async\" src=\"https:\/\/img.jiansujichilun.com\/img\/hydrauliccylinders\/T_hydrauliccylinders-5.webp\" alt=\"Cen\u00e1rios de uso de cilindros hidr\u00e1ulicos\"><\/p>\n<h3>Instala\u00e7\u00e3o, Manuten\u00e7\u00e3o e Reparo<\/h3>\n<p>Nosso cilindro hidr\u00e1ulico \u00e9 f\u00e1cil de instalar, manter e reparar. \u00c9 importante conduzir manuten\u00e7\u00e3o e reparo regulares para garantir desempenho e longevidade ideais.<\/p>\n<h3>Substitui\u00e7\u00e3o<\/h3>\n<p>Nossas pe\u00e7as de reposi\u00e7\u00e3o podem se encaixar perfeitamente nas pe\u00e7as de reposi\u00e7\u00e3o originais. Se voc\u00ea precisar de pe\u00e7as de reposi\u00e7\u00e3o originais, entre em contato com o fornecedor original.<\/p>\n<h2>Outros neg\u00f3cios de produtos<\/h2>\n<p>N\u00f3s fornecemos principalmente diversas engrenagens pl\u00e1sticas para uso industrial, como caixas de engrenagens agr\u00edcolas, eixos de sa\u00edda de pot\u00eancia, rodas dentadas, acoplamentos hidr\u00e1ulicos, redutores de engrenagem sem-fim, cremalheiras, correntes remov\u00edveis, polias e polias, caixas de engrenagens planet\u00e1rias, polias de sincroniza\u00e7\u00e3o, buchas, etc.<\/p>\n<p><img decoding=\"async\" src=\"https:\/\/images.hzpt.com\/2024\/04\/unit-type-flexo-press-factory.webp\" alt=\"Outros neg\u00f3cios de produtos\"><\/p>\n<h2>Perguntas frequentes<\/h2>\n<ul>\n<li><b>P: Essas pe\u00e7as s\u00e3o originais ou de reposi\u00e7\u00e3o?<\/b><\/li>\n<li>R: Nossos produtos s\u00e3o pe\u00e7as de reposi\u00e7\u00e3o e n\u00e3o pe\u00e7as de reposi\u00e7\u00e3o originais.<\/li>\n<p><\/p>\n<li><b>P: Qual \u00e9 o empuxo e a tra\u00e7\u00e3o m\u00e1ximos do cilindro hidr\u00e1ulico?<\/b><\/li>\n<li>R: O cilindro hidr\u00e1ulico \u00e9 capaz de atingir um empuxo m\u00e1ximo de 3.000 e uma tra\u00e7\u00e3o m\u00e1xima de 20 toneladas.<\/li>\n<p><\/p>\n<li><b>P: Quais s\u00e3o os detalhes t\u00e9cnicos do cilindro hidr\u00e1ulico?<\/b><\/li>\n<li>R: Os detalhes t\u00e9cnicos do nosso cilindro hidr\u00e1ulico incluem um di\u00e2metro interno de 2 a 6 polegadas, tamanho da haste de 1,125 a 4 polegadas, tamanho do curso de 4 a 100 polegadas e tamanho do pino de 0,5 a 2 polegadas.<\/li>\n<p><\/p>\n<li><b>P: Qual \u00e9 a cor do cilindro hidr\u00e1ulico?<\/b><\/li>\n<li>R: O cilindro hidr\u00e1ulico est\u00e1 dispon\u00edvel na cor preta elegante.<\/li>\n<p><\/p>\n<li><b>P: Onde o cilindro hidr\u00e1ulico pode ser usado?<\/b><\/li>\n<li>A: The hydraulic cylinder is versatile and can be used in a wide range of applications, including machinery repair shops, farms, energy &#038; mining sectors, machinery manufacturing, and machinery factories.<\/li>\n<\/ul>","protected":false},"excerpt":{"rendered":"<p>All content on this page is sourced from the internet and is only meant to serve as a reference for product selection. Our products are replacement parts and not original spare parts. We do not hold the trademark of the content presented here, and if you require original spare parts, please contact the original supplier. [&hellip;]<\/p>","protected":false},"featured_media":4631,"template":"","meta":{"_et_pb_use_builder":"","_et_pb_old_content":"","_et_gb_content_width":""},"product_brand":[],"product_cat":[11327],"product_tag":[],"class_list":{"0":"post-4632","1":"product","2":"type-product","3":"status-publish","4":"has-post-thumbnail","6":"product_cat-telescopic-hydraulic-cylinder","8":"first","9":"instock","10":"shipping-taxable","11":"product-type-simple"},"_links":{"self":[{"href":"https:\/\/agricultural-gear-boxes.com\/pt\/wp-json\/wp\/v2\/product\/4632","targetHints":{"allow":["GET"]}}],"collection":[{"href":"https:\/\/agricultural-gear-boxes.com\/pt\/wp-json\/wp\/v2\/product"}],"about":[{"href":"https:\/\/agricultural-gear-boxes.com\/pt\/wp-json\/wp\/v2\/types\/product"}],"wp:featuredmedia":[{"embeddable":true,"href":"https:\/\/agricultural-gear-boxes.com\/pt\/wp-json\/wp\/v2\/media\/4631"}],"wp:attachment":[{"href":"https:\/\/agricultural-gear-boxes.com\/pt\/wp-json\/wp\/v2\/media?parent=4632"}],"wp:term":[{"taxonomy":"product_brand","embeddable":true,"href":"https:\/\/agricultural-gear-boxes.com\/pt\/wp-json\/wp\/v2\/product_brand?post=4632"},{"taxonomy":"product_cat","embeddable":true,"href":"https:\/\/agricultural-gear-boxes.com\/pt\/wp-json\/wp\/v2\/product_cat?post=4632"},{"taxonomy":"product_tag","embeddable":true,"href":"https:\/\/agricultural-gear-boxes.com\/pt\/wp-json\/wp\/v2\/product_tag?post=4632"}],"curies":[{"name":"wp","href":"https:\/\/api.w.org\/{rel}","templated":true}]}}