{"id":4646,"date":"2024-09-11T07:36:48","date_gmt":"2024-09-11T07:36:48","guid":{"rendered":"https:\/\/agricultural-gear-boxes.com\/product\/professional-craftsmanship-small-hydraulic-cylinder-dump-truck-hydraulic-hoist-cylinder\/"},"modified":"2024-09-11T07:36:49","modified_gmt":"2024-09-11T07:36:49","slug":"professional-craftsmanship-small-hydraulic-cylinder-dump-truck-hydraulic-hoist-cylinder","status":"publish","type":"product","link":"https:\/\/agricultural-gear-boxes.com\/pt\/product\/professional-craftsmanship-small-hydraulic-cylinder-dump-truck-hydraulic-hoist-cylinder\/","title":{"rendered":"Artesanato profissional Pequeno cilindro hidr\u00e1ulico Caminh\u00e3o basculante Cilindro hidr\u00e1ulico de eleva\u00e7\u00e3o"},"content":{"rendered":"<p>Todo o conte\u00fado desta p\u00e1gina \u00e9 da internet e \u00e9 usado apenas como refer\u00eancia para sele\u00e7\u00e3o de produtos. Observe que nossos produtos s\u00e3o pe\u00e7as de reposi\u00e7\u00e3o e n\u00e3o pe\u00e7as de reposi\u00e7\u00e3o originais, e n\u00e3o somos detentores da marca registrada original do conte\u00fado. Nossas pe\u00e7as de reposi\u00e7\u00e3o podem se encaixar perfeitamente nas pe\u00e7as de reposi\u00e7\u00e3o originais. Se voc\u00ea precisar comprar pe\u00e7as de reposi\u00e7\u00e3o originais, entre em contato com o fornecedor original para comprar.<\/p>\n<h2>Cilindro hidr\u00e1ulico de alta qualidade para caminh\u00f5es basculantes<\/h2>\n<p>Nosso cilindro hidr\u00e1ulico \u00e9 projetado para atender aos mais altos padr\u00f5es e fornecer opera\u00e7\u00e3o eficiente e confi\u00e1vel em v\u00e1rios setores. \u00c9 um ajuste perfeito para caminh\u00f5es basculantes, oficinas de reparo de m\u00e1quinas, fazendas, energia e minera\u00e7\u00e3o, fabrica\u00e7\u00e3o de m\u00e1quinas e f\u00e1bricas de m\u00e1quinas. Nosso cilindro hidr\u00e1ulico \u00e9 uma ferramenta necess\u00e1ria que oferece uma solu\u00e7\u00e3o eficiente e confi\u00e1vel para todas as suas necessidades hidr\u00e1ulicas.<\/p>\n<p><img decoding=\"async\" src=\"https:\/\/img.jiansujichilun.com\/img\/hydrauliccylinders\/T_hydrauliccylinders-5.webp\" alt=\"Cilindro hidr\u00e1ulico para caminh\u00e3o basculante\"><\/p>\n<h3>Hist\u00f3rico e classifica\u00e7\u00e3o do produto<\/h3>\n<p>Os cilindros hidr\u00e1ulicos existem h\u00e1 mais de um s\u00e9culo e t\u00eam evolu\u00eddo continuamente para se tornarem mais eficientes e confi\u00e1veis. O cilindro hidr\u00e1ulico que oferecemos \u00e9 um cilindro de pequeno porte projetado para caminh\u00f5es basculantes. \u00c9 um cilindro hidr\u00e1ulico de a\u00e7\u00e3o simples com um empuxo m\u00e1ximo de 3000 e uma tra\u00e7\u00e3o m\u00e1xima de 20 toneladas, tornando-o uma solu\u00e7\u00e3o confi\u00e1vel para suas necessidades hidr\u00e1ulicas.<\/p>\n<h3>Vantagens do Nosso Cilindro Hidr\u00e1ulico<\/h3>\n<ul>\n<li>Efici\u00eancia energ\u00e9tica<\/li>\n<li>Alto desempenho<\/li>\n<li>Seguran\u00e7a<\/li>\n<li>Projetado com tecnologia de ponta<\/li>\n<li>Adere aos padr\u00f5es de certifica\u00e7\u00e3o ISO9001:2000<\/li>\n<\/ul>\n<h3>Materiais de produtos utiliz\u00e1veis<\/h3>\n<p>Nosso cilindro hidr\u00e1ulico \u00e9 feito de materiais de alta qualidade que garantem sua longevidade. O corpo do cilindro \u00e9 feito de a\u00e7o, enquanto o pist\u00e3o \u00e9 feito de a\u00e7o cromado, tornando-o resistente ao desgaste. As veda\u00e7\u00f5es s\u00e3o feitas de borracha nitr\u00edlica, que tem excelente resist\u00eancia a \u00f3leo e outros fluidos.<\/p>\n<h3>Como instalar, manter e reparar o produto<\/h3>\n<p>A instala\u00e7\u00e3o do nosso cilindro hidr\u00e1ulico \u00e9 simples. No entanto, recomendamos que voc\u00ea contrate um profissional para instal\u00e1-lo para garantir que seja feito corretamente. A manuten\u00e7\u00e3o adequada \u00e9 crucial para garantir a longevidade do cilindro hidr\u00e1ulico. Recomendamos que voc\u00ea o inspecione regularmente e substitua quaisquer pe\u00e7as desgastadas imediatamente. Se voc\u00ea precisar consertar o cilindro hidr\u00e1ulico, recomendamos que voc\u00ea contrate um profissional para fazer isso por voc\u00ea.<\/p>\n<h3>Como substituir o produto<\/h3>\n<p>Se voc\u00ea precisar substituir o cilindro hidr\u00e1ulico, recomendamos que compre nossas pe\u00e7as de reposi\u00e7\u00e3o. Nossas pe\u00e7as de reposi\u00e7\u00e3o podem se encaixar perfeitamente nas pe\u00e7as de reposi\u00e7\u00e3o originais, garantindo que seu sistema hidr\u00e1ulico funcione corretamente.<\/p>\n<h3>Cen\u00e1rios de uso comum<\/h3>\n<p>Nosso cilindro hidr\u00e1ulico \u00e9 comumente usado em equipamentos de constru\u00e7\u00e3o, m\u00e1quinas de fabrica\u00e7\u00e3o e m\u00e1quinas agr\u00edcolas. \u00c9 uma ferramenta essencial para caminh\u00f5es basculantes, pois aciona o mecanismo que levanta e abaixa a ca\u00e7amba basculante.<\/p>\n<p><img decoding=\"async\" src=\"https:\/\/images.hzpt.com\/2024\/04\/unit-type-flexo-press-factory.webp\" alt=\"Engrenagens de pl\u00e1stico para uso industrial\"><\/p>\n<h2>Outras ofertas de produtos<\/h2>\n<p>Al\u00e9m do nosso cilindro hidr\u00e1ulico, fornecemos v\u00e1rias engrenagens de pl\u00e1stico para uso industrial, como caixas de engrenagens agr\u00edcolas, eixos de sa\u00edda de pot\u00eancia, rodas dentadas, acoplamentos hidr\u00e1ulicos, redutores de engrenagem sem-fim, cremalheiras de engrenagens, correntes remov\u00edveis, polias, polias, caixas de engrenagens planet\u00e1rias, polias de sincroniza\u00e7\u00e3o, buchas, etc. Oferecemos produtos de alta qualidade a pre\u00e7os preferenciais e fornecemos servi\u00e7os atenciosos. Damos as boas-vindas aos clientes para personalizar com desenhos e amostras.<\/p>\n<h2>Perguntas frequentes<\/h2>\n<ol>\n<li>\n    <strong>P: Qual \u00e9 o per\u00edodo de garantia dos seus cilindros hidr\u00e1ulicos?<\/strong><br \/>\n    R: Oferecemos garantia de 1 ano em nossos cilindros hidr\u00e1ulicos.\n  <\/li>\n<li>\n    <strong>P: Qual \u00e9 o peso do cilindro hidr\u00e1ulico?<\/strong><br \/>\n    R: O peso do nosso cilindro hidr\u00e1ulico \u00e9 de 23 KG.\n  <\/li>\n<li>\n    <strong>P: Seu cilindro hidr\u00e1ulico pode ser personalizado?<\/strong><br \/>\n    R: Sim, aceitamos que os clientes personalizem com desenhos ou amostras.\n  <\/li>\n<li>\n    <strong>P: Como fa\u00e7o para instalar o cilindro hidr\u00e1ulico no meu caminh\u00e3o basculante?<\/strong><br \/>\n    R: A instala\u00e7\u00e3o do nosso cilindro hidr\u00e1ulico \u00e9 simples. No entanto, recomendamos que voc\u00ea contrate um profissional para instal\u00e1-lo para garantir que seja feito corretamente.\n  <\/li>\n<li>\n    <strong>P: Posso consertar o cilindro hidr\u00e1ulico sozinho?<\/strong><br \/>\n    R: Recomendamos que voc\u00ea contrate um profissional para consertar o cilindro hidr\u00e1ulico para voc\u00ea. Se voc\u00ea precisar substituir o cilindro hidr\u00e1ulico, recomendamos que voc\u00ea compre nossas pe\u00e7as de reposi\u00e7\u00e3o.\n  <\/li>\n<\/ol>","protected":false},"excerpt":{"rendered":"<p>All content on this page is from the internet and is only used as a reference for product selection. Please note that our products are replacement parts rather than original spare parts, and we are not the holder of the original trademark of the content. Our replacement parts can perfectly fit the original spare parts. [&hellip;]<\/p>","protected":false},"featured_media":4645,"template":"","meta":{"_et_pb_use_builder":"","_et_pb_old_content":"","_et_gb_content_width":""},"product_brand":[],"product_cat":[11327],"product_tag":[],"class_list":{"0":"post-4646","1":"product","2":"type-product","3":"status-publish","4":"has-post-thumbnail","6":"product_cat-telescopic-hydraulic-cylinder","8":"first","9":"instock","10":"shipping-taxable","11":"product-type-simple"},"_links":{"self":[{"href":"https:\/\/agricultural-gear-boxes.com\/pt\/wp-json\/wp\/v2\/product\/4646","targetHints":{"allow":["GET"]}}],"collection":[{"href":"https:\/\/agricultural-gear-boxes.com\/pt\/wp-json\/wp\/v2\/product"}],"about":[{"href":"https:\/\/agricultural-gear-boxes.com\/pt\/wp-json\/wp\/v2\/types\/product"}],"wp:featuredmedia":[{"embeddable":true,"href":"https:\/\/agricultural-gear-boxes.com\/pt\/wp-json\/wp\/v2\/media\/4645"}],"wp:attachment":[{"href":"https:\/\/agricultural-gear-boxes.com\/pt\/wp-json\/wp\/v2\/media?parent=4646"}],"wp:term":[{"taxonomy":"product_brand","embeddable":true,"href":"https:\/\/agricultural-gear-boxes.com\/pt\/wp-json\/wp\/v2\/product_brand?post=4646"},{"taxonomy":"product_cat","embeddable":true,"href":"https:\/\/agricultural-gear-boxes.com\/pt\/wp-json\/wp\/v2\/product_cat?post=4646"},{"taxonomy":"product_tag","embeddable":true,"href":"https:\/\/agricultural-gear-boxes.com\/pt\/wp-json\/wp\/v2\/product_tag?post=4646"}],"curies":[{"name":"wp","href":"https:\/\/api.w.org\/{rel}","templated":true}]}}