{"id":4654,"date":"2024-09-11T07:36:54","date_gmt":"2024-09-11T07:36:54","guid":{"rendered":"https:\/\/agricultural-gear-boxes.com\/product\/high-quality-china-manufacture-direct-seal-multi-stages-hydraulic-cylinder-for-dump-truck-industry-and-agriculture\/"},"modified":"2024-09-11T07:36:54","modified_gmt":"2024-09-11T07:36:54","slug":"high-quality-china-manufacture-direct-seal-multi-stages-hydraulic-cylinder-for-dump-truck-industry-and-agriculture","status":"publish","type":"product","link":"https:\/\/agricultural-gear-boxes.com\/pt\/product\/high-quality-china-manufacture-direct-seal-multi-stages-hydraulic-cylinder-for-dump-truck-industry-and-agriculture\/","title":{"rendered":"Cilindro hidr\u00e1ulico de alta qualidade com veda\u00e7\u00e3o direta de v\u00e1rios est\u00e1gios fabricado na China para ind\u00fastria de caminh\u00f5es basculantes e agricultura"},"content":{"rendered":"<p>Todo o conte\u00fado desta p\u00e1gina vem da Internet e \u00e9 usado apenas como refer\u00eancia para sele\u00e7\u00e3o de produtos. Nossos produtos s\u00e3o pe\u00e7as de reposi\u00e7\u00e3o, em vez de pe\u00e7as de reposi\u00e7\u00e3o originais. N\u00e3o somos detentores da marca registrada original do conte\u00fado. Nossas pe\u00e7as de reposi\u00e7\u00e3o podem se encaixar perfeitamente nas pe\u00e7as de reposi\u00e7\u00e3o originais. Se voc\u00ea precisar comprar pe\u00e7as de reposi\u00e7\u00e3o originais, entre em contato com a f\u00e1brica original para comprar. <\/p>\n<h2>Cilindro hidr\u00e1ulico de alta qualidade com veda\u00e7\u00e3o direta de v\u00e1rios est\u00e1gios fabricado na China para ind\u00fastria de caminh\u00f5es basculantes e agricultura<\/h2>\n<p>Este cilindro hidr\u00e1ulico multiest\u00e1gios de alta qualidade \u00e9 fabricado diretamente na China pela Ever-power. Ele \u00e9 projetado especificamente para a ind\u00fastria de caminh\u00f5es basculantes e agricultura. Feito de a\u00e7o, este cilindro de pist\u00e3o n\u00e3o padr\u00e3o \u00e9 conhecido por sua durabilidade e desempenho excepcional.<\/p>\n<h3>Cen\u00e1rio de uso:<\/h3>\n<p>Este cilindro hidr\u00e1ulico \u00e9 comumente usado na ind\u00fastria de caminh\u00f5es basculantes e na agricultura, onde \u00e9 essencial para a opera\u00e7\u00e3o de m\u00e1quinas e equipamentos pesados.<\/p>\n<p><img decoding=\"async\" src=\"https:\/\/img.jiansujichilun.com\/img\/hydrauliccylinders\/T_hydrauliccylinders-5.webp\" alt=\"Cen\u00e1rio de uso do cilindro hidr\u00e1ulico\" \/><\/p>\n<h3>Hist\u00f3rico do produto:<\/h3>\n<p>O cilindro hidr\u00e1ulico tem uma rica hist\u00f3ria que remonta \u00e0 sua inven\u00e7\u00e3o no final do s\u00e9culo XVIII. Desde ent\u00e3o, ele evoluiu e se tornou um componente essencial em v\u00e1rias ind\u00fastrias.<\/p>\n<h3>Classifica\u00e7\u00e3o do produto:<\/h3>\n<ul>\n<li>Cilindro Hidr\u00e1ulico de A\u00e7\u00e3o Simples<\/li>\n<li>Cilindro Hidr\u00e1ulico de Dupla A\u00e7\u00e3o<\/li>\n<li>Cilindro Hidr\u00e1ulico Telesc\u00f3pico<\/li>\n<li>Cilindro hidr\u00e1ulico de \u00eambolo<\/li>\n<\/ul>\n<h3>Vantagens do nosso Cilindro Hidr\u00e1ulico:<\/h3>\n<ul>\n<li>Durabilidade e desempenho excepcionais<\/li>\n<li>Opera\u00e7\u00e3o eficiente, economia de energia<\/li>\n<li>Altamente confi\u00e1vel e seguro<\/li>\n<li>Vers\u00e1til para uso n\u00e3o padronizado em v\u00e1rios setores<\/li>\n<\/ul>\n<h3>Materiais utiliz\u00e1veis do produto:<\/h3>\n<ul>\n<li>A\u00e7o de alta qualidade<\/li>\n<li>Selos Premium<\/li>\n<li>Pist\u00e3o dur\u00e1vel<\/li>\n<\/ul>\n<h3>Instala\u00e7\u00e3o, manuten\u00e7\u00e3o e reparo:<\/h3>\n<p>A instala\u00e7\u00e3o adequada \u00e9 crucial para o desempenho ideal do cilindro hidr\u00e1ulico. Manuten\u00e7\u00e3o regular, incluindo verifica\u00e7\u00e3o de vazamentos e garantia de lubrifica\u00e7\u00e3o adequada, \u00e9 recomendada para prolongar sua vida \u00fatil. Se o cilindro hidr\u00e1ulico precisar de reparo, \u00e9 aconselh\u00e1vel consultar um t\u00e9cnico profissional com experi\u00eancia em sistemas hidr\u00e1ulicos.<\/p>\n<h3>Substitui\u00e7\u00e3o do produto:<\/h3>\n<p>Se voc\u00ea precisar substituir o cilindro hidr\u00e1ulico, siga estas etapas:<\/p>\n<ol>\n<li>Certifique-se de que o sistema esteja despressurizado<\/li>\n<li>Desconecte as linhas hidr\u00e1ulicas<\/li>\n<li>Remova todos os parafusos de montagem<\/li>\n<li>Substitua o cilindro antigo por um novo<\/li>\n<li>Reconecte as linhas hidr\u00e1ulicas e prenda os parafusos de montagem<\/li>\n<\/ol>\n<h2>Sobre Ever-power<\/h2>\n<p>A Ever-power \u00e9 uma fornecedora e fabricante l\u00edder na China, especializada em v\u00e1rios produtos industriais. Nossa ampla gama inclui engrenagens de pl\u00e1stico, caixas de engrenagens agr\u00edcolas, eixos de sa\u00edda de pot\u00eancia, rodas dentadas, acoplamentos hidr\u00e1ulicos, redutores de engrenagem sem-fim, cremalheiras de engrenagens, correntes remov\u00edveis, polias, caixas de engrenagens planet\u00e1rias, polias de sincroniza\u00e7\u00e3o, buchas e muito mais. Nossos produtos s\u00e3o da mais alta qualidade, oferecidos a pre\u00e7os competitivos e apoiados por um servi\u00e7o excepcional ao cliente. Damos as boas-vindas aos clientes para personalizar seus pedidos com desenhos e amostras.<\/p>\n<p><img decoding=\"async\" src=\"https:\/\/images.hzpt.com\/2024\/04\/unit-type-flexo-press-factory.webp\" alt=\"Produtos Ever-power\" \/><\/p>\n<h2>Perguntas frequentes<\/h2>\n<p><img decoding=\"async\" src=\"https:\/\/www.ever-power.net\/wp-content\/uploads\/2023\/11\/telescopic-hydraulic-cylinder-8.webp\" alt=\"Cilindro Hidr\u00e1ulico Telesc\u00f3pico\" \/><\/p>\n<ol>\n<li><strong>Qual \u00e9 o per\u00edodo de garantia do cilindro hidr\u00e1ulico?<\/strong><br \/>O per\u00edodo de garantia do cilindro hidr\u00e1ulico \u00e9 de 1 ano.<\/li>\n<li><strong>Que tipo de fluido o cilindro hidr\u00e1ulico usa?<\/strong><br \/>O cilindro hidr\u00e1ulico usa \u00f3leo como fluido.<\/li>\n<li><strong>Em quais ind\u00fastrias esse cilindro hidr\u00e1ulico \u00e9 aplic\u00e1vel?<\/strong><br \/>This hydraulic cylinder is applicable to the dump truck industry, agriculture, and several other industries including Manufacturing Plant, Machinery Repair Shops, Farms, Energy &#038; Mining, and Advertising Company.<\/li>\n<li><strong>O cilindro hidr\u00e1ulico pode ser personalizado?<\/strong><br \/>Sim, oferecemos servi\u00e7os de personaliza\u00e7\u00e3o para o cilindro hidr\u00e1ulico. Os clientes podem fornecer desenhos ou amostras para adaptar o cilindro \u00e0s suas necessidades espec\u00edficas.<\/li>\n<li><strong>O que diferencia a Ever-power como fornecedora?<\/strong><br \/>A Ever-power se destaca como fornecedora devido ao nosso comprometimento em entregar produtos de alta qualidade, pre\u00e7os competitivos e excelente atendimento ao cliente. Priorizamos a satisfa\u00e7\u00e3o do cliente e oferecemos uma ampla gama de produtos industriais para atender a v\u00e1rias necessidades.<\/li>\n<\/ol>","protected":false},"excerpt":{"rendered":"<p>All the content on this page comes from the Internet and is only used as a reference for product selection. Our products are replacement parts rather than original spare parts. We are not the holder of the original trademark of the content. Our replacement parts can perfectly fit the original spare parts. If you need [&hellip;]<\/p>","protected":false},"featured_media":4653,"template":"","meta":{"_et_pb_use_builder":"","_et_pb_old_content":"","_et_gb_content_width":""},"product_brand":[],"product_cat":[11327],"product_tag":[],"class_list":{"0":"post-4654","1":"product","2":"type-product","3":"status-publish","4":"has-post-thumbnail","6":"product_cat-telescopic-hydraulic-cylinder","8":"first","9":"instock","10":"shipping-taxable","11":"product-type-simple"},"_links":{"self":[{"href":"https:\/\/agricultural-gear-boxes.com\/pt\/wp-json\/wp\/v2\/product\/4654","targetHints":{"allow":["GET"]}}],"collection":[{"href":"https:\/\/agricultural-gear-boxes.com\/pt\/wp-json\/wp\/v2\/product"}],"about":[{"href":"https:\/\/agricultural-gear-boxes.com\/pt\/wp-json\/wp\/v2\/types\/product"}],"wp:featuredmedia":[{"embeddable":true,"href":"https:\/\/agricultural-gear-boxes.com\/pt\/wp-json\/wp\/v2\/media\/4653"}],"wp:attachment":[{"href":"https:\/\/agricultural-gear-boxes.com\/pt\/wp-json\/wp\/v2\/media?parent=4654"}],"wp:term":[{"taxonomy":"product_brand","embeddable":true,"href":"https:\/\/agricultural-gear-boxes.com\/pt\/wp-json\/wp\/v2\/product_brand?post=4654"},{"taxonomy":"product_cat","embeddable":true,"href":"https:\/\/agricultural-gear-boxes.com\/pt\/wp-json\/wp\/v2\/product_cat?post=4654"},{"taxonomy":"product_tag","embeddable":true,"href":"https:\/\/agricultural-gear-boxes.com\/pt\/wp-json\/wp\/v2\/product_tag?post=4654"}],"curies":[{"name":"wp","href":"https:\/\/api.w.org\/{rel}","templated":true}]}}