{"id":4661,"date":"2024-09-11T07:37:09","date_gmt":"2024-09-11T07:37:09","guid":{"rendered":"https:\/\/agricultural-gear-boxes.com\/product\/dump-truck-telescopic-hydraulic-cylinder-from-china-ever-power\/"},"modified":"2024-09-11T07:37:09","modified_gmt":"2024-09-11T07:37:09","slug":"dump-truck-telescopic-hydraulic-cylinder-from-china-ever-power","status":"publish","type":"product","link":"https:\/\/agricultural-gear-boxes.com\/pt\/product\/dump-truck-telescopic-hydraulic-cylinder-from-china-ever-power\/","title":{"rendered":"Cilindro hidr\u00e1ulico telesc\u00f3pico de caminh\u00e3o basculante da China Ever-power"},"content":{"rendered":"<p><!DOCTYPE html><br \/>\n<html><br \/>\n<head><br \/>\n<title>Cilindro hidr\u00e1ulico telesc\u00f3pico de caminh\u00e3o basculante da China Ever-power<\/title><br \/>\n<\/head><br \/>\n<body><\/p>\n<h1>Isen\u00e7\u00e3o de responsabilidade<\/h1>\n<p>Todo o conte\u00fado desta p\u00e1gina vem da internet e \u00e9 usado apenas como refer\u00eancia para sele\u00e7\u00e3o de produtos. Nossos produtos s\u00e3o pe\u00e7as de reposi\u00e7\u00e3o e n\u00e3o pe\u00e7as de reposi\u00e7\u00e3o originais. N\u00e3o somos detentores da marca registrada original do conte\u00fado. Nossas pe\u00e7as de reposi\u00e7\u00e3o podem se encaixar perfeitamente nas pe\u00e7as de reposi\u00e7\u00e3o originais. Se voc\u00ea precisar comprar pe\u00e7as de reposi\u00e7\u00e3o originais, entre em contato com o fornecedor original para comprar.<\/p>\n<h2>Introdu\u00e7\u00e3o ao Cilindro Hidr\u00e1ulico Telesc\u00f3pico de Caminh\u00e3o Basculante<\/h2>\n<p>O Cilindro Hidr\u00e1ulico Telesc\u00f3pico para Caminh\u00e3o Basculante da Ever-power \u00e9 um equipamento hidr\u00e1ulico de \u00faltima gera\u00e7\u00e3o projetado para lidar com tarefas pesadas em v\u00e1rios setores, como f\u00e1bricas, oficinas de reparo de m\u00e1quinas, fazendas, setores de energia e minera\u00e7\u00e3o. Este cilindro hidr\u00e1ulico \u00e9 uma pe\u00e7a de reposi\u00e7\u00e3o que pode ser usada para substituir pe\u00e7as de reposi\u00e7\u00e3o originais.<\/p>\n<h2>Cen\u00e1rios de uso do produto<\/h2>\n<p>The hydraulic cylinder is suitable for a wide range of applications in industries such as manufacturing plants, machinery repair shops, farms, energy &#038; mining sectors. It can be used for heavy-duty construction or precision engineering. The hydraulic cylinder&#8217;s maximum thrust of 3000 and maximum pull of 600 guarantee high efficiency in operation. The product is designed to minimize energy wastage, thereby saving costs and resources. It is manufactured according to ISO9001:2000 standards, ensuring safety in all its operations. The product can be customized according to specific requirements, including bore size and cylinder diameter (20~250mm).<\/p>\n<p><img decoding=\"async\" src=\"https:\/\/img.jiansujichilun.com\/img\/hydrauliccylinders\/T_hydrauliccylinders-5.webp\" alt=\"Cen\u00e1rio de uso do cilindro hidr\u00e1ulico telesc\u00f3pico\" \/><\/p>\n<h2>Hist\u00f3rico e classifica\u00e7\u00e3o do produto<\/h2>\n<p>O cilindro hidr\u00e1ulico tem uma longa hist\u00f3ria que remonta ao s\u00e9culo XIX, quando foi usado pela primeira vez na ind\u00fastria de manufatura. Desde ent\u00e3o, tem sido usado em v\u00e1rias ind\u00fastrias, como constru\u00e7\u00e3o, agricultura e minera\u00e7\u00e3o. O cilindro hidr\u00e1ulico \u00e9 classificado de acordo com o n\u00famero de est\u00e1gios, com cilindros de est\u00e1gio \u00fanico, est\u00e1gio duplo e est\u00e1gio m\u00faltiplo.<\/p>\n<h2>Vantagens do produto<\/h2>\n<ul>\n<li>Alta efici\u00eancia na opera\u00e7\u00e3o com um empuxo m\u00e1ximo de 3000 e uma tra\u00e7\u00e3o m\u00e1xima de 600<\/li>\n<li>Projetado para minimizar o desperd\u00edcio de energia, economizando custos e recursos<\/li>\n<li>Fabricado de acordo com as normas ISO9001:2000, garantindo seguran\u00e7a em todas as suas opera\u00e7\u00f5es<\/li>\n<li>Personaliz\u00e1vel de acordo com requisitos espec\u00edficos, incluindo tamanho do furo e di\u00e2metro do cilindro (20~250 mm)<\/li>\n<li>Adapta-se perfeitamente \u00e0s pe\u00e7as de reposi\u00e7\u00e3o originais quando usado como substitui\u00e7\u00e3o<\/li>\n<li>Longa vida \u00fatil<\/li>\n<\/ul>\n<h2>Materiais de produtos utiliz\u00e1veis<\/h2>\n<p>O cilindro hidr\u00e1ulico \u00e9 feito de materiais de alta qualidade que s\u00e3o dur\u00e1veis e podem suportar cargas pesadas. Os materiais usados incluem a\u00e7o, alum\u00ednio e lat\u00e3o.<\/p>\n<h2>Instala\u00e7\u00e3o, Manuten\u00e7\u00e3o e Reparo<\/h2>\n<p>O cilindro hidr\u00e1ulico \u00e9 f\u00e1cil de instalar e requer manuten\u00e7\u00e3o m\u00ednima. A limpeza e inspe\u00e7\u00e3o regulares do cilindro podem prolongar sua vida \u00fatil. Em caso de qualquer mau funcionamento, o cilindro pode ser reparado por um t\u00e9cnico profissional em equipamentos hidr\u00e1ulicos.<\/p>\n<h2>Substitui\u00e7\u00e3o de produto<\/h2>\n<p>Se o cilindro hidr\u00e1ulico precisar ser substitu\u00eddo, \u00e9 importante escolher uma pe\u00e7a de reposi\u00e7\u00e3o que seja compat\u00edvel com a pe\u00e7a de reposi\u00e7\u00e3o original. Nossas pe\u00e7as de reposi\u00e7\u00e3o podem se encaixar perfeitamente nas pe\u00e7as de reposi\u00e7\u00e3o originais, garantindo m\u00e1xima efici\u00eancia e seguran\u00e7a na opera\u00e7\u00e3o.<\/p>\n<h2>Outros produtos da nossa empresa<\/h2>\n<p>Al\u00e9m de cilindros hidr\u00e1ulicos, tamb\u00e9m fornecemos v\u00e1rias engrenagens de pl\u00e1stico para uso industrial, como caixas de engrenagens agr\u00edcolas, eixos de sa\u00edda de pot\u00eancia, rodas dentadas, acoplamentos hidr\u00e1ulicos, redutores de engrenagem sem-fim, cremalheiras de engrenagens, correntes remov\u00edveis, polias e polias, caixas de engrenagens planet\u00e1rias, polias de sincroniza\u00e7\u00e3o, buchas, etc. Oferecemos produtos de alta qualidade, pre\u00e7os preferenciais e servi\u00e7os atenciosos. Os clientes s\u00e3o bem-vindos para personalizar com desenhos e amostras.<\/p>\n<p><img decoding=\"async\" src=\"https:\/\/images.hzpt.com\/2024\/04\/unit-type-flexo-press-factory.webp\" alt=\"Outros produtos da nossa empresa\" \/><\/p>\n<h2>Perguntas frequentes<\/h2>\n<dl>\n<dt>Q1: O cilindro hidr\u00e1ulico pode ser personalizado?<\/dt>\n<dd>R1: Sim, o cilindro hidr\u00e1ulico pode ser personalizado de acordo com suas necessidades espec\u00edficas, incluindo tamanho do furo e di\u00e2metro do cilindro.<\/dd>\n<dt>P2: Qual \u00e9 o per\u00edodo de garantia do cilindro hidr\u00e1ulico?<\/dt>\n<dd>A2: Oferecemos garantia de 1 ano para as pe\u00e7as de reposi\u00e7\u00e3o do cilindro hidr\u00e1ulico.<\/dd>\n<dt>Q3: Como fa\u00e7o para instalar o cilindro hidr\u00e1ulico?<\/dt>\n<dd>A3: O cilindro hidr\u00e1ulico \u00e9 f\u00e1cil de instalar e requer manuten\u00e7\u00e3o m\u00ednima. Consulte o manual do produto para obter instru\u00e7\u00f5es de instala\u00e7\u00e3o.<\/dd>\n<dt>Q4: Quais materiais s\u00e3o usados para fabricar o cilindro hidr\u00e1ulico?<\/dt>\n<dd>A4: O cilindro hidr\u00e1ulico \u00e9 feito de materiais de alta qualidade, como a\u00e7o, alum\u00ednio e lat\u00e3o.<\/dd>\n<dt>P5: Como escolher uma pe\u00e7a de reposi\u00e7\u00e3o para meu cilindro hidr\u00e1ulico?<\/dt>\n<dd>A5: Para garantir a m\u00e1xima efici\u00eancia e seguran\u00e7a na opera\u00e7\u00e3o, \u00e9 importante escolher uma pe\u00e7a de reposi\u00e7\u00e3o que seja compat\u00edvel com a pe\u00e7a de reposi\u00e7\u00e3o original. Nossas pe\u00e7as de reposi\u00e7\u00e3o podem se encaixar perfeitamente nas pe\u00e7as de reposi\u00e7\u00e3o originais.<\/dd>\n<\/dl>\n<p><\/body><br \/>\n<\/html><\/p>","protected":false},"excerpt":{"rendered":"<p>Dump Truck Telescopic Hydraulic Cylinder From China Ever-power Disclaimer All the content on this page comes from the internet and is only used as a reference for product selection. Our products are replacement parts rather than original spare parts. We are not the holder of the original trademark of the content. Our replacement parts can [&hellip;]<\/p>","protected":false},"featured_media":4660,"template":"","meta":{"_et_pb_use_builder":"","_et_pb_old_content":"","_et_gb_content_width":""},"product_brand":[],"product_cat":[11327],"product_tag":[],"class_list":{"0":"post-4661","1":"product","2":"type-product","3":"status-publish","4":"has-post-thumbnail","6":"product_cat-telescopic-hydraulic-cylinder","8":"first","9":"instock","10":"shipping-taxable","11":"product-type-simple"},"_links":{"self":[{"href":"https:\/\/agricultural-gear-boxes.com\/pt\/wp-json\/wp\/v2\/product\/4661","targetHints":{"allow":["GET"]}}],"collection":[{"href":"https:\/\/agricultural-gear-boxes.com\/pt\/wp-json\/wp\/v2\/product"}],"about":[{"href":"https:\/\/agricultural-gear-boxes.com\/pt\/wp-json\/wp\/v2\/types\/product"}],"wp:featuredmedia":[{"embeddable":true,"href":"https:\/\/agricultural-gear-boxes.com\/pt\/wp-json\/wp\/v2\/media\/4660"}],"wp:attachment":[{"href":"https:\/\/agricultural-gear-boxes.com\/pt\/wp-json\/wp\/v2\/media?parent=4661"}],"wp:term":[{"taxonomy":"product_brand","embeddable":true,"href":"https:\/\/agricultural-gear-boxes.com\/pt\/wp-json\/wp\/v2\/product_brand?post=4661"},{"taxonomy":"product_cat","embeddable":true,"href":"https:\/\/agricultural-gear-boxes.com\/pt\/wp-json\/wp\/v2\/product_cat?post=4661"},{"taxonomy":"product_tag","embeddable":true,"href":"https:\/\/agricultural-gear-boxes.com\/pt\/wp-json\/wp\/v2\/product_tag?post=4661"}],"curies":[{"name":"wp","href":"https:\/\/api.w.org\/{rel}","templated":true}]}}