{"id":4665,"date":"2024-09-11T07:37:13","date_gmt":"2024-09-11T07:37:13","guid":{"rendered":"https:\/\/agricultural-gear-boxes.com\/product\/3ton-high-quality-telescopic-for-trailer-hydraulic-cylinders-from-ever-power\/"},"modified":"2024-09-11T07:37:13","modified_gmt":"2024-09-11T07:37:13","slug":"3ton-high-quality-telescopic-for-trailer-hydraulic-cylinders-from-ever-power","status":"publish","type":"product","link":"https:\/\/agricultural-gear-boxes.com\/pt\/product\/3ton-high-quality-telescopic-for-trailer-hydraulic-cylinders-from-ever-power\/","title":{"rendered":"Cilindros hidr\u00e1ulicos telesc\u00f3picos de alta qualidade de 3 toneladas para reboques da Ever-power"},"content":{"rendered":"<p>Todo o conte\u00fado desta p\u00e1gina \u00e9 da internet e \u00e9 usado apenas como refer\u00eancia para sele\u00e7\u00e3o de produtos. Nossos produtos s\u00e3o pe\u00e7as de reposi\u00e7\u00e3o em vez de pe\u00e7as de reposi\u00e7\u00e3o originais, e n\u00e3o somos detentores da marca registrada original do conte\u00fado. Nossos produtos s\u00e3o adequados apenas para pe\u00e7as de reposi\u00e7\u00e3o p\u00f3s-venda em vez de pe\u00e7as de reposi\u00e7\u00e3o originais. Nossas pe\u00e7as de reposi\u00e7\u00e3o podem se encaixar perfeitamente nas pe\u00e7as de reposi\u00e7\u00e3o originais. Se voc\u00ea precisar comprar pe\u00e7as de reposi\u00e7\u00e3o originais, entre em contato com o fornecedor original para comprar.<\/p>\n<p><h2>Cilindros hidr\u00e1ulicos telesc\u00f3picos de alta qualidade de 3 toneladas para reboques da Ever-power<\/h2><\/p>\n<p>Os cilindros hidr\u00e1ulicos telesc\u00f3picos de alta qualidade de 3 toneladas para reboques da Ever-power s\u00e3o projetados para v\u00e1rias aplica\u00e7\u00f5es industriais. Eles s\u00e3o feitos de a\u00e7o de alta qualidade e projetados para suportar uso pesado. Os cilindros hidr\u00e1ulicos s\u00e3o sistemas de pot\u00eancia de cilindro de pist\u00e3o n\u00e3o padr\u00e3o e s\u00e3o adequados para v\u00e1rias aplica\u00e7\u00f5es. <\/p>\n<p><img decoding=\"async\" src=\"https:\/\/img.jiansujichilun.com\/img\/hydrauliccylinders\/T_hydrauliccylinders-5.webp\" alt=\"Cilindros hidr\u00e1ulicos telesc\u00f3picos de alta qualidade de 3 toneladas para reboques da Ever-power\" \/><\/p>\n<p><h3>Hist\u00f3rico do produto<\/h3><\/p>\n<p>Cilindros hidr\u00e1ulicos s\u00e3o usados h\u00e1 centenas de anos, e seu uso na ind\u00fastria continua a evoluir. Os Cilindros Hidr\u00e1ulicos Telesc\u00f3picos de Alta Qualidade Ever-power 3ton para Reboques s\u00e3o um novo sistema de pot\u00eancia de cilindro de pist\u00e3o n\u00e3o padr\u00e3o, projetado para atender a v\u00e1rias necessidades industriais.<\/p>\n<p><h3>Classifica\u00e7\u00e3o do produto<\/h3><\/p>\n<p>Os cilindros hidr\u00e1ulicos telesc\u00f3picos de alta qualidade Ever-power 3ton para reboques s\u00e3o classificados com base em sua capacidade m\u00e1xima de empuxo e tra\u00e7\u00e3o. Os cilindros hidr\u00e1ulicos oferecem um empuxo m\u00e1ximo de 3000 e uma tra\u00e7\u00e3o m\u00e1xima de 600. O tamanho do furo pode ser personalizado de acordo com suas necessidades. O di\u00e2metro do cilindro varia de 20 a 250 mm, tornando-o vers\u00e1til para v\u00e1rias aplica\u00e7\u00f5es.<\/p>\n<p><h3>Vantagens do produto<\/h3><\/p>\n<ul>\n<li>Efici\u00eancia energ\u00e9tica.<\/li>\n<li>Altamente eficaz.<\/li>\n<li>Seguro para uso.<\/li>\n<\/ul>\n<p><h3>Materiais de produtos utiliz\u00e1veis<\/h3><\/p>\n<p>O material do corpo do Ever-power 3ton High Quality Telescopic for Trailer Hydraulic Cylinders \u00e9 feito de a\u00e7o robusto, e o fluido usado \u00e9 \u00f3leo. As portas est\u00e3o dispon\u00edveis em G\/SAE\/NPT\/M.<\/p>\n<p><h3>Instala\u00e7\u00e3o, manuten\u00e7\u00e3o e reparo de produtos<\/h3><\/p>\n<p>Os cilindros hidr\u00e1ulicos telesc\u00f3picos de alta qualidade Ever-power 3ton para reboques devem ser instalados por um profissional, e \u00e9 necess\u00e1ria manuten\u00e7\u00e3o regular para garantir um desempenho confi\u00e1vel e eficiente. Os cilindros hidr\u00e1ulicos v\u00eam com garantia de um ano e s\u00e3o certificados pela ISO9001:2000. Se voc\u00ea precisar substituir o produto, entre em contato com um profissional para garantir a instala\u00e7\u00e3o e manuten\u00e7\u00e3o adequadas.<\/p>\n<p><h3>Cen\u00e1rios de uso comum<\/h3><\/p>\n<p>The Ever-power 3ton High Quality Telescopic for Trailer Hydraulic Cylinders are ideal for use in manufacturing plants, machinery repair shops, farms, and the energy &#038; mining industry, and more. These hydraulic cylinders can be used in various machines, providing reliable and efficient performance.<\/p>\n<p><img decoding=\"async\" src=\"https:\/\/images.hzpt.com\/2024\/04\/unit-type-flexo-press-factory.webp\" alt=\"Engrenagens de pl\u00e1stico para uso industrial\" \/><\/p>\n<p>N\u00f3s fornecemos principalmente v\u00e1rias engrenagens de pl\u00e1stico para uso industrial, como caixas de engrenagens agr\u00edcolas, eixos de sa\u00edda de pot\u00eancia, rodas dentadas, acoplamentos hidr\u00e1ulicos, redutores de engrenagem sem-fim, cremalheiras de engrenagens, correntes remov\u00edveis, polias e polias, caixas de engrenagens planet\u00e1rias, polias de sincroniza\u00e7\u00e3o, buchas, etc. Nossos produtos de alta qualidade, excelente servi\u00e7o e pre\u00e7os competitivos nos tornam l\u00edderes na ind\u00fastria. Damos as boas-vindas aos clientes para personalizar seus pedidos com desenhos ou amostras.<\/p>\n<p><h2>Perguntas frequentes<\/h2><\/p>\n<p><q>Qual \u00e9 a capacidade m\u00e1xima de empuxo e tra\u00e7\u00e3o dos cilindros hidr\u00e1ulicos telesc\u00f3picos de alta qualidade Ever-power de 3 toneladas para reboques?<\/q><br \/>\n<a>Os cilindros hidr\u00e1ulicos oferecem um empuxo m\u00e1ximo de 3000 e uma tra\u00e7\u00e3o m\u00e1xima de 600.<\/a><\/p>\n<p><q>O tamanho do furo \u00e9 personaliz\u00e1vel?<\/q><br \/>\n<a>Sim, o tamanho do furo pode ser personalizado de acordo com suas necessidades.<\/a><\/p>\n<p><q>Qual \u00e9 o per\u00edodo de garantia dos cilindros hidr\u00e1ulicos telesc\u00f3picos de alta qualidade para reboques Ever-power de 3 toneladas?<\/q><br \/>\n<a>Os cilindros hidr\u00e1ulicos v\u00eam com garantia de um ano.<\/a><\/p>\n<p><q>Quais s\u00e3o as portas dispon\u00edveis para os cilindros hidr\u00e1ulicos telesc\u00f3picos de alta qualidade para reboques Ever-power de 3 toneladas?<\/q><br \/>\n<a>As portas est\u00e3o dispon\u00edveis em G\/SAE\/NPT\/M.<\/a><\/p>\n<p><q>Os cilindros hidr\u00e1ulicos telesc\u00f3picos de alta qualidade para reboques Ever-power de 3 toneladas s\u00e3o certificados?<\/q><br \/>\n<a>Sim, eles s\u00e3o certificados pela ISO9001:2000.<\/a><\/p>","protected":false},"excerpt":{"rendered":"<p>All the content on this page is from the internet and is only used as a reference for product selection. Our products are replacement parts rather than original spare parts, and we are not the holder of the original trademark of the content. Our products are only suitable for after-sales replacement parts rather than original [&hellip;]<\/p>","protected":false},"featured_media":4664,"template":"","meta":{"_et_pb_use_builder":"","_et_pb_old_content":"","_et_gb_content_width":""},"product_brand":[],"product_cat":[11327],"product_tag":[],"class_list":{"0":"post-4665","1":"product","2":"type-product","3":"status-publish","4":"has-post-thumbnail","6":"product_cat-telescopic-hydraulic-cylinder","8":"first","9":"instock","10":"shipping-taxable","11":"product-type-simple"},"_links":{"self":[{"href":"https:\/\/agricultural-gear-boxes.com\/pt\/wp-json\/wp\/v2\/product\/4665","targetHints":{"allow":["GET"]}}],"collection":[{"href":"https:\/\/agricultural-gear-boxes.com\/pt\/wp-json\/wp\/v2\/product"}],"about":[{"href":"https:\/\/agricultural-gear-boxes.com\/pt\/wp-json\/wp\/v2\/types\/product"}],"wp:featuredmedia":[{"embeddable":true,"href":"https:\/\/agricultural-gear-boxes.com\/pt\/wp-json\/wp\/v2\/media\/4664"}],"wp:attachment":[{"href":"https:\/\/agricultural-gear-boxes.com\/pt\/wp-json\/wp\/v2\/media?parent=4665"}],"wp:term":[{"taxonomy":"product_brand","embeddable":true,"href":"https:\/\/agricultural-gear-boxes.com\/pt\/wp-json\/wp\/v2\/product_brand?post=4665"},{"taxonomy":"product_cat","embeddable":true,"href":"https:\/\/agricultural-gear-boxes.com\/pt\/wp-json\/wp\/v2\/product_cat?post=4665"},{"taxonomy":"product_tag","embeddable":true,"href":"https:\/\/agricultural-gear-boxes.com\/pt\/wp-json\/wp\/v2\/product_tag?post=4665"}],"curies":[{"name":"wp","href":"https:\/\/api.w.org\/{rel}","templated":true}]}}