{"id":4671,"date":"2024-09-11T07:37:16","date_gmt":"2024-09-11T07:37:16","guid":{"rendered":"https:\/\/agricultural-gear-boxes.com\/product\/small-telescopic-hydraulic-cylinder-with-long-stroke-for-dump-truck\/"},"modified":"2024-09-11T07:37:17","modified_gmt":"2024-09-11T07:37:17","slug":"small-telescopic-hydraulic-cylinder-with-long-stroke-for-dump-truck","status":"publish","type":"product","link":"https:\/\/agricultural-gear-boxes.com\/pt\/product\/small-telescopic-hydraulic-cylinder-with-long-stroke-for-dump-truck\/","title":{"rendered":"Cilindro hidr\u00e1ulico telesc\u00f3pico pequeno com curso longo para caminh\u00e3o basculante"},"content":{"rendered":"<p>Todo o conte\u00fado desta p\u00e1gina vem da Internet e \u00e9 usado apenas como refer\u00eancia para sele\u00e7\u00e3o de produtos. Nossos produtos s\u00e3o pe\u00e7as de reposi\u00e7\u00e3o, em vez de pe\u00e7as de reposi\u00e7\u00e3o originais. N\u00e3o somos detentores da marca registrada original do conte\u00fado. Nossas pe\u00e7as de reposi\u00e7\u00e3o podem se encaixar perfeitamente nas pe\u00e7as de reposi\u00e7\u00e3o originais. Se voc\u00ea precisar comprar pe\u00e7as de reposi\u00e7\u00e3o originais, entre em contato com o fornecedor original para comprar.<\/p>\n<h2>Cilindro hidr\u00e1ulico telesc\u00f3pico pequeno com curso longo para caminh\u00e3o basculante<\/h2>\n<p>Apresentando nosso pequeno cilindro hidr\u00e1ulico telesc\u00f3pico com curso longo, especialmente projetado para caminh\u00f5es basculantes. Este produto \u00e9 perfeito para ind\u00fastrias envolvidas em energia e minera\u00e7\u00e3o, fazendas, oficinas de reparo de m\u00e1quinas e plantas de manufatura. Nosso produto \u00e9 novo e vem com garantia de um ano.<\/p>\n<h3>Cen\u00e1rio de uso do produto<\/h3>\n<p>Nosso cilindro hidr\u00e1ulico \u00e9 projetado para uso em caminh\u00f5es basculantes, mas tamb\u00e9m pode ser usado em outras aplica\u00e7\u00f5es, como f\u00e1bricas, oficinas de reparo de m\u00e1quinas, fazendas e ind\u00fastrias de energia e minera\u00e7\u00e3o. O cilindro \u00e9 uma estrutura de cilindro digital padr\u00e3o, feita de a\u00e7o e alimentada por sistema hidr\u00e1ulico. Ele pesa 12 kg, fornece um empuxo m\u00e1ximo de 3000 e tem uma tra\u00e7\u00e3o m\u00e1xima de 20 toneladas. O produto tamb\u00e9m possui portas G\/SAE\/NPT\/M e tem um tamanho de furo de 2-6 polegadas, tamanho de haste de 1,125-4 polegadas e tamanho de curso de 6-48 polegadas. Est\u00e1 dispon\u00edvel em preto. <\/p>\n<p>![Cen\u00e1rio de uso do cilindro hidr\u00e1ulico](https:\/\/img.jiansujichilun.com\/img\/hydrauliccylinders\/T_hydrauliccylinders-5.webp)<\/p>\n<h3>Hist\u00f3rico do produto<\/h3>\n<p>Os cilindros hidr\u00e1ulicos foram usados pela primeira vez no s\u00e9culo XIX para alimentar guindastes e outras m\u00e1quinas pesadas. Ao longo dos anos, os sistemas hidr\u00e1ulicos se tornaram mais avan\u00e7ados, e os cilindros hidr\u00e1ulicos foram usados em mais aplica\u00e7\u00f5es. Hoje, os cilindros hidr\u00e1ulicos s\u00e3o comumente usados em equipamentos de constru\u00e7\u00e3o, m\u00e1quinas de fabrica\u00e7\u00e3o e ve\u00edculos de transporte.<\/p>\n<h3>Classifica\u00e7\u00e3o do produto<\/h3>\n<p>Os cilindros hidr\u00e1ulicos podem ser classificados com base em sua fun\u00e7\u00e3o, tipo de fluido hidr\u00e1ulico usado e press\u00e3o operacional. Funcionalmente, os cilindros hidr\u00e1ulicos podem ser de a\u00e7\u00e3o simples ou dupla. Os cilindros de a\u00e7\u00e3o simples usam press\u00e3o hidr\u00e1ulica para estender a haste do pist\u00e3o, enquanto uma mola ou outra for\u00e7a externa a retrai. Os cilindros de a\u00e7\u00e3o dupla usam press\u00e3o hidr\u00e1ulica para estender e retrair a haste do pist\u00e3o.<\/p>\n<h3>Vantagens do produto<\/h3>\n<p>Nosso cilindro hidr\u00e1ulico \u00e9 energeticamente eficiente, altamente eficiente e seguro. Ele fornece energia confi\u00e1vel e suporte de controle para v\u00e1rios equipamentos mec\u00e2nicos e de engenharia.<\/p>\n<h3>Materiais de produtos utiliz\u00e1veis<\/h3>\n<p>O corpo do nosso cilindro hidr\u00e1ulico \u00e9 feito de a\u00e7o e \u00e9 alimentado por fluido hidr\u00e1ulico.<\/p>\n<h3>Como instalar, manter e reparar o produto<\/h3>\n<p>Installation, maintenance, and repair of our hydraulic cylinder require technical expertise and knowledge of hydraulic systems. It is essential to follow the manufacturer&#8217;s instructions when installing, maintaining, or repairing the hydraulic cylinder. Regular maintenance is necessary to keep the hydraulic cylinder in good working condition and to prevent breakdowns.<\/p>\n<h3>Como substituir o produto<\/h3>\n<p>Ao substituir nosso cilindro hidr\u00e1ulico, \u00e9 essencial comprar uma pe\u00e7a de reposi\u00e7\u00e3o que seja compat\u00edvel com a pe\u00e7a de reposi\u00e7\u00e3o original. Nossas pe\u00e7as de reposi\u00e7\u00e3o podem se encaixar perfeitamente nas pe\u00e7as de reposi\u00e7\u00e3o originais. Se voc\u00ea precisar comprar pe\u00e7as de reposi\u00e7\u00e3o originais, entre em contato com o fornecedor original para comprar.<\/p>\n<h2>Sobre nossos outros neg\u00f3cios de produtos<\/h2>\n<p>Al\u00e9m de cilindros hidr\u00e1ulicos, tamb\u00e9m fornecemos v\u00e1rias engrenagens de pl\u00e1stico para uso industrial, como caixas de engrenagens agr\u00edcolas, eixos de sa\u00edda de pot\u00eancia, rodas dentadas, acoplamentos hidr\u00e1ulicos, redutores de engrenagem sem-fim, cremalheiras de engrenagens, correntes remov\u00edveis, polias e polias, caixas de engrenagens planet\u00e1rias, polias de sincroniza\u00e7\u00e3o, buchas e muito mais. Oferecemos produtos de alta qualidade, pre\u00e7os preferenciais e servi\u00e7os atenciosos. Damos as boas-vindas aos clientes para personalizar com desenhos e amostras.<\/p>\n<p>![Outros neg\u00f3cios de produtos](https:\/\/images.hzpt.com\/2024\/04\/unit-type-flexo-press-factory.webp)<\/p>\n<h2>Perguntas frequentes<\/h2>\n<ul>\n<li><strong>P: Voc\u00ea \u00e9 uma empresa comercial ou fabricante?<\/strong><br \/>R: Somos um fabricante.<\/li>\n<li><strong>P: Quanto tempo demora a entrega?<\/strong><br \/>R: Geralmente, leva de 25 a 35 dias.<\/li>\n<li><strong>P: Voc\u00eas fornecem amostras? \u00c9 gr\u00e1tis ou extra?<\/strong><br \/>A: Yes, we could offer the sample, but it&#8217;s not free.<\/li>\n<li><strong>P: Qual \u00e9 o empuxo m\u00e1ximo que o cilindro hidr\u00e1ulico pode fornecer?<\/strong><br \/>R: O empuxo m\u00e1ximo que ele pode fornecer \u00e9 3000.<\/li>\n<li><strong>P: Qual \u00e9 o peso do cilindro hidr\u00e1ulico?<\/strong><br \/>R: O cilindro hidr\u00e1ulico pesa 12 kg.<\/li>\n<\/ul>","protected":false},"excerpt":{"rendered":"<p>All the content on this page comes from the Internet and is only used as a reference for product selection. Our products are replacement parts rather than original spare parts. We are not the holder of the original trademark of the content. Our replacement parts can perfectly fit the original spare parts. If you need [&hellip;]<\/p>","protected":false},"featured_media":4670,"template":"","meta":{"_et_pb_use_builder":"","_et_pb_old_content":"","_et_gb_content_width":""},"product_brand":[],"product_cat":[11327],"product_tag":[],"class_list":{"0":"post-4671","1":"product","2":"type-product","3":"status-publish","4":"has-post-thumbnail","6":"product_cat-telescopic-hydraulic-cylinder","8":"first","9":"instock","10":"shipping-taxable","11":"product-type-simple"},"_links":{"self":[{"href":"https:\/\/agricultural-gear-boxes.com\/pt\/wp-json\/wp\/v2\/product\/4671","targetHints":{"allow":["GET"]}}],"collection":[{"href":"https:\/\/agricultural-gear-boxes.com\/pt\/wp-json\/wp\/v2\/product"}],"about":[{"href":"https:\/\/agricultural-gear-boxes.com\/pt\/wp-json\/wp\/v2\/types\/product"}],"wp:featuredmedia":[{"embeddable":true,"href":"https:\/\/agricultural-gear-boxes.com\/pt\/wp-json\/wp\/v2\/media\/4670"}],"wp:attachment":[{"href":"https:\/\/agricultural-gear-boxes.com\/pt\/wp-json\/wp\/v2\/media?parent=4671"}],"wp:term":[{"taxonomy":"product_brand","embeddable":true,"href":"https:\/\/agricultural-gear-boxes.com\/pt\/wp-json\/wp\/v2\/product_brand?post=4671"},{"taxonomy":"product_cat","embeddable":true,"href":"https:\/\/agricultural-gear-boxes.com\/pt\/wp-json\/wp\/v2\/product_cat?post=4671"},{"taxonomy":"product_tag","embeddable":true,"href":"https:\/\/agricultural-gear-boxes.com\/pt\/wp-json\/wp\/v2\/product_tag?post=4671"}],"curies":[{"name":"wp","href":"https:\/\/api.w.org\/{rel}","templated":true}]}}