{"id":6057,"date":"2024-10-30T06:26:42","date_gmt":"2024-10-30T06:26:42","guid":{"rendered":"https:\/\/agricultural-gear-boxes.com\/product\/t5-800-agricultural-machinery-parts-driveline-steering-splined-yoke-steel-tractor-cardan-drive-pto-shafts-for-lawn-mower\/"},"modified":"2024-10-30T06:26:42","modified_gmt":"2024-10-30T06:26:42","slug":"t5-800-agricultural-machinery-parts-driveline-steering-splined-yoke-steel-tractor-cardan-drive-pto-shafts-for-lawn-mower","status":"publish","type":"product","link":"https:\/\/agricultural-gear-boxes.com\/pt\/product\/t5-800-agricultural-machinery-parts-driveline-steering-splined-yoke-steel-tractor-cardan-drive-pto-shafts-for-lawn-mower\/","title":{"rendered":"T5 800 Pe\u00e7as de m\u00e1quinas agr\u00edcolas transmiss\u00e3o dire\u00e7\u00e3o estriada jugo a\u00e7o trator cardan transmiss\u00e3o eixos PTO para cortador de grama"},"content":{"rendered":"<h2> T5 800 Pe\u00e7as de m\u00e1quinas agr\u00edcolas Transmiss\u00e3o <\/h2>\n<p> O T5 800 Agricultural Machinery Parts Driveline \u00e9 um produto novo que vem com garantia de 1 ano. Ele foi projetado para uso em v\u00e1rios setores, como hot\u00e9is, lojas de roupas, lojas de materiais de constru\u00e7\u00e3o, f\u00e1bricas, oficinas de reparo de m\u00e1quinas, f\u00e1bricas de alimentos e bebidas, fazendas, restaurantes, uso dom\u00e9stico, varejo, lojas de alimentos, gr\u00e1ficas, obras de constru\u00e7\u00e3o, energia e minera\u00e7\u00e3o, lojas de alimentos e bebidas e outros. <\/p>\n<h3> Cen\u00e1rios de uso comum <\/h3>\n<p> O cardan de a\u00e7o com garfo estriado Tractor Pto Shafts For Lawn Mower \u00e9 um produto vers\u00e1til que pode ser usado em v\u00e1rios cen\u00e1rios. Por exemplo, ele pode ser usado para:<\/p>\n<ul>\n<li>Tratores e implementos agr\u00edcolas<\/li>\n<li>Tipos de tratores e implementos agr\u00edcolas<\/li>\n<\/ul>\n<p>Ele tamb\u00e9m pode ser usado em v\u00e1rias outras aplica\u00e7\u00f5es, conforme os requisitos espec\u00edficos do usu\u00e1rio. O T5 800 foi projetado para funcionar eficientemente em todos os tipos de cen\u00e1rios, tornando-o uma escolha vers\u00e1til e confi\u00e1vel para qualquer usu\u00e1rio que esteja procurando um produto de transmiss\u00e3o de alta qualidade.<\/p>\n<p><img decoding=\"async\" src=\"https:\/\/images.hzpt.com\/2023\/06\/xe4ye4bO-PTO-Shaft-Common-Applications.webp\" alt=\"Aplica\u00e7\u00f5es comuns do eixo de tomada de for\u00e7a\"><\/p>\n<h3> Vantagens <\/h3>\n<ul>\n<li>Certificado CE, ISO e TS<\/li>\n<li>Constru\u00e7\u00e3o em a\u00e7o de alta qualidade para durabilidade e confiabilidade<\/li>\n<li>Processamento de tubos trefilados a frio para melhor desempenho<\/li>\n<li>Embalagem personalizada para entrega segura e protegida<\/li>\n<li>Dispon\u00edvel em tubos triangulares para melhor desempenho<\/li>\n<li>Garantia de 1 ano para maior tranquilidade<\/li>\n<li>Various teeth options available, including 1 3\/8&#8221; Z6 for enhanced performance<\/li>\n<\/ul>\n<h3> Como instalar, manter e reparar <\/h3>\n<p> Instalar, manter e reparar o T5 800 Agricultural Machinery Parts Driveline \u00e9 f\u00e1cil e direto. O produto vem com suporte t\u00e9cnico em v\u00eddeo e suporte online, bem como pe\u00e7as de reposi\u00e7\u00e3o, para ajudar os usu\u00e1rios com quaisquer problemas que possam encontrar. <\/p>\n<p> Para instalar o produto, os usu\u00e1rios precisam seguir cuidadosamente as instru\u00e7\u00f5es fornecidas com o produto. O v\u00eddeo de inspe\u00e7\u00e3o de sa\u00edda e o relat\u00f3rio de teste de maquin\u00e1rio fornecidos com o produto tamb\u00e9m podem ser \u00fateis. <\/p>\n<p> Para manter o produto, os usu\u00e1rios precisam garantir que ele seja mantido limpo e longe de quaisquer elementos prejudiciais. A inspe\u00e7\u00e3o regular do produto tamb\u00e9m \u00e9 recomendada para identificar quaisquer problemas potenciais logo no in\u00edcio. <\/p>\n<p> Para reparar o produto, os usu\u00e1rios podem consultar o suporte t\u00e9cnico em v\u00eddeo e o suporte online fornecidos com o produto. Se forem necess\u00e1rias pe\u00e7as de reposi\u00e7\u00e3o, elas podem ser facilmente obtidas do fabricante. <\/p>\n<h3> Outros neg\u00f3cios de produtos da empresa <\/h3>\n<p> Na EVER-POWER GROUP Co., Ltd., oferecemos uma ampla gama de engrenagens pl\u00e1sticas industriais, incluindo caixas de engrenagens agr\u00edcolas, eixos de sa\u00edda de pot\u00eancia, rodas dentadas, acoplamentos hidr\u00e1ulicos, redutores de engrenagem sem-fim, cremalheiras, correntes remov\u00edveis, polias e polias, caixas de engrenagens planet\u00e1rias, polias de sincroniza\u00e7\u00e3o, buchas e muito mais. <\/p>\n<p> Estamos comprometidos em fornecer produtos de alta qualidade a pre\u00e7os acess\u00edveis e entregar servi\u00e7os atenciosos. Os clientes podem personalizar seus pedidos com fotos e amostras para garantir que recebam exatamente o que precisam. <\/p>\n<p><img decoding=\"async\" src=\"https:\/\/images.ever-power.net\/2019\/07\/ep_ep_pto-shaft-4.webp\" alt=\"EP EP Eixo de tomada de for\u00e7a 4\"><\/p>\n<h2> Perguntas e Respostas <\/h2>\n<h3> P: Em quais setores o sistema de transmiss\u00e3o de pe\u00e7as para m\u00e1quinas agr\u00edcolas T5 800 pode ser usado? <\/h3>\n<p> R: O sistema de transmiss\u00e3o de pe\u00e7as de m\u00e1quinas agr\u00edcolas T5 800 pode ser usado em v\u00e1rios setores, como hot\u00e9is, lojas de roupas, lojas de materiais de constru\u00e7\u00e3o, f\u00e1bricas, oficinas de conserto de m\u00e1quinas, f\u00e1bricas de alimentos e bebidas, fazendas, restaurantes, uso dom\u00e9stico, varejo, lojas de alimentos, gr\u00e1ficas, obras de constru\u00e7\u00e3o, energia e minera\u00e7\u00e3o, lojas de alimentos e bebidas e outros. <\/p>\n<h3> P: Quais s\u00e3o as vantagens do sistema de transmiss\u00e3o de pe\u00e7as para m\u00e1quinas agr\u00edcolas T5 800? <\/h3>\n<p> R: O T5 800 Agricultural Machinery Parts Driveline \u00e9 certificado pela CE, ISO e TS e feito de a\u00e7o de alta qualidade para durabilidade e confiabilidade. Ele apresenta processamento de tubo trefilado a frio para melhor desempenho, embalagem personalizada para entrega segura e protegida, e est\u00e1 dispon\u00edvel em tubos triangulares para melhor desempenho. Ele tamb\u00e9m vem com garantia de 1 ano. <\/p>\n<h3> P: Como fa\u00e7o para instalar a transmiss\u00e3o de pe\u00e7as de m\u00e1quinas agr\u00edcolas T5 800? <\/h3>\n<p> R: Para instalar o T5 800 Agricultural Machinery Parts Driveline, os usu\u00e1rios precisam seguir cuidadosamente as instru\u00e7\u00f5es fornecidas com o produto. O v\u00eddeo de inspe\u00e7\u00e3o de sa\u00edda e o relat\u00f3rio de teste de maquin\u00e1rio fornecidos com o produto tamb\u00e9m podem ser \u00fateis. <\/p>\n<h3> P: Como fa\u00e7o a manuten\u00e7\u00e3o do sistema de transmiss\u00e3o de pe\u00e7as de m\u00e1quinas agr\u00edcolas T5 800? <\/h3>\n<p> R: Para manter o T5 800 Agricultural Machinery Parts Driveline, os usu\u00e1rios precisam garantir que ele seja mantido limpo e longe de quaisquer elementos prejudiciais. A inspe\u00e7\u00e3o regular do produto tamb\u00e9m \u00e9 recomendada para identificar quaisquer problemas potenciais logo no in\u00edcio. <\/p>\n<h3> P: Como fa\u00e7o para reparar a transmiss\u00e3o de pe\u00e7as de m\u00e1quinas agr\u00edcolas T5 800? <\/h3>\n<p> R: Para reparar o T5 800 Agricultural Machinery Parts Driveline, os usu\u00e1rios podem consultar o suporte t\u00e9cnico em v\u00eddeo e o suporte online fornecidos com o produto. Se forem necess\u00e1rias pe\u00e7as de reposi\u00e7\u00e3o, elas podem ser facilmente obtidas do fabricante. <\/p>\n<p style=\"color:red;\">Todo o conte\u00fado da p\u00e1gina vem da Internet, e o conte\u00fado \u00e9 usado apenas como refer\u00eancia para sele\u00e7\u00e3o de produtos. Nossos produtos s\u00e3o acess\u00f3rios e n\u00e3o pe\u00e7as de reposi\u00e7\u00e3o originais; n\u00e3o somos detentores da marca registrada original do conte\u00fado. Nossos produtos s\u00e3o adequados apenas para acess\u00f3rios de reposi\u00e7\u00e3o e n\u00e3o para pe\u00e7as de reposi\u00e7\u00e3o originais. Nossos acess\u00f3rios podem se encaixar perfeitamente nas pe\u00e7as de reposi\u00e7\u00e3o originais; se voc\u00ea precisar comprar pe\u00e7as de reposi\u00e7\u00e3o originais, entre em contato com a f\u00e1brica original para comprar.<\/p>\n<p>Autor: lmc<\/p>","protected":false},"excerpt":{"rendered":"<p>T5 800 Agricultural Machinery Parts Driveline The T5 800 Agricultural Machinery Parts Driveline is a new product that comes with a 1-year warranty. It is designed for use in various industries such as hotels, garment shops, building material shops, manufacturing plants, machinery repair shops, food and beverage factories, farms, restaurants, home use, retail, food shops, [&hellip;]<\/p>","protected":false},"featured_media":5922,"template":"","meta":{"_et_pb_use_builder":"","_et_pb_old_content":"","_et_gb_content_width":""},"product_brand":[],"product_cat":[11315],"product_tag":[],"class_list":{"0":"post-6057","1":"product","2":"type-product","3":"status-publish","4":"has-post-thumbnail","6":"product_cat-pto-shaft","8":"first","9":"instock","10":"shipping-taxable","11":"product-type-simple"},"_links":{"self":[{"href":"https:\/\/agricultural-gear-boxes.com\/pt\/wp-json\/wp\/v2\/product\/6057","targetHints":{"allow":["GET"]}}],"collection":[{"href":"https:\/\/agricultural-gear-boxes.com\/pt\/wp-json\/wp\/v2\/product"}],"about":[{"href":"https:\/\/agricultural-gear-boxes.com\/pt\/wp-json\/wp\/v2\/types\/product"}],"wp:featuredmedia":[{"embeddable":true,"href":"https:\/\/agricultural-gear-boxes.com\/pt\/wp-json\/wp\/v2\/media\/5922"}],"wp:attachment":[{"href":"https:\/\/agricultural-gear-boxes.com\/pt\/wp-json\/wp\/v2\/media?parent=6057"}],"wp:term":[{"taxonomy":"product_brand","embeddable":true,"href":"https:\/\/agricultural-gear-boxes.com\/pt\/wp-json\/wp\/v2\/product_brand?post=6057"},{"taxonomy":"product_cat","embeddable":true,"href":"https:\/\/agricultural-gear-boxes.com\/pt\/wp-json\/wp\/v2\/product_cat?post=6057"},{"taxonomy":"product_tag","embeddable":true,"href":"https:\/\/agricultural-gear-boxes.com\/pt\/wp-json\/wp\/v2\/product_tag?post=6057"}],"curies":[{"name":"wp","href":"https:\/\/api.w.org\/{rel}","templated":true}]}}