{"id":6059,"date":"2024-10-30T06:26:47","date_gmt":"2024-10-30T06:26:47","guid":{"rendered":"https:\/\/agricultural-gear-boxes.com\/product\/yellow-straight-safety-shield-tractor-attachments-and-implements-05b-800mm-pto-shaft-spline-yoke-z6\/"},"modified":"2024-10-30T06:26:47","modified_gmt":"2024-10-30T06:26:47","slug":"yellow-straight-safety-shield-tractor-attachments-and-implements-05b-800mm-pto-shaft-spline-yoke-z6","status":"publish","type":"product","link":"https:\/\/agricultural-gear-boxes.com\/pt\/product\/yellow-straight-safety-shield-tractor-attachments-and-implements-05b-800mm-pto-shaft-spline-yoke-z6\/","title":{"rendered":"Escudo de seguran\u00e7a reto amarelo Acess\u00f3rios e implementos para tratores 05B 800 mm Eixo de tomada de for\u00e7a Spline Yoke Z6"},"content":{"rendered":"<h2>Escudo de seguran\u00e7a reto amarelo Acess\u00f3rios e implementos para tratores 05B 800 mm Eixo de tomada de for\u00e7a Spline Yoke Z6<\/h2>\n<p>Os acess\u00f3rios e implementos de trator Yellow Straight Safety Shield 05B 800mm PTO Shaft Spline Yoke Z6 s\u00e3o um componente crucial para tratores e outros implementos agr\u00edcolas. Esses eixos s\u00e3o projetados para transmiss\u00e3o de energia e s\u00e3o uma parte essencial de m\u00e1quinas usadas em v\u00e1rios setores, como hot\u00e9is, lojas de roupas, f\u00e1bricas, fazendas e muito mais.<\/p>\n<p>These PTO shafts have a weight of 10kg and are made with high-quality materials that are built to last. The processing of the yoke involves forging, while the tube is cold-drawn. The shaft comes with a CE, ISO, and TS certificate and has teeth measuring 13\/8&#8221; Z6. These tubes are triangle tubes, and the color of the product is yellow spraying. The package includes customized packing, and the port is either Shanghai or Ningbo.<\/p>\n<h3>Cen\u00e1rios de uso<\/h3>\n<p>The Yellow Straight Safety Shield Tractor Attachments and Implements 05B 800mm PTO Shaft Spline Yoke Z6 are commonly used in various industries such as agriculture, construction, and mining. These shafts are used to transfer power from a tractor&#8217;s engine to its attached implement, making it a crucial component for a variety of tasks. They are also used in machinery repair shops, food and beverage factories, restaurants, and retail shops.<\/p>\n<p><img decoding=\"async\" src=\"https:\/\/images.hzpt.com\/2023\/06\/xe4ye4bO-PTO-Shaft-Common-Applications.webp\" alt=\"Aplica\u00e7\u00f5es comuns do eixo de tomada de for\u00e7a\" \/><\/p>\n<h3>Vantagens dos acess\u00f3rios e implementos de trator de prote\u00e7\u00e3o reta amarela 05B 800 mm eixo de tomada de for\u00e7a garfo estriado Z6<\/h3>\n<ul>\n<li>Materiais de alta qualidade feitos para durar<\/li>\n<li>Certificado CE, ISO e TS<\/li>\n<li>Embalagem personalizada para entrega segura<\/li>\n<li>Tubos triangulares para maior resist\u00eancia<\/li>\n<li>Pulveriza\u00e7\u00e3o amarela para prote\u00e7\u00e3o adicional contra os elementos<\/li>\n<li>Teeth measuring 13\/8&#8221; Z6<\/li>\n<\/ul>\n<h3>Instala\u00e7\u00e3o, Manuten\u00e7\u00e3o e Reparo<\/h3>\n<p>A instala\u00e7\u00e3o do Yellow Straight Safety Shield Tractor Attachments and Implements 05B 800mm PTO Shaft Spline Yoke Z6 \u00e9 um processo simples. \u00c9 crucial garantir que todos os componentes estejam alinhados corretamente para evitar qualquer dano ao eixo ou \u00e0 m\u00e1quina. A manuten\u00e7\u00e3o regular \u00e9 essencial para manter o eixo em boas condi\u00e7\u00f5es. \u00c9 recomend\u00e1vel inspecionar o eixo para verificar se h\u00e1 danos ap\u00f3s cada uso e lubrific\u00e1-lo regularmente para evitar ferrugem e corros\u00e3o. Em caso de danos, \u00e9 aconselh\u00e1vel levar o eixo a uma oficina de reparos certificada para reparos.<\/p>\n<h3>Outros produtos<\/h3>\n<p>Al\u00e9m dos acess\u00f3rios e implementos Yellow Straight Safety Shield Tractor Attachments and Implements 05B 800mm PTO Shaft Spline Yoke Z6, oferecemos v\u00e1rias outras engrenagens pl\u00e1sticas industriais, como caixas de engrenagens agr\u00edcolas, eixos de sa\u00edda de pot\u00eancia, rodas dentadas, acoplamentos hidr\u00e1ulicos, redutores de engrenagem sem-fim, cremalheiras, correntes remov\u00edveis, polias e polias, caixas de engrenagens planet\u00e1rias, polias de sincroniza\u00e7\u00e3o, buchas, etc. Nossos produtos s\u00e3o de alta qualidade, dur\u00e1veis e t\u00eam um pre\u00e7o competitivo. Tamb\u00e9m oferecemos solu\u00e7\u00f5es personalizadas para atender \u00e0s necessidades exclusivas de nossos clientes.<\/p>\n<p><img decoding=\"async\" src=\"https:\/\/images.ever-power.net\/2019\/07\/ep_ep_pto-shaft-4.webp\" alt=\"Eixo de tomada de for\u00e7a EP\" \/><\/p>\n<h2>Perguntas e Respostas<\/h2>\n<h3>1. Qual \u00e9 a fun\u00e7\u00e3o do Escudo de Seguran\u00e7a Reto Amarelo Acess\u00f3rios e Implementos para Trator 05B 800mm Eixo de Tomada de For\u00e7a Garfo Estriado Z6?<\/h3>\n<p>Resposta: O escudo de seguran\u00e7a reto amarelo, implementos e acess\u00f3rios para tratores 05B, garfo estriado de eixo de tomada de for\u00e7a de 800 mm Z6 foi projetado para transmiss\u00e3o de energia e \u00e9 uma parte essencial de m\u00e1quinas usadas em v\u00e1rios setores, como agricultura, constru\u00e7\u00e3o e minera\u00e7\u00e3o.<\/p>\n<h3>2. Qual \u00e9 o peso do garfo estriado do eixo de tomada de for\u00e7a amarelo reto, acess\u00f3rios e implementos para tratores 05B 800 mm, escudo de seguran\u00e7a reto amarelo Z6?<\/h3>\n<p>Resposta: O implemento e acess\u00f3rios para trator com escudo de seguran\u00e7a reto amarelo 05B, garfo estriado de eixo de tomada de for\u00e7a de 800 mm, Z6 pesa 10 kg.<\/p>\n<h3>3. Quais s\u00e3o as vantagens dos implementos e acess\u00f3rios para trator Yellow Straight Safety Shield 05B 800mm PTO Shaft Spline Yoke Z6?<\/h3>\n<p>Resposta: O Yellow Straight Safety Shield Tractor Attachments and Implements 05B 800mm PTO Shaft Spline Yoke Z6 \u00e9 feito com materiais de alta qualidade que s\u00e3o constru\u00eddos para durar. Ele tamb\u00e9m \u00e9 certificado pela CE, ISO e TS e vem com embalagem personalizada para entrega segura. Os tubos triangulares fornecem resist\u00eancia adicional, e a pulveriza\u00e7\u00e3o amarela protege contra os elementos.<\/p>\n<h3>4. Como fa\u00e7o para instalar e manter os implementos e acess\u00f3rios para trator Yellow Straight Safety Shield 05B 800mm PTO Shaft Spline Yoke Z6?<\/h3>\n<p>Resposta: A instala\u00e7\u00e3o do Yellow Straight Safety Shield Tractor Attachments and Implements 05B 800mm PTO Shaft Spline Yoke Z6 \u00e9 um processo simples. \u00c9 crucial garantir que todos os componentes estejam alinhados corretamente para evitar qualquer dano ao eixo ou \u00e0 m\u00e1quina. A manuten\u00e7\u00e3o regular \u00e9 essencial para manter o eixo em boas condi\u00e7\u00f5es. \u00c9 recomend\u00e1vel inspecionar o eixo para verificar se h\u00e1 danos ap\u00f3s cada uso e lubrific\u00e1-lo regularmente para evitar ferrugem e corros\u00e3o.<\/p>\n<h3>5. Quais outros produtos a empresa oferece?<\/h3>\n<p>Resposta: Al\u00e9m dos acess\u00f3rios e implementos para tratores Yellow Straight Safety Shield 05B 800mm PTO Shaft Spline Yoke Z6, a empresa oferece v\u00e1rias outras engrenagens pl\u00e1sticas industriais, como caixas de engrenagens agr\u00edcolas, eixos de sa\u00edda de pot\u00eancia, rodas dentadas, acoplamentos hidr\u00e1ulicos, redutores de engrenagem sem-fim, cremalheiras, correntes remov\u00edveis, polias e polias, caixas de engrenagens planet\u00e1rias, polias de sincroniza\u00e7\u00e3o, buchas, etc.<\/p>\n<p><strong><font color=\"red\">Isen\u00e7\u00e3o de responsabilidade: <\/font><\/strong>Todo o conte\u00fado da p\u00e1gina vem da Internet, e o conte\u00fado \u00e9 usado apenas como refer\u00eancia para sele\u00e7\u00e3o de produtos. Nossos produtos s\u00e3o acess\u00f3rios e n\u00e3o pe\u00e7as de reposi\u00e7\u00e3o originais; n\u00e3o somos detentores da marca registrada original do conte\u00fado. Nossos produtos s\u00e3o adequados apenas para acess\u00f3rios de reposi\u00e7\u00e3o e n\u00e3o para pe\u00e7as de reposi\u00e7\u00e3o originais. Nossos acess\u00f3rios podem se encaixar perfeitamente nas pe\u00e7as de reposi\u00e7\u00e3o originais; se voc\u00ea precisar comprar pe\u00e7as de reposi\u00e7\u00e3o originais, entre em contato com a f\u00e1brica original para comprar.<\/p>\n<p><strong>Autor:<\/strong> lmc<\/p>","protected":false},"excerpt":{"rendered":"<p>Yellow Straight Safety Shield Tractor Attachments and Implements 05B 800mm PTO Shaft Spline Yoke Z6 The Yellow Straight Safety Shield Tractor Attachments and Implements 05B 800mm PTO Shaft Spline Yoke Z6 are a crucial component for tractors and other farm implements. These shafts are designed for power transmission and are an essential part of machinery [&hellip;]<\/p>","protected":false},"featured_media":5926,"template":"","meta":{"_et_pb_use_builder":"","_et_pb_old_content":"","_et_gb_content_width":""},"product_brand":[],"product_cat":[11315],"product_tag":[],"class_list":{"0":"post-6059","1":"product","2":"type-product","3":"status-publish","4":"has-post-thumbnail","6":"product_cat-pto-shaft","8":"first","9":"instock","10":"shipping-taxable","11":"product-type-simple"},"_links":{"self":[{"href":"https:\/\/agricultural-gear-boxes.com\/pt\/wp-json\/wp\/v2\/product\/6059","targetHints":{"allow":["GET"]}}],"collection":[{"href":"https:\/\/agricultural-gear-boxes.com\/pt\/wp-json\/wp\/v2\/product"}],"about":[{"href":"https:\/\/agricultural-gear-boxes.com\/pt\/wp-json\/wp\/v2\/types\/product"}],"wp:featuredmedia":[{"embeddable":true,"href":"https:\/\/agricultural-gear-boxes.com\/pt\/wp-json\/wp\/v2\/media\/5926"}],"wp:attachment":[{"href":"https:\/\/agricultural-gear-boxes.com\/pt\/wp-json\/wp\/v2\/media?parent=6059"}],"wp:term":[{"taxonomy":"product_brand","embeddable":true,"href":"https:\/\/agricultural-gear-boxes.com\/pt\/wp-json\/wp\/v2\/product_brand?post=6059"},{"taxonomy":"product_cat","embeddable":true,"href":"https:\/\/agricultural-gear-boxes.com\/pt\/wp-json\/wp\/v2\/product_cat?post=6059"},{"taxonomy":"product_tag","embeddable":true,"href":"https:\/\/agricultural-gear-boxes.com\/pt\/wp-json\/wp\/v2\/product_tag?post=6059"}],"curies":[{"name":"wp","href":"https:\/\/api.w.org\/{rel}","templated":true}]}}