{"id":6060,"date":"2024-10-30T06:26:49","date_gmt":"2024-10-30T06:26:49","guid":{"rendered":"https:\/\/agricultural-gear-boxes.com\/product\/tractor-parts-pto-shaft-cover-05b-800mm-pto-shaft-triangular-tube-factory-directly-sale\/"},"modified":"2024-10-30T06:26:50","modified_gmt":"2024-10-30T06:26:50","slug":"tractor-parts-pto-shaft-cover-05b-800mm-pto-shaft-triangular-tube-factory-directly-sale","status":"publish","type":"product","link":"https:\/\/agricultural-gear-boxes.com\/pt\/product\/tractor-parts-pto-shaft-cover-05b-800mm-pto-shaft-triangular-tube-factory-directly-sale\/","title":{"rendered":"Pe\u00e7as de trator Tampa do eixo PTO 05B 800mm Tubo triangular do eixo PTO Venda direta da f\u00e1brica"},"content":{"rendered":"<h2>Pe\u00e7as de trator Tampa do eixo de tomada de for\u00e7a 05B 800mm Tubo triangular do eixo de tomada de for\u00e7a<\/h2>\n<p>Tractor Parts PTO Shaft Cover 05B 800mm PTO Shaft Triangular Tube \u00e9 um produto de transmiss\u00e3o de pot\u00eancia de alta qualidade usado principalmente para tratores e implementos de tratores. \u00c9 um produto novo que vem com garantia de 1 ano e est\u00e1 dispon\u00edvel diretamente da f\u00e1brica.<\/p>\n<h3>Cen\u00e1rio de uso<\/h3>\n<p>Este produto \u00e9 amplamente utilizado em v\u00e1rias ind\u00fastrias, como hot\u00e9is, lojas de vestu\u00e1rio, lojas de materiais de constru\u00e7\u00e3o, f\u00e1bricas, oficinas de reparo de m\u00e1quinas, f\u00e1bricas de alimentos e bebidas, fazendas e muitas outras. \u00c9 ideal para tratores e implementos agr\u00edcolas e oferece excelentes capacidades de transmiss\u00e3o de pot\u00eancia. <\/p>\n<p><img decoding=\"async\" src=\"https:\/\/images.hzpt.com\/2023\/06\/xe4ye4bO-PTO-Shaft-Common-Applications.webp\"\/><\/p>\n<h3>Vantagens<\/h3>\n<p>This product has many advantages, such as its high-quality materials, which include CE, ISO, and TS certified cold-drawn tubes and forged yokes. The teeth are 13\/8&#8221; Z6, and the tubes are triangular. Additional advantages include its customized packing, yellow spraying color, and video technical support, online support, and spare parts services.<\/p>\n<h3>Classifica\u00e7\u00e3o do produto<\/h3>\n<p>The product series includes T1-T10, L1-L6, S6-S10, and 10HP-150HP with SA, RA, SB, SFF, WA, CV, and many other types of joints. The spline types include 1 1\/8&#8243; Z6, 1 3\/8&#8243; Z6, 1 3\/8&#8243; Z21, 1 3\/4&#8243; Z20, 1 3\/4&#8243; Z6, 8-38*32*6, 8-42*36*7, and 8-48*42*8.<\/p>\n<h3>Materiais do produto<\/h3>\n<p>The product materials are high-quality and include cold-drawn tubes, forged yokes, and 13\/8&#8221; Z6 teeth. The product is made from high-quality materials to ensure its durability and longevity.<\/p>\n<h3>Instala\u00e7\u00e3o, Manuten\u00e7\u00e3o e Reparo<\/h3>\n<p>To install this product, follow the instructions carefully to ensure proper installation. Maintenance is recommended to extend the product&#8217;s lifespan, and repair services are available if needed.<\/p>\n<h2>Outros neg\u00f3cios de produtos<\/h2>\n<p>Al\u00e9m de Tractor Parts PTO Shaft Cover 05B 800mm PTO Shaft Triangular Tube, nossa empresa fornece principalmente v\u00e1rias engrenagens pl\u00e1sticas industriais, como caixas de engrenagens agr\u00edcolas, eixos de sa\u00edda de pot\u00eancia, rodas dentadas, acoplamentos hidr\u00e1ulicos, redutores de engrenagem sem-fim, cremalheiras de engrenagens, correntes remov\u00edveis, polias e polias, caixas de engrenagens planet\u00e1rias, polias de sincroniza\u00e7\u00e3o, buchas, etc. Nossos produtos s\u00e3o de alta qualidade, dispon\u00edveis a pre\u00e7os preferenciais e v\u00eam com servi\u00e7os atenciosos. Damos as boas-vindas aos clientes para personalizar com fotos e amostras.<\/p>\n<p><img decoding=\"async\" src=\"https:\/\/images.ever-power.net\/2019\/07\/ep_ep_pto-shaft-4.webp\"\/><\/p>\n<h2>Perguntas e Respostas<\/h2>\n<h3>Q1: O que \u00e9 a tampa do eixo de tomada de for\u00e7a da Tractor Parts 05B, tubo triangular do eixo de tomada de for\u00e7a de 800 mm?<\/h3>\n<p>A1: Tampa do eixo da tomada de for\u00e7a de pe\u00e7as de trator 05B O tubo triangular do eixo da tomada de for\u00e7a de 800 mm \u00e9 um produto de transmiss\u00e3o de pot\u00eancia de alta qualidade usado principalmente em tratores e implementos de tratores.<\/p>\n<h3>Q2: Quais s\u00e3o as vantagens da tampa do eixo de tomada de for\u00e7a da Tractor Parts 05B, tubo triangular do eixo de tomada de for\u00e7a de 800 mm?<\/h3>\n<p>A2: Tampa do eixo da tomada de for\u00e7a de pe\u00e7as de trator 05B Tubo triangular do eixo da tomada de for\u00e7a de 800 mm tem muitas vantagens, como materiais de alta qualidade, certifica\u00e7\u00e3o CE, ISO e TS, embalagem personalizada e cor de pulveriza\u00e7\u00e3o amarela.<\/p>\n<h3>Q3: Qual \u00e9 a classifica\u00e7\u00e3o do produto da tampa do eixo de tomada de for\u00e7a das pe\u00e7as do trator 05B, tubo triangular do eixo de tomada de for\u00e7a de 800 mm?<\/h3>\n<p>A3: A s\u00e9rie de produtos inclui T1-T10, L1-L6, S6-S10 e 10HP-150HP com SA, RA, SB, SFF, WA, CV e muitos outros tipos de juntas.<\/p>\n<h3>Q4: Quais s\u00e3o os materiais dispon\u00edveis para a tampa do eixo de tomada de for\u00e7a das pe\u00e7as do trator 05B, tubo triangular do eixo de tomada de for\u00e7a de 800 mm?<\/h3>\n<p>A4: The available product materials are cold-drawn tubes, forged yokes, and 13\/8&#8221; Z6 teeth.<\/p>\n<h3>Q5: Como fa\u00e7o para instalar, manter e reparar a tampa do eixo da tomada de for\u00e7a do trator 05B, tubo triangular do eixo da tomada de for\u00e7a de 800 mm?<\/h3>\n<p>A5: To install this product, follow the instructions carefully to ensure proper installation. Maintenance is recommended to extend the product&#8217;s lifespan, and repair services are available if needed.<\/p>\n<p><\/p>\n<p style=\"color:red;\">Aviso Legal: Todo o conte\u00fado da p\u00e1gina vem da Internet, e o conte\u00fado \u00e9 usado apenas como refer\u00eancia para sele\u00e7\u00e3o de produtos. Nossos produtos s\u00e3o acess\u00f3rios e n\u00e3o pe\u00e7as de reposi\u00e7\u00e3o originais; n\u00e3o somos detentores da marca registrada original do conte\u00fado. Nossos produtos s\u00e3o adequados apenas para acess\u00f3rios de reposi\u00e7\u00e3o e n\u00e3o para pe\u00e7as de reposi\u00e7\u00e3o originais. Nossos acess\u00f3rios podem se encaixar perfeitamente nas pe\u00e7as de reposi\u00e7\u00e3o originais; se voc\u00ea precisar comprar pe\u00e7as de reposi\u00e7\u00e3o originais, entre em contato com a f\u00e1brica original para comprar.<\/p>\n<p>\nAutor: lmc<\/p>","protected":false},"excerpt":{"rendered":"<p>Tractor Parts PTO Shaft Cover 05B 800mm PTO Shaft Triangular Tube Tractor Parts PTO Shaft Cover 05B 800mm PTO Shaft Triangular Tube is a high-quality power transmission product primarily used for tractors and tractor implements. It is a new product that comes with a 1-year warranty and is available directly from the factory. Usage Scenario [&hellip;]<\/p>","protected":false},"featured_media":5928,"template":"","meta":{"_et_pb_use_builder":"","_et_pb_old_content":"","_et_gb_content_width":""},"product_brand":[],"product_cat":[11315],"product_tag":[],"class_list":{"0":"post-6060","1":"product","2":"type-product","3":"status-publish","4":"has-post-thumbnail","6":"product_cat-pto-shaft","8":"first","9":"instock","10":"shipping-taxable","11":"product-type-simple"},"_links":{"self":[{"href":"https:\/\/agricultural-gear-boxes.com\/pt\/wp-json\/wp\/v2\/product\/6060","targetHints":{"allow":["GET"]}}],"collection":[{"href":"https:\/\/agricultural-gear-boxes.com\/pt\/wp-json\/wp\/v2\/product"}],"about":[{"href":"https:\/\/agricultural-gear-boxes.com\/pt\/wp-json\/wp\/v2\/types\/product"}],"wp:featuredmedia":[{"embeddable":true,"href":"https:\/\/agricultural-gear-boxes.com\/pt\/wp-json\/wp\/v2\/media\/5928"}],"wp:attachment":[{"href":"https:\/\/agricultural-gear-boxes.com\/pt\/wp-json\/wp\/v2\/media?parent=6060"}],"wp:term":[{"taxonomy":"product_brand","embeddable":true,"href":"https:\/\/agricultural-gear-boxes.com\/pt\/wp-json\/wp\/v2\/product_brand?post=6060"},{"taxonomy":"product_cat","embeddable":true,"href":"https:\/\/agricultural-gear-boxes.com\/pt\/wp-json\/wp\/v2\/product_cat?post=6060"},{"taxonomy":"product_tag","embeddable":true,"href":"https:\/\/agricultural-gear-boxes.com\/pt\/wp-json\/wp\/v2\/product_tag?post=6060"}],"curies":[{"name":"wp","href":"https:\/\/api.w.org\/{rel}","templated":true}]}}