{"id":6063,"date":"2024-10-30T06:26:56","date_gmt":"2024-10-30T06:26:56","guid":{"rendered":"https:\/\/agricultural-gear-boxes.com\/product\/pto-shafts-custom-t5-600-07d-yokes-z21-wholesale-steel-transmission-pto-cardan-drive-shafts-material-used-in-drive-shaft\/"},"modified":"2024-10-30T06:26:56","modified_gmt":"2024-10-30T06:26:56","slug":"pto-shafts-custom-t5-600-07d-yokes-z21-wholesale-steel-transmission-pto-cardan-drive-shafts-material-used-in-drive-shaft","status":"publish","type":"product","link":"https:\/\/agricultural-gear-boxes.com\/pt\/product\/pto-shafts-custom-t5-600-07d-yokes-z21-wholesale-steel-transmission-pto-cardan-drive-shafts-material-used-in-drive-shaft\/","title":{"rendered":"Eixos de tomada de for\u00e7a personalizados T5 600 07D Yokes Z21 Atacado A\u00e7o Transmiss\u00e3o Pto Cardan Drive Shafts material usado no eixo de transmiss\u00e3o"},"content":{"rendered":"<h2>Custom T5 600 07D Yokes Z21 Atacado A\u00e7o Transmiss\u00e3o Pto Cardan Drive Shafts<\/h2>\n<p>Os eixos de transmiss\u00e3o de cardan Pto de transmiss\u00e3o de a\u00e7o personalizados T5 600 07D Yokes Z21 por atacado s\u00e3o feitos de materiais de alta qualidade e s\u00e3o perfeitos para v\u00e1rias aplica\u00e7\u00f5es. Com uma condi\u00e7\u00e3o nova e uma garantia de 1 ano, esses eixos de transmiss\u00e3o s\u00e3o confi\u00e1veis e dur\u00e1veis. Eles s\u00e3o adequados para uso em hot\u00e9is, lojas de roupas, f\u00e1bricas, fazendas e muitas outras ind\u00fastrias.<\/p>\n<p>Principais caracter\u00edsticas:<\/p>\n<ul>\n<li>Peso: 3 KG<\/li>\n<li>Localiza\u00e7\u00e3o do Showroom: Nenhum<\/li>\n<li>V\u00eddeo de inspe\u00e7\u00e3o de sa\u00edda: Fornecido<\/li>\n<li>Relat\u00f3rio de teste de m\u00e1quinas: fornecido<\/li>\n<li>Tipo de marketing: produto comum<\/li>\n<li>Tipo: Eixos<\/li>\n<li>Uso: Colheitadeiras<\/li>\n<li>Nome do produto: T5 600 07D Yokes Z21 Transmiss\u00e3o de a\u00e7o Pto Cardan Drive Shafts<\/li>\n<li>Uso: Tratores e implementos agr\u00edcolas<\/li>\n<li>Teeth: 1 3\/8&#8221; Z21<\/li>\n<li>Processamento de Jugo: Forja<\/li>\n<li>Certificado: CE, ISO e TS<\/li>\n<li>Processamento de Tubo: Trefilado a Frio<\/li>\n<li>Quantidade m\u00ednima: 50 pe\u00e7as<\/li>\n<li>Tubos: Tubos Triangulares<\/li>\n<li>Jugo: Pino de press\u00e3o 07D<\/li>\n<li>Cor: Amarelo<\/li>\n<\/ul>\n<p><img decoding=\"async\" src=\"https:\/\/images.hzpt.com\/2023\/06\/xe4ye4bO-PTO-Shaft-Common-Applications.webp\" alt=\"Aplica\u00e7\u00f5es comuns do eixo de tomada de for\u00e7a\" \/><\/p>\n<h3>Hist\u00f3rico e classifica\u00e7\u00e3o do produto<\/h3>\n<p>Os eixos cardan de transmiss\u00e3o de a\u00e7o T5 600 07D Yokes Z21 t\u00eam uma rica hist\u00f3ria e evolu\u00edram para atender \u00e0s demandas de v\u00e1rias aplica\u00e7\u00f5es. Eles pertencem \u00e0 categoria de componentes de transmiss\u00e3o de pot\u00eancia e s\u00e3o projetados especificamente para tratores e implementos agr\u00edcolas.<\/p>\n<h3>Vantagens e materiais de produtos dispon\u00edveis<\/h3>\n<p>Esses eixos de transmiss\u00e3o oferecem diversas vantagens, incluindo:<\/p>\n<ul>\n<li>Alta resist\u00eancia e durabilidade<\/li>\n<li>Transmiss\u00e3o de pot\u00eancia suave e eficiente<\/li>\n<li>F\u00e1cil instala\u00e7\u00e3o e manuten\u00e7\u00e3o<\/li>\n<\/ul>\n<p>Os eixos de transmiss\u00e3o s\u00e3o normalmente feitos de a\u00e7o de alta qualidade, garantindo sua confiabilidade e desempenho duradouro.<\/p>\n<h3>Instala\u00e7\u00e3o, Manuten\u00e7\u00e3o e Reparo<\/h3>\n<p>Instalar e manter os eixos cardan de transmiss\u00e3o de a\u00e7o T5 600 07D Yokes Z21 Pto Cardan \u00e9 um processo simples. Siga estas etapas:<\/p>\n<ol>\n<li>Garanta o alinhamento adequado do eixo de transmiss\u00e3o<\/li>\n<li>Fixe com seguran\u00e7a os jugos aos componentes correspondentes<\/li>\n<li>Inspecione e lubrifique regularmente o eixo de transmiss\u00e3o para um desempenho ideal<\/li>\n<li>If any issues arise, consult the manufacturer&#8217;s maintenance and repair guidelines<\/li>\n<\/ol>\n<h3>Substitui\u00e7\u00e3o de produto<\/h3>\n<p>Em caso de substitui\u00e7\u00e3o do eixo de transmiss\u00e3o, siga estas etapas:<\/p>\n<ol>\n<li>Desconecte o eixo de transmiss\u00e3o do equipamento<\/li>\n<li>Remova os pinos ou parafusos de reten\u00e7\u00e3o<\/li>\n<li>Remova cuidadosamente o eixo de transmiss\u00e3o antigo<\/li>\n<li>Instale o novo eixo de transmiss\u00e3o, garantindo o alinhamento e a fixa\u00e7\u00e3o adequados<\/li>\n<\/ol>\n<p><img decoding=\"async\" src=\"https:\/\/images.ever-power.net\/2019\/07\/ep_ep_pto-shaft-4.webp\" alt=\"Eixo de tomada de for\u00e7a\" \/><\/p>\n<h2>Outros produtos oferecidos pela nossa empresa<\/h2>\n<p>Al\u00e9m dos Custom T5 600 07D Yokes Z21 Wholesale Steel Transmission Pto Cardan Drive Shafts, nossa empresa oferece uma ampla gama de engrenagens e acess\u00f3rios pl\u00e1sticos industriais. Isso inclui caixas de engrenagens agr\u00edcolas, eixos de sa\u00edda de pot\u00eancia, rodas dentadas, acoplamentos hidr\u00e1ulicos, redutores de engrenagem sem-fim, cremalheiras de engrenagens, correntes remov\u00edveis, polias, caixas de engrenagens planet\u00e1rias, polias de sincroniza\u00e7\u00e3o, buchas e muito mais. Nossos produtos s\u00e3o conhecidos por sua alta qualidade, pre\u00e7os competitivos e excelente atendimento ao cliente. Aceitamos solicita\u00e7\u00f5es de personaliza\u00e7\u00e3o e podemos fornecer fotos e amostras mediante solicita\u00e7\u00e3o.<\/p>\n<h2>Perguntas frequentes<\/h2>\n<ol>\n<li>P: Esses eixos de transmiss\u00e3o s\u00e3o adequados para todos os tipos de tratores e implementos agr\u00edcolas?<\/li>\n<p>R: Sim, os eixos cardan de transmiss\u00e3o de a\u00e7o personalizados T5 600 07D Yokes Z21 foram projetados para serem compat\u00edveis com v\u00e1rios tratores e implementos agr\u00edcolas.<\/p>\n<li>P: Quais s\u00e3o as principais vantagens desses eixos de transmiss\u00e3o?<\/li>\n<p>R: Esses eixos de transmiss\u00e3o oferecem alta resist\u00eancia, transmiss\u00e3o de pot\u00eancia suave e f\u00e1cil instala\u00e7\u00e3o e manuten\u00e7\u00e3o.<\/p>\n<li>P: Quais materiais s\u00e3o usados na fabrica\u00e7\u00e3o desses eixos de transmiss\u00e3o?<\/li>\n<p>R: Os eixos de transmiss\u00e3o s\u00e3o feitos de a\u00e7o de alta qualidade para garantir durabilidade e confiabilidade.<\/p>\n<li>P: Posso substituir o eixo de transmiss\u00e3o sozinho?<\/li>\n<p>A: While it is possible to replace the drive shaft yourself, we recommend following the manufacturer&#8217;s guidelines for proper installation and alignment.<\/p>\n<li>P: Voc\u00eas oferecem op\u00e7\u00f5es de personaliza\u00e7\u00e3o para os eixos de transmiss\u00e3o?<\/li>\n<p>R: Sim, aceitamos solicita\u00e7\u00f5es de personaliza\u00e7\u00e3o e podemos fornecer fotos e amostras mediante solicita\u00e7\u00e3o.<\/p>\n<\/ol>\n<p><em>Autor: lmc<\/em><\/p>\n<p><span style=\"color:red;\">Aviso Legal: Todo o conte\u00fado desta p\u00e1gina \u00e9 proveniente da internet e \u00e9 fornecido apenas para fins de refer\u00eancia. Nossos produtos s\u00e3o acess\u00f3rios e n\u00e3o pe\u00e7as de reposi\u00e7\u00e3o originais. N\u00e3o somos detentores da marca registrada original mencionada no conte\u00fado. Nossos acess\u00f3rios s\u00e3o projetados para se encaixar perfeitamente nas pe\u00e7as de reposi\u00e7\u00e3o originais. Se voc\u00ea precisar de pe\u00e7as de reposi\u00e7\u00e3o originais, entre em contato com o fabricante original.<\/span><\/p>","protected":false},"excerpt":{"rendered":"<p>Custom T5 600 07D Yokes Z21 Wholesale Steel Transmission Pto Cardan Drive Shafts The Custom T5 600 07D Yokes Z21 Wholesale Steel Transmission Pto Cardan Drive Shafts are made of high-quality materials and are perfect for various applications. With a new condition and a warranty of 1 year, these drive shafts are reliable and durable. [&hellip;]<\/p>","protected":false},"featured_media":5934,"template":"","meta":{"_et_pb_use_builder":"","_et_pb_old_content":"","_et_gb_content_width":""},"product_brand":[],"product_cat":[11315],"product_tag":[],"class_list":{"0":"post-6063","1":"product","2":"type-product","3":"status-publish","4":"has-post-thumbnail","6":"product_cat-pto-shaft","8":"first","9":"instock","10":"shipping-taxable","11":"product-type-simple"},"_links":{"self":[{"href":"https:\/\/agricultural-gear-boxes.com\/pt\/wp-json\/wp\/v2\/product\/6063","targetHints":{"allow":["GET"]}}],"collection":[{"href":"https:\/\/agricultural-gear-boxes.com\/pt\/wp-json\/wp\/v2\/product"}],"about":[{"href":"https:\/\/agricultural-gear-boxes.com\/pt\/wp-json\/wp\/v2\/types\/product"}],"wp:featuredmedia":[{"embeddable":true,"href":"https:\/\/agricultural-gear-boxes.com\/pt\/wp-json\/wp\/v2\/media\/5934"}],"wp:attachment":[{"href":"https:\/\/agricultural-gear-boxes.com\/pt\/wp-json\/wp\/v2\/media?parent=6063"}],"wp:term":[{"taxonomy":"product_brand","embeddable":true,"href":"https:\/\/agricultural-gear-boxes.com\/pt\/wp-json\/wp\/v2\/product_brand?post=6063"},{"taxonomy":"product_cat","embeddable":true,"href":"https:\/\/agricultural-gear-boxes.com\/pt\/wp-json\/wp\/v2\/product_cat?post=6063"},{"taxonomy":"product_tag","embeddable":true,"href":"https:\/\/agricultural-gear-boxes.com\/pt\/wp-json\/wp\/v2\/product_tag?post=6063"}],"curies":[{"name":"wp","href":"https:\/\/api.w.org\/{rel}","templated":true}]}}