{"id":6065,"date":"2024-10-30T06:27:00","date_gmt":"2024-10-30T06:27:00","guid":{"rendered":"https:\/\/agricultural-gear-boxes.com\/product\/u-joint-drive-shaft-t1-800mm-agricultural-machinery-pto-shaft-agricultural-tractor-01b-push-pin-yoke-with-yellow-wave-cover\/"},"modified":"2024-10-30T06:27:01","modified_gmt":"2024-10-30T06:27:01","slug":"u-joint-drive-shaft-t1-800mm-agricultural-machinery-pto-shaft-agricultural-tractor-01b-push-pin-yoke-with-yellow-wave-cover","status":"publish","type":"product","link":"https:\/\/agricultural-gear-boxes.com\/pt\/product\/u-joint-drive-shaft-t1-800mm-agricultural-machinery-pto-shaft-agricultural-tractor-01b-push-pin-yoke-with-yellow-wave-cover\/","title":{"rendered":"Eixo de transmiss\u00e3o de junta U T1 800mm M\u00e1quinas agr\u00edcolas Eixo PTO trator agr\u00edcola 01B Push Pin Yoke com tampa de onda amarela"},"content":{"rendered":"<h2> Eixo de tomada de for\u00e7a de m\u00e1quinas agr\u00edcolas T1 800mm para tratores<\/h2>\n<p>O eixo de tomada de for\u00e7a de m\u00e1quinas agr\u00edcolas T1 800 mm do trator agr\u00edcola 01B \u00e9 um eixo de transmiss\u00e3o em novas condi\u00e7\u00f5es que \u00e9 adequado para v\u00e1rios tipos de tratores e implementos agr\u00edcolas. Ele tem um tipo de garfo de pino de press\u00e3o duplo, com pinos de parafuso, pinos de divis\u00e3o, pino de press\u00e3o, libera\u00e7\u00e3o r\u00e1pida, fixa\u00e7\u00e3o de esfera, colar e outros tipos dispon\u00edveis. O processamento do garfo \u00e9 forjado, enquanto o tubo \u00e9 trefilado a frio. O escudo \u00e9 uma capa de onda preta e amarela, e os tubos s\u00e3o triangulares. A cor do produto \u00e9 amarela e tem garantia de 1 ano.<\/p>\n<p>Este tipo de eixo de tomada de for\u00e7a \u00e9 amplamente aplic\u00e1vel em v\u00e1rios setores, como hot\u00e9is, lojas de roupas, lojas de materiais de constru\u00e7\u00e3o, f\u00e1bricas, oficinas de conserto de m\u00e1quinas, f\u00e1bricas de alimentos e bebidas, fazendas, restaurantes, uso dom\u00e9stico, varejo, lojas de alimentos, gr\u00e1ficas, obras de constru\u00e7\u00e3o, energia e minera\u00e7\u00e3o, lojas de alimentos e bebidas e outros.<\/p>\n<p><img decoding=\"async\" src=\"https:\/\/images.hzpt.com\/2023\/06\/xe4ye4bO-PTO-Shaft-Common-Applications.webp\" alt=\"Aplica\u00e7\u00f5es comuns do eixo de tomada de for\u00e7a\" \/><\/p>\n<h3>Cen\u00e1rios de uso comum<\/h3>\n<p>O eixo T1 800mm Agricultural Machinery PTO \u00e9 frequentemente usado em tratores e implementos agr\u00edcolas, particularmente em aplica\u00e7\u00f5es que exigem transmiss\u00e3o de energia. \u00c9 comumente usado na ind\u00fastria agr\u00edcola para equipamentos como arados, cultivadores e cortadores de grama. Tamb\u00e9m pode ser usado em outras ind\u00fastrias onde a transmiss\u00e3o de energia \u00e9 necess\u00e1ria.<\/p>\n<h3>Vantagens<\/h3>\n<p>O eixo T1 800mm Agricultural Machinery PTO tem uma s\u00e9rie de vantagens. \u00c9 feito de materiais de alta qualidade e \u00e9 projetado para ser dur\u00e1vel e duradouro. Tamb\u00e9m \u00e9 f\u00e1cil de instalar e manter. \u00c9 uma maneira confi\u00e1vel e eficiente de transmitir energia entre m\u00e1quinas e equipamentos.<\/p>\n<h3>Materiais do produto<\/h3>\n<p>O eixo T1 800mm Agricultural Machinery PTO \u00e9 feito de materiais de alta qualidade. O jugo \u00e9 feito por forjamento, enquanto o tubo \u00e9 trefilado a frio. O escudo \u00e9 uma capa de onda preta e amarela, e os tubos s\u00e3o triangulares em forma.<\/p>\n<h3>Instala\u00e7\u00e3o, Manuten\u00e7\u00e3o e Reparo<\/h3>\n<p>The T1 800mm Agricultural Machinery PTO Shaft is easy to install, maintain, and repair. Regular maintenance is essential to keep the shaft in good working condition. It is important to follow the manufacturer&#8217;s instructions for installation, maintenance, and repair.<\/p>\n<h3>Outros produtos<\/h3>\n<p>Al\u00e9m de eixos de tomada de for\u00e7a, fornecemos v\u00e1rias engrenagens pl\u00e1sticas industriais, como caixas de engrenagens agr\u00edcolas, eixos de sa\u00edda de pot\u00eancia, rodas dentadas, acoplamentos hidr\u00e1ulicos, redutores de engrenagem sem-fim, cremalheiras de engrenagens, correntes remov\u00edveis, polias e polias, caixas de engrenagens planet\u00e1rias, polias de sincroniza\u00e7\u00e3o, buchas, etc. Oferecemos produtos de alta qualidade a pre\u00e7os preferenciais e fornecemos servi\u00e7os atenciosos. Damos as boas-vindas aos clientes para personalizar seus pedidos com fotos e amostras.<\/p>\n<p><img decoding=\"async\" src=\"https:\/\/images.ever-power.net\/2019\/07\/ep_ep_pto-shaft-4.webp\" alt=\"Eixo de tomada de for\u00e7a\" \/><\/p>\n<h2>Perguntas e Respostas<\/h2>\n<ol>\n<li>Qual \u00e9 o per\u00edodo de garantia do eixo de tomada de for\u00e7a para m\u00e1quinas agr\u00edcolas T1 de 800 mm?<\/li>\n<ul>\n<li>O per\u00edodo de garantia do eixo de tomada de for\u00e7a para m\u00e1quinas agr\u00edcolas T1 de 800 mm \u00e9 de 1 ano.<\/li>\n<\/ul>\n<li>Quais s\u00e3o os cen\u00e1rios de uso comuns para o eixo de tomada de for\u00e7a de m\u00e1quinas agr\u00edcolas T1 de 800 mm?<\/li>\n<ul>\n<li>O eixo T1 800mm Agricultural Machinery PTO \u00e9 frequentemente usado em tratores e implementos agr\u00edcolas, particularmente em aplica\u00e7\u00f5es que exigem transmiss\u00e3o de energia. \u00c9 comumente usado na ind\u00fastria agr\u00edcola para equipamentos como arados, cultivadores e cortadores de grama. Tamb\u00e9m pode ser usado em outras ind\u00fastrias onde a transmiss\u00e3o de energia \u00e9 necess\u00e1ria.<\/li>\n<\/ul>\n<li>De que materiais \u00e9 feito o eixo de tomada de for\u00e7a para m\u00e1quinas agr\u00edcolas T1 de 800 mm?<\/li>\n<ul>\n<li>O eixo T1 800mm Agricultural Machinery PTO \u00e9 feito de materiais de alta qualidade. O jugo \u00e9 feito por forjamento, enquanto o tubo \u00e9 trefilado a frio. O escudo \u00e9 uma capa de onda preta e amarela, e os tubos s\u00e3o triangulares em forma.<\/li>\n<\/ul>\n<li>Quais s\u00e3o as vantagens do eixo de tomada de for\u00e7a para m\u00e1quinas agr\u00edcolas T1 de 800 mm?<\/li>\n<ul>\n<li>O eixo T1 800mm Agricultural Machinery PTO \u00e9 feito de materiais de alta qualidade e \u00e9 projetado para ser dur\u00e1vel e duradouro. Tamb\u00e9m \u00e9 f\u00e1cil de instalar e manter. \u00c9 uma maneira confi\u00e1vel e eficiente de transmitir energia entre m\u00e1quinas e equipamentos.<\/li>\n<\/ul>\n<li>Quais outros produtos s\u00e3o oferecidos pela empresa?<\/li>\n<ul>\n<li>Al\u00e9m de eixos de tomada de for\u00e7a, a empresa fornece diversas engrenagens pl\u00e1sticas industriais, como caixas de engrenagens agr\u00edcolas, eixos de sa\u00edda de pot\u00eancia, rodas dentadas, acoplamentos hidr\u00e1ulicos, redutores de engrenagem sem-fim, cremalheiras, correntes remov\u00edveis, polias e polias, caixas de engrenagens planet\u00e1rias, polias de sincroniza\u00e7\u00e3o, buchas, etc.<\/li>\n<\/ul>\n<\/ol>\n<p style=\"color:red\">Aviso Legal: Todo o conte\u00fado da p\u00e1gina vem da Internet, e o conte\u00fado \u00e9 usado apenas como refer\u00eancia para sele\u00e7\u00e3o de produtos. Nossos produtos s\u00e3o acess\u00f3rios e n\u00e3o pe\u00e7as de reposi\u00e7\u00e3o originais; n\u00e3o somos detentores da marca registrada original do conte\u00fado. Nossos produtos s\u00e3o adequados apenas para acess\u00f3rios de reposi\u00e7\u00e3o e n\u00e3o para pe\u00e7as de reposi\u00e7\u00e3o originais. Nossos acess\u00f3rios podem se encaixar perfeitamente nas pe\u00e7as de reposi\u00e7\u00e3o originais; se voc\u00ea precisar comprar pe\u00e7as de reposi\u00e7\u00e3o originais, entre em contato com a f\u00e1brica original para comprar.<\/p>\n<p>Autor: lmc<\/p>","protected":false},"excerpt":{"rendered":"<p>T1 800mm Agricultural Machinery PTO Shaft for Tractors The T1 800mm Agricultural Machinery PTO Shaft agricultural tractor 01B is a new condition drive shaft that is suitable for various kinds of tractors and farm implements. It has a double push pin yoke type, with bolt pins, split pins, push pin, quick release, ball attachment, collar, [&hellip;]<\/p>","protected":false},"featured_media":5938,"template":"","meta":{"_et_pb_use_builder":"","_et_pb_old_content":"","_et_gb_content_width":""},"product_brand":[],"product_cat":[11315],"product_tag":[],"class_list":{"0":"post-6065","1":"product","2":"type-product","3":"status-publish","4":"has-post-thumbnail","6":"product_cat-pto-shaft","8":"first","9":"instock","10":"shipping-taxable","11":"product-type-simple"},"_links":{"self":[{"href":"https:\/\/agricultural-gear-boxes.com\/pt\/wp-json\/wp\/v2\/product\/6065","targetHints":{"allow":["GET"]}}],"collection":[{"href":"https:\/\/agricultural-gear-boxes.com\/pt\/wp-json\/wp\/v2\/product"}],"about":[{"href":"https:\/\/agricultural-gear-boxes.com\/pt\/wp-json\/wp\/v2\/types\/product"}],"wp:featuredmedia":[{"embeddable":true,"href":"https:\/\/agricultural-gear-boxes.com\/pt\/wp-json\/wp\/v2\/media\/5938"}],"wp:attachment":[{"href":"https:\/\/agricultural-gear-boxes.com\/pt\/wp-json\/wp\/v2\/media?parent=6065"}],"wp:term":[{"taxonomy":"product_brand","embeddable":true,"href":"https:\/\/agricultural-gear-boxes.com\/pt\/wp-json\/wp\/v2\/product_brand?post=6065"},{"taxonomy":"product_cat","embeddable":true,"href":"https:\/\/agricultural-gear-boxes.com\/pt\/wp-json\/wp\/v2\/product_cat?post=6065"},{"taxonomy":"product_tag","embeddable":true,"href":"https:\/\/agricultural-gear-boxes.com\/pt\/wp-json\/wp\/v2\/product_tag?post=6065"}],"curies":[{"name":"wp","href":"https:\/\/api.w.org\/{rel}","templated":true}]}}