{"id":6066,"date":"2024-10-30T06:27:03","date_gmt":"2024-10-30T06:27:03","guid":{"rendered":"https:\/\/agricultural-gear-boxes.com\/product\/t1-agricultural-tractors-universal-cross-joint-2254-agriculture-machinery-machine-parts-drive-pto-shaft-for-flail-mower-truck\/"},"modified":"2024-10-30T06:27:03","modified_gmt":"2024-10-30T06:27:03","slug":"t1-agricultural-tractors-universal-cross-joint-2254-agriculture-machinery-machine-parts-drive-pto-shaft-for-flail-mower-truck","status":"publish","type":"product","link":"https:\/\/agricultural-gear-boxes.com\/pt\/product\/t1-agricultural-tractors-universal-cross-joint-2254-agriculture-machinery-machine-parts-drive-pto-shaft-for-flail-mower-truck\/","title":{"rendered":"Tratores agr\u00edcolas T1 Universal Cross Joint 22*54 M\u00e1quinas agr\u00edcolas Pe\u00e7as de m\u00e1quinas Eixo de tomada de for\u00e7a para caminh\u00e3o cortador de mangual"},"content":{"rendered":"<h2> Tratores agr\u00edcolas T1 Universal Cross Joint 22*54 M\u00e1quinas agr\u00edcolas Pe\u00e7as de m\u00e1quinas Eixo de tomada de for\u00e7a de transmiss\u00e3o<\/h2>\n<p>O eixo de transmiss\u00e3o de pe\u00e7as de m\u00e1quinas agr\u00edcolas T1 Agricultural Tractors Universal Cross Joint 22*54 \u00e9 um eixo confi\u00e1vel e dur\u00e1vel, adequado para uso em uma ampla variedade de aplica\u00e7\u00f5es. O produto vem com garantia de 1 ano, \u00e9 novo e est\u00e1 em excelentes condi\u00e7\u00f5es.<\/p>\n<h3>Descri\u00e7\u00e3o do produto<\/h3>\n<p>The T1 Agricultural Tractors Universal Cross Joint is a shaft that is used for transmitting power in various agricultural applications. The product is designed with a cross kit of 22*54 and teeth are 1 3\/8&#8221; Z6. The yoke is processed by forge and the tube is cold-drawn. The shield is black yellow wave cover and tubes are triangular tubes. The yoke is push pin 01B and color is yellow. The product comes with a CE, ISO, and TS certificate.<\/p>\n<h3>Cen\u00e1rios de uso comum<\/h3>\n<p>The T1 Agricultural Tractors Universal Cross Joint is commonly used in hotels, garment shops, building material shops, manufacturing plants, machinery repair shops, food &#038; beverage factories, farms, restaurants, home use, retail, food shops, printing shops, construction works, energy &#038; mining, food &#038; beverage shops, and other industries. The product is used in a variety of machinery, including tractors and flail mowers. <\/p>\n<p><img decoding=\"async\" src=\"https:\/\/images.hzpt.com\/2023\/06\/xe4ye4bO-PTO-Shaft-Common-Applications.webp\" alt=\"Aplica\u00e7\u00f5es comuns do eixo de tomada de for\u00e7a\" \/><\/p>\n<h3>Vantagens<\/h3>\n<ul>\n<li>O produto \u00e9 dur\u00e1vel e confi\u00e1vel.<\/li>\n<li>Ele foi projetado para se adaptar a uma ampla variedade de m\u00e1quinas agr\u00edcolas.<\/li>\n<li>O eixo \u00e9 f\u00e1cil de instalar e manter.<\/li>\n<li>O produto vem com garantia de 1 ano.<\/li>\n<li>O produto possui certificado CE, ISO e TS.<\/li>\n<\/ul>\n<h3>Materiais de produtos dispon\u00edveis<\/h3>\n<p>A junta cruzada universal T1 Agricultural Tractors \u00e9 feita com materiais de alta qualidade, incluindo jugo forjado e tubos trefilados a frio. A blindagem \u00e9 uma capa ondulada preta amarela e os tubos s\u00e3o tubos triangulares. O jugo \u00e9 o pino de press\u00e3o 01B e a cor \u00e9 amarela. <\/p>\n<h3>Instala\u00e7\u00e3o, Manuten\u00e7\u00e3o e Reparo<\/h3>\n<p>A junta cruzada universal T1 Agricultural Tractors \u00e9 f\u00e1cil de instalar e manter. Recomenda-se manuten\u00e7\u00e3o regular para manter o produto em boas condi\u00e7\u00f5es. Se o produto precisar ser reparado, recomenda-se lev\u00e1-lo a um mec\u00e2nico profissional.<\/p>\n<h2>Outros produtos oferecidos pela Ever-Power Group Co., Ltd.<\/h2>\n<p>A Ever-Power Group Co., Ltd. oferece uma ampla gama de engrenagens pl\u00e1sticas industriais, incluindo caixas de engrenagens agr\u00edcolas, eixos de sa\u00edda de pot\u00eancia, rodas dentadas, acoplamentos hidr\u00e1ulicos, redutores de engrenagem sem-fim, cremalheiras, correntes remov\u00edveis, polias e polias, caixas de engrenagens planet\u00e1rias, polias de sincroniza\u00e7\u00e3o, buchas e muito mais. <\/p>\n<p><img decoding=\"async\" src=\"https:\/\/images.ever-power.net\/2019\/07\/ep_ep_pto-shaft-4.webp\" alt=\"Eixo de tomada de for\u00e7a EP EP\" \/><\/p>\n<h2>Perguntas e Respostas<\/h2>\n<ol>\n<li>Para que \u00e9 usada a junta transversal universal para tratores agr\u00edcolas T1?<\/li>\n<p>A junta transversal universal T1 para tratores agr\u00edcolas \u00e9 usada para transmitir pot\u00eancia em diversas aplica\u00e7\u00f5es agr\u00edcolas, incluindo tratores e cortadores de grama.<\/p>\n<li>De que materiais o produto \u00e9 feito?<\/li>\n<p>O produto \u00e9 feito com materiais de alta qualidade, incluindo jugo forjado e tubos trefilados a frio. O escudo \u00e9 uma capa de onda preta amarela e os tubos s\u00e3o tubos triangulares. O jugo \u00e9 o pino de press\u00e3o 01B e a cor \u00e9 amarela.<\/p>\n<li>Qual \u00e9 a garantia do produto?<\/li>\n<p>O produto vem com garantia de 1 ano.<\/p>\n<li>Para quais setores a junta transversal universal T1 Agricultural Tractors \u00e9 adequada?<\/li>\n<p>The product is suitable for use in a wide range of industries, including hotels, garment shops, building material shops, manufacturing plants, machinery repair shops, food &#038; beverage factories, farms, restaurants, home use, retail, food shops, printing shops, construction works, energy &#038; mining, food &#038; beverage shops, and other industries.<\/p>\n<li>Quais outros produtos a Ever-Power Group Co., Ltd. oferece?<\/li>\n<p>A Ever-Power Group Co., Ltd. oferece uma ampla gama de engrenagens pl\u00e1sticas industriais, incluindo caixas de engrenagens agr\u00edcolas, eixos de sa\u00edda de pot\u00eancia, rodas dentadas, acoplamentos hidr\u00e1ulicos, redutores de engrenagem sem-fim, cremalheiras, correntes remov\u00edveis, polias e polias, caixas de engrenagens planet\u00e1rias, polias de sincroniza\u00e7\u00e3o, buchas e muito mais.<\/p>\n<\/ol>\n<p><em><\/p>\n<p style=\"color: red;\">Aviso Legal: Todo o conte\u00fado desta p\u00e1gina \u00e9 da internet e se destina apenas como refer\u00eancia para sele\u00e7\u00e3o de produtos. Nossos produtos s\u00e3o acess\u00f3rios e n\u00e3o pe\u00e7as de reposi\u00e7\u00e3o originais; n\u00e3o somos detentores da marca registrada original do conte\u00fado. Nossos produtos s\u00e3o adequados apenas para acess\u00f3rios de reposi\u00e7\u00e3o e n\u00e3o para pe\u00e7as de reposi\u00e7\u00e3o originais. Nossos acess\u00f3rios podem se encaixar perfeitamente nas pe\u00e7as de reposi\u00e7\u00e3o originais; se voc\u00ea precisar comprar pe\u00e7as de reposi\u00e7\u00e3o originais, entre em contato com a f\u00e1brica original para comprar.<\/p>\n<p><\/em><\/p>\n<p>Autor: lmc<\/p>","protected":false},"excerpt":{"rendered":"<p>T1 Agricultural Tractors Universal Cross Joint 22*54 Agriculture Machinery Machine Parts Drive PTO Shaft The T1 Agricultural Tractors Universal Cross Joint 22*54 Agriculture Machinery Machine Parts Drive PTO Shaft is a reliable and durable shaft suitable for use in a wide variety of applications. The product comes with a 1-year warranty, and is brand new [&hellip;]<\/p>","protected":false},"featured_media":5940,"template":"","meta":{"_et_pb_use_builder":"","_et_pb_old_content":"","_et_gb_content_width":""},"product_brand":[],"product_cat":[11315],"product_tag":[],"class_list":{"0":"post-6066","1":"product","2":"type-product","3":"status-publish","4":"has-post-thumbnail","6":"product_cat-pto-shaft","8":"first","9":"instock","10":"shipping-taxable","11":"product-type-simple"},"_links":{"self":[{"href":"https:\/\/agricultural-gear-boxes.com\/pt\/wp-json\/wp\/v2\/product\/6066","targetHints":{"allow":["GET"]}}],"collection":[{"href":"https:\/\/agricultural-gear-boxes.com\/pt\/wp-json\/wp\/v2\/product"}],"about":[{"href":"https:\/\/agricultural-gear-boxes.com\/pt\/wp-json\/wp\/v2\/types\/product"}],"wp:featuredmedia":[{"embeddable":true,"href":"https:\/\/agricultural-gear-boxes.com\/pt\/wp-json\/wp\/v2\/media\/5940"}],"wp:attachment":[{"href":"https:\/\/agricultural-gear-boxes.com\/pt\/wp-json\/wp\/v2\/media?parent=6066"}],"wp:term":[{"taxonomy":"product_brand","embeddable":true,"href":"https:\/\/agricultural-gear-boxes.com\/pt\/wp-json\/wp\/v2\/product_brand?post=6066"},{"taxonomy":"product_cat","embeddable":true,"href":"https:\/\/agricultural-gear-boxes.com\/pt\/wp-json\/wp\/v2\/product_cat?post=6066"},{"taxonomy":"product_tag","embeddable":true,"href":"https:\/\/agricultural-gear-boxes.com\/pt\/wp-json\/wp\/v2\/product_tag?post=6066"}],"curies":[{"name":"wp","href":"https:\/\/api.w.org\/{rel}","templated":true}]}}