{"id":6067,"date":"2024-10-30T06:27:05","date_gmt":"2024-10-30T06:27:05","guid":{"rendered":"https:\/\/agricultural-gear-boxes.com\/product\/pto-shaft-u-joint-3594-hexagonal-tube-yoke-with-bolt-for-truck-parts-drive-shaft-weld\/"},"modified":"2024-10-30T06:27:05","modified_gmt":"2024-10-30T06:27:05","slug":"pto-shaft-u-joint-3594-hexagonal-tube-yoke-with-bolt-for-truck-parts-drive-shaft-weld","status":"publish","type":"product","link":"https:\/\/agricultural-gear-boxes.com\/pt\/product\/pto-shaft-u-joint-3594-hexagonal-tube-yoke-with-bolt-for-truck-parts-drive-shaft-weld\/","title":{"rendered":"Eixo PTO U Joint 35*94 Tubo Hexagonal Yoke com Parafuso para pe\u00e7as de caminh\u00e3o eixo de transmiss\u00e3o solda"},"content":{"rendered":"<h2>Eixo PTO U Joint 35*94 Tubo Hexagonal Yoke com Parafuso para pe\u00e7as de caminh\u00e3o<\/h2>\n<p>O PTO Shaft U Joint 35*94 Hexagonal Tube Yoke com parafuso \u00e9 uma pe\u00e7a de caminh\u00e3o em condi\u00e7\u00f5es novas que \u00e9 perfeita para aplica\u00e7\u00f5es de solda de eixo de transmiss\u00e3o. Ele vem com garantia de 1 ano e \u00e9 adequado para v\u00e1rios setores, como hot\u00e9is, lojas de roupas, f\u00e1bricas e muito mais. Com um peso de 5 kg, este produto foi projetado para fornecer alto desempenho e durabilidade.<\/p>\n<h3>Especifica\u00e7\u00f5es do produto:<\/h3>\n<ul>\n<li>Nome do produto: Eixo PTO U Joint 35*94 Tubo Hexagonal Yoke com Parafuso para pe\u00e7as de caminh\u00e3o<\/li>\n<li>Uso: Tratores e implementos agr\u00edcolas<\/li>\n<li>Tractor End: 1 3\/8&#8221; Z6 13B<\/li>\n<li>Processamento de Jugo: Forja<\/li>\n<li>Certificado: CE, ISO e TS<\/li>\n<li>Processamento de Tubo: Trefilado a Frio<\/li>\n<li>Tubos: Tubos Triangulares<\/li>\n<li>Cor: Preto<\/li>\n<li>Implementar Fim: 38 Jugo Hexagonal<\/li>\n<li>Kit Cruz: 35*94<\/li>\n<\/ul>\n<p>O PTO Shaft U Joint 35*94 Hexagonal Tube Yoke com parafuso \u00e9 projetado especificamente para uso em colheitadeiras e \u00e9 compat\u00edvel com v\u00e1rios tratores e implementos agr\u00edcolas. Sua constru\u00e7\u00e3o de alta qualidade e jugo forjado garantem desempenho e confiabilidade ideais. O tubo trefilado a frio e os tubos triangulares aumentam sua resist\u00eancia e durabilidade. Com uma cor preta elegante, este produto n\u00e3o s\u00f3 funciona bem, mas tamb\u00e9m tem uma apar\u00eancia esteticamente agrad\u00e1vel.<\/p>\n<p><img decoding=\"async\" src=\"https:\/\/images.hzpt.com\/2023\/06\/xe4ye4bO-PTO-Shaft-Common-Applications.webp\" alt=\"Aplica\u00e7\u00f5es comuns do eixo de tomada de for\u00e7a\"><\/p>\n<h3>Caracter\u00edsticas do produto:<\/h3>\n<ul>\n<li>Hist\u00f3rico: A junta universal do eixo da tomada de for\u00e7a tem uma longa hist\u00f3ria de uso bem-sucedido na ind\u00fastria agr\u00edcola.<\/li>\n<li>Classifica\u00e7\u00e3o: Este produto se enquadra na categoria de pe\u00e7as de eixo de transmiss\u00e3o e transmiss\u00e3o de pot\u00eancia.<\/li>\n<li>Vantagens: Oferece excelente transmiss\u00e3o de torque, capacidade de alta velocidade e efici\u00eancia superior.<\/li>\n<li>Materiais dispon\u00edveis: A junta universal do eixo da tomada de for\u00e7a est\u00e1 dispon\u00edvel em v\u00e1rios materiais para atender a diferentes requisitos.<\/li>\n<li>Instala\u00e7\u00e3o, manuten\u00e7\u00e3o e reparo: O produto \u00e9 f\u00e1cil de instalar, requer manuten\u00e7\u00e3o m\u00ednima e pode ser reparado com efici\u00eancia, se necess\u00e1rio.<\/li>\n<li>Replacement: When it comes to replacing the PTO Shaft U Joint, it is recommended to follow the manufacturer&#8217;s guidelines for a seamless replacement process.<\/li>\n<\/ul>\n<p><img decoding=\"async\" src=\"https:\/\/images.ever-power.net\/2019\/07\/ep_ep_pto-shaft-4.webp\" alt=\"Engrenagens Industriais de Pl\u00e1stico\"><\/p>\n<p>Al\u00e9m da junta universal do eixo PTO, nossa empresa oferece uma ampla gama de engrenagens pl\u00e1sticas industriais, incluindo caixas de engrenagens agr\u00edcolas, eixos de sa\u00edda de pot\u00eancia, rodas dentadas, acoplamentos hidr\u00e1ulicos, redutores de engrenagem sem-fim, cremalheiras, correntes remov\u00edveis, polias, caixas de engrenagens planet\u00e1rias, polias de sincroniza\u00e7\u00e3o e buchas. Temos orgulho em fornecer produtos de alta qualidade a pre\u00e7os competitivos, e nossa equipe dedicada est\u00e1 comprometida em oferecer um excelente atendimento ao cliente. Aceitamos personaliza\u00e7\u00f5es e convidamos os clientes a entrar em contato conosco com seus requisitos espec\u00edficos, apoiados por fotos e amostras.<\/p>\n<h3>Perguntas frequentes:<\/h3>\n<ol>\n<li>Pergunta: Qual \u00e9 o per\u00edodo de garantia da junta universal do eixo da tomada de for\u00e7a?<\/li>\n<p>Resposta: A junta universal do eixo da tomada de for\u00e7a vem com garantia de 1 ano.<\/p>\n<li>Pergunta: Quais s\u00e3o os setores aplic\u00e1veis a este produto?<\/li>\n<p>Resposta: A junta universal do eixo da tomada de for\u00e7a \u00e9 adequada para hot\u00e9is, lojas de roupas, f\u00e1bricas, oficinas de reparo de m\u00e1quinas e muito mais.<\/p>\n<li>Pergunta: A junta universal do eixo da tomada de for\u00e7a \u00e9 f\u00e1cil de instalar?<\/li>\n<p>Resposta: Sim, o produto foi projetado para f\u00e1cil instala\u00e7\u00e3o.<\/p>\n<li>Pergunta: A junta universal do eixo da tomada de for\u00e7a pode ser usada com diferentes tratores e implementos agr\u00edcolas?<\/li>\n<p>Resposta: Sim, o produto \u00e9 compat\u00edvel com v\u00e1rios tratores e implementos agr\u00edcolas.<\/p>\n<li>Pergunta: A junta universal do eixo da tomada de for\u00e7a requer manuten\u00e7\u00e3o regular?<\/li>\n<p>Resposta: O produto requer manuten\u00e7\u00e3o m\u00ednima, mas deve ser inspecionado periodicamente para garantir o desempenho ideal.<\/p>\n<\/ol>\n<p><em>Autor: lmc<\/em><\/p>\n<p><strong><font color=\"red\">Isen\u00e7\u00e3o de responsabilidade: <\/font><\/strong>Todo o conte\u00fado desta p\u00e1gina \u00e9 proveniente da internet e \u00e9 fornecido apenas para fins de refer\u00eancia. Nossos produtos s\u00e3o acess\u00f3rios e n\u00e3o pe\u00e7as de reposi\u00e7\u00e3o originais. N\u00e3o somos detentores da marca registrada original. Embora nossos acess\u00f3rios possam se encaixar perfeitamente nas pe\u00e7as de reposi\u00e7\u00e3o originais, se voc\u00ea precisar de pe\u00e7as de reposi\u00e7\u00e3o originais, entre em contato com a f\u00e1brica original.<\/p>","protected":false},"excerpt":{"rendered":"<p>PTO Shaft U Joint 35*94 Hexagonal Tube Yoke with Bolt for truck parts The PTO Shaft U Joint 35*94 Hexagonal Tube Yoke with Bolt is a new condition truck part that is perfect for drive shaft weld applications. It comes with a 1-year warranty and is suitable for various industries such as hotels, garment shops, [&hellip;]<\/p>","protected":false},"featured_media":5942,"template":"","meta":{"_et_pb_use_builder":"","_et_pb_old_content":"","_et_gb_content_width":""},"product_brand":[],"product_cat":[11315],"product_tag":[],"class_list":{"0":"post-6067","1":"product","2":"type-product","3":"status-publish","4":"has-post-thumbnail","6":"product_cat-pto-shaft","8":"first","9":"instock","10":"shipping-taxable","11":"product-type-simple"},"_links":{"self":[{"href":"https:\/\/agricultural-gear-boxes.com\/pt\/wp-json\/wp\/v2\/product\/6067","targetHints":{"allow":["GET"]}}],"collection":[{"href":"https:\/\/agricultural-gear-boxes.com\/pt\/wp-json\/wp\/v2\/product"}],"about":[{"href":"https:\/\/agricultural-gear-boxes.com\/pt\/wp-json\/wp\/v2\/types\/product"}],"wp:featuredmedia":[{"embeddable":true,"href":"https:\/\/agricultural-gear-boxes.com\/pt\/wp-json\/wp\/v2\/media\/5942"}],"wp:attachment":[{"href":"https:\/\/agricultural-gear-boxes.com\/pt\/wp-json\/wp\/v2\/media?parent=6067"}],"wp:term":[{"taxonomy":"product_brand","embeddable":true,"href":"https:\/\/agricultural-gear-boxes.com\/pt\/wp-json\/wp\/v2\/product_brand?post=6067"},{"taxonomy":"product_cat","embeddable":true,"href":"https:\/\/agricultural-gear-boxes.com\/pt\/wp-json\/wp\/v2\/product_cat?post=6067"},{"taxonomy":"product_tag","embeddable":true,"href":"https:\/\/agricultural-gear-boxes.com\/pt\/wp-json\/wp\/v2\/product_tag?post=6067"}],"curies":[{"name":"wp","href":"https:\/\/api.w.org\/{rel}","templated":true}]}}