{"id":6080,"date":"2024-10-30T06:27:35","date_gmt":"2024-10-30T06:27:35","guid":{"rendered":"https:\/\/agricultural-gear-boxes.com\/product\/lawn-mower-50hp-tractor-pto-shaft-05b-900-with-black-cover\/"},"modified":"2024-10-30T06:27:35","modified_gmt":"2024-10-30T06:27:35","slug":"lawn-mower-50hp-tractor-pto-shaft-05b-900-with-black-cover","status":"publish","type":"product","link":"https:\/\/agricultural-gear-boxes.com\/pt\/product\/lawn-mower-50hp-tractor-pto-shaft-05b-900-with-black-cover\/","title":{"rendered":"Cortador de grama 50hp Trator Eixo de tomada de for\u00e7a 05B 900 com capa preta"},"content":{"rendered":"<h2>Eixo de tomada de for\u00e7a para tratores e implementos agr\u00edcolas<\/h2>\n<p>O PTO Shaft para tratores e implementos agr\u00edcolas \u00e9 uma solu\u00e7\u00e3o de transmiss\u00e3o de energia dur\u00e1vel e confi\u00e1vel para m\u00e1quinas agr\u00edcolas e agr\u00edcolas. Ele \u00e9 projetado para transferir energia de um trator para um implemento acoplado, como um cortador de grama ou um cultivador.<\/p>\n<h3>Cen\u00e1rios de uso comum<\/h3>\n<p>O eixo de tomada de for\u00e7a para tratores e implementos agr\u00edcolas \u00e9 comumente usado em hot\u00e9is, lojas de roupas, lojas de materiais de constru\u00e7\u00e3o, f\u00e1bricas, oficinas de conserto de m\u00e1quinas, f\u00e1bricas de alimentos e bebidas, fazendas, restaurantes, resid\u00eancias, lojas de varejo, lojas de alimentos, gr\u00e1ficas, obras de constru\u00e7\u00e3o, energia e minera\u00e7\u00e3o e outras ind\u00fastrias.<\/p>\n<p><img decoding=\"async\" src=\"https:\/\/images.hzpt.com\/2023\/06\/xe4ye4bO-PTO-Shaft-Common-Applications.webp\" alt=\"Aplica\u00e7\u00f5es comuns do eixo de tomada de for\u00e7a\"\/><\/p>\n<h3>Vantagens<\/h3>\n<ul>\n<li>Materiais de alta qualidade para durabilidade e resist\u00eancia<\/li>\n<li>Compat\u00edvel com uma variedade de tratores e implementos agr\u00edcolas<\/li>\n<li>F\u00e1cil de instalar e manter<\/li>\n<li>Certificados CE, ISO e TS para garantia de qualidade<\/li>\n<\/ul>\n<h3>Materiais do produto<\/h3>\n<p>O eixo PTO para tratores e implementos agr\u00edcolas est\u00e1 dispon\u00edvel em v\u00e1rios materiais, incluindo lim\u00e3o, triangular, estrela, quadrado, hexagonal, spline e outros formatos especiais. O jugo \u00e9 forjado e o tubo \u00e9 trefilado a frio para maior resist\u00eancia e durabilidade.<\/p>\n<h3>Instala\u00e7\u00e3o, Manuten\u00e7\u00e3o e Reparo<\/h3>\n<p>O eixo PTO para tratores e implementos agr\u00edcolas \u00e9 f\u00e1cil de instalar e manter. \u00c9 importante inspecionar regularmente o eixo para detectar quaisquer sinais de desgaste e substituir quaisquer pe\u00e7as danificadas conforme necess\u00e1rio. A manuten\u00e7\u00e3o adequada do eixo PTO pode ajudar a estender sua vida \u00fatil e garantir o desempenho ideal.<\/p>\n<p>Se for necess\u00e1rio reparo, \u00e9 recomendado procurar a assist\u00eancia de um profissional para garantir que os reparos adequados sejam feitos. O eixo PTO deve ser substitu\u00eddo se estiver severamente danificado ou mostrar sinais de desgaste que n\u00e3o possam ser reparados.<\/p>\n<h3>Outros produtos<\/h3>\n<p>Al\u00e9m do eixo PTO para tratores e implementos agr\u00edcolas, tamb\u00e9m oferecemos uma ampla gama de engrenagens pl\u00e1sticas industriais, como caixas de engrenagens agr\u00edcolas, eixos de sa\u00edda de pot\u00eancia, rodas dentadas, acoplamentos hidr\u00e1ulicos, redutores de engrenagem sem-fim, cremalheiras, correntes remov\u00edveis, polias e polias, caixas de engrenagens planet\u00e1rias, polias de sincroniza\u00e7\u00e3o, buchas e muito mais. Temos orgulho de oferecer produtos de alta qualidade a pre\u00e7os competitivos e fornecer um atendimento excepcional ao cliente.<\/p>\n<p><img decoding=\"async\" src=\"https:\/\/images.ever-power.net\/2019\/07\/ep_ep_pto-shaft-4.webp\" alt=\"Eixo de tomada de for\u00e7a\"\/><\/p>\n<h2>Perguntas e Respostas<\/h2>\n<h3>1. O que \u00e9 um eixo de tomada de for\u00e7a?<\/h3>\n<p>Um eixo de tomada de for\u00e7a \u00e9 uma solu\u00e7\u00e3o de transmiss\u00e3o de pot\u00eancia projetada para transferir pot\u00eancia de um trator para um implemento acoplado, como um cortador de grama ou um cultivador.<\/p>\n<h3>2. Quais ind\u00fastrias normalmente usam o eixo de tomada de for\u00e7a?<\/h3>\n<p>O eixo da tomada de for\u00e7a \u00e9 comumente usado em uma variedade de setores, incluindo hot\u00e9is, lojas de roupas, lojas de materiais de constru\u00e7\u00e3o, f\u00e1bricas, oficinas de conserto de m\u00e1quinas, f\u00e1bricas de alimentos e bebidas, fazendas, restaurantes, resid\u00eancias, lojas de varejo, lojas de alimentos, gr\u00e1ficas, obras de constru\u00e7\u00e3o, energia e minera\u00e7\u00e3o e outros setores.<\/p>\n<h3>3. Quais s\u00e3o as vantagens do eixo de tomada de for\u00e7a?<\/h3>\n<p>O eixo da tomada de for\u00e7a oferece materiais de alta qualidade para durabilidade e resist\u00eancia, compatibilidade com uma variedade de tratores e implementos agr\u00edcolas, facilidade de instala\u00e7\u00e3o e manuten\u00e7\u00e3o e certifica\u00e7\u00e3o CE, ISO e TS para garantia de qualidade.<\/p>\n<h3>4. Como fa\u00e7o a manuten\u00e7\u00e3o do eixo da tomada de for\u00e7a?<\/h3>\n<p>\u00c9 importante inspecionar regularmente o eixo da tomada de for\u00e7a para detectar quaisquer sinais de desgaste e substituir quaisquer pe\u00e7as danificadas conforme necess\u00e1rio. A manuten\u00e7\u00e3o adequada do eixo da tomada de for\u00e7a pode ajudar a estender sua vida \u00fatil e garantir o desempenho ideal.<\/p>\n<h3>5. Quais outros produtos a empresa oferece?<\/h3>\n<p>Al\u00e9m do eixo de tomada de for\u00e7a para tratores e implementos agr\u00edcolas, a empresa oferece uma ampla gama de engrenagens pl\u00e1sticas industriais, como caixas de engrenagens agr\u00edcolas, eixos de sa\u00edda de pot\u00eancia, rodas dentadas, acoplamentos hidr\u00e1ulicos, redutores de engrenagem sem-fim, cremalheiras, correntes remov\u00edveis, polias e polias, caixas de engrenagens planet\u00e1rias, polias de distribui\u00e7\u00e3o, buchas e muito mais.<\/p>\n<p style=\"color:red;\">Aviso Legal: Todo o conte\u00fado desta p\u00e1gina \u00e9 apenas para refer\u00eancia. Nossos produtos s\u00e3o acess\u00f3rios e n\u00e3o pe\u00e7as de reposi\u00e7\u00e3o originais, e n\u00e3o somos detentores da marca registrada original do conte\u00fado. Nossos acess\u00f3rios podem se encaixar perfeitamente nas pe\u00e7as de reposi\u00e7\u00e3o originais; se voc\u00ea precisar comprar pe\u00e7as de reposi\u00e7\u00e3o originais, entre em contato com a f\u00e1brica original para comprar.<\/p>\n<p>Autor: lmc<\/p>","protected":false},"excerpt":{"rendered":"<p>PTO Shaft for Tractors and Farm Implements The PTO Shaft for Tractors and Farm Implements is a durable and reliable power transmission solution for farming and agricultural machinery. It is designed to transfer power from a tractor to an attached implement, such as a mower or a tiller. Common Usage Scenarios The PTO Shaft for [&hellip;]<\/p>","protected":false},"featured_media":5968,"template":"","meta":{"_et_pb_use_builder":"","_et_pb_old_content":"","_et_gb_content_width":""},"product_brand":[],"product_cat":[11315],"product_tag":[],"class_list":{"0":"post-6080","1":"product","2":"type-product","3":"status-publish","4":"has-post-thumbnail","6":"product_cat-pto-shaft","8":"first","9":"instock","10":"shipping-taxable","11":"product-type-simple"},"_links":{"self":[{"href":"https:\/\/agricultural-gear-boxes.com\/pt\/wp-json\/wp\/v2\/product\/6080","targetHints":{"allow":["GET"]}}],"collection":[{"href":"https:\/\/agricultural-gear-boxes.com\/pt\/wp-json\/wp\/v2\/product"}],"about":[{"href":"https:\/\/agricultural-gear-boxes.com\/pt\/wp-json\/wp\/v2\/types\/product"}],"wp:featuredmedia":[{"embeddable":true,"href":"https:\/\/agricultural-gear-boxes.com\/pt\/wp-json\/wp\/v2\/media\/5968"}],"wp:attachment":[{"href":"https:\/\/agricultural-gear-boxes.com\/pt\/wp-json\/wp\/v2\/media?parent=6080"}],"wp:term":[{"taxonomy":"product_brand","embeddable":true,"href":"https:\/\/agricultural-gear-boxes.com\/pt\/wp-json\/wp\/v2\/product_brand?post=6080"},{"taxonomy":"product_cat","embeddable":true,"href":"https:\/\/agricultural-gear-boxes.com\/pt\/wp-json\/wp\/v2\/product_cat?post=6080"},{"taxonomy":"product_tag","embeddable":true,"href":"https:\/\/agricultural-gear-boxes.com\/pt\/wp-json\/wp\/v2\/product_tag?post=6080"}],"curies":[{"name":"wp","href":"https:\/\/api.w.org\/{rel}","templated":true}]}}