{"id":6083,"date":"2024-10-30T06:27:43","date_gmt":"2024-10-30T06:27:43","guid":{"rendered":"https:\/\/agricultural-gear-boxes.com\/product\/t3-600-01b01b-agricultural-kubota-tractor-parts-driveline-steering-splines-yoke-tube-steel-cardan-drive-pto-shafts\/"},"modified":"2024-10-30T06:27:43","modified_gmt":"2024-10-30T06:27:43","slug":"t3-600-01b01b-agricultural-kubota-tractor-parts-driveline-steering-splines-yoke-tube-steel-cardan-drive-pto-shafts","status":"publish","type":"product","link":"https:\/\/agricultural-gear-boxes.com\/pt\/product\/t3-600-01b01b-agricultural-kubota-tractor-parts-driveline-steering-splines-yoke-tube-steel-cardan-drive-pto-shafts\/","title":{"rendered":"T3 600 01B01B Pe\u00e7as para trator agr\u00edcola Kubota Transmiss\u00e3o Dire\u00e7\u00e3o Splines Tubo de jugo Cardan de a\u00e7o Eixos de tomada de for\u00e7a"},"content":{"rendered":"<h2>Eixo de tomada de for\u00e7a para pe\u00e7as de trator agr\u00edcola Kubota<\/h2>\n<p>O eixo PTO (Power Take-Off) \u00e9 um eixo de transmiss\u00e3o que transfere pot\u00eancia do trator para um implemento acoplado. \u00c9 um componente essencial de qualquer equipamento acionado por trator e \u00e9 comumente usado em v\u00e1rios setores, incluindo agricultura, constru\u00e7\u00e3o e minera\u00e7\u00e3o. O T3 600 01B01B Pe\u00e7as de trator agr\u00edcola Kubota Transmiss\u00e3o Dire\u00e7\u00e3o Splines Yoke tube A\u00e7o Cardan Drive Pto Shafts \u00e9 um produto dur\u00e1vel e de alta qualidade que pode suportar os rigores do uso pesado e fornecer transmiss\u00e3o de pot\u00eancia confi\u00e1vel.<\/p>\n<h3>Cen\u00e1rios de uso<\/h3>\n<p>O eixo PTO \u00e9 comumente usado em v\u00e1rias aplica\u00e7\u00f5es agr\u00edcolas, como cortadores de grama, enfardadeiras e cultivadores. Ele tamb\u00e9m \u00e9 usado em equipamentos de constru\u00e7\u00e3o, como betoneiras e brocas. Al\u00e9m disso, \u00e9 usado em equipamentos de minera\u00e7\u00e3o, como britadores de rochas e m\u00e1quinas de perfura\u00e7\u00e3o. As pe\u00e7as de trator agr\u00edcola Kubota T3 600 01B01B s\u00e3o adequadas para tratores e implementos agr\u00edcolas.<\/p>\n<p><img decoding=\"async\" src=\"https:\/\/images.hzpt.com\/2023\/06\/xe4ye4bO-PTO-Shaft-Common-Applications.webp\" alt=\"Aplica\u00e7\u00f5es comuns do eixo de tomada de for\u00e7a\"><\/p>\n<h3>Vantagens<\/h3>\n<ul>\n<li>Materiais de alta qualidade<\/li>\n<li>Certificado CE, ISO e TS<\/li>\n<li>Transmiss\u00e3o de energia confi\u00e1vel<\/li>\n<li>Dur\u00e1vel e duradouro<\/li>\n<li>F\u00e1cil de instalar, manter e reparar<\/li>\n<\/ul>\n<h3>Classifica\u00e7\u00e3o<\/h3>\n<p>The T3 600 01B01B Agricultural Kubota Tractor Parts are a type of PTO Shaft that uses 1 3\/8&#8221; Z6 teeth and has a 27*70 cross kit. The yoke is a 01B push pin yoke, and the tube is a triangular tube that is cold-drawn. The processing of the yoke is forging, and the certificate includes CE, ISO, and TS.<\/p>\n<h3>Materiais de produtos dispon\u00edveis<\/h3>\n<p>O eixo PTO \u00e9 normalmente feito de materiais de alta qualidade, como a\u00e7o ou alum\u00ednio. As pe\u00e7as do trator agr\u00edcola Kubota T3 600 01B01B s\u00e3o feitas de a\u00e7o, que \u00e9 conhecido por sua durabilidade e resist\u00eancia.<\/p>\n<h3>Instala\u00e7\u00e3o, Manuten\u00e7\u00e3o e Reparo<\/h3>\n<p>The PTO Shaft requires proper installation, maintenance, and repair to ensure optimal performance and longevity. It is important to follow the manufacturer&#8217;s instructions and guidelines when installing the PTO Shaft. Regular maintenance, such as lubrication and inspection, can help prevent damage and prolong the life of the PTO Shaft. In the event of damage or malfunction, it is important to have the PTO Shaft professionally repaired or replaced.<\/p>\n<h2>Outras engrenagens e componentes pl\u00e1sticos industriais<\/h2>\n<p>Al\u00e9m do eixo de tomada de for\u00e7a, tamb\u00e9m oferecemos uma ampla gama de engrenagens pl\u00e1sticas industriais, incluindo caixas de engrenagens agr\u00edcolas, eixos de sa\u00edda de pot\u00eancia, rodas dentadas, acoplamentos hidr\u00e1ulicos, redutores de engrenagem sem-fim, cremalheiras, correntes remov\u00edveis, polias e polias, caixas de engrenagens planet\u00e1rias, polias de sincroniza\u00e7\u00e3o, buchas, etc.<\/p>\n<p>N\u00f3s nos esfor\u00e7amos para fornecer produtos de alta qualidade, pre\u00e7os preferenciais e servi\u00e7os atenciosos aos nossos clientes. Damos boas-vindas aos clientes para personalizar produtos com fotos e amostras para atender \u00e0s suas necessidades e especifica\u00e7\u00f5es exclusivas.<\/p>\n<p><img decoding=\"async\" src=\"https:\/\/images.ever-power.net\/2019\/07\/ep_ep_pto-shaft-4.webp\" alt=\"Eixo de tomada de for\u00e7a\"><\/p>\n<h2>Perguntas e Respostas<\/h2>\n<h3>P1: O que \u00e9 um eixo de tomada de for\u00e7a?<\/h3>\n<p>A1: Um eixo de tomada de for\u00e7a (TDF) \u00e9 um eixo de transmiss\u00e3o que transfere pot\u00eancia do trator para um implemento acoplado.<\/p>\n<h3>P2: Quais s\u00e3o os cen\u00e1rios de uso comuns para um eixo de tomada de for\u00e7a?<\/h3>\n<p>A2: O eixo PTO \u00e9 comumente usado em v\u00e1rias aplica\u00e7\u00f5es agr\u00edcolas, como cortadores de grama, enfardadeiras e cultivadores. Ele tamb\u00e9m \u00e9 usado em equipamentos de constru\u00e7\u00e3o, como betoneiras e brocas. Al\u00e9m disso, ele \u00e9 usado em equipamentos de minera\u00e7\u00e3o, como britadores de rochas e m\u00e1quinas de perfura\u00e7\u00e3o.<\/p>\n<h3>Q3: Quais s\u00e3o as vantagens das pe\u00e7as do trator agr\u00edcola Kubota T3 600 01B01B?<\/h3>\n<p>A3: As pe\u00e7as do trator agr\u00edcola Kubota T3 600 01B01B s\u00e3o feitas de materiais de alta qualidade, com certifica\u00e7\u00e3o CE, ISO e TS, fornecem transmiss\u00e3o de energia confi\u00e1vel, s\u00e3o dur\u00e1veis e duradouras e f\u00e1ceis de instalar, manter e reparar.<\/p>\n<h3>Q4: Quais materiais s\u00e3o comumente usados para fazer eixos de tomada de for\u00e7a?<\/h3>\n<p>A4: Os eixos de tomada de for\u00e7a s\u00e3o geralmente feitos de materiais de alta qualidade, como a\u00e7o ou alum\u00ednio.<\/p>\n<h3>P5: Como devo instalar, manter e reparar meu eixo de tomada de for\u00e7a?<\/h3>\n<p>A5: It is important to follow the manufacturer&#8217;s instructions and guidelines when installing the PTO Shaft. Regular maintenance, such as lubrication and inspection, can help prevent damage and prolong the life of the PTO Shaft. In the event of damage or malfunction, it is important to have the PTO Shaft professionally repaired or replaced.<\/p>\n<p style=\"color:red;\">Aviso Legal: Todo o conte\u00fado desta p\u00e1gina \u00e9 apenas para refer\u00eancia. Nossos produtos s\u00e3o acess\u00f3rios e n\u00e3o pe\u00e7as de reposi\u00e7\u00e3o originais; n\u00e3o somos detentores da marca registrada original do conte\u00fado. Nossos produtos s\u00e3o adequados apenas para acess\u00f3rios de reposi\u00e7\u00e3o e n\u00e3o para pe\u00e7as de reposi\u00e7\u00e3o originais. Nossos acess\u00f3rios podem se encaixar perfeitamente nas pe\u00e7as de reposi\u00e7\u00e3o originais; se voc\u00ea precisar comprar pe\u00e7as de reposi\u00e7\u00e3o originais, entre em contato com a f\u00e1brica original para comprar.<\/p>\n<p>Autor: lmc<\/p>","protected":false},"excerpt":{"rendered":"<p>PTO Shaft for Agricultural Kubota Tractor Parts The PTO (Power Take-Off) Shaft is a driveshaft that transfers power from the tractor to an attached implement. It is an essential component of any tractor-driven equipment and is commonly used in various industries, including agriculture, construction, and mining. The T3 600 01B01B Agricultural Kubota Tractor Parts Driveline [&hellip;]<\/p>","protected":false},"featured_media":5974,"template":"","meta":{"_et_pb_use_builder":"","_et_pb_old_content":"","_et_gb_content_width":""},"product_brand":[],"product_cat":[11315],"product_tag":[],"class_list":{"0":"post-6083","1":"product","2":"type-product","3":"status-publish","4":"has-post-thumbnail","6":"product_cat-pto-shaft","8":"first","9":"instock","10":"shipping-taxable","11":"product-type-simple"},"_links":{"self":[{"href":"https:\/\/agricultural-gear-boxes.com\/pt\/wp-json\/wp\/v2\/product\/6083","targetHints":{"allow":["GET"]}}],"collection":[{"href":"https:\/\/agricultural-gear-boxes.com\/pt\/wp-json\/wp\/v2\/product"}],"about":[{"href":"https:\/\/agricultural-gear-boxes.com\/pt\/wp-json\/wp\/v2\/types\/product"}],"wp:featuredmedia":[{"embeddable":true,"href":"https:\/\/agricultural-gear-boxes.com\/pt\/wp-json\/wp\/v2\/media\/5974"}],"wp:attachment":[{"href":"https:\/\/agricultural-gear-boxes.com\/pt\/wp-json\/wp\/v2\/media?parent=6083"}],"wp:term":[{"taxonomy":"product_brand","embeddable":true,"href":"https:\/\/agricultural-gear-boxes.com\/pt\/wp-json\/wp\/v2\/product_brand?post=6083"},{"taxonomy":"product_cat","embeddable":true,"href":"https:\/\/agricultural-gear-boxes.com\/pt\/wp-json\/wp\/v2\/product_cat?post=6083"},{"taxonomy":"product_tag","embeddable":true,"href":"https:\/\/agricultural-gear-boxes.com\/pt\/wp-json\/wp\/v2\/product_tag?post=6083"}],"curies":[{"name":"wp","href":"https:\/\/api.w.org\/{rel}","templated":true}]}}