{"id":6085,"date":"2024-10-30T06:27:48","date_gmt":"2024-10-30T06:27:48","guid":{"rendered":"https:\/\/agricultural-gear-boxes.com\/product\/rotary-tillers-pto-shafts-flange-weld-yoke-triangular-steel-pipe-pto-shaft\/"},"modified":"2024-10-30T06:27:48","modified_gmt":"2024-10-30T06:27:48","slug":"rotary-tillers-pto-shafts-flange-weld-yoke-triangular-steel-pipe-pto-shaft","status":"publish","type":"product","link":"https:\/\/agricultural-gear-boxes.com\/pt\/product\/rotary-tillers-pto-shafts-flange-weld-yoke-triangular-steel-pipe-pto-shaft\/","title":{"rendered":"eixos de tomada de for\u00e7a de escarificadores rotativos flange solda jugo tubo de a\u00e7o triangular eixo de tomada de for\u00e7a"},"content":{"rendered":"<h2>Eixo de tomada de for\u00e7a de escarificadores rotativos: um guia completo<\/h2>\n<p>O eixo de tomada de for\u00e7a do cultivador rotativo flange solda jugo tubo de a\u00e7o triangular eixo de tomada de for\u00e7a \u00e9 um produto de alta qualidade projetado para uso em v\u00e1rios setores, como hot\u00e9is, lojas de vestu\u00e1rio, lojas de materiais de constru\u00e7\u00e3o, f\u00e1bricas, oficinas de reparo de m\u00e1quinas, f\u00e1bricas de alimentos e bebidas, fazendas, restaurantes, uso dom\u00e9stico, varejo, lojas de alimentos, gr\u00e1ficas, obras de constru\u00e7\u00e3o, energia e minera\u00e7\u00e3o, lojas de alimentos e bebidas e outros campos relacionados. Este produto vers\u00e1til \u00e9 ideal para uso com tratores e implementos agr\u00edcolas, tornando-o uma ferramenta essencial para muitas aplica\u00e7\u00f5es agr\u00edcolas.<\/p>\n<p><img decoding=\"async\" src=\"https:\/\/images.hzpt.com\/2023\/06\/xe4ye4bO-PTO-Shaft-Common-Applications.webp\" alt=\"Imagem do eixo de tomada de for\u00e7a de escarificadores rotativos\"><\/p>\n<h3>Hist\u00f3rico do produto<\/h3>\n<p>O eixo PTO dos cultivadores rotativos est\u00e1 em uso h\u00e1 muitos anos e passou por melhorias significativas ao longo do tempo para torn\u00e1-lo mais eficiente e dur\u00e1vel. O design atual apresenta um eixo PTO de tubo de a\u00e7o triangular com flange soldada, que \u00e9 forjado e trefilado a frio para garantir o m\u00e1ximo desempenho e confiabilidade.<\/p>\n<h3>Classifica\u00e7\u00e3o do produto<\/h3>\n<p>O eixo PTO dos cultivadores rotativos pode ser classificado de acordo com seus dentes, processamento de jugo, processamento de tubo, kit cruzado, tubos, jugo e cor. O produto tamb\u00e9m vem com uma gama completa de kit cruzado e tubos personalizados para atender a diferentes requisitos do cliente. <\/p>\n<h3>Vantagens do produto<\/h3>\n<ul>\n<li>Material de alta qualidade<\/li>\n<li>Excelente desempenho<\/li>\n<li>Dur\u00e1vel e confi\u00e1vel<\/li>\n<li>F\u00e1cil de instalar, manter e reparar<\/li>\n<li>Gama completa de kits de cross e tubos personalizados<\/li>\n<\/ul>\n<h3>Materiais de produtos dispon\u00edveis<\/h3>\n<p>O eixo PTO dos cultivadores rotativos \u00e9 feito de materiais de alta qualidade, como a\u00e7o, o que garante m\u00e1xima durabilidade e confiabilidade. O produto tamb\u00e9m est\u00e1 dispon\u00edvel em v\u00e1rias cores para atender \u00e0s diferentes prefer\u00eancias do cliente.<\/p>\n<h3>Como instalar, manter e reparar o produto?<\/h3>\n<p>The rotary tillers PTO shaft is easy to install, maintain, and repair. It is advisable to follow the manufacturer&#8217;s instructions when installing the product to ensure maximum performance and reliability. The product should be regularly maintained to keep it in good working condition. When repairing the product, it is important to use genuine spare parts to ensure that the product retains its original performance and reliability.<\/p>\n<h3>Como substituir o produto?<\/h3>\n<p>Ao substituir o eixo PTO dos cultivadores rotativos, \u00e9 importante garantir que o novo produto seja compat\u00edvel com o sistema existente. Tamb\u00e9m \u00e9 aconselh\u00e1vel consultar o fabricante para obter orienta\u00e7\u00e3o sobre como substituir o produto para garantir que isso seja feito corretamente. <\/p>\n<h2>Outros produtos da nossa empresa<\/h2>\n<p>Em nossa empresa, somos especializados no fornecimento de v\u00e1rias engrenagens pl\u00e1sticas industriais, como caixas de engrenagens agr\u00edcolas, eixos de sa\u00edda de pot\u00eancia, rodas dentadas, acoplamentos hidr\u00e1ulicos, redutores de engrenagem sem-fim, cremalheiras de engrenagens, correntes remov\u00edveis, polias e polias, caixas de engrenagens planet\u00e1rias, polias de sincroniza\u00e7\u00e3o, buchas e outros produtos relacionados. Nossos produtos s\u00e3o de alta qualidade, dispon\u00edveis a um pre\u00e7o preferencial e v\u00eam com um servi\u00e7o atencioso ao cliente. Damos as boas-vindas aos clientes para personalizar com fotos e amostras.<\/p>\n<p><img decoding=\"async\" src=\"https:\/\/images.ever-power.net\/2019\/07\/ep_ep_pto-shaft-4.webp\" alt=\"Outros produtos da nossa empresa\"><\/p>\n<h2>Perguntas e Respostas<\/h2>\n<h3>Q1. O que \u00e9 um eixo de tomada de for\u00e7a de escarificadores rotativos?<\/h3>\n<p>A1. Um eixo de tomada de for\u00e7a de escarificador rotativo \u00e9 um produto de alta qualidade projetado para uso com tratores e implementos agr\u00edcolas. \u00c9 ideal para v\u00e1rias aplica\u00e7\u00f5es agr\u00edcolas.<\/p>\n<h3>Q2. Quais s\u00e3o as vantagens de um eixo de tomada de for\u00e7a de escarificadores rotativos?<\/h3>\n<p>A2. O eixo da tomada de for\u00e7a dos cultivadores rotativos \u00e9 feito de material de alta qualidade, tem excelente desempenho, \u00e9 dur\u00e1vel e confi\u00e1vel e vem com uma gama completa de kits transversais e tubos personalizados para atender aos diferentes requisitos do cliente.<\/p>\n<h3>Q3. Como fa\u00e7o para instalar um eixo de tomada de for\u00e7a de escarificadores rotativos?<\/h3>\n<p>A3. When installing a rotary tillers PTO shaft, it is advisable to follow the manufacturer&#8217;s instructions to ensure maximum performance and reliability.<\/p>\n<h3>Q4. O que devo fazer ao consertar o eixo da tomada de for\u00e7a de um cultivador rotativo?<\/h3>\n<p>A4. Ao reparar o eixo da tomada de for\u00e7a de um cultivador rotativo, \u00e9 importante usar pe\u00e7as de reposi\u00e7\u00e3o genu\u00ednas para garantir que o produto mantenha seu desempenho e confiabilidade originais.<\/p>\n<h3>Q5. Quais outros produtos sua empresa fornece?<\/h3>\n<p>A5. Em nossa empresa, somos especializados no fornecimento de v\u00e1rias engrenagens pl\u00e1sticas industriais, como caixas de engrenagens agr\u00edcolas, eixos de sa\u00edda de pot\u00eancia, rodas dentadas, acoplamentos hidr\u00e1ulicos, redutores de engrenagem sem-fim, cremalheiras de engrenagens, correntes remov\u00edveis, polias e polias, caixas de engrenagens planet\u00e1rias, polias de sincroniza\u00e7\u00e3o, buchas e outros produtos relacionados.<\/p>\n<p style=\"color:red;\">Aviso Legal: Todo o conte\u00fado desta p\u00e1gina \u00e9 apenas para refer\u00eancia e n\u00e3o substitui aconselhamento profissional ou recomenda\u00e7\u00e3o. Nossos produtos s\u00e3o acess\u00f3rios e n\u00e3o pe\u00e7as de reposi\u00e7\u00e3o originais; n\u00e3o somos detentores da marca registrada original do conte\u00fado. Nossos produtos s\u00e3o adequados apenas para acess\u00f3rios de reposi\u00e7\u00e3o e n\u00e3o para pe\u00e7as de reposi\u00e7\u00e3o originais. Nossos acess\u00f3rios podem se encaixar perfeitamente nas pe\u00e7as de reposi\u00e7\u00e3o originais; se voc\u00ea precisar comprar pe\u00e7as de reposi\u00e7\u00e3o originais, entre em contato com a f\u00e1brica original para comprar.<\/p>\n<p>Autor: lmc<\/p>","protected":false},"excerpt":{"rendered":"<p>Rotary Tillers PTO Shaft: A Comprehensive Guide The rotary tiller PTO shafts flange weld yoke triangular steel pipe PTO shaft is a high-quality product designed for use in various industries such as hotels, garment shops, building material shops, manufacturing plants, machinery repair shops, food &amp; beverage factories, farms, restaurants, home use, retail, food shops, printing [&hellip;]<\/p>","protected":false},"featured_media":5978,"template":"","meta":{"_et_pb_use_builder":"","_et_pb_old_content":"","_et_gb_content_width":""},"product_brand":[],"product_cat":[11315],"product_tag":[],"class_list":{"0":"post-6085","1":"product","2":"type-product","3":"status-publish","4":"has-post-thumbnail","6":"product_cat-pto-shaft","8":"first","9":"instock","10":"shipping-taxable","11":"product-type-simple"},"_links":{"self":[{"href":"https:\/\/agricultural-gear-boxes.com\/pt\/wp-json\/wp\/v2\/product\/6085","targetHints":{"allow":["GET"]}}],"collection":[{"href":"https:\/\/agricultural-gear-boxes.com\/pt\/wp-json\/wp\/v2\/product"}],"about":[{"href":"https:\/\/agricultural-gear-boxes.com\/pt\/wp-json\/wp\/v2\/types\/product"}],"wp:featuredmedia":[{"embeddable":true,"href":"https:\/\/agricultural-gear-boxes.com\/pt\/wp-json\/wp\/v2\/media\/5978"}],"wp:attachment":[{"href":"https:\/\/agricultural-gear-boxes.com\/pt\/wp-json\/wp\/v2\/media?parent=6085"}],"wp:term":[{"taxonomy":"product_brand","embeddable":true,"href":"https:\/\/agricultural-gear-boxes.com\/pt\/wp-json\/wp\/v2\/product_brand?post=6085"},{"taxonomy":"product_cat","embeddable":true,"href":"https:\/\/agricultural-gear-boxes.com\/pt\/wp-json\/wp\/v2\/product_cat?post=6085"},{"taxonomy":"product_tag","embeddable":true,"href":"https:\/\/agricultural-gear-boxes.com\/pt\/wp-json\/wp\/v2\/product_tag?post=6085"}],"curies":[{"name":"wp","href":"https:\/\/api.w.org\/{rel}","templated":true}]}}