{"id":6090,"date":"2024-10-30T06:28:00","date_gmt":"2024-10-30T06:28:00","guid":{"rendered":"https:\/\/agricultural-gear-boxes.com\/product\/high-hardness-kubota-pto-shafts-coupling-custom-tractor-yellow-steel-pto-drive-shaft\/"},"modified":"2024-10-30T06:28:00","modified_gmt":"2024-10-30T06:28:00","slug":"high-hardness-kubota-pto-shafts-coupling-custom-tractor-yellow-steel-pto-drive-shaft","status":"publish","type":"product","link":"https:\/\/agricultural-gear-boxes.com\/pt\/product\/high-hardness-kubota-pto-shafts-coupling-custom-tractor-yellow-steel-pto-drive-shaft\/","title":{"rendered":"Eixos de tomada de for\u00e7a kubota de alta dureza acoplamento trator personalizado eixo de transmiss\u00e3o de tomada de for\u00e7a de a\u00e7o amarelo"},"content":{"rendered":"<h2>Eixos de tomada de for\u00e7a Kubota de alta dureza Acoplamento Trator personalizado Eixo de transmiss\u00e3o de tomada de for\u00e7a de a\u00e7o<\/h2>\n<p>O eixo de transmiss\u00e3o de PTO de a\u00e7o para trator personalizado de acoplamento de eixos de tomada de for\u00e7a Kubota de alta dureza \u00e9 um produto confi\u00e1vel e dur\u00e1vel que \u00e9 comumente usado em uma variedade de ind\u00fastrias. \u00c9 feito de material de a\u00e7o de alta qualidade e tem todos os dentes para garantir a m\u00e1xima efici\u00eancia para a aplica\u00e7\u00e3o. O jugo \u00e9 forjado e o tubo \u00e9 trefilado a frio, o que d\u00e1 ao eixo maior resist\u00eancia e durabilidade. O produto \u00e9 certificado pela CE, ISO e TS, o que \u00e9 uma prova de sua qualidade e desempenho.<\/p>\n<h3>Cen\u00e1rios de uso comum<\/h3>\n<p>Este produto \u00e9 comumente usado em hot\u00e9is, lojas de vestu\u00e1rio, lojas de materiais de constru\u00e7\u00e3o, f\u00e1bricas, oficinas de conserto de m\u00e1quinas, f\u00e1bricas de alimentos e bebidas, fazendas, restaurantes, uso dom\u00e9stico, varejo, lojas de alimentos, gr\u00e1ficas, obras de constru\u00e7\u00e3o, energia e minera\u00e7\u00e3o, lojas de alimentos e bebidas e outras ind\u00fastrias. \u00c9 especialmente \u00fatil para colheitadeiras.<\/p>\n<p><img decoding=\"async\" src=\"https:\/\/images.hzpt.com\/2023\/06\/xe4ye4bO-PTO-Shaft-Common-Applications.webp\" alt=\"Aplica\u00e7\u00f5es comuns do eixo de tomada de for\u00e7a\" \/><\/p>\n<h3>Hist\u00f3rico e classifica\u00e7\u00e3o do produto<\/h3>\n<p>O eixo da tomada de for\u00e7a foi introduzido pela primeira vez na d\u00e9cada de 1930 como uma forma de conectar a tomada de for\u00e7a de um trator a uma m\u00e1quina ou implemento. Desde ent\u00e3o, tornou-se um componente essencial de muitas m\u00e1quinas agr\u00edcolas e industriais. O eixo de transmiss\u00e3o da tomada de for\u00e7a de a\u00e7o personalizado do trator Kubota de alta dureza \u00e9 um tipo de eixo da tomada de for\u00e7a projetado para suportar altos n\u00edveis de estresse e tens\u00e3o.<\/p>\n<h3>Vantagens do produto<\/h3>\n<p>O eixo de transmiss\u00e3o de PTO de a\u00e7o personalizado para trator de acoplamento de eixos de tomada de for\u00e7a Kubota de alta dureza tem muitas vantagens, incluindo sua alta dureza, durabilidade e efici\u00eancia. Seu jugo forjado e tubo trefilado a frio o tornam resistente ao desgaste, e seu design de todos os dentes garante a m\u00e1xima transmiss\u00e3o de pot\u00eancia. O produto tamb\u00e9m \u00e9 personaliz\u00e1vel e pode ser adaptado para atender \u00e0s necessidades espec\u00edficas de diferentes ind\u00fastrias e aplica\u00e7\u00f5es.<\/p>\n<h3>Materiais de produtos dispon\u00edveis<\/h3>\n<p>O eixo de transmiss\u00e3o de PTO de a\u00e7o personalizado para trator de acoplamento de eixos de tomada de for\u00e7a Kubota de alta dureza \u00e9 feito de material de a\u00e7o de alta qualidade. Outros materiais dispon\u00edveis incluem alum\u00ednio, bronze e a\u00e7o inoxid\u00e1vel.<\/p>\n<h3>Instala\u00e7\u00e3o, Manuten\u00e7\u00e3o e Reparo<\/h3>\n<p>A instala\u00e7\u00e3o do acoplamento de eixos de tomada de for\u00e7a Kubota de alta dureza O eixo de transmiss\u00e3o de tomada de for\u00e7a de a\u00e7o personalizado para trator deve ser feito por um profissional para garantir o alinhamento e a opera\u00e7\u00e3o adequados. A manuten\u00e7\u00e3o deve ser realizada regularmente para garantir que o produto esteja funcionando corretamente. Isso inclui lubrificar o eixo e inspecion\u00e1-lo quanto a desgaste e danos. Se forem necess\u00e1rios reparos, eles devem ser feitos imediatamente para evitar mais danos e garantir que o produto continue a funcionar corretamente.<\/p>\n<h2>Outros produtos<\/h2>\n<p>Al\u00e9m do eixo de transmiss\u00e3o de tomada de for\u00e7a de a\u00e7o personalizado para tratores e acoplamentos de eixos de tomada de for\u00e7a Kubota de alta dureza, tamb\u00e9m fornecemos diversas engrenagens pl\u00e1sticas industriais, como caixas de engrenagens agr\u00edcolas, eixos de sa\u00edda de pot\u00eancia, rodas dentadas, acoplamentos hidr\u00e1ulicos, redutores de engrenagem sem-fim, cremalheiras, correntes remov\u00edveis, polias e polias, caixas de engrenagens planet\u00e1rias, polias de sincroniza\u00e7\u00e3o, buchas, etc.<\/p>\n<p><img decoding=\"async\" src=\"https:\/\/images.ever-power.net\/2019\/07\/ep_ep_pto-shaft-4.webp\" alt=\"Eixo de tomada de for\u00e7a\" \/><\/p>\n<h2>Perguntas e Respostas<\/h2>\n<h3>P: Quais ind\u00fastrias normalmente usam o eixo de transmiss\u00e3o de tomada de for\u00e7a de a\u00e7o personalizado para tratores e acoplamento de eixos de tomada de for\u00e7a Kubota de alta dureza?<\/h3>\n<p>R: O eixo de transmiss\u00e3o de tomada de for\u00e7a de a\u00e7o personalizado para tratores Kubota de alta dureza \u00e9 comumente usado em hot\u00e9is, lojas de roupas, lojas de materiais de constru\u00e7\u00e3o, f\u00e1bricas, oficinas de conserto de m\u00e1quinas, f\u00e1bricas de alimentos e bebidas, fazendas, restaurantes, uso dom\u00e9stico, varejo, lojas de alimentos, gr\u00e1ficas, obras de constru\u00e7\u00e3o, energia e minera\u00e7\u00e3o, lojas de alimentos e bebidas e outras ind\u00fastrias.<\/p>\n<h3>P: De quais materiais \u00e9 feito o eixo de transmiss\u00e3o de a\u00e7o para trator personalizado de acoplamento de eixos de tomada de for\u00e7a Kubota de alta dureza?<\/h3>\n<p>A: O eixo de transmiss\u00e3o de PTO de a\u00e7o para trator personalizado de acoplamento de eixos de tomada de for\u00e7a Kubota de alta dureza \u00e9 feito de material de a\u00e7o de alta qualidade. Outros materiais dispon\u00edveis incluem alum\u00ednio, bronze e a\u00e7o inoxid\u00e1vel.<\/p>\n<h3>P: Como o eixo de transmiss\u00e3o de a\u00e7o para trator personalizado com acoplamento de eixos de tomada de for\u00e7a Kubota de alta dureza deve ser instalado?<\/h3>\n<p>R: A instala\u00e7\u00e3o do eixo de transmiss\u00e3o da tomada de for\u00e7a de a\u00e7o do trator personalizado Kubota de alta dureza deve ser feita por um profissional para garantir o alinhamento e a opera\u00e7\u00e3o adequados.<\/p>\n<h3>P: O que deve ser feito para manuten\u00e7\u00e3o do eixo de transmiss\u00e3o de tomada de for\u00e7a de a\u00e7o personalizado para tratores Kubota de alta dureza?<\/h3>\n<p>A: A manuten\u00e7\u00e3o do eixo de transmiss\u00e3o de PTO de a\u00e7o de trator personalizado de acoplamento de eixos de tomada de for\u00e7a Kubota de alta dureza deve ser realizada regularmente para garantir que o produto esteja funcionando corretamente. Isso inclui lubrificar o eixo e inspecion\u00e1-lo quanto a desgaste e danos.<\/p>\n<h3>P: Quais outros produtos a empresa oferece?<\/h3>\n<p>R: Al\u00e9m do eixo de transmiss\u00e3o de tomada de for\u00e7a de a\u00e7o personalizado para tratores e acoplamentos de eixos de tomada de for\u00e7a Kubota de alta dureza, tamb\u00e9m fornecemos diversas engrenagens pl\u00e1sticas industriais, como caixas de engrenagens agr\u00edcolas, eixos de sa\u00edda de pot\u00eancia, rodas dentadas, acoplamentos hidr\u00e1ulicos, redutores de engrenagem sem-fim, cremalheiras, correntes remov\u00edveis, polias e polias, caixas de engrenagens planet\u00e1rias, polias de sincroniza\u00e7\u00e3o, buchas, etc.<\/p>\n<p>Autor: lmc <\/p>\n<div style=\"color:red\">Todo o conte\u00fado da p\u00e1gina vem da Internet, e o conte\u00fado \u00e9 usado apenas como refer\u00eancia para sele\u00e7\u00e3o de produtos. Nossos produtos s\u00e3o acess\u00f3rios e n\u00e3o pe\u00e7as de reposi\u00e7\u00e3o originais; n\u00e3o somos detentores da marca registrada original do conte\u00fado. Nossos produtos s\u00e3o adequados apenas para acess\u00f3rios de reposi\u00e7\u00e3o e n\u00e3o para pe\u00e7as de reposi\u00e7\u00e3o originais. Nossos acess\u00f3rios podem se encaixar perfeitamente nas pe\u00e7as de reposi\u00e7\u00e3o originais; se voc\u00ea precisar comprar pe\u00e7as de reposi\u00e7\u00e3o originais, entre em contato com a f\u00e1brica original para comprar.<\/div>","protected":false},"excerpt":{"rendered":"<p>High Hardness Kubota PTO Shafts Coupling Custom Tractor Steel PTO Drive Shaft The High Hardness Kubota PTO Shafts Coupling Custom Tractor Steel PTO Drive Shaft is a reliable and durable product that is commonly used in a variety of industries. It is made of high-quality steel material and has all teeth to ensure maximum efficiency [&hellip;]<\/p>","protected":false},"featured_media":5989,"template":"","meta":{"_et_pb_use_builder":"","_et_pb_old_content":"","_et_gb_content_width":""},"product_brand":[],"product_cat":[11315],"product_tag":[],"class_list":{"0":"post-6090","1":"product","2":"type-product","3":"status-publish","4":"has-post-thumbnail","6":"product_cat-pto-shaft","8":"first","9":"instock","10":"shipping-taxable","11":"product-type-simple"},"_links":{"self":[{"href":"https:\/\/agricultural-gear-boxes.com\/pt\/wp-json\/wp\/v2\/product\/6090","targetHints":{"allow":["GET"]}}],"collection":[{"href":"https:\/\/agricultural-gear-boxes.com\/pt\/wp-json\/wp\/v2\/product"}],"about":[{"href":"https:\/\/agricultural-gear-boxes.com\/pt\/wp-json\/wp\/v2\/types\/product"}],"wp:featuredmedia":[{"embeddable":true,"href":"https:\/\/agricultural-gear-boxes.com\/pt\/wp-json\/wp\/v2\/media\/5989"}],"wp:attachment":[{"href":"https:\/\/agricultural-gear-boxes.com\/pt\/wp-json\/wp\/v2\/media?parent=6090"}],"wp:term":[{"taxonomy":"product_brand","embeddable":true,"href":"https:\/\/agricultural-gear-boxes.com\/pt\/wp-json\/wp\/v2\/product_brand?post=6090"},{"taxonomy":"product_cat","embeddable":true,"href":"https:\/\/agricultural-gear-boxes.com\/pt\/wp-json\/wp\/v2\/product_cat?post=6090"},{"taxonomy":"product_tag","embeddable":true,"href":"https:\/\/agricultural-gear-boxes.com\/pt\/wp-json\/wp\/v2\/product_tag?post=6090"}],"curies":[{"name":"wp","href":"https:\/\/api.w.org\/{rel}","templated":true}]}}