{"id":6094,"date":"2024-10-30T06:28:12","date_gmt":"2024-10-30T06:28:12","guid":{"rendered":"https:\/\/agricultural-gear-boxes.com\/product\/agricultural-pto-shaft-with-clutch-4-shear-bolt-yokefriction-clutch-and-limiter-clutch-shaft\/"},"modified":"2024-10-30T06:28:13","modified_gmt":"2024-10-30T06:28:13","slug":"agricultural-pto-shaft-with-clutch-4-shear-bolt-yokefriction-clutch-and-limiter-clutch-shaft","status":"publish","type":"product","link":"https:\/\/agricultural-gear-boxes.com\/pt\/product\/agricultural-pto-shaft-with-clutch-4-shear-bolt-yokefriction-clutch-and-limiter-clutch-shaft\/","title":{"rendered":"eixo de tomada de for\u00e7a agr\u00edcola com embreagem, garfo de 4 parafusos de cisalhamento, embreagem de fric\u00e7\u00e3o e eixo de embreagem limitador"},"content":{"rendered":"<h2>Eixo de tomada de for\u00e7a agr\u00edcola com embreagem e garfo de 4 parafusos de cisalhamento<\/h2>\n<p>O eixo TDF agr\u00edcola com garfo de embreagem de 4 parafusos de cisalhamento \u00e9 um novo produto adequado para tratores e implementos agr\u00edcolas. Ele \u00e9 projetado para fornecer transmiss\u00e3o de pot\u00eancia confi\u00e1vel para v\u00e1rias aplica\u00e7\u00f5es agr\u00edcolas. Com sua constru\u00e7\u00e3o robusta e materiais de alta qualidade, este eixo TDF \u00e9 constru\u00eddo para suportar as demandas de uso pesado.<\/p>\n<h3>Caracter\u00edsticas do produto:<\/h3>\n<ul>\n<li>Condi\u00e7\u00e3o: Novo<\/li>\n<li>Garantia: 1 ano<\/li>\n<li>Tipo: Eixos<\/li>\n<li>Uso: Colheitadeiras<\/li>\n<li>Nome do produto: Eixo de tomada de for\u00e7a agr\u00edcola com garfo de 4 parafusos de cisalhamento de embreagem<\/li>\n<li>Dentes: Todos os dentes<\/li>\n<li>Processamento de Jugo: Forja<\/li>\n<li>Certificado: CE, ISO e TS<\/li>\n<li>Processamento de Tubo: Trefilado a Frio<\/li>\n<li>Cross Kit: Gama completa de Cross Kit<\/li>\n<li>Tubos: Tubos personalizados<\/li>\n<li>Jugo: Jugo de pino de press\u00e3o<\/li>\n<li>Cor: Todas as cores<\/li>\n<li>Peso: 20 KG<\/li>\n<\/ul>\n<p><img decoding=\"async\" src=\"https:\/\/images.hzpt.com\/2023\/06\/xe4ye4bO-PTO-Shaft-Common-Applications.webp\" alt=\"Aplica\u00e7\u00f5es comuns do eixo de tomada de for\u00e7a\"><\/p>\n<h3>Cen\u00e1rios de uso comuns:<\/h3>\n<p>O eixo de tomada de for\u00e7a agr\u00edcola com garfo de embreagem de 4 parafusos de cisalhamento \u00e9 amplamente utilizado em v\u00e1rios setores, como hot\u00e9is, lojas de roupas, lojas de materiais de constru\u00e7\u00e3o, f\u00e1bricas, oficinas de reparo de m\u00e1quinas, f\u00e1bricas de alimentos e bebidas, fazendas, restaurantes e muito mais. \u00c9 ideal para aplica\u00e7\u00f5es onde a transmiss\u00e3o de energia \u00e9 necess\u00e1ria, como na opera\u00e7\u00e3o de tratores e implementos agr\u00edcolas. O design robusto e o desempenho confi\u00e1vel deste eixo de tomada de for\u00e7a o tornam adequado para tarefas pesadas no setor agr\u00edcola.<\/p>\n<p>Com sua natureza vers\u00e1til, este eixo de tomada de for\u00e7a pode ser usado em uma ampla variedade de m\u00e1quinas agr\u00edcolas, incluindo colheitadeiras, proporcionando transmiss\u00e3o de pot\u00eancia eficiente para maior produtividade no campo.<\/p>\n<h3>Vantagens do produto:<\/h3>\n<ul>\n<li>Constru\u00e7\u00e3o robusta e dur\u00e1vel<\/li>\n<li>Materiais de alta qualidade para desempenho duradouro<\/li>\n<li>F\u00e1cil de instalar e manter<\/li>\n<li>Efici\u00eancia ideal de transmiss\u00e3o de energia<\/li>\n<li>Ampla gama de aplica\u00e7\u00f5es<\/li>\n<li>Confi\u00e1vel e seguro<\/li>\n<\/ul>\n<h3>Materiais do produto:<\/h3>\n<p>O eixo de tomada de for\u00e7a agr\u00edcola com garfo de embreagem de 4 parafusos de cisalhamento \u00e9 feito de materiais de alta qualidade que garantem sua durabilidade e longevidade. O garfo \u00e9 forjado e o tubo \u00e9 trefilado a frio, proporcionando resist\u00eancia e confiabilidade em ambientes agr\u00edcolas exigentes.<\/p>\n<h3>Instala\u00e7\u00e3o, manuten\u00e7\u00e3o e reparo:<\/h3>\n<p>Instalar o eixo da tomada de for\u00e7a agr\u00edcola com garfo de 4 parafusos de cisalhamento da embreagem \u00e9 um processo simples. Basta seguir as instru\u00e7\u00f5es fornecidas para uma instala\u00e7\u00e3o adequada. A manuten\u00e7\u00e3o regular \u00e9 importante para garantir o desempenho ideal e a longevidade do eixo da tomada de for\u00e7a. Recomenda-se a lubrifica\u00e7\u00e3o das pe\u00e7as m\u00f3veis e inspe\u00e7\u00f5es regulares para verificar o desgaste.<\/p>\n<p>Em caso de qualquer dano ou mau funcionamento, o eixo PTO pode ser reparado seguindo os procedimentos de reparo adequados. \u00c9 crucial usar pe\u00e7as de reposi\u00e7\u00e3o genu\u00ednas e buscar assist\u00eancia profissional, se necess\u00e1rio.<\/p>\n<h3>Substitui\u00e7\u00e3o do produto:<\/h3>\n<p>Se o eixo da tomada de for\u00e7a agr\u00edcola com garfo de 4 parafusos de cisalhamento da embreagem precisar ser substitu\u00eddo, \u00e9 importante escolher uma pe\u00e7a de substitui\u00e7\u00e3o compat\u00edvel. Certifique-se de que o eixo de substitui\u00e7\u00e3o atenda \u00e0s especifica\u00e7\u00f5es necess\u00e1rias e seja adequado para a aplica\u00e7\u00e3o espec\u00edfica. Pode ser necess\u00e1ria assist\u00eancia profissional para uma substitui\u00e7\u00e3o adequada.<\/p>\n<p><img decoding=\"async\" src=\"https:\/\/images.ever-power.net\/2019\/07\/ep_ep_pto-shaft-4.webp\" alt=\"Imagem do eixo da tomada de for\u00e7a\"><\/p>\n<h2>Sobre a Ever-Power Group Co., Ltd.<\/h2>\n<p>Ever-Power Group Co., Ltd. \u00e9 um fornecedor l\u00edder de v\u00e1rias engrenagens e componentes pl\u00e1sticos industriais. Nossa ampla gama de produtos inclui caixas de engrenagens agr\u00edcolas, eixos de sa\u00edda de pot\u00eancia, rodas dentadas, acoplamentos hidr\u00e1ulicos, redutores de engrenagem sem-fim, cremalheiras de engrenagens, correntes remov\u00edveis, polias, caixas de engrenagens planet\u00e1rias, polias de sincroniza\u00e7\u00e3o, buchas e muito mais.<\/p>\n<p>Com nosso comprometimento com qualidade, pre\u00e7os competitivos e excelente atendimento ao cliente, ganhamos uma \u00f3tima reputa\u00e7\u00e3o no mercado. Nossos produtos s\u00e3o confi\u00e1veis por clientes no mundo todo, e temos orgulho de ser um fornecedor OEM de ponta para muitas f\u00e1bricas de implementos agr\u00edcolas no mercado dom\u00e9stico.<\/p>\n<p>We welcome customers to customize their products with us, providing pictures and samples for a personalized experience. At Ever-Power Group Co., Ltd., we strive to deliver high-quality products, offer competitive prices, and provide thoughtful services to meet our customers&#8217; needs.<\/p>\n<h2>Perguntas e Respostas:<\/h2>\n<h3>1. Qual \u00e9 o per\u00edodo de garantia do eixo de tomada de for\u00e7a agr\u00edcola com garfo de embreagem de 4 parafusos de cisalhamento?<\/h3>\n<p>O per\u00edodo de garantia do eixo de tomada de for\u00e7a agr\u00edcola com garfo de embreagem de 4 parafusos de cisalhamento \u00e9 de 1 ano.<\/p>\n<h3>2. Quais s\u00e3o as vantagens de usar este eixo de tomada de for\u00e7a?<\/h3>\n<ul>\n<li>Constru\u00e7\u00e3o robusta e dur\u00e1vel para desempenho confi\u00e1vel<\/li>\n<li>Materiais de alta qualidade garantem longevidade<\/li>\n<li>F\u00e1cil instala\u00e7\u00e3o e manuten\u00e7\u00e3o<\/li>\n<li>Efici\u00eancia ideal de transmiss\u00e3o de energia<\/li>\n<li>Ampla gama de aplica\u00e7\u00f5es<\/li>\n<li>Confi\u00e1vel e confi\u00e1vel<\/li>\n<\/ul>\n<h3>3. Este eixo de tomada de for\u00e7a pode ser usado em colheitadeiras?<\/h3>\n<p>Sim, o eixo de tomada de for\u00e7a agr\u00edcola com garfo de embreagem e 4 parafusos de cisalhamento foi projetado para uso em colheitadeiras e outras m\u00e1quinas agr\u00edcolas.<\/p>\n<h3>4. Como devo fazer a manuten\u00e7\u00e3o do eixo da tomada de for\u00e7a?<\/h3>\n<p>A manuten\u00e7\u00e3o regular \u00e9 importante para o desempenho ideal. Lubrifique as pe\u00e7as m\u00f3veis e realize inspe\u00e7\u00f5es regulares para verificar desgaste. Siga as diretrizes de manuten\u00e7\u00e3o fornecidas para obter os melhores resultados.<\/p>\n<h3>5. Onde posso comprar o eixo de tomada de for\u00e7a agr\u00edcola com garfo de embreagem de 4 parafusos de cisalhamento?<\/h3>\n<p>Voc\u00ea pode entrar em contato com a Ever-Power Group Co., Ltd., a principal fornecedora deste produto, para obter informa\u00e7\u00f5es de compra e op\u00e7\u00f5es de personaliza\u00e7\u00e3o.<\/p>\n<p style=\"color: red;\">Autor: lmc<\/p>\n<p style=\"color: red;\">Aviso Legal: Todo o conte\u00fado desta p\u00e1gina \u00e9 proveniente da internet e \u00e9 fornecido apenas para fins de refer\u00eancia. Nossos produtos s\u00e3o acess\u00f3rios e n\u00e3o pe\u00e7as de reposi\u00e7\u00e3o originais. N\u00e3o somos detentores da marca registrada original do conte\u00fado. Nossos acess\u00f3rios podem se encaixar perfeitamente nas pe\u00e7as de reposi\u00e7\u00e3o originais. Se voc\u00ea precisar comprar pe\u00e7as de reposi\u00e7\u00e3o originais, entre em contato com a f\u00e1brica original para comprar.<\/p>","protected":false},"excerpt":{"rendered":"<p>Agricultural PTO Shaft with Clutch 4 Shear Bolt Yoke The agricultural PTO shaft with clutch 4 shear bolt yoke is a new product that is suitable for tractors and farm implements. It is designed to provide reliable power transmission for various agricultural applications. With its sturdy construction and high-quality materials, this PTO shaft is built [&hellip;]<\/p>","protected":false},"featured_media":5997,"template":"","meta":{"_et_pb_use_builder":"","_et_pb_old_content":"","_et_gb_content_width":""},"product_brand":[],"product_cat":[11315],"product_tag":[],"class_list":{"0":"post-6094","1":"product","2":"type-product","3":"status-publish","4":"has-post-thumbnail","6":"product_cat-pto-shaft","8":"first","9":"instock","10":"shipping-taxable","11":"product-type-simple"},"_links":{"self":[{"href":"https:\/\/agricultural-gear-boxes.com\/pt\/wp-json\/wp\/v2\/product\/6094","targetHints":{"allow":["GET"]}}],"collection":[{"href":"https:\/\/agricultural-gear-boxes.com\/pt\/wp-json\/wp\/v2\/product"}],"about":[{"href":"https:\/\/agricultural-gear-boxes.com\/pt\/wp-json\/wp\/v2\/types\/product"}],"wp:featuredmedia":[{"embeddable":true,"href":"https:\/\/agricultural-gear-boxes.com\/pt\/wp-json\/wp\/v2\/media\/5997"}],"wp:attachment":[{"href":"https:\/\/agricultural-gear-boxes.com\/pt\/wp-json\/wp\/v2\/media?parent=6094"}],"wp:term":[{"taxonomy":"product_brand","embeddable":true,"href":"https:\/\/agricultural-gear-boxes.com\/pt\/wp-json\/wp\/v2\/product_brand?post=6094"},{"taxonomy":"product_cat","embeddable":true,"href":"https:\/\/agricultural-gear-boxes.com\/pt\/wp-json\/wp\/v2\/product_cat?post=6094"},{"taxonomy":"product_tag","embeddable":true,"href":"https:\/\/agricultural-gear-boxes.com\/pt\/wp-json\/wp\/v2\/product_tag?post=6094"}],"curies":[{"name":"wp","href":"https:\/\/api.w.org\/{rel}","templated":true}]}}