{"id":6096,"date":"2024-10-30T06:28:17","date_gmt":"2024-10-30T06:28:17","guid":{"rendered":"https:\/\/agricultural-gear-boxes.com\/product\/kubota-machinery-parts-t7n-1140-05b05b-bniip-pto-shaft-safety-pto-shaft-cover-for-farm-implement\/"},"modified":"2024-10-30T06:28:17","modified_gmt":"2024-10-30T06:28:17","slug":"kubota-machinery-parts-t7n-1140-05b05b-bniip-pto-shaft-safety-pto-shaft-cover-for-farm-implement","status":"publish","type":"product","link":"https:\/\/agricultural-gear-boxes.com\/pt\/product\/kubota-machinery-parts-t7n-1140-05b05b-bniip-pto-shaft-safety-pto-shaft-cover-for-farm-implement\/","title":{"rendered":"Kubota Machinery Parts T7N 1140 05B05B BNIIP eixo de tomada de seguran\u00e7a tampa do eixo de tomada para implemento agr\u00edcola"},"content":{"rendered":"<h2>Seguran\u00e7a do eixo da tomada de for\u00e7a Tampa do eixo da tomada de for\u00e7a para implemento agr\u00edcola<\/h2>\n<p>The PTO Shaft Safety PTO Shaft Cover for Farm Implement is a new product in the market with a 1-year warranty. It is a shaft that is applicable in various industries such as hotels, garment shops, manufacturing plants, food &#038; beverage factories, farms, restaurants, retail, printing shops, construction works, energy &#038; mining, and other industries. The shaft is made of steel material and has a weight of 15.6 KG.<\/p>\n<h3>Cen\u00e1rios de uso<\/h3>\n<p>A PTO Shaft Safety PTO Shaft Cover para implementos agr\u00edcolas \u00e9 comumente usada em tratores e implementos agr\u00edcolas. \u00c9 compat\u00edvel com diferentes tipos de tratores e implementos agr\u00edcolas. O eixo \u00e9 essencial para transferir pot\u00eancia do trator para o implemento agr\u00edcola.<\/p>\n<p><img decoding=\"async\" src=\"https:\/\/images.hzpt.com\/2023\/06\/xe4ye4bO-PTO-Shaft-Common-Applications.webp\" alt=\"Aplica\u00e7\u00f5es comuns do eixo de tomada de for\u00e7a\" \/><\/p>\n<h3>Vantagens<\/h3>\n<ul>\n<li>O eixo possui certificado CE, ISO e TS<\/li>\n<li>Tem garantia de 1 ano<\/li>\n<li>Compat\u00edvel com diferentes tipos de tratores e implementos agr\u00edcolas<\/li>\n<li>\u00c9 fabricado com materiais de alta qualidade<\/li>\n<li>\u00c9 f\u00e1cil de instalar e manter<\/li>\n<li>Possui alta resist\u00eancia ao desgaste<\/li>\n<\/ul>\n<h3>Materiais do produto<\/h3>\n<p>A tampa de seguran\u00e7a do eixo PTO para implemento agr\u00edcola \u00e9 feita de material de a\u00e7o. Os tubos s\u00e3o triangulares e o kit cruzado \u00e9 35*94. O jugo \u00e9 um jugo de pino de press\u00e3o 05B, e o processamento do jugo \u00e9 forjado. Al\u00e9m disso, o processamento do tubo \u00e9 trefilado a frio.<\/p>\n<h3>Instala\u00e7\u00e3o, Manuten\u00e7\u00e3o e Reparo<\/h3>\n<p>A tampa de seguran\u00e7a do eixo PTO para implemento agr\u00edcola \u00e9 f\u00e1cil de instalar e manter. \u00c9 importante manter o eixo limpo e livre de sujeira e detritos. O usu\u00e1rio deve inspecionar regularmente o eixo quanto a desgaste e substitu\u00ed-lo, se necess\u00e1rio. O eixo deve ser lubrificado regularmente para evitar ferrugem e corros\u00e3o.<\/p>\n<h2>Outros neg\u00f3cios de produtos da empresa<\/h2>\n<p>N\u00f3s fornecemos principalmente v\u00e1rias engrenagens pl\u00e1sticas industriais, como caixas de engrenagens agr\u00edcolas, eixos de sa\u00edda de pot\u00eancia, rodas dentadas, acoplamentos hidr\u00e1ulicos, redutores de engrenagem sem-fim, cremalheiras de engrenagens, correntes remov\u00edveis, polias e polias, caixas de engrenagens planet\u00e1rias, polias de sincroniza\u00e7\u00e3o, buchas, etc. Oferecemos produtos de alta qualidade a pre\u00e7os preferenciais com servi\u00e7os atenciosos. Os clientes s\u00e3o bem-vindos para personalizar seus pedidos com fotos e amostras.<\/p>\n<p><img decoding=\"async\" src=\"https:\/\/images.ever-power.net\/2019\/07\/ep_ep_pto-shaft-4.webp\" alt=\"Eixo de tomada de for\u00e7a\" \/><\/p>\n<h2>Perguntas e Respostas<\/h2>\n<p>1. Qual \u00e9 o peso da tampa de seguran\u00e7a do eixo da tomada de for\u00e7a para implementos agr\u00edcolas?<br \/>\nResposta: O peso do eixo \u00e9 15,6 kg.<\/p>\n<p>2. Qual \u00e9 o material usado para fazer o eixo?<br \/>\nResposta: O eixo \u00e9 feito de material de a\u00e7o.<\/p>\n<p>3. Em quais ind\u00fastrias o eixo \u00e9 aplic\u00e1vel?<br \/>\nAnswer: The shaft is applicable in various industries such as hotels, garment shops, manufacturing plants, food &#038; beverage factories, farms, restaurants, retail, printing shops, construction works, energy &#038; mining, and other industries.<\/p>\n<p>4. Qual \u00e9 o per\u00edodo de garantia do eixo?<br \/>\nResposta: O eixo tem garantia de 1 ano.<\/p>\n<p>5. Quais s\u00e3o as vantagens da tampa de seguran\u00e7a do eixo da tomada de for\u00e7a para implementos agr\u00edcolas?<br \/>\nResposta: As vantagens do eixo incluem compatibilidade com diferentes tipos de tratores e implementos agr\u00edcolas, alta resist\u00eancia ao desgaste, facilidade de instala\u00e7\u00e3o e manuten\u00e7\u00e3o, certificado CE, ISO e TS e materiais de fabrica\u00e7\u00e3o de alta qualidade.<\/p>\n<p>Autor: lmc<\/p>\n<p style=\"color:red;\">Aviso Legal: Todo o conte\u00fado da p\u00e1gina vem da Internet, e o conte\u00fado \u00e9 usado apenas como refer\u00eancia para sele\u00e7\u00e3o de produtos. Nossos produtos s\u00e3o acess\u00f3rios e n\u00e3o pe\u00e7as de reposi\u00e7\u00e3o originais; n\u00e3o somos detentores da marca registrada original do conte\u00fado. Nossos produtos s\u00e3o adequados apenas para acess\u00f3rios de reposi\u00e7\u00e3o e n\u00e3o para pe\u00e7as de reposi\u00e7\u00e3o originais. Nossos acess\u00f3rios podem se encaixar perfeitamente nas pe\u00e7as de reposi\u00e7\u00e3o originais; se voc\u00ea precisar comprar pe\u00e7as de reposi\u00e7\u00e3o originais, entre em contato com a f\u00e1brica original para comprar.<\/p>","protected":false},"excerpt":{"rendered":"<p>PTO Shaft Safety PTO Shaft Cover for Farm Implement The PTO Shaft Safety PTO Shaft Cover for Farm Implement is a new product in the market with a 1-year warranty. It is a shaft that is applicable in various industries such as hotels, garment shops, manufacturing plants, food &#038; beverage factories, farms, restaurants, retail, printing [&hellip;]<\/p>","protected":false},"featured_media":6001,"template":"","meta":{"_et_pb_use_builder":"","_et_pb_old_content":"","_et_gb_content_width":""},"product_brand":[],"product_cat":[11315],"product_tag":[],"class_list":{"0":"post-6096","1":"product","2":"type-product","3":"status-publish","4":"has-post-thumbnail","6":"product_cat-pto-shaft","8":"first","9":"instock","10":"shipping-taxable","11":"product-type-simple"},"_links":{"self":[{"href":"https:\/\/agricultural-gear-boxes.com\/pt\/wp-json\/wp\/v2\/product\/6096","targetHints":{"allow":["GET"]}}],"collection":[{"href":"https:\/\/agricultural-gear-boxes.com\/pt\/wp-json\/wp\/v2\/product"}],"about":[{"href":"https:\/\/agricultural-gear-boxes.com\/pt\/wp-json\/wp\/v2\/types\/product"}],"wp:featuredmedia":[{"embeddable":true,"href":"https:\/\/agricultural-gear-boxes.com\/pt\/wp-json\/wp\/v2\/media\/6001"}],"wp:attachment":[{"href":"https:\/\/agricultural-gear-boxes.com\/pt\/wp-json\/wp\/v2\/media?parent=6096"}],"wp:term":[{"taxonomy":"product_brand","embeddable":true,"href":"https:\/\/agricultural-gear-boxes.com\/pt\/wp-json\/wp\/v2\/product_brand?post=6096"},{"taxonomy":"product_cat","embeddable":true,"href":"https:\/\/agricultural-gear-boxes.com\/pt\/wp-json\/wp\/v2\/product_cat?post=6096"},{"taxonomy":"product_tag","embeddable":true,"href":"https:\/\/agricultural-gear-boxes.com\/pt\/wp-json\/wp\/v2\/product_tag?post=6096"}],"curies":[{"name":"wp","href":"https:\/\/api.w.org\/{rel}","templated":true}]}}