{"id":6097,"date":"2024-10-30T06:28:19","date_gmt":"2024-10-30T06:28:19","guid":{"rendered":"https:\/\/agricultural-gear-boxes.com\/product\/t7n-1140-05b05b-bniip-tractor-cardan-shaft-pto-shaft-for-agricultural-equipment\/"},"modified":"2024-10-30T06:28:19","modified_gmt":"2024-10-30T06:28:19","slug":"t7n-1140-05b05b-bniip-tractor-cardan-shaft-pto-shaft-for-agricultural-equipment","status":"publish","type":"product","link":"https:\/\/agricultural-gear-boxes.com\/pt\/product\/t7n-1140-05b05b-bniip-tractor-cardan-shaft-pto-shaft-for-agricultural-equipment\/","title":{"rendered":"T7N 1140 05B05B BNIIP eixo cardan do trator eixo pto para equipamento agr\u00edcola"},"content":{"rendered":"<h2> Tudo o que voc\u00ea precisa saber sobre o eixo cardan do trator Eixo de tomada de for\u00e7a para equipamentos agr\u00edcolas<\/h2>\n<p>O eixo cardan do trator PTO Shaft para equipamentos agr\u00edcolas \u00e9 um componente altamente essencial para v\u00e1rios tipos de tratores e implementos agr\u00edcolas. Ele \u00e9 usado para transmitir pot\u00eancia do trator para os implementos acoplados, como cortadores de grama, arados e cultivadores. O eixo cardan \u00e9 feito de a\u00e7o e est\u00e1 dispon\u00edvel em v\u00e1rios tipos, como tubos triangulares, estrela, quadrado, hexagonal e estriado.<\/p>\n<h3>Cen\u00e1rio de uso<\/h3>\n<p>The Tractor Cardan Shaft PTO Shaft for Agricultural Equipment is used in different industries such as hotels, garment shops, building material shops, manufacturing plants, machinery repair shops, food &#038; beverage factories, farms, restaurants, home use, retail, food shops, printing shops, construction works, energy &#038; mining, food &#038; beverage shops, and others. It is commonly used in agricultural equipment such as tractors and farm implements. It is also used in other industries that require the transmission of power from one machine to another.<\/p>\n<p><img decoding=\"async\" src=\"https:\/\/images.hzpt.com\/2023\/06\/xe4ye4bO-PTO-Shaft-Common-Applications.webp\" alt=\"Eixo cardan do trator Eixo de tomada de for\u00e7a para equipamentos agr\u00edcolas\" \/><\/p>\n<h3>Vantagens<\/h3>\n<p>Uma das vantagens do eixo cardan do trator PTO Shaft para equipamentos agr\u00edcolas \u00e9 sua durabilidade. Ele \u00e9 feito de a\u00e7o de alta qualidade, o que garante que ele possa suportar as duras condi\u00e7\u00f5es do trabalho agr\u00edcola. Ele tamb\u00e9m \u00e9 vers\u00e1til e pode ser usado com diferentes tipos de tratores e implementos agr\u00edcolas. Al\u00e9m disso, o eixo cardan \u00e9 f\u00e1cil de instalar e manter, exigindo apenas lubrifica\u00e7\u00e3o peri\u00f3dica para garantir uma opera\u00e7\u00e3o suave.<\/p>\n<h3>Classifica\u00e7\u00e3o do produto<\/h3>\n<p>O eixo cardan do trator PTO Shaft para equipamentos agr\u00edcolas \u00e9 classificado em diferentes tipos com base em suas especifica\u00e7\u00f5es. Isso inclui o n\u00famero de dentes, processamento do jugo, tipo de jugo, processamento do tubo, kit cruzado e tipo de estria. O eixo cardan tamb\u00e9m est\u00e1 dispon\u00edvel em diferentes s\u00e9ries, como T1-T10, L1-L6, S6-S10 e 10HP-150HP com SA, RA, SB, SFF, WA e CV.<\/p>\n<h3>Materiais do produto<\/h3>\n<p>The Tractor Cardan Shaft PTO Shaft for Agricultural Equipment is made of high-quality steel. The tubes are made of triangular tubes, which provide higher strength and durability. The yoke is forged to ensure that it can withstand the harsh conditions of farm work. The cardan shaft is available with different types of splines, such as 1 1\/8&#8243; Z6, 1 3\/8&#8243; Z6, 1 3\/8&#8243; Z21, 1 3\/4&#8243; Z20, and 1 3\/4&#8243; Z6.<\/p>\n<h3>Instala\u00e7\u00e3o, Manuten\u00e7\u00e3o e Reparo<\/h3>\n<p>O eixo cardan do trator PTO Shaft para equipamentos agr\u00edcolas \u00e9 f\u00e1cil de instalar e manter. Ele requer lubrifica\u00e7\u00e3o peri\u00f3dica para garantir uma opera\u00e7\u00e3o suave. O eixo cardan deve ser inspecionado regularmente para quaisquer sinais de desgaste. Se algum problema for detectado, o eixo cardan deve ser reparado ou substitu\u00eddo imediatamente para evitar mais danos.<\/p>\n<h2>Outros produtos da nossa empresa<\/h2>\n<p>Nossa empresa tamb\u00e9m fornece v\u00e1rias engrenagens pl\u00e1sticas industriais, como caixas de engrenagens agr\u00edcolas, eixos de sa\u00edda de pot\u00eancia, rodas dentadas, acoplamentos hidr\u00e1ulicos, redutores de engrenagem sem-fim, cremalheiras de engrenagens, correntes remov\u00edveis, polias e polias, caixas de engrenagens planet\u00e1rias, polias de sincroniza\u00e7\u00e3o, buchas e outros. Nossos produtos s\u00e3o de alta qualidade, dispon\u00edveis a pre\u00e7os preferenciais e v\u00eam com servi\u00e7os atenciosos. Damos as boas-vindas aos clientes para personalizar com fotos e amostras.<\/p>\n<p><img decoding=\"async\" src=\"https:\/\/images.ever-power.net\/2019\/07\/ep_ep_pto-shaft-4.webp\" alt=\"Outros produtos da nossa empresa\" \/><\/p>\n<h2>Perguntas e Respostas<\/h2>\n<h3>Q1. Para que \u00e9 usado o eixo cardan do trator?<\/h3>\n<p>A1. O eixo cardan do trator (eixo de tomada de for\u00e7a) \u00e9 usado para transmitir pot\u00eancia do trator para os implementos acoplados, como cortadores de grama, arados e cultivadores.<\/p>\n<h3>Q2. Quais s\u00e3o as vantagens do eixo cardan do trator?<\/h3>\n<p>A2. O eixo cardan do trator \u00e9 dur\u00e1vel, vers\u00e1til e f\u00e1cil de instalar e manter.<\/p>\n<h3>Q3. Quais s\u00e3o os diferentes tipos de eixo cardan e eixo de tomada de for\u00e7a do trator?<\/h3>\n<p>A3. O eixo cardan do trator O eixo da tomada de for\u00e7a \u00e9 classificado em diferentes tipos com base em suas especifica\u00e7\u00f5es, como n\u00famero de dentes, processamento do garfo, tipo de garfo, processamento do tubo, kit transversal e tipo de estria.<\/p>\n<h3>Q4. Quais s\u00e3o os materiais de produto dispon\u00edveis para o eixo cardan do trator?<\/h3>\n<p>A4. O eixo cardan do trator PTO Shaft \u00e9 feito de a\u00e7o de alta qualidade. Os tubos s\u00e3o feitos de tubos triangulares, e o jugo \u00e9 forjado.<\/p>\n<h3>Q5. Como voc\u00ea instala, faz a manuten\u00e7\u00e3o e repara o eixo cardan do trator?<\/h3>\n<p>A5. O eixo cardan do trator PTO Shaft \u00e9 f\u00e1cil de instalar e manter. Ele requer lubrifica\u00e7\u00e3o peri\u00f3dica e deve ser inspecionado regularmente para quaisquer sinais de desgaste. Se algum problema for detectado, o eixo cardan deve ser reparado ou substitu\u00eddo imediatamente para evitar mais danos.<\/p>\n<p>Autor: lmc<\/p>\n<h3 style=\"color:red;\">Aviso Legal: Todo o conte\u00fado da p\u00e1gina vem da Internet, e o conte\u00fado \u00e9 usado apenas como refer\u00eancia para sele\u00e7\u00e3o de produtos. Nossos produtos s\u00e3o acess\u00f3rios e n\u00e3o pe\u00e7as de reposi\u00e7\u00e3o originais; n\u00e3o somos detentores da marca registrada original do conte\u00fado. Nossos produtos s\u00e3o adequados apenas para acess\u00f3rios de reposi\u00e7\u00e3o e n\u00e3o para pe\u00e7as de reposi\u00e7\u00e3o originais. Nossos acess\u00f3rios podem se encaixar perfeitamente nas pe\u00e7as de reposi\u00e7\u00e3o originais; se voc\u00ea precisar comprar pe\u00e7as de reposi\u00e7\u00e3o originais, entre em contato com a f\u00e1brica original para comprar.<\/h3>","protected":false},"excerpt":{"rendered":"<p>Everything You Need to Know About the Tractor Cardan Shaft PTO Shaft for Agricultural Equipment The Tractor Cardan Shaft PTO Shaft for Agricultural Equipment is a highly essential component for various kinds of tractors and farm implements. It is used to transmit power from the tractor to the attached implements such as mowers, plows, and [&hellip;]<\/p>","protected":false},"featured_media":6003,"template":"","meta":{"_et_pb_use_builder":"","_et_pb_old_content":"","_et_gb_content_width":""},"product_brand":[],"product_cat":[11315],"product_tag":[],"class_list":{"0":"post-6097","1":"product","2":"type-product","3":"status-publish","4":"has-post-thumbnail","6":"product_cat-pto-shaft","8":"first","9":"instock","10":"shipping-taxable","11":"product-type-simple"},"_links":{"self":[{"href":"https:\/\/agricultural-gear-boxes.com\/pt\/wp-json\/wp\/v2\/product\/6097","targetHints":{"allow":["GET"]}}],"collection":[{"href":"https:\/\/agricultural-gear-boxes.com\/pt\/wp-json\/wp\/v2\/product"}],"about":[{"href":"https:\/\/agricultural-gear-boxes.com\/pt\/wp-json\/wp\/v2\/types\/product"}],"wp:featuredmedia":[{"embeddable":true,"href":"https:\/\/agricultural-gear-boxes.com\/pt\/wp-json\/wp\/v2\/media\/6003"}],"wp:attachment":[{"href":"https:\/\/agricultural-gear-boxes.com\/pt\/wp-json\/wp\/v2\/media?parent=6097"}],"wp:term":[{"taxonomy":"product_brand","embeddable":true,"href":"https:\/\/agricultural-gear-boxes.com\/pt\/wp-json\/wp\/v2\/product_brand?post=6097"},{"taxonomy":"product_cat","embeddable":true,"href":"https:\/\/agricultural-gear-boxes.com\/pt\/wp-json\/wp\/v2\/product_cat?post=6097"},{"taxonomy":"product_tag","embeddable":true,"href":"https:\/\/agricultural-gear-boxes.com\/pt\/wp-json\/wp\/v2\/product_tag?post=6097"}],"curies":[{"name":"wp","href":"https:\/\/api.w.org\/{rel}","templated":true}]}}