{"id":6101,"date":"2024-10-30T06:28:27","date_gmt":"2024-10-30T06:28:27","guid":{"rendered":"https:\/\/agricultural-gear-boxes.com\/product\/pto-shaft-t4-1300-05b05b-yiiip-40hp-shaft-pto-for-farming-equipment-machine-parts\/"},"modified":"2024-10-30T06:28:28","modified_gmt":"2024-10-30T06:28:28","slug":"pto-shaft-t4-1300-05b05b-yiiip-40hp-shaft-pto-for-farming-equipment-machine-parts","status":"publish","type":"product","link":"https:\/\/agricultural-gear-boxes.com\/pt\/product\/pto-shaft-t4-1300-05b05b-yiiip-40hp-shaft-pto-for-farming-equipment-machine-parts\/","title":{"rendered":"EIXO TDF T4 1300 05B05B YIIIP 40hp eixo pto para pe\u00e7as de m\u00e1quinas de equipamentos agr\u00edcolas"},"content":{"rendered":"<h2>Eixo de tomada de for\u00e7a T4 1300 05B05B YIIIP 40hp Pe\u00e7as de trator Eixo de transmiss\u00e3o<\/h2>\n<p>The PTO Shaft T4 1300 05B05B YIIIP 40hp Tractor Parts Transmission Shaft is a highly efficient power transmission component used in various agricultural implements, tractors, and other machinery. Made of high-quality steel, this shaft has a 1 3\/8&#8221; Z6 teeth size and a cross kit of 27*74.6. The yoke type of this shaft is 05B push pin yoke which is forged. It has CE, ISO, and TS certificates and is cold-drawn processed. It is easy to install, maintain, and repair.<\/p>\n<h3>Cen\u00e1rios de uso comum<\/h3>\n<p>The PTO Shaft T4 1300 05B05B YIIIP 40hp Tractor Parts Transmission Shaft is commonly used in hotels, garment shops, building material shops, manufacturing plants, machinery repair shops, food &#038; beverage factories, farms, restaurants, homes, retail shops, printing shops, construction works, energy &#038; mining, food &#038; beverage shops, and other industries. It is perfect for use in tractors and farm implements.<\/p>\n<p><img decoding=\"async\" src=\"https:\/\/images.hzpt.com\/2023\/06\/xe4ye4bO-PTO-Shaft-Common-Applications.webp\" alt=\"Aplica\u00e7\u00f5es comuns do eixo de tomada de for\u00e7a\" \/><\/p>\n<h3>Vantagens<\/h3>\n<ul>\n<li>Componente de transmiss\u00e3o de energia altamente eficiente.<\/li>\n<li>Feito de a\u00e7o de alta qualidade.<\/li>\n<li>Processado por trefila\u00e7\u00e3o a frio.<\/li>\n<li>F\u00e1cil de instalar, manter e reparar.<\/li>\n<\/ul>\n<h3>Materiais do produto<\/h3>\n<p>The PTO Shaft T4 1300 05B05B YIIIP 40hp Tractor Parts Transmission Shaft is made of high-quality steel which makes it durable and long-lasting. The shaft has a 1 3\/8&#8221; Z6 teeth size and cross kit of 27*74.6. The yoke type of this shaft is 05B push pin yoke which is forged. It has CE, ISO, and TS certificates and is cold-drawn processed.<\/p>\n<h3>Como instalar, manter e reparar o produto<\/h3>\n<ul>\n<li>Instala\u00e7\u00e3o: O eixo de transmiss\u00e3o PTO Shaft T4 1300 05B05B YIIIP 40hp Tractor Parts \u00e9 f\u00e1cil de instalar e vem com instru\u00e7\u00f5es de instala\u00e7\u00e3o. \u00c9 importante seguir as instru\u00e7\u00f5es cuidadosamente para garantir que o eixo seja instalado corretamente.<\/li>\n<li>Manuten\u00e7\u00e3o: A manuten\u00e7\u00e3o regular \u00e9 importante para manter o eixo de transmiss\u00e3o PTO Shaft T4 1300 05B05B YIIIP 40hp Tractor Parts em boas condi\u00e7\u00f5es. \u00c9 importante limpar e lubrificar o eixo para evitar ferrugem e desgaste.<\/li>\n<li>Reparo: Se o eixo de transmiss\u00e3o do eixo de transmiss\u00e3o PTO Shaft T4 1300 05B05B YIIIP 40hp Tractor Parts estiver danificado, \u00e9 importante repar\u00e1-lo o mais r\u00e1pido poss\u00edvel. \u00c9 recomend\u00e1vel procurar ajuda profissional para reparar o eixo.<\/li>\n<\/ul>\n<h3>Outros produtos oferecidos pela empresa<\/h3>\n<p>N\u00f3s fornecemos principalmente v\u00e1rias engrenagens pl\u00e1sticas industriais, como caixas de engrenagens agr\u00edcolas, eixos de sa\u00edda de pot\u00eancia, rodas dentadas, acoplamentos hidr\u00e1ulicos, redutores de engrenagem sem-fim, cremalheiras de engrenagens, correntes remov\u00edveis, polias e polias, caixas de engrenagens planet\u00e1rias, polias de sincroniza\u00e7\u00e3o, buchas, etc. Nossa empresa oferece produtos de alta qualidade, pre\u00e7os preferenciais e servi\u00e7os atenciosos. Damos as boas-vindas aos clientes para personalizar nossos produtos com fotos e amostras.<\/p>\n<p><img decoding=\"async\" src=\"https:\/\/images.ever-power.net\/2019\/07\/ep_ep_pto-shaft-4.webp\" alt=\"Eixo de tomada de for\u00e7a\" \/><\/p>\n<h2>Perguntas e Respostas<\/h2>\n<h3>Q1. Qual \u00e9 o material usado na fabrica\u00e7\u00e3o do eixo de transmiss\u00e3o do eixo de tomada de for\u00e7a T4 1300 05B05B YIIIP 40hp Tractor Parts?<\/h3>\n<p>A. O eixo de transmiss\u00e3o do eixo de tomada de for\u00e7a T4 1300 05B05B YIIIP 40 hp para tratores \u00e9 feito de a\u00e7o de alta qualidade, o que o torna dur\u00e1vel e duradouro.<\/p>\n<h3>Q2. Qual \u00e9 o tipo de jugo deste eixo?<\/h3>\n<p>A. O tipo de jugo deste eixo \u00e9 o jugo de pino de press\u00e3o 05B, que \u00e9 forjado.<\/p>\n<h3>Q3. Qual \u00e9 o tamanho dos dentes deste eixo?<\/h3>\n<p>A. The teeth size of this shaft is 1 3\/8&#8221; Z6.<\/p>\n<h3>Q4. Quais ind\u00fastrias normalmente usam o eixo de transmiss\u00e3o de pe\u00e7as de trator PTO Shaft T4 1300 05B05B YIIIP 40hp?<\/h3>\n<p>A. The PTO Shaft T4 1300 05B05B YIIIP 40hp Tractor Parts Transmission Shaft is commonly used in hotels, garment shops, building material shops, manufacturing plants, machinery repair shops, food &#038; beverage factories, farms, restaurants, homes, retail shops, printing shops, construction works, energy &#038; mining, food &#038; beverage shops, and other industries.<\/p>\n<h3>Q5. Como o eixo de transmiss\u00e3o do eixo de tomada de for\u00e7a T4 1300 05B05B YIIIP 40hp Tractor Parts \u00e9 processado?<\/h3>\n<p>A. O eixo de transmiss\u00e3o do eixo de tomada de for\u00e7a T4 1300 05B05B YIIIP 40 hp \u00e9 processado por trefila\u00e7\u00e3o a frio.<\/p>\n<h4>Autor: lmc<\/h4>\n<p style=\"color:red;\">Todo o conte\u00fado da p\u00e1gina vem da Internet, e o conte\u00fado \u00e9 usado apenas como refer\u00eancia para sele\u00e7\u00e3o de produtos. Nossos produtos s\u00e3o acess\u00f3rios e n\u00e3o pe\u00e7as de reposi\u00e7\u00e3o originais; n\u00e3o somos detentores da marca registrada original do conte\u00fado. Nossos produtos s\u00e3o adequados apenas para acess\u00f3rios de reposi\u00e7\u00e3o e n\u00e3o para pe\u00e7as de reposi\u00e7\u00e3o originais. Nossos acess\u00f3rios podem se encaixar perfeitamente nas pe\u00e7as de reposi\u00e7\u00e3o originais; se voc\u00ea precisar comprar pe\u00e7as de reposi\u00e7\u00e3o originais, entre em contato com a f\u00e1brica original para comprar.<\/p>","protected":false},"excerpt":{"rendered":"<p>PTO Shaft T4 1300 05B05B YIIIP 40hp Tractor Parts Transmission Shaft The PTO Shaft T4 1300 05B05B YIIIP 40hp Tractor Parts Transmission Shaft is a highly efficient power transmission component used in various agricultural implements, tractors, and other machinery. Made of high-quality steel, this shaft has a 1 3\/8&#8221; Z6 teeth size and a cross [&hellip;]<\/p>","protected":false},"featured_media":6011,"template":"","meta":{"_et_pb_use_builder":"","_et_pb_old_content":"","_et_gb_content_width":""},"product_brand":[],"product_cat":[11315],"product_tag":[],"class_list":{"0":"post-6101","1":"product","2":"type-product","3":"status-publish","4":"has-post-thumbnail","6":"product_cat-pto-shaft","8":"first","9":"instock","10":"shipping-taxable","11":"product-type-simple"},"_links":{"self":[{"href":"https:\/\/agricultural-gear-boxes.com\/pt\/wp-json\/wp\/v2\/product\/6101","targetHints":{"allow":["GET"]}}],"collection":[{"href":"https:\/\/agricultural-gear-boxes.com\/pt\/wp-json\/wp\/v2\/product"}],"about":[{"href":"https:\/\/agricultural-gear-boxes.com\/pt\/wp-json\/wp\/v2\/types\/product"}],"wp:featuredmedia":[{"embeddable":true,"href":"https:\/\/agricultural-gear-boxes.com\/pt\/wp-json\/wp\/v2\/media\/6011"}],"wp:attachment":[{"href":"https:\/\/agricultural-gear-boxes.com\/pt\/wp-json\/wp\/v2\/media?parent=6101"}],"wp:term":[{"taxonomy":"product_brand","embeddable":true,"href":"https:\/\/agricultural-gear-boxes.com\/pt\/wp-json\/wp\/v2\/product_brand?post=6101"},{"taxonomy":"product_cat","embeddable":true,"href":"https:\/\/agricultural-gear-boxes.com\/pt\/wp-json\/wp\/v2\/product_cat?post=6101"},{"taxonomy":"product_tag","embeddable":true,"href":"https:\/\/agricultural-gear-boxes.com\/pt\/wp-json\/wp\/v2\/product_tag?post=6101"}],"curies":[{"name":"wp","href":"https:\/\/api.w.org\/{rel}","templated":true}]}}