{"id":6102,"date":"2024-10-30T06:28:30","date_gmt":"2024-10-30T06:28:30","guid":{"rendered":"https:\/\/agricultural-gear-boxes.com\/product\/customized-size-pto-shaft-t4-1300-05b05b-yiiip-40hp-tractor-parts-transmission-shaft-combine-harvester\/"},"modified":"2024-10-30T06:28:30","modified_gmt":"2024-10-30T06:28:30","slug":"customized-size-pto-shaft-t4-1300-05b05b-yiiip-40hp-tractor-parts-transmission-shaft-combine-harvester","status":"publish","type":"product","link":"https:\/\/agricultural-gear-boxes.com\/pt\/product\/customized-size-pto-shaft-t4-1300-05b05b-yiiip-40hp-tractor-parts-transmission-shaft-combine-harvester\/","title":{"rendered":"Tamanho personalizado PTO SHAFT T4 1300 05B05B YIIIP 40hp Trator Pe\u00e7as Eixo de Transmiss\u00e3o colheitadeira"},"content":{"rendered":"<h2>Tamanho personalizado PTO Shaft T4 1300 05B05B YIIIP 40hp Trator Pe\u00e7as Eixo de Transmiss\u00e3o colheitadeira<\/h2>\n<p>O eixo de transmiss\u00e3o de eixo de tomada de for\u00e7a de tamanho personalizado T4 1300 05B05B YIIIP 40hp Tractor Parts Transmission Shaft da colheitadeira \u00e9 um novo produto que ganhou grande reputa\u00e7\u00e3o no mercado. \u00c9 aplic\u00e1vel para v\u00e1rias ind\u00fastrias, como hot\u00e9is, lojas de roupas, lojas de materiais de constru\u00e7\u00e3o, f\u00e1bricas, oficinas de reparo de m\u00e1quinas, f\u00e1bricas de alimentos e bebidas, fazendas, restaurantes, uso dom\u00e9stico, varejo, lojas de alimentos, gr\u00e1ficas, obras de constru\u00e7\u00e3o, energia e minera\u00e7\u00e3o, lojas de alimentos e bebidas e outros.<\/p>\n<p>The PTO Shaft T4 1300 05B05B YIIIP 40hp Tractor Parts Transmission Shaft combine harvester comes with a warranty of one year and weighs around 18 KG. The packaging of the product comes with a plastic bag, wooden case, and customized packaging according to customer&#8217;s request. It has a CE, ISO, and TS certificate, and the processing of the yoke is forged, while the tube is cold-drawn. The material used in the product is steel, and the tubes are triangular tubes. The cross kit is 27*74.6, and the yoke is 05B push pin yoke.<\/p>\n<p>The product has various usage scenarios such as tractors and farm implements and can be used for drive shaft parts and power transmission. The PTO Shaft T4 1300 05B05B YIIIP 40hp Tractor Parts Transmission Shaft combine harvester has teeth of 1 3\/8&#8221; Z6. The product&#8217;s history dates back to the early days of farming, where farmers used horses to pull equipment in the fields. As the demand for larger, more efficient equipment grew, the PTO Shaft T4 1300 05B05B YIIIP 40hp Tractor Parts Transmission Shaft combine harvester became a crucial part of the farming industry. <\/p>\n<p>The product has various classifications, such as Lemon, Triangular, Star, Square, Hexangular, Spline, and Special. The product&#8217;s advantages include high efficiency, durability, and cost-effectiveness. The PTO Shaft T4 1300 05B05B YIIIP 40hp Tractor Parts Transmission Shaft combine harvester can be installed easily and maintained with minimal effort. In case of damage or replacement, the product can be repaired or replaced easily. <\/p>\n<h3>Materiais de produtos dispon\u00edveis<\/h3>\n<ul>\n<li>A\u00e7o<\/li>\n<li>Alum\u00ednio<\/li>\n<li>Ferro fundido<\/li>\n<li>Lat\u00e3o<\/li>\n<li>Cobre<\/li>\n<\/ul>\n<h3>Como instalar, manter e reparar o produto?<\/h3>\n<p>The PTO Shaft T4 1300 05B05B YIIIP 40hp Tractor Parts Transmission Shaft combine harvester can be installed easily by following the manufacturer&#8217;s instructions. It can be maintained by periodically cleaning and lubricating the parts. In case of repair, it should be done by a professional to ensure the product&#8217;s durability and efficiency. <\/p>\n<p><img decoding=\"async\" src=\"https:\/\/images.hzpt.com\/2023\/06\/xe4ye4bO-PTO-Shaft-Common-Applications.webp\" alt=\"Aplica\u00e7\u00f5es comuns do eixo de tomada de for\u00e7a\"><\/p>\n<h2>Outros neg\u00f3cios de produtos<\/h2>\n<p>N\u00f3s fornecemos principalmente v\u00e1rias engrenagens pl\u00e1sticas industriais, como caixas de engrenagens agr\u00edcolas, eixos de sa\u00edda de pot\u00eancia, rodas dentadas, acoplamentos hidr\u00e1ulicos, redutores de engrenagem sem-fim, cremalheiras de engrenagens, correntes remov\u00edveis, polias e polias, caixas de engrenagens planet\u00e1rias, polias de sincroniza\u00e7\u00e3o, buchas, etc. Nossos produtos v\u00eam com alta qualidade, pre\u00e7os preferenciais e servi\u00e7os atenciosos. Os clientes podem personalizar seus produtos com fotos e amostras.<\/p>\n<p><img decoding=\"async\" src=\"https:\/\/images.ever-power.net\/2019\/07\/ep_ep_pto-shaft-4.webp\" alt=\"Eixo de tomada de for\u00e7a\"><\/p>\n<h2>Perguntas e Respostas<\/h2>\n<h3>P: Quais ind\u00fastrias podem usar o eixo de transmiss\u00e3o de pe\u00e7as de trator PTO Shaft T4 1300 05B05B YIIIP 40hp da colheitadeira?<\/h3>\n<p>R: O eixo de transmiss\u00e3o do eixo de tomada de for\u00e7a T4 1300 05B05B YIIIP 40 hp para tratores de colheitadeiras \u00e9 aplic\u00e1vel para ind\u00fastrias como hot\u00e9is, lojas de roupas, lojas de materiais de constru\u00e7\u00e3o, f\u00e1bricas, oficinas de conserto de m\u00e1quinas, f\u00e1bricas de alimentos e bebidas, fazendas, restaurantes, uso dom\u00e9stico, varejo, lojas de alimentos, gr\u00e1ficas, obras de constru\u00e7\u00e3o, energia e minera\u00e7\u00e3o, lojas de alimentos e bebidas e outros.<\/p>\n<h3>P: Qual \u00e9 o per\u00edodo de garantia do eixo de transmiss\u00e3o do eixo de tomada de for\u00e7a T4 1300 05B05B YIIIP 40 hp para tratores da colheitadeira?<\/h3>\n<p>R: O per\u00edodo de garantia para o eixo de transmiss\u00e3o do eixo de tomada de for\u00e7a T4 1300 05B05B YIIIP 40 hp da colheitadeira \u00e9 de um ano.<\/p>\n<h3>P: Qual \u00e9 o peso do eixo de transmiss\u00e3o do eixo de tomada de for\u00e7a T4 1300 05B05B YIIIP 40 hp para tratores da colheitadeira?<\/h3>\n<p>R: O peso do eixo de transmiss\u00e3o do eixo de tomada de for\u00e7a T4 1300 05B05B YIIIP 40 hp para tratores da colheitadeira \u00e9 de cerca de 18 kg.<\/p>\n<h3>P: Quais s\u00e3o os materiais de produto dispon\u00edveis para o eixo de transmiss\u00e3o do eixo de tomada de for\u00e7a T4 1300 05B05B YIIIP 40 hp da colheitadeira?<\/h3>\n<p>R: Os materiais de produto dispon\u00edveis para o eixo de transmiss\u00e3o do eixo de tomada de for\u00e7a T4 1300 05B05B YIIIP 40 hp da colheitadeira incluem a\u00e7o, alum\u00ednio, ferro fundido, lat\u00e3o e cobre.<\/p>\n<h3>P: Quais s\u00e3o as vantagens do eixo de transmiss\u00e3o do eixo de tomada de for\u00e7a T4 1300 05B05B YIIIP 40 hp para tratores da colheitadeira?<\/h3>\n<p>R: As vantagens do eixo de transmiss\u00e3o do eixo de tomada de for\u00e7a T4 1300 05B05B YIIIP 40 hp para tratores da colheitadeira s\u00e3o alta efici\u00eancia, durabilidade e custo-benef\u00edcio.<\/p>\n<h3>P: Como posso instalar, manter e reparar o eixo de transmiss\u00e3o do eixo de tomada de for\u00e7a T4 1300 05B05B YIIIP 40 hp da colheitadeira?<\/h3>\n<p>A: The PTO Shaft T4 1300 05B05B YIIIP 40hp Tractor Parts Transmission Shaft combine harvester can be easily installed by following the manufacturer&#8217;s instructions. It can be maintained by periodically cleaning and lubricating the parts. In case of repair, it should be done by a professional to ensure the product&#8217;s durability and efficiency.<\/p>\n<p style=\"color:red;\">Todo o conte\u00fado desta p\u00e1gina vem da Internet e \u00e9 usado apenas como refer\u00eancia para sele\u00e7\u00e3o de produtos. Nossos produtos s\u00e3o acess\u00f3rios e n\u00e3o pe\u00e7as de reposi\u00e7\u00e3o originais. N\u00e3o somos detentores da marca registrada original do conte\u00fado. Nossos produtos s\u00e3o adequados apenas para acess\u00f3rios de reposi\u00e7\u00e3o e n\u00e3o para pe\u00e7as de reposi\u00e7\u00e3o originais. Nossos acess\u00f3rios podem se encaixar perfeitamente nas pe\u00e7as de reposi\u00e7\u00e3o originais. Se voc\u00ea precisar comprar pe\u00e7as de reposi\u00e7\u00e3o originais, entre em contato com a f\u00e1brica original para comprar.<\/p>\n<p>Autor: lmc<\/p>","protected":false},"excerpt":{"rendered":"<p>Customized Size PTO Shaft T4 1300 05B05B YIIIP 40hp Tractor Parts Transmission Shaft combine harvester The Customized Size PTO Shaft T4 1300 05B05B YIIIP 40hp Tractor Parts Transmission Shaft combine harvester is a new product that has gained great reputation in the market. It is applicable for various industries such as hotels, garment shops, building [&hellip;]<\/p>","protected":false},"featured_media":6013,"template":"","meta":{"_et_pb_use_builder":"","_et_pb_old_content":"","_et_gb_content_width":""},"product_brand":[],"product_cat":[11315],"product_tag":[],"class_list":{"0":"post-6102","1":"product","2":"type-product","3":"status-publish","4":"has-post-thumbnail","6":"product_cat-pto-shaft","8":"first","9":"instock","10":"shipping-taxable","11":"product-type-simple"},"_links":{"self":[{"href":"https:\/\/agricultural-gear-boxes.com\/pt\/wp-json\/wp\/v2\/product\/6102","targetHints":{"allow":["GET"]}}],"collection":[{"href":"https:\/\/agricultural-gear-boxes.com\/pt\/wp-json\/wp\/v2\/product"}],"about":[{"href":"https:\/\/agricultural-gear-boxes.com\/pt\/wp-json\/wp\/v2\/types\/product"}],"wp:featuredmedia":[{"embeddable":true,"href":"https:\/\/agricultural-gear-boxes.com\/pt\/wp-json\/wp\/v2\/media\/6013"}],"wp:attachment":[{"href":"https:\/\/agricultural-gear-boxes.com\/pt\/wp-json\/wp\/v2\/media?parent=6102"}],"wp:term":[{"taxonomy":"product_brand","embeddable":true,"href":"https:\/\/agricultural-gear-boxes.com\/pt\/wp-json\/wp\/v2\/product_brand?post=6102"},{"taxonomy":"product_cat","embeddable":true,"href":"https:\/\/agricultural-gear-boxes.com\/pt\/wp-json\/wp\/v2\/product_cat?post=6102"},{"taxonomy":"product_tag","embeddable":true,"href":"https:\/\/agricultural-gear-boxes.com\/pt\/wp-json\/wp\/v2\/product_tag?post=6102"}],"curies":[{"name":"wp","href":"https:\/\/api.w.org\/{rel}","templated":true}]}}