{"id":6104,"date":"2024-10-30T06:28:35","date_gmt":"2024-10-30T06:28:35","guid":{"rendered":"https:\/\/agricultural-gear-boxes.com\/product\/machinery-parts-t6-1300-01b01b-yiip-pto-drive-shaft-for-agricultural-machine-tractor-pto-shaft-triangle-pipe\/"},"modified":"2024-10-30T06:28:35","modified_gmt":"2024-10-30T06:28:35","slug":"machinery-parts-t6-1300-01b01b-yiip-pto-drive-shaft-for-agricultural-machine-tractor-pto-shaft-triangle-pipe","status":"publish","type":"product","link":"https:\/\/agricultural-gear-boxes.com\/pt\/product\/machinery-parts-t6-1300-01b01b-yiip-pto-drive-shaft-for-agricultural-machine-tractor-pto-shaft-triangle-pipe\/","title":{"rendered":"Pe\u00e7as de m\u00e1quinas T6 1300 01B01B YIIP eixo de transmiss\u00e3o pto para m\u00e1quina agr\u00edcola trator eixo pto tubo triangular"},"content":{"rendered":"<h2>T\u00edtulo do produto: T6 1300 01B01B YIIP PTO Eixo de transmiss\u00e3o para trator de m\u00e1quina agr\u00edcola<\/h2>\n<p>O eixo de transmiss\u00e3o T6 1300 01B01B YIIP PTO \u00e9 uma pe\u00e7a de maquin\u00e1rio de alta qualidade projetada para m\u00e1quinas agr\u00edcolas e tratores. \u00c9 comumente usado em v\u00e1rios setores, como hot\u00e9is, lojas de roupas, f\u00e1bricas e fazendas. Este eixo de transmiss\u00e3o \u00e9 projetado especificamente para tratores e implementos agr\u00edcolas, fornecendo transmiss\u00e3o de energia confi\u00e1vel para opera\u00e7\u00e3o eficiente.<\/p>\n<p><strong>Especifica\u00e7\u00f5es do produto:<\/strong><\/p>\n<ul>\n<li>Condi\u00e7\u00e3o: Novo<\/li>\n<li>Garantia: 1 ano<\/li>\n<li>Peso: 15 KG<\/li>\n<li>Localiza\u00e7\u00e3o do Showroom: Nenhum<\/li>\n<li>V\u00eddeo de inspe\u00e7\u00e3o de sa\u00edda: Fornecido<\/li>\n<li>Relat\u00f3rio de teste de m\u00e1quinas: fornecido<\/li>\n<li>Tipo de marketing: produto comum<\/li>\n<li>Tipo: Eixos<\/li>\n<li>Uso: Tratores<\/li>\n<li>Nome do produto: T6 1300 01B01B YIIP PTO Eixo de transmiss\u00e3o para trator de m\u00e1quina agr\u00edcola<\/li>\n<li>Uso: Tratores e implementos agr\u00edcolas<\/li>\n<li>Teeth: 1 3\/8&#8221; Z6<\/li>\n<li>Processamento de Jugo: Forja<\/li>\n<li>Certificado: CE, ISO e TS<\/li>\n<li>Processamento de Tubo: Trefilado a Frio<\/li>\n<li>Material: A\u00e7o<\/li>\n<li>Tubos: Tubos Triangulares<\/li>\n<li>Kit cruzado: 30,2*92<\/li>\n<li>Jugo: jugo de pino de press\u00e3o 05B<\/li>\n<\/ul>\n<p><strong>Caracter\u00edsticas do produto:<\/strong><\/p>\n<ul>\n<li>Material de a\u00e7o de alta qualidade para durabilidade e resist\u00eancia<\/li>\n<li>Jugo forjado para melhor desempenho<\/li>\n<li>Tubos triangulares trefilados a frio para transmiss\u00e3o eficiente de energia<\/li>\n<li>1 3\/8&#8221; Z6 teeth for secure connection<\/li>\n<li>Certificados CE, ISO e TS para garantia de qualidade<\/li>\n<\/ul>\n<p><strong>Aplica\u00e7\u00f5es comuns:<\/strong><\/p>\n<p>O eixo de transmiss\u00e3o T6 1300 01B01B YIIP PTO \u00e9 amplamente utilizado em v\u00e1rios cen\u00e1rios, incluindo:<\/p>\n<ul>\n<li>M\u00e1quinas agr\u00edcolas movidas a trator<\/li>\n<li>Implementos e equipamentos agr\u00edcolas<\/li>\n<li>M\u00e1quinas de constru\u00e7\u00e3o<\/li>\n<li>Equipamento de minera\u00e7\u00e3o<\/li>\n<\/ul>\n<p><img decoding=\"async\" src=\"https:\/\/images.hzpt.com\/2023\/06\/xe4ye4bO-PTO-Shaft-Common-Applications.webp\" alt=\"Aplica\u00e7\u00f5es comuns do eixo de tomada de for\u00e7a\"><\/p>\n<p>Com seu design vers\u00e1til e desempenho confi\u00e1vel, este eixo de transmiss\u00e3o \u00e9 um componente crucial para garantir a opera\u00e7\u00e3o suave de tratores e m\u00e1quinas agr\u00edcolas.<\/p>\n<p><strong>Manuten\u00e7\u00e3o e reparo do produto:<\/strong><\/p>\n<ul>\n<li>Inspecione regularmente o eixo de transmiss\u00e3o para detectar sinais de desgaste ou danos<\/li>\n<li>Mantenha o eixo devidamente lubrificado para uma opera\u00e7\u00e3o suave<\/li>\n<li>Substitua imediatamente quaisquer pe\u00e7as gastas ou danificadas<\/li>\n<li>Follow the manufacturer&#8217;s guidelines for installation and maintenance<\/li>\n<\/ul>\n<p><strong>Outros produtos:<\/strong><\/p>\n<p>Al\u00e9m de eixos de transmiss\u00e3o PTO, nossa empresa tamb\u00e9m \u00e9 especializada em fornecer uma ampla gama de engrenagens e acess\u00f3rios pl\u00e1sticos industriais. Nossas ofertas de produtos incluem:<\/p>\n<ul>\n<li>Caixas de engrenagens agr\u00edcolas<\/li>\n<li>Eixos de sa\u00edda de pot\u00eancia<\/li>\n<li>Rodas dentadas<\/li>\n<li>Acoplamentos hidr\u00e1ulicos<\/li>\n<li>Redutores de engrenagem sem-fim<\/li>\n<li>Cremalheiras de engrenagens<\/li>\n<li>Correntes remov\u00edveis<\/li>\n<li>Polias e roldanas<\/li>\n<li>Caixas de engrenagens planet\u00e1rias<\/li>\n<li>Polias de sincroniza\u00e7\u00e3o<\/li>\n<li>Buchas<\/li>\n<\/ul>\n<p>Com produtos de alta qualidade, pre\u00e7os competitivos e excelente atendimento ao cliente, nos esfor\u00e7amos para atender \u00e0s diversas necessidades de nossos clientes. Aceitamos solicita\u00e7\u00f5es de personaliza\u00e7\u00e3o com base em seus requisitos espec\u00edficos e oferecemos entrega pontual. Confira nossa ampla gama de produtos e experimente nosso servi\u00e7o excepcional.<\/p>\n<p><img decoding=\"async\" src=\"https:\/\/images.ever-power.net\/2019\/07\/ep_ep_pto-shaft-4.webp\" alt=\"Promo\u00e7\u00e3o do eixo de tomada de for\u00e7a\"><\/p>\n<p><strong>PERGUNTAS FREQUENTES:<\/strong><\/p>\n<h3>P: Qual \u00e9 o per\u00edodo de garantia do eixo de transmiss\u00e3o da tomada de for\u00e7a T6 1300 01B01B YIIP?<\/h3>\n<p>R: O per\u00edodo de garantia deste eixo de transmiss\u00e3o \u00e9 de 1 ano, proporcionando tranquilidade e garantia de sua qualidade.<\/p>\n<h3>P: Os tubos do eixo de transmiss\u00e3o s\u00e3o feitos de a\u00e7o?<\/h3>\n<p>R: Sim, os tubos s\u00e3o feitos de a\u00e7o de alta qualidade, garantindo durabilidade e transmiss\u00e3o de energia confi\u00e1vel.<\/p>\n<h3>P: O eixo de transmiss\u00e3o da tomada de for\u00e7a T6 1300 01B01B YIIP pode ser usado em outros setores al\u00e9m da agricultura?<\/h3>\n<p>R: Com certeza! Este eixo de transmiss\u00e3o \u00e9 vers\u00e1til e pode ser usado em v\u00e1rias ind\u00fastrias, como constru\u00e7\u00e3o, minera\u00e7\u00e3o e muito mais.<\/p>\n<h3>P: Quais s\u00e3o os materiais de produto dispon\u00edveis para o eixo de transmiss\u00e3o?<\/h3>\n<p>R: O eixo de transmiss\u00e3o \u00e9 feito de a\u00e7o de alta qualidade, garantindo resist\u00eancia e durabilidade para um desempenho duradouro.<\/p>\n<h3>P: Como devo instalar e manter o eixo de transmiss\u00e3o da tomada de for\u00e7a T6 1300 01B01B YIIP?<\/h3>\n<p>A: It is recommended to follow the manufacturer&#8217;s guidelines for installation and maintenance. Regular lubrication and inspection are essential for optimal performance.<\/p>\n<p><em>Autor: lmc<\/em><\/p>\n<p style=\"color: red;\">Aviso Legal: Todo o conte\u00fado desta p\u00e1gina \u00e9 proveniente da internet e \u00e9 fornecido apenas para fins de refer\u00eancia. Nossos produtos s\u00e3o acess\u00f3rios e n\u00e3o pe\u00e7as de reposi\u00e7\u00e3o originais. N\u00e3o possu\u00edmos a marca registrada original do conte\u00fado. Se voc\u00ea precisar de pe\u00e7as de reposi\u00e7\u00e3o originais, entre em contato com os respectivos fabricantes.<\/p>","protected":false},"excerpt":{"rendered":"<p>Product Title: T6 1300 01B01B YIIP PTO Drive Shaft for Agricultural Machine Tractor The T6 1300 01B01B YIIP PTO Drive Shaft is a high-quality machinery part designed for agricultural machines and tractors. It is commonly used in various industries such as hotels, garment shops, manufacturing plants, and farms. This drive shaft is specifically engineered for [&hellip;]<\/p>","protected":false},"featured_media":6017,"template":"","meta":{"_et_pb_use_builder":"","_et_pb_old_content":"","_et_gb_content_width":""},"product_brand":[],"product_cat":[11315],"product_tag":[],"class_list":{"0":"post-6104","1":"product","2":"type-product","3":"status-publish","4":"has-post-thumbnail","6":"product_cat-pto-shaft","8":"first","9":"instock","10":"shipping-taxable","11":"product-type-simple"},"_links":{"self":[{"href":"https:\/\/agricultural-gear-boxes.com\/pt\/wp-json\/wp\/v2\/product\/6104","targetHints":{"allow":["GET"]}}],"collection":[{"href":"https:\/\/agricultural-gear-boxes.com\/pt\/wp-json\/wp\/v2\/product"}],"about":[{"href":"https:\/\/agricultural-gear-boxes.com\/pt\/wp-json\/wp\/v2\/types\/product"}],"wp:featuredmedia":[{"embeddable":true,"href":"https:\/\/agricultural-gear-boxes.com\/pt\/wp-json\/wp\/v2\/media\/6017"}],"wp:attachment":[{"href":"https:\/\/agricultural-gear-boxes.com\/pt\/wp-json\/wp\/v2\/media?parent=6104"}],"wp:term":[{"taxonomy":"product_brand","embeddable":true,"href":"https:\/\/agricultural-gear-boxes.com\/pt\/wp-json\/wp\/v2\/product_brand?post=6104"},{"taxonomy":"product_cat","embeddable":true,"href":"https:\/\/agricultural-gear-boxes.com\/pt\/wp-json\/wp\/v2\/product_cat?post=6104"},{"taxonomy":"product_tag","embeddable":true,"href":"https:\/\/agricultural-gear-boxes.com\/pt\/wp-json\/wp\/v2\/product_tag?post=6104"}],"curies":[{"name":"wp","href":"https:\/\/api.w.org\/{rel}","templated":true}]}}