{"id":6108,"date":"2024-10-30T06:28:47","date_gmt":"2024-10-30T06:28:47","guid":{"rendered":"https:\/\/agricultural-gear-boxes.com\/product\/customized-pto-drive-shaft-for-rotavators-50hp-05b-2100-05b05b-biip-1-3-8z6-pto-shaft-push-pin-splined-forging-yoke\/"},"modified":"2024-10-30T06:28:47","modified_gmt":"2024-10-30T06:28:47","slug":"customized-pto-drive-shaft-for-rotavators-50hp-05b-2100-05b05b-biip-1-3-8z6-pto-shaft-push-pin-splined-forging-yoke","status":"publish","type":"product","link":"https:\/\/agricultural-gear-boxes.com\/pt\/product\/customized-pto-drive-shaft-for-rotavators-50hp-05b-2100-05b05b-biip-1-3-8z6-pto-shaft-push-pin-splined-forging-yoke\/","title":{"rendered":"eixo de transmiss\u00e3o pto personalizado para rotavators 50hp 05B 2100 05B05B BIIP 1 3\/8\u201dZ6 pino de press\u00e3o do eixo pto jugo forjado estriado"},"content":{"rendered":"<h2>Eixo de transmiss\u00e3o de tomada de for\u00e7a personalizado para rotavators<\/h2>\n<p>O eixo de transmiss\u00e3o PTO personalizado para rotavators \u00e9 um produto novo e de alta qualidade, perfeito para tratores e implementos agr\u00edcolas. Ele tem uma constru\u00e7\u00e3o robusta e \u00e9 projetado para durar muito tempo. O produto vem com uma variedade de recursos que o tornam ideal para uso em diferentes cen\u00e1rios. Ele tem garantia de 1 ano e \u00e9 adequado para uso em hot\u00e9is, lojas de roupas, lojas de materiais de constru\u00e7\u00e3o, f\u00e1bricas, oficinas de conserto de m\u00e1quinas, f\u00e1bricas de alimentos e bebidas, fazendas, restaurantes, uso dom\u00e9stico, varejo, lojas de alimentos, gr\u00e1ficas, obras de constru\u00e7\u00e3o, energia e minera\u00e7\u00e3o, lojas de alimentos e bebidas e outras ind\u00fastrias.<\/p>\n<p><img decoding=\"async\" src=\"https:\/\/images.hzpt.com\/2023\/06\/xe4ye4bO-PTO-Shaft-Common-Applications.webp\" alt=\"Aplica\u00e7\u00f5es comuns do eixo de tomada de for\u00e7a\" \/><\/p>\n<h3>Uso<\/h3>\n<p>O eixo de transmiss\u00e3o da TDF \u00e9 comumente usado em tratores e implementos agr\u00edcolas. Ele \u00e9 projetado para conectar a tomada de for\u00e7a do trator aos implementos, que ent\u00e3o transferem a for\u00e7a para o equipamento. O eixo da TDF normalmente tem estrias em ambas as extremidades, que se encaixam com as estrias no trator e no implemento, respectivamente. O eixo da TDF \u00e9 um componente essencial do equipamento e desempenha um papel crucial no funcionamento adequado da m\u00e1quina.<\/p>\n<h3>Vantagens<\/h3>\n<ul>\n<li>O eixo de transmiss\u00e3o da tomada de for\u00e7a foi projetado para durar muito tempo, proporcionando aos usu\u00e1rios um produto confi\u00e1vel e dur\u00e1vel que pode ser usado por muitos anos.<\/li>\n<li>O produto vem com garantia de 1 ano, o que garante que os usu\u00e1rios possam ficar tranquilos sabendo que est\u00e3o cobertos em caso de qualquer problema.<\/li>\n<li>O eixo de transmiss\u00e3o da tomada de for\u00e7a \u00e9 adequado para uso em diversos setores, o que o torna um produto vers\u00e1til que pode ser usado em diferentes aplica\u00e7\u00f5es.<\/li>\n<li>O produto \u00e9 feito de materiais de alta qualidade, o que garante que ele possa suportar as exig\u00eancias de uso pesado.<\/li>\n<\/ul>\n<h3>Materiais do produto<\/h3>\n<p>O eixo de transmiss\u00e3o da TDF \u00e9 feito de materiais de alta qualidade, como tubos triangulares, tubos trefilados a frio e jugos forjados. O produto \u00e9 projetado para ser resistente e dur\u00e1vel, fornecendo aos usu\u00e1rios um produto confi\u00e1vel e duradouro.<\/p>\n<h3>Instala\u00e7\u00e3o, Manuten\u00e7\u00e3o e Reparo<\/h3>\n<p>The PTO drive shaft is easy to install and maintain. It is important to follow the manufacturer&#8217;s instructions when installing the product to ensure that it is done correctly. Regular maintenance is also essential to ensure that the product remains in good condition. If the PTO drive shaft needs repair, it is important to take it to a qualified professional who has experience with this type of machinery.<\/p>\n<h2>Outros produtos<\/h2>\n<p>Al\u00e9m do eixo de transmiss\u00e3o da TDF, nossa empresa tamb\u00e9m fornece v\u00e1rias engrenagens pl\u00e1sticas industriais, como caixas de engrenagens agr\u00edcolas, eixos de sa\u00edda de pot\u00eancia, rodas dentadas, acoplamentos hidr\u00e1ulicos, redutores de engrenagem sem-fim, cremalheiras de engrenagens, correntes remov\u00edveis, polias e polias, caixas de engrenagens planet\u00e1rias, polias de sincroniza\u00e7\u00e3o, buchas e muito mais. Estamos comprometidos em fornecer produtos de alta qualidade a pre\u00e7os competitivos e oferecemos servi\u00e7os atenciosos a todos os nossos clientes.<\/p>\n<p><img decoding=\"async\" src=\"https:\/\/images.ever-power.net\/2019\/07\/ep_ep_pto-shaft-4.webp\" alt=\"Eixo de tomada de for\u00e7a\" \/><\/p>\n<h2>Perguntas e Respostas<\/h2>\n<p>1. O que \u00e9 um eixo de transmiss\u00e3o da tomada de for\u00e7a?<\/p>\n<p>2. Quais ind\u00fastrias s\u00e3o adequadas para usar o eixo de transmiss\u00e3o da tomada de for\u00e7a?<\/p>\n<p>3. Quais s\u00e3o as vantagens do eixo de transmiss\u00e3o da tomada de for\u00e7a?<\/p>\n<p>4. Como o eixo de transmiss\u00e3o da tomada de for\u00e7a \u00e9 instalado?<\/p>\n<p>5. Quais outros produtos a empresa fornece?<\/p>\n<p>1. Um eixo de transmiss\u00e3o da TDF \u00e9 um componente usado em tratores e implementos agr\u00edcolas para conectar a tomada de for\u00e7a do trator aos implementos.<\/p>\n<p>2. O eixo de transmiss\u00e3o da tomada de for\u00e7a \u00e9 adequado para uso em hot\u00e9is, lojas de roupas, lojas de materiais de constru\u00e7\u00e3o, f\u00e1bricas, oficinas de conserto de m\u00e1quinas, f\u00e1bricas de alimentos e bebidas, fazendas, restaurantes, uso dom\u00e9stico, varejo, lojas de alimentos, gr\u00e1ficas, obras de constru\u00e7\u00e3o, energia e minera\u00e7\u00e3o, lojas de alimentos e bebidas e outras ind\u00fastrias.<\/p>\n<p>3. As vantagens do eixo de transmiss\u00e3o da tomada de for\u00e7a incluem sua durabilidade, confiabilidade, versatilidade e materiais de alta qualidade.<\/p>\n<p>4. The PTO drive shaft is easy to install and should be done following the manufacturer&#8217;s instructions. Regular maintenance is also essential to ensure that the product remains in good condition.<\/p>\n<p>5. A empresa fornece diversas engrenagens pl\u00e1sticas industriais, como caixas de engrenagens agr\u00edcolas, eixos de sa\u00edda de pot\u00eancia, rodas dentadas, acoplamentos hidr\u00e1ulicos, redutores de engrenagem sem-fim, cremalheiras, correntes remov\u00edveis, polias e polias, caixas de engrenagens planet\u00e1rias, polias de sincroniza\u00e7\u00e3o, buchas e muito mais.<\/p>\n<p style=\"color:red\">Aviso Legal: Todo o conte\u00fado da p\u00e1gina vem da Internet, e o conte\u00fado \u00e9 usado apenas como refer\u00eancia para sele\u00e7\u00e3o de produtos. Nossos produtos s\u00e3o acess\u00f3rios e n\u00e3o pe\u00e7as de reposi\u00e7\u00e3o originais; n\u00e3o somos detentores da marca registrada original do conte\u00fado. Nossos produtos s\u00e3o adequados apenas para acess\u00f3rios de reposi\u00e7\u00e3o e n\u00e3o para pe\u00e7as de reposi\u00e7\u00e3o originais. Nossos acess\u00f3rios podem se encaixar perfeitamente nas pe\u00e7as de reposi\u00e7\u00e3o originais; se voc\u00ea precisar comprar pe\u00e7as de reposi\u00e7\u00e3o originais, entre em contato com a f\u00e1brica original para comprar.<\/p>\n<p>Autor: lmc<\/p>","protected":false},"excerpt":{"rendered":"<p>Customized PTO Drive Shaft for Rotavators The customized PTO drive shaft for rotavators is a new and high-quality product that is perfect for tractors and farm implements. It has a sturdy construction and is designed to last for a long time. The product comes with a variety of features that make it ideal for use [&hellip;]<\/p>","protected":false},"featured_media":6107,"template":"","meta":{"_et_pb_use_builder":"","_et_pb_old_content":"","_et_gb_content_width":""},"product_brand":[],"product_cat":[11315],"product_tag":[],"class_list":{"0":"post-6108","1":"product","2":"type-product","3":"status-publish","4":"has-post-thumbnail","6":"product_cat-pto-shaft","8":"first","9":"instock","10":"shipping-taxable","11":"product-type-simple"},"_links":{"self":[{"href":"https:\/\/agricultural-gear-boxes.com\/pt\/wp-json\/wp\/v2\/product\/6108","targetHints":{"allow":["GET"]}}],"collection":[{"href":"https:\/\/agricultural-gear-boxes.com\/pt\/wp-json\/wp\/v2\/product"}],"about":[{"href":"https:\/\/agricultural-gear-boxes.com\/pt\/wp-json\/wp\/v2\/types\/product"}],"wp:featuredmedia":[{"embeddable":true,"href":"https:\/\/agricultural-gear-boxes.com\/pt\/wp-json\/wp\/v2\/media\/6107"}],"wp:attachment":[{"href":"https:\/\/agricultural-gear-boxes.com\/pt\/wp-json\/wp\/v2\/media?parent=6108"}],"wp:term":[{"taxonomy":"product_brand","embeddable":true,"href":"https:\/\/agricultural-gear-boxes.com\/pt\/wp-json\/wp\/v2\/product_brand?post=6108"},{"taxonomy":"product_cat","embeddable":true,"href":"https:\/\/agricultural-gear-boxes.com\/pt\/wp-json\/wp\/v2\/product_cat?post=6108"},{"taxonomy":"product_tag","embeddable":true,"href":"https:\/\/agricultural-gear-boxes.com\/pt\/wp-json\/wp\/v2\/product_tag?post=6108"}],"curies":[{"name":"wp","href":"https:\/\/api.w.org\/{rel}","templated":true}]}}