{"id":6122,"date":"2024-10-30T06:29:37","date_gmt":"2024-10-30T06:29:37","guid":{"rendered":"https:\/\/agricultural-gear-boxes.com\/product\/solar-drive-shaft-3948-zinc-small-drive-shaft-square-pto-shaft\/"},"modified":"2024-10-30T06:29:37","modified_gmt":"2024-10-30T06:29:37","slug":"solar-drive-shaft-3948-zinc-small-drive-shaft-square-pto-shaft","status":"publish","type":"product","link":"https:\/\/agricultural-gear-boxes.com\/pt\/product\/solar-drive-shaft-3948-zinc-small-drive-shaft-square-pto-shaft\/","title":{"rendered":"Eixo de transmiss\u00e3o solar 39*48 eixo de transmiss\u00e3o pequeno de zinco eixo de tomada de for\u00e7a quadrado"},"content":{"rendered":"<h2>Eixo de transmiss\u00e3o solar 39*48 eixo de transmiss\u00e3o pequeno de zinco eixo de tomada de for\u00e7a quadrado<\/h2>\n<p>O Solar Drive Shaft 39*48 Zinc Small Drive Shaft Square PTO Shaft \u00e9 um dispositivo de transmiss\u00e3o de energia de primeira linha. O eixo \u00e9 especialmente projetado para uso em tratores e implementos agr\u00edcolas. \u00c9 feito de materiais de alta qualidade e vem na cor prata. O kit cruzado \u00e9 39*48 e o processamento do jugo \u00e9 forjado. Este produto \u00e9 certificado pela CE, ISO e TS, garantindo alta qualidade e desempenho seguro. O processamento do tubo \u00e9 trefilado a frio, e o kit cruzado \u00e9 uma gama completa de kit cruzado. Os tubos s\u00e3o personalizados, facilitando o ajuste \u00e0s suas necessidades espec\u00edficas.<\/p>\n<h3>Cen\u00e1rios de uso<\/h3>\n<p>This product is widely used in hotels, garment shops, building material shops, manufacturing plants, machinery repair shops, food &#038; beverage factories, farms, restaurants, retail stores, construction works, energy &#038; mining, and other industries. The Solar Drive Shaft 39*48 Zinc Small Drive Shaft Square PTO Shaft is commonly used in the solar energy and textiles industries.<\/p>\n<p><img decoding=\"async\" src=\"https:\/\/images.hzpt.com\/2023\/06\/xe4ye4bO-PTO-Shaft-Common-Applications.webp\" alt=\"Cen\u00e1rios de uso do eixo de transmiss\u00e3o solar\"><\/p>\n<h3>Vantagens<\/h3>\n<ul>\n<li>Materiais de alta qualidade<\/li>\n<li>Certificado CE, ISO e TS<\/li>\n<li>Tubos personalizados<\/li>\n<li>Gama completa de kits cross<\/li>\n<li>F\u00e1cil de instalar, manter e reparar<\/li>\n<\/ul>\n<h3>Classifica\u00e7\u00e3o de produtos e materiais<\/h3>\n<p>O Solar Drive Shaft 39*48 Zinc Small Drive Shaft Square PTO Shaft \u00e9 um tipo de eixo usado em tratores e implementos agr\u00edcolas. \u00c9 feito de materiais de alta qualidade, garantindo sua durabilidade e longevidade.<\/p>\n<h3>Instala\u00e7\u00e3o, Manuten\u00e7\u00e3o e Reparo<\/h3>\n<p>To install the Solar Drive Shaft 39*48 Zinc Small Drive Shaft Square PTO Shaft, simply follow the manufacturer&#8217;s instructions. It is important to maintain the shaft regularly to ensure its longevity. If the shaft needs to be repaired, it is recommended to take it to a professional mechanic.<\/p>\n<h2>Grupo Ever-Power Co., Ltd.<\/h2>\n<p>Ever-Power Group Co., Ltd. \u00e9 um fabricante profissional de dispositivos de transmiss\u00e3o de energia, incluindo eixo PTO, eixo cardan industrial, eixo de transmiss\u00e3o de carro, eixo de acoplamento U-Joint e junta universal. Nossos produtos s\u00e3o amplamente utilizados em v\u00e1rios setores e ganharam uma \u00f3tima reputa\u00e7\u00e3o de clientes em todo o mundo. Temos orgulho de nossos produtos de alta qualidade, pre\u00e7os competitivos e servi\u00e7os atenciosos. Damos as boas-vindas aos clientes para personalizar seus produtos com fotos e amostras.<\/p>\n<p><img decoding=\"async\" src=\"https:\/\/images.ever-power.net\/2019\/07\/ep_ep_pto-shaft-4.webp\" alt=\"Produtos Ever-Power Group Co., Ltd.\"><\/p>\n<h2>Perguntas e Respostas<\/h2>\n<h3>1. Para que \u00e9 usado o eixo de transmiss\u00e3o solar 39*48 eixo de transmiss\u00e3o quadrado de zinco?<\/h3>\n<p>O Solar Drive Shaft 39*48 Zinc Small Drive Shaft Square PTO Shaft \u00e9 especialmente projetado para uso em tratores e implementos agr\u00edcolas. \u00c9 comumente usado nas ind\u00fastrias de energia solar e t\u00eaxteis.<\/p>\n<h3>2. Quais s\u00e3o as vantagens do eixo de transmiss\u00e3o solar 39*48 eixo de transmiss\u00e3o quadrado de zinco?<\/h3>\n<p>O Solar Drive Shaft 39*48 Zinc Small Drive Shaft Square PTO Shaft \u00e9 feito de materiais de alta qualidade, \u00e9 certificado pela CE, ISO e TS, tem tubos personalizados e uma gama completa de kits cruzados. Tamb\u00e9m \u00e9 f\u00e1cil de instalar, manter e reparar.<\/p>\n<h3>3. Qual \u00e9 o processamento do jugo e do tubo do eixo de transmiss\u00e3o solar 39*48 eixo de transmiss\u00e3o quadrado de zinco?<\/h3>\n<p>O processamento do jugo \u00e9 forjado e o processamento do tubo \u00e9 trefilado a frio.<\/p>\n<h3>4. Que tipo de produtos a Ever-Power Group Co., Ltd. fabrica?<\/h3>\n<p>A Ever-Power Group Co., Ltd. fabrica dispositivos de transmiss\u00e3o de energia, incluindo eixo de tomada de for\u00e7a, eixo cardan industrial, eixo de transmiss\u00e3o de autom\u00f3veis, eixo de acoplamento de junta universal e junta universal. <\/p>\n<h3>5. Qual \u00e9 a miss\u00e3o da Ever-Power Group Co., Ltd.?<\/h3>\n<p>A Ever-Power Group Co., Ltd. tem como objetivo fornecer produtos de alta qualidade, pre\u00e7os competitivos e servi\u00e7os atenciosos para clientes em todo o mundo.<\/p>\n<p>Assinado: lmc<\/p>\n<p><font color=\"red\">Aviso Legal: Todo o conte\u00fado da p\u00e1gina vem da Internet, e o conte\u00fado \u00e9 usado apenas como refer\u00eancia para sele\u00e7\u00e3o de produtos. Nossos produtos s\u00e3o acess\u00f3rios e n\u00e3o pe\u00e7as de reposi\u00e7\u00e3o originais; n\u00e3o somos detentores da marca registrada original do conte\u00fado. Nossos produtos s\u00e3o adequados apenas para acess\u00f3rios de reposi\u00e7\u00e3o e n\u00e3o para pe\u00e7as de reposi\u00e7\u00e3o originais. Nossos acess\u00f3rios podem se encaixar perfeitamente nas pe\u00e7as de reposi\u00e7\u00e3o originais; se voc\u00ea precisar comprar pe\u00e7as de reposi\u00e7\u00e3o originais, entre em contato com a f\u00e1brica original para comprar.<\/font><\/p>","protected":false},"excerpt":{"rendered":"<p>Solar Drive Shaft 39*48 Zinc Small Drive Shaft Square PTO Shaft The Solar Drive Shaft 39*48 Zinc Small Drive Shaft Square PTO Shaft is a top-of-the-line power transmission device. The shaft is specially designed for use in tractors and farm implements. It is made from high-quality materials and comes in a silver color. The cross [&hellip;]<\/p>","protected":false},"featured_media":6121,"template":"","meta":{"_et_pb_use_builder":"","_et_pb_old_content":"","_et_gb_content_width":""},"product_brand":[],"product_cat":[11315],"product_tag":[],"class_list":{"0":"post-6122","1":"product","2":"type-product","3":"status-publish","4":"has-post-thumbnail","6":"product_cat-pto-shaft","8":"first","9":"instock","10":"shipping-taxable","11":"product-type-simple"},"_links":{"self":[{"href":"https:\/\/agricultural-gear-boxes.com\/pt\/wp-json\/wp\/v2\/product\/6122","targetHints":{"allow":["GET"]}}],"collection":[{"href":"https:\/\/agricultural-gear-boxes.com\/pt\/wp-json\/wp\/v2\/product"}],"about":[{"href":"https:\/\/agricultural-gear-boxes.com\/pt\/wp-json\/wp\/v2\/types\/product"}],"wp:featuredmedia":[{"embeddable":true,"href":"https:\/\/agricultural-gear-boxes.com\/pt\/wp-json\/wp\/v2\/media\/6121"}],"wp:attachment":[{"href":"https:\/\/agricultural-gear-boxes.com\/pt\/wp-json\/wp\/v2\/media?parent=6122"}],"wp:term":[{"taxonomy":"product_brand","embeddable":true,"href":"https:\/\/agricultural-gear-boxes.com\/pt\/wp-json\/wp\/v2\/product_brand?post=6122"},{"taxonomy":"product_cat","embeddable":true,"href":"https:\/\/agricultural-gear-boxes.com\/pt\/wp-json\/wp\/v2\/product_cat?post=6122"},{"taxonomy":"product_tag","embeddable":true,"href":"https:\/\/agricultural-gear-boxes.com\/pt\/wp-json\/wp\/v2\/product_tag?post=6122"}],"curies":[{"name":"wp","href":"https:\/\/api.w.org\/{rel}","templated":true}]}}