{"id":6126,"date":"2024-10-30T06:29:51","date_gmt":"2024-10-30T06:29:51","guid":{"rendered":"https:\/\/agricultural-gear-boxes.com\/product\/agricultural-spare-parts-t4-900-13b13b-biiip-rotavator-pto-shaft-tractor-yoke\/"},"modified":"2024-10-30T06:29:51","modified_gmt":"2024-10-30T06:29:51","slug":"agricultural-spare-parts-t4-900-13b13b-biiip-rotavator-pto-shaft-tractor-yoke","status":"publish","type":"product","link":"https:\/\/agricultural-gear-boxes.com\/pt\/product\/agricultural-spare-parts-t4-900-13b13b-biiip-rotavator-pto-shaft-tractor-yoke\/","title":{"rendered":"pe\u00e7as de reposi\u00e7\u00e3o agr\u00edcolas T4 900 13B13B BIIIP eixo de tomada de for\u00e7a rotativo jugo do trator"},"content":{"rendered":"<h2> Pe\u00e7as de reposi\u00e7\u00e3o agr\u00edcolas T4 900 13B13B BIIIP Rotavator PTO eixo trator jugo <\/h2>\n<p>O T4 900 13G13G BIIIP Rotavator PTO Shaft Spline Yoke com colar \u00e9 uma nova pe\u00e7a de reposi\u00e7\u00e3o de alta qualidade projetada para uso com tratores e implementos agr\u00edcolas. \u00c9 feito de materiais dur\u00e1veis e \u00e9 projetado para suportar os rigores do uso pesado em uma variedade de configura\u00e7\u00f5es. <\/p>\n<h3> Cen\u00e1rios de uso comum <\/h3>\n<p>O eixo estriado da tomada de for\u00e7a Rotavator T4 900 13G13G BIIIP com colar \u00e9 comumente usado em uma ampla variedade de ind\u00fastrias, incluindo hot\u00e9is, lojas de roupas, lojas de materiais de constru\u00e7\u00e3o, f\u00e1bricas, oficinas de conserto de m\u00e1quinas, f\u00e1bricas de alimentos e bebidas, fazendas, restaurantes, uso dom\u00e9stico, lojas de varejo, gr\u00e1ficas, obras de constru\u00e7\u00e3o, energia e minera\u00e7\u00e3o e outras ind\u00fastrias. <\/p>\n<p>This product is ideal for use with tractors and farm implements, particularly those used for heavy-duty tasks. It is often used in conjunction with other agricultural spare parts to enhance the efficiency and effectiveness of the equipment. The picture &#8220;https:\/\/images.hzpt.com\/2023\/06\/xe4ye4bO-PTO-Shaft-Common-Applications.webp&#8221; below shows some common usage scenarios for the T4 900 13G13G BIIIP Rotavator PTO Shaft Spline Yoke with Collar.<\/p>\n<h3> Vantagens <\/h3>\n<p>O T4 900 13G13G BIIIP Rotavator PTO Shaft Spline Yoke com colar oferece uma s\u00e9rie de vantagens sobre outras pe\u00e7as de reposi\u00e7\u00e3o no mercado. \u00c9 feito de materiais de alta qualidade, tornando-o dur\u00e1vel e duradouro. O produto tamb\u00e9m \u00e9 f\u00e1cil de instalar, manter e reparar, o que ajuda a reduzir o tempo de inatividade e aumentar a produtividade. <\/p>\n<h3> Materiais dispon\u00edveis <\/h3>\n<p>O T4 900 13G13G BIIIP Rotavator PTO Shaft Spline Yoke com colar \u00e9 feito de materiais dur\u00e1veis e de alta qualidade, como a\u00e7o forjado. Ele \u00e9 projetado para suportar uso pesado e \u00e9 resistente ao desgaste, tornando-o uma escolha confi\u00e1vel e econ\u00f4mica para aqueles que procuram pe\u00e7as de reposi\u00e7\u00e3o agr\u00edcolas de alta qualidade.<\/p>\n<h3> Instala\u00e7\u00e3o, Manuten\u00e7\u00e3o e Reparo <\/h3>\n<p>The T4 900 13G13G BIIIP Rotavator PTO Shaft Spline Yoke with Collar is easy to install, maintain, and repair. It is important to follow the manufacturer&#8217;s instructions when installing the product to ensure that it is installed correctly and safely. Regular maintenance is also important to ensure that the product continues to function correctly and to extend its lifespan. In the event of a malfunction or breakdown, the product can be easily repaired using standard tools and replacement parts.<\/p>\n<h2> Introdu\u00e7\u00e3o da empresa <\/h2>\n<p>Nossa empresa, que fornece principalmente diversas engrenagens pl\u00e1sticas industriais, como caixas de engrenagens agr\u00edcolas, eixos de sa\u00edda de pot\u00eancia, rodas dentadas, acoplamentos hidr\u00e1ulicos, redutores de engrenagem sem-fim, cremalheiras, correntes remov\u00edveis, polias e polias, caixas de engrenagens planet\u00e1rias, polias de sincroniza\u00e7\u00e3o, buchas, etc., est\u00e1 comprometida em fornecer produtos de alta qualidade a pre\u00e7os preferenciais e com servi\u00e7os atenciosos. <\/p>\n<p>We welcome customers to customize our products with pictures and samples. The picture &#8220;https:\/\/images.ever-power.net\/2019\/07\/ep_ep_pto-shaft-4.webp&#8221; below shows some of our other products.<\/p>\n<h2> Perguntas e Respostas <\/h2>\n<p>1. O que \u00e9 o garfo estriado do eixo de tomada de for\u00e7a do rotador T4 900 13G13G BIIIP com colar?<\/p>\n<p>O garfo estriado com colar do eixo de tomada de for\u00e7a Rotavator T4 900 13G13G BIIIP \u00e9 uma pe\u00e7a de reposi\u00e7\u00e3o de alta qualidade projetada para uso com tratores e implementos agr\u00edcolas.<\/p>\n<p>2. Quais s\u00e3o alguns cen\u00e1rios de uso comuns para este produto?<\/p>\n<p>O eixo estriado da tomada de for\u00e7a T4 900 13G13G BIIIP Rotavator com colar \u00e9 comumente usado em uma variedade de ind\u00fastrias, incluindo agricultura, manufatura e constru\u00e7\u00e3o.<\/p>\n<p>3. Quais s\u00e3o as vantagens deste produto?<\/p>\n<p>O T4 900 13G13G BIIIP Rotavator PTO Shaft Spline Yoke com colar \u00e9 feito de materiais de alta qualidade, tornando-o dur\u00e1vel e duradouro. Tamb\u00e9m \u00e9 f\u00e1cil de instalar, manter e reparar, o que ajuda a reduzir o tempo de inatividade e aumentar a produtividade.<\/p>\n<p>4. Quais materiais s\u00e3o usados para fazer este produto?<\/p>\n<p>O garfo estriado do eixo de tomada de for\u00e7a Rotavator T4 900 13G13G BIIIP com colar \u00e9 feito de materiais dur\u00e1veis e de alta qualidade, como a\u00e7o forjado.<\/p>\n<p>5. Como voc\u00ea instala, faz a manuten\u00e7\u00e3o e repara este produto?<\/p>\n<p>The T4 900 13G13G BIIIP Rotavator PTO Shaft Spline Yoke with Collar is easy to install, maintain, and repair. It is important to follow the manufacturer&#8217;s instructions when installing the product to ensure that it is installed correctly and safely. Regular maintenance is also important to ensure that the product continues to function correctly and to extend its lifespan. In the event of a malfunction or breakdown, the product can be easily repaired using standard tools and replacement parts.<\/p>\n<p>Autor: lmc<\/p>\n<p>Nota: Todo o conte\u00fado desta p\u00e1gina vem da Internet e \u00e9 usado apenas como refer\u00eancia para sele\u00e7\u00e3o de produtos. Nossos produtos s\u00e3o acess\u00f3rios e n\u00e3o pe\u00e7as de reposi\u00e7\u00e3o originais; n\u00e3o somos detentores da marca registrada original do conte\u00fado. Nossos produtos s\u00e3o adequados apenas para acess\u00f3rios de reposi\u00e7\u00e3o e n\u00e3o para pe\u00e7as de reposi\u00e7\u00e3o originais. Nossos acess\u00f3rios podem se encaixar perfeitamente nas pe\u00e7as de reposi\u00e7\u00e3o originais; se voc\u00ea precisar comprar pe\u00e7as de reposi\u00e7\u00e3o originais, entre em contato com a f\u00e1brica original para comprar.<\/p>","protected":false},"excerpt":{"rendered":"<p>Agricultural Spare Parts T4 900 13B13B BIIIP Rotavator PTO Shaft Tractor Yoke The T4 900 13G13G BIIIP Rotavator PTO Shaft Spline Yoke with Collar is a new, high-quality spare part designed for use with tractors and farm implements. It is made from durable materials and is designed to withstand the rigors of heavy use in [&hellip;]<\/p>","protected":false},"featured_media":6125,"template":"","meta":{"_et_pb_use_builder":"","_et_pb_old_content":"","_et_gb_content_width":""},"product_brand":[],"product_cat":[11315],"product_tag":[],"class_list":{"0":"post-6126","1":"product","2":"type-product","3":"status-publish","4":"has-post-thumbnail","6":"product_cat-pto-shaft","8":"first","9":"instock","10":"shipping-taxable","11":"product-type-simple"},"_links":{"self":[{"href":"https:\/\/agricultural-gear-boxes.com\/pt\/wp-json\/wp\/v2\/product\/6126","targetHints":{"allow":["GET"]}}],"collection":[{"href":"https:\/\/agricultural-gear-boxes.com\/pt\/wp-json\/wp\/v2\/product"}],"about":[{"href":"https:\/\/agricultural-gear-boxes.com\/pt\/wp-json\/wp\/v2\/types\/product"}],"wp:featuredmedia":[{"embeddable":true,"href":"https:\/\/agricultural-gear-boxes.com\/pt\/wp-json\/wp\/v2\/media\/6125"}],"wp:attachment":[{"href":"https:\/\/agricultural-gear-boxes.com\/pt\/wp-json\/wp\/v2\/media?parent=6126"}],"wp:term":[{"taxonomy":"product_brand","embeddable":true,"href":"https:\/\/agricultural-gear-boxes.com\/pt\/wp-json\/wp\/v2\/product_brand?post=6126"},{"taxonomy":"product_cat","embeddable":true,"href":"https:\/\/agricultural-gear-boxes.com\/pt\/wp-json\/wp\/v2\/product_cat?post=6126"},{"taxonomy":"product_tag","embeddable":true,"href":"https:\/\/agricultural-gear-boxes.com\/pt\/wp-json\/wp\/v2\/product_tag?post=6126"}],"curies":[{"name":"wp","href":"https:\/\/api.w.org\/{rel}","templated":true}]}}