{"id":6130,"date":"2024-10-30T06:30:06","date_gmt":"2024-10-30T06:30:06","guid":{"rendered":"https:\/\/agricultural-gear-boxes.com\/product\/agricultural-machinery-parts-pto-shafts-series-4-shaft-1500-with-cover\/"},"modified":"2024-10-30T06:30:06","modified_gmt":"2024-10-30T06:30:06","slug":"agricultural-machinery-parts-pto-shafts-series-4-shaft-1500-with-cover","status":"publish","type":"product","link":"https:\/\/agricultural-gear-boxes.com\/pt\/product\/agricultural-machinery-parts-pto-shafts-series-4-shaft-1500-with-cover\/","title":{"rendered":"pe\u00e7as de m\u00e1quinas agr\u00edcolas EIXOS DE TDF S\u00e9rie 4 Eixo 1500 com tampa"},"content":{"rendered":"<h2> Pe\u00e7as para m\u00e1quinas agr\u00edcolas Eixos de tomada de for\u00e7a S\u00e9rie 4 Eixo 1500 com tampa<\/h2>\n<p>Our agricultural machinery parts PTO Shafts Series 4 Shaft 1500 with Cover are a high-quality and durable product used for tractors and farm implements. The product comes with teeth measuring 1 3\/8&#8221; Z6 and can handle a horse power of 35HP -53HP. The tubes are triangular and the cross kit measures 27*74.6. With CE, ISO and TS certificates, this product is guaranteed to have undergone cold-drawn tube processing and forge processing of yokes. The product is available in plastic bags, wooden cases, and can be customized according to customer requests. <\/p>\n<h3>Cen\u00e1rios de uso<\/h3>\n<p>Nossos eixos de tomada de for\u00e7a s\u00e3o comumente usados em cortadores de grama, cultivadores rotativos, cortadores rotativos, ro\u00e7adeiras, tratores e outros implementos agr\u00edcolas. O produto \u00e9 projetado para uso dur\u00e1vel e de longo prazo.<\/p>\n<p><img decoding=\"async\" src=\"https:\/\/images.hzpt.com\/2023\/06\/xe4ye4bO-PTO-Shaft-Common-Applications.webp\" alt=\"Aplica\u00e7\u00f5es comuns do eixo de tomada de for\u00e7a\"><\/p>\n<h3>Vantagens<\/h3>\n<ul>\n<li>Produto de alta qualidade e durabilidade<\/li>\n<li>Tubos triangulares e processamento forjado de jugos<\/li>\n<li>Certificado CE, ISO e TS<\/li>\n<li>Personaliz\u00e1vel de acordo com as solicita\u00e7\u00f5es do cliente<\/li>\n<li>Pode ser usado em v\u00e1rios implementos agr\u00edcolas<\/li>\n<\/ul>\n<h3>Materiais<\/h3>\n<p>Nossos eixos de tomada de for\u00e7a s\u00e3o feitos de materiais de alta qualidade, projetados para durabilidade e uso a longo prazo.<\/p>\n<h3>Instala\u00e7\u00e3o, Manuten\u00e7\u00e3o e Reparo<\/h3>\n<p>Instala\u00e7\u00e3o:<\/p>\n<ol>\n<li>Alinhe as estrias dos eixos do trator e do implemento.<\/li>\n<li>Insira o garfo da extremidade do implemento no eixo e prenda-o no lugar com um pino de reten\u00e7\u00e3o.<\/li>\n<li>Insira o garfo da extremidade do trator no eixo e prenda-o no lugar com um pino de reten\u00e7\u00e3o.<\/li>\n<li>Certifique-se de que todos os dispositivos de travamento estejam firmemente presos antes do uso.<\/li>\n<\/ol>\n<p>Manuten\u00e7\u00e3o:<\/p>\n<ul>\n<li>Inspecione o eixo da tomada de for\u00e7a antes de usar para verificar se h\u00e1 danos ou desgaste e substitua se necess\u00e1rio.<\/li>\n<li>Lubrifique os garfos antes de cada uso.<\/li>\n<li>Inspecione e substitua regularmente componentes danificados ou desgastados.<\/li>\n<li>Guarde o eixo da tomada de for\u00e7a em um local seco e protegido quando n\u00e3o estiver em uso.<\/li>\n<\/ul>\n<p>Reparar:<\/p>\n<ul>\n<li>Substitua quaisquer componentes danificados ou desgastados conforme necess\u00e1rio.<\/li>\n<li>Refer to the manufacturer&#8217;s instructions for specific repair procedures.<\/li>\n<\/ul>\n<p><img decoding=\"async\" src=\"https:\/\/images.ever-power.net\/2019\/07\/ep_ep_pto-shaft-4.webp\" alt=\"Eixo de tomada de for\u00e7a 4\"><\/p>\n<h2>Outros neg\u00f3cios de produtos<\/h2>\n<p>Al\u00e9m de nossas pe\u00e7as de m\u00e1quinas agr\u00edcolas PTO Shafts Series 4 Shaft 1500 com tampa, tamb\u00e9m fornecemos v\u00e1rias engrenagens pl\u00e1sticas industriais, como caixas de engrenagens agr\u00edcolas, eixos de sa\u00edda de pot\u00eancia, rodas dentadas, acoplamentos hidr\u00e1ulicos, redutores de engrenagem sem-fim, cremalheiras, correntes remov\u00edveis, polias e polias, caixas de engrenagens planet\u00e1rias, polias de sincroniza\u00e7\u00e3o, buchas, etc. Nossos produtos s\u00e3o de alta qualidade, com pre\u00e7os competitivos e oferecemos servi\u00e7os atenciosos. Damos as boas-vindas aos clientes para personalizar com fotos e amostras.<\/p>\n<h2>Perguntas e Respostas<\/h2>\n<p>1. Qual \u00e9 a pot\u00eancia m\u00e1xima que o eixo da tomada de for\u00e7a pode suportar?<\/p>\n<p>O eixo da tomada de for\u00e7a pode suportar uma pot\u00eancia de 35 HP a 53 HP.<\/p>\n<p>2. Qual \u00e9 o formato dos tubos?<\/p>\n<p>Os tubos t\u00eam formato triangular.<\/p>\n<p>3. Quais s\u00e3o as vantagens do eixo da tomada de for\u00e7a?<\/p>\n<p>O eixo PTO \u00e9 um produto dur\u00e1vel e de alta qualidade, com certifica\u00e7\u00e3o CE, ISO e TS. Ele tamb\u00e9m \u00e9 personaliz\u00e1vel de acordo com as solicita\u00e7\u00f5es do cliente e pode ser usado em v\u00e1rios implementos agr\u00edcolas.<\/p>\n<p>4. Como devo fazer a manuten\u00e7\u00e3o do eixo da tomada de for\u00e7a?<\/p>\n<p>Voc\u00ea deve inspecionar o eixo da tomada de for\u00e7a antes do uso para verificar se h\u00e1 danos ou desgaste e substitu\u00ed-lo se necess\u00e1rio. Lubrifique os garfos antes de cada uso e inspecione e substitua regularmente os componentes danificados ou desgastados. Guarde o eixo da tomada de for\u00e7a em um local seco e protegido quando n\u00e3o estiver em uso.<\/p>\n<p>5. Quais outros produtos a empresa fornece?<\/p>\n<p>A empresa fornece diversas engrenagens pl\u00e1sticas industriais, como caixas de engrenagens agr\u00edcolas, eixos de sa\u00edda de pot\u00eancia, rodas dentadas, acoplamentos hidr\u00e1ulicos, redutores de engrenagem sem-fim, cremalheiras, correntes remov\u00edveis, polias e polias, caixas de engrenagens planet\u00e1rias, polias de sincroniza\u00e7\u00e3o, buchas, etc.<\/p>\n<p style=\"color:red;\">Aviso Legal: Todo o conte\u00fado da p\u00e1gina vem da Internet, e o conte\u00fado \u00e9 usado apenas como refer\u00eancia para sele\u00e7\u00e3o de produtos. Nossos produtos s\u00e3o acess\u00f3rios e n\u00e3o pe\u00e7as de reposi\u00e7\u00e3o originais; n\u00e3o somos detentores da marca registrada original do conte\u00fado. Nossos produtos s\u00e3o adequados apenas para acess\u00f3rios de reposi\u00e7\u00e3o e n\u00e3o para pe\u00e7as de reposi\u00e7\u00e3o originais. Nossos acess\u00f3rios podem se encaixar perfeitamente nas pe\u00e7as de reposi\u00e7\u00e3o originais; se voc\u00ea precisar comprar pe\u00e7as de reposi\u00e7\u00e3o originais, entre em contato com a f\u00e1brica original para comprar.<\/p>\n<p>Autor: lmc<\/p>","protected":false},"excerpt":{"rendered":"<p>Agricultural Machinery Parts PTO Shafts Series 4 Shaft 1500 with Cover Our agricultural machinery parts PTO Shafts Series 4 Shaft 1500 with Cover are a high-quality and durable product used for tractors and farm implements. The product comes with teeth measuring 1 3\/8&#8221; Z6 and can handle a horse power of 35HP -53HP. The tubes [&hellip;]<\/p>","protected":false},"featured_media":6129,"template":"","meta":{"_et_pb_use_builder":"","_et_pb_old_content":"","_et_gb_content_width":""},"product_brand":[],"product_cat":[11315],"product_tag":[],"class_list":{"0":"post-6130","1":"product","2":"type-product","3":"status-publish","4":"has-post-thumbnail","6":"product_cat-pto-shaft","8":"first","9":"instock","10":"shipping-taxable","11":"product-type-simple"},"_links":{"self":[{"href":"https:\/\/agricultural-gear-boxes.com\/pt\/wp-json\/wp\/v2\/product\/6130","targetHints":{"allow":["GET"]}}],"collection":[{"href":"https:\/\/agricultural-gear-boxes.com\/pt\/wp-json\/wp\/v2\/product"}],"about":[{"href":"https:\/\/agricultural-gear-boxes.com\/pt\/wp-json\/wp\/v2\/types\/product"}],"wp:featuredmedia":[{"embeddable":true,"href":"https:\/\/agricultural-gear-boxes.com\/pt\/wp-json\/wp\/v2\/media\/6129"}],"wp:attachment":[{"href":"https:\/\/agricultural-gear-boxes.com\/pt\/wp-json\/wp\/v2\/media?parent=6130"}],"wp:term":[{"taxonomy":"product_brand","embeddable":true,"href":"https:\/\/agricultural-gear-boxes.com\/pt\/wp-json\/wp\/v2\/product_brand?post=6130"},{"taxonomy":"product_cat","embeddable":true,"href":"https:\/\/agricultural-gear-boxes.com\/pt\/wp-json\/wp\/v2\/product_cat?post=6130"},{"taxonomy":"product_tag","embeddable":true,"href":"https:\/\/agricultural-gear-boxes.com\/pt\/wp-json\/wp\/v2\/product_tag?post=6130"}],"curies":[{"name":"wp","href":"https:\/\/api.w.org\/{rel}","templated":true}]}}