{"id":6134,"date":"2024-10-30T06:30:21","date_gmt":"2024-10-30T06:30:21","guid":{"rendered":"https:\/\/agricultural-gear-boxes.com\/product\/lawn-mowers-agroparts-t5-1000-05b-05b-spline-end-yoke-pto-shaft\/"},"modified":"2024-10-30T06:30:21","modified_gmt":"2024-10-30T06:30:21","slug":"lawn-mowers-agroparts-t5-1000-05b-05b-spline-end-yoke-pto-shaft","status":"publish","type":"product","link":"https:\/\/agricultural-gear-boxes.com\/pt\/product\/lawn-mowers-agroparts-t5-1000-05b-05b-spline-end-yoke-pto-shaft\/","title":{"rendered":"cortadores de grama agroparts T5 1000 05B 05B estriado garfo eixo tomada de for\u00e7a"},"content":{"rendered":"<h2>Introdu\u00e7\u00e3o aos cortadores de grama Agroparts T5 1000 05B 05B Eixo de tomada de for\u00e7a com garfo estriado<\/h2>\n<p>O eixo de tomada de for\u00e7a do garfo de extremidade estriada agroparts T5 1000 05B 05B para cortadores de grama \u00e9 um produto dur\u00e1vel e de alta qualidade usado em tratores e implementos agr\u00edcolas. Este eixo \u00e9 projetado para fornecer transmiss\u00e3o de pot\u00eancia eficiente e \u00e9 adequado para v\u00e1rias aplica\u00e7\u00f5es, como cortadores de grama, cultivadores rotativos, cortadores rotativos, ro\u00e7adeiras e tratores.<\/p>\n<h3>Cen\u00e1rios de uso comum<\/h3>\n<ul>\n<li>Usado em hot\u00e9is, lojas de roupas, lojas de materiais de constru\u00e7\u00e3o, f\u00e1bricas e oficinas de conserto de m\u00e1quinas<\/li>\n<li>Aplic\u00e1vel em f\u00e1bricas de alimentos e bebidas, fazendas, restaurantes, resid\u00eancias, lojas de varejo, lojas de alimentos e gr\u00e1ficas<\/li>\n<li>Adequado para obras de constru\u00e7\u00e3o, ind\u00fastrias de energia e minera\u00e7\u00e3o e lojas de alimentos e bebidas<\/li>\n<li>Compat\u00edvel com outras aplica\u00e7\u00f5es que requerem tratores e implementos agr\u00edcolas<\/li>\n<\/ul>\n<p><img decoding=\"async\" src=\"https:\/\/images.hzpt.com\/2023\/06\/xe4ye4bO-PTO-Shaft-Common-Applications.webp\"><\/p>\n<h3>Hist\u00f3rico e classifica\u00e7\u00e3o do produto<\/h3>\n<p>O eixo de tomada de for\u00e7a do garfo de extremidade estriada agroparts T5 1000 05B 05B dos cortadores de grama tem uma rica hist\u00f3ria de desempenho confi\u00e1vel e tem sido amplamente utilizado na ind\u00fastria agr\u00edcola. Ele se enquadra na categoria de eixos, projetados especificamente para tratores e implementos agr\u00edcolas.<\/p>\n<h3>Vantagens e Materiais Dispon\u00edveis<\/h3>\n<ul>\n<li>Processo de forjamento de alta qualidade garante durabilidade e resist\u00eancia<\/li>\n<li>Certificado CE, ISO e TS garante a qualidade do produto e a conformidade com os padr\u00f5es da ind\u00fastria<\/li>\n<li>O processamento de tubos trefilados a frio garante precis\u00e3o e opera\u00e7\u00e3o suave<\/li>\n<li>Compat\u00edvel com tubos triangulares, proporcionando estabilidade e efici\u00eancia<\/li>\n<li>Features a 1 3\/8&#8221; Z6 teeth configuration for optimal power transmission<\/li>\n<li>Can withstand a horse power range of 50 HP &#8211; 60 HP<\/li>\n<li>Dispon\u00edvel em v\u00e1rios materiais para atender a diferentes requisitos<\/li>\n<\/ul>\n<h3>Instala\u00e7\u00e3o, Manuten\u00e7\u00e3o e Reparo<\/h3>\n<ul>\n<li>The lawn mowers agroparts T5 1000 05B 05B spline end yoke PTO shaft can be easily installed following the manufacturer&#8217;s guidelines<\/li>\n<li>Recomenda-se a manuten\u00e7\u00e3o regular para garantir o desempenho e a longevidade ideais<\/li>\n<li>In case of any repair or replacement needs, it is advised to consult a professional or follow the manufacturer&#8217;s instructions<\/li>\n<\/ul>\n<p><img decoding=\"async\" src=\"https:\/\/images.ever-power.net\/2019\/07\/ep_ep_pto-shaft-4.webp\"><\/p>\n<h2>Outros neg\u00f3cios de produtos<\/h2>\n<p>Al\u00e9m dos cortadores de grama agroparts T5 1000 05B 05B spline end yoke PTO shaft, nossa empresa oferece uma ampla gama de engrenagens e acess\u00f3rios pl\u00e1sticos industriais. Somos especializados no fornecimento de caixas de engrenagens agr\u00edcolas, eixos de sa\u00edda de pot\u00eancia, rodas dentadas, acoplamentos hidr\u00e1ulicos, redutores de engrenagem sem-fim, cremalheiras, correntes remov\u00edveis, polias e polias, caixas de engrenagens planet\u00e1rias, polias de sincroniza\u00e7\u00e3o, buchas e muito mais. Nossos produtos s\u00e3o conhecidos por sua alta qualidade, pre\u00e7os competitivos e excelente atendimento ao cliente. Aceitamos solicita\u00e7\u00f5es de personaliza\u00e7\u00e3o e podemos fornecer solu\u00e7\u00f5es personalizadas com base em fotos e amostras.<\/p>\n<h2>Perguntas e Respostas<\/h2>\n<ol>\n<li>P: Quais s\u00e3o os cen\u00e1rios de uso comuns para o eixo de tomada de for\u00e7a com garfo estriado agroparts T5 1000 05B 05B dos cortadores de grama?<\/li>\n<p>   R: O eixo \u00e9 comumente usado em v\u00e1rios setores, incluindo hot\u00e9is, lojas de roupas, f\u00e1bricas, fazendas e muito mais.<\/p>\n<li>P: Quais certifica\u00e7\u00f5es o produto possui?<\/li>\n<p>   R: O produto \u00e9 certificado pela CE, ISO e TS, garantindo sua qualidade e conformidade com os padr\u00f5es da ind\u00fastria.<\/p>\n<li>P: Como \u00e9 instalado o eixo de tomada de for\u00e7a com garfo estriado do cortador de grama agroparts T5 1000 05B 05B?<\/li>\n<p>   A: The installation process is straightforward and can be done following the manufacturer&#8217;s guidelines.<\/p>\n<li>P: H\u00e1 algum requisito de manuten\u00e7\u00e3o para o produto?<\/li>\n<p>   R: A manuten\u00e7\u00e3o regular \u00e9 recomendada para garantir desempenho e longevidade ideais.<\/p>\n<li>P: O produto pode ser personalizado?<\/li>\n<p>   R: Sim, oferecemos op\u00e7\u00f5es de personaliza\u00e7\u00e3o com base em fotos e amostras para atender a requisitos espec\u00edficos.<\/li>\n<\/ol>\n<p><strong>Autor: lmc<\/strong><\/p>\n<p><font color=\"red\">Aviso Legal: Todo o conte\u00fado desta p\u00e1gina \u00e9 proveniente da internet e se destina apenas a fins de refer\u00eancia. Nossos produtos s\u00e3o acess\u00f3rios e n\u00e3o pe\u00e7as de reposi\u00e7\u00e3o originais. N\u00e3o possu\u00edmos a marca registrada original do conte\u00fado. Nossos acess\u00f3rios s\u00e3o projetados para se encaixar perfeitamente com as pe\u00e7as de reposi\u00e7\u00e3o originais. Se voc\u00ea precisar de pe\u00e7as de reposi\u00e7\u00e3o originais, entre em contato com a respectiva f\u00e1brica original para compra.<\/font><\/p>","protected":false},"excerpt":{"rendered":"<p>Introduction to Lawn Mowers Agroparts T5 1000 05B 05B Spline End Yoke PTO Shaft The lawn mowers agroparts T5 1000 05B 05B spline end yoke PTO shaft is a high-quality and durable product used in tractors and farm implements. This shaft is designed to provide efficient power transmission and is suitable for various applications such [&hellip;]<\/p>","protected":false},"featured_media":6133,"template":"","meta":{"_et_pb_use_builder":"","_et_pb_old_content":"","_et_gb_content_width":""},"product_brand":[],"product_cat":[11315],"product_tag":[],"class_list":{"0":"post-6134","1":"product","2":"type-product","3":"status-publish","4":"has-post-thumbnail","6":"product_cat-pto-shaft","8":"first","9":"instock","10":"shipping-taxable","11":"product-type-simple"},"_links":{"self":[{"href":"https:\/\/agricultural-gear-boxes.com\/pt\/wp-json\/wp\/v2\/product\/6134","targetHints":{"allow":["GET"]}}],"collection":[{"href":"https:\/\/agricultural-gear-boxes.com\/pt\/wp-json\/wp\/v2\/product"}],"about":[{"href":"https:\/\/agricultural-gear-boxes.com\/pt\/wp-json\/wp\/v2\/types\/product"}],"wp:featuredmedia":[{"embeddable":true,"href":"https:\/\/agricultural-gear-boxes.com\/pt\/wp-json\/wp\/v2\/media\/6133"}],"wp:attachment":[{"href":"https:\/\/agricultural-gear-boxes.com\/pt\/wp-json\/wp\/v2\/media?parent=6134"}],"wp:term":[{"taxonomy":"product_brand","embeddable":true,"href":"https:\/\/agricultural-gear-boxes.com\/pt\/wp-json\/wp\/v2\/product_brand?post=6134"},{"taxonomy":"product_cat","embeddable":true,"href":"https:\/\/agricultural-gear-boxes.com\/pt\/wp-json\/wp\/v2\/product_cat?post=6134"},{"taxonomy":"product_tag","embeddable":true,"href":"https:\/\/agricultural-gear-boxes.com\/pt\/wp-json\/wp\/v2\/product_tag?post=6134"}],"curies":[{"name":"wp","href":"https:\/\/api.w.org\/{rel}","templated":true}]}}