{"id":6142,"date":"2024-10-30T06:30:48","date_gmt":"2024-10-30T06:30:48","guid":{"rendered":"https:\/\/agricultural-gear-boxes.com\/product\/customized-pto-shaft-for-tractor-t4-1200-bip-round-yoke-triangular-yoke-with-collar\/"},"modified":"2024-10-30T06:30:48","modified_gmt":"2024-10-30T06:30:48","slug":"customized-pto-shaft-for-tractor-t4-1200-bip-round-yoke-triangular-yoke-with-collar","status":"publish","type":"product","link":"https:\/\/agricultural-gear-boxes.com\/pt\/product\/customized-pto-shaft-for-tractor-t4-1200-bip-round-yoke-triangular-yoke-with-collar\/","title":{"rendered":"eixo de tomada de for\u00e7a personalizado para trator T4 1200 BIP Jugo redondo jugo triangular com colar"},"content":{"rendered":"<h2>Eixo de tomada de for\u00e7a personalizado para trator T4 1200 BIP Jugo redondo Jugo triangular com colar<\/h2>\n<p>O eixo TDF personalizado para trator T4 1200 BIP \u00e9 um produto novo e de alta qualidade feito de a\u00e7o. Ele \u00e9 projetado com um jugo triangular e colar, revestido com PE para maior durabilidade. Com uma capacidade de torque de 3500, este eixo TDF \u00e9 adequado para v\u00e1rias aplica\u00e7\u00f5es de equipamentos industriais.<\/p>\n<h3>Caracter\u00edsticas do produto:<\/h3>\n<ul>\n<li>Material: A\u00e7o<\/li>\n<li>Revestimentos: PE<\/li>\n<li>Peso: 15 KG<\/li>\n<li>Cor: Preto<\/li>\n<li>Kit Cruz: 18*47<\/li>\n<li>Tubo: Tubo Spline<\/li>\n<li>Cangas: Canga triangular com colarinho<\/li>\n<li>Qualidade: Inspe\u00e7\u00e3o 100%<\/li>\n<li>Aplica\u00e7\u00e3o: Equipamentos Industriais<\/li>\n<li>Pacote: Caixas de madeira<\/li>\n<li>Garantia: 1 ano<\/li>\n<\/ul>\n<p><img decoding=\"async\" src=\"https:\/\/images.hzpt.com\/2023\/06\/xe4ye4bO-PTO-Shaft-Common-Applications.webp\" alt=\"Aplica\u00e7\u00f5es comuns do eixo de tomada de for\u00e7a\"><\/p>\n<p>O eixo de tomada de for\u00e7a personalizado para trator T4 1200 BIP \u00e9 comumente usado em v\u00e1rios setores, incluindo hot\u00e9is, lojas de roupas, lojas de materiais de constru\u00e7\u00e3o, f\u00e1bricas, oficinas de reparo de m\u00e1quinas, f\u00e1bricas de alimentos e bebidas, fazendas, restaurantes, lojas de varejo, gr\u00e1ficas, obras de constru\u00e7\u00e3o, setores de energia e minera\u00e7\u00e3o, lojas de alimentos e bebidas, empresas de publicidade e muito mais.<\/p>\n<p>It offers reliable power transmission and is suitable for different kinds of tractors and farm implements. The double push pin, bolt pins, split pins, quick release, and other yoke types provide versatile connection options. The shaft&#8217;s forging process ensures strength and durability, while the plastic cover adds further protection.<\/p>\n<p>O eixo PTO vem em v\u00e1rias s\u00e9ries, incluindo T1-T10, L1-L6, S6-S10 e 10HP-150HP, com diferentes tipos de jugo e formatos de tubo, como lim\u00e3o, triangular, estrela, quadrado, hexagonal, spline e designs especiais. O processo de fabrica\u00e7\u00e3o de tubo trefilado a frio garante precis\u00e3o e confiabilidade.<\/p>\n<p>With different spline types available, such as 1 1\/8&#8243; Z6, 1 3\/8&#8243; Z6, 1 3\/8&#8243; Z21, 1 3\/4&#8243; Z20, 1 3\/4&#8243; Z6, 8-38*32*6, 8-42*36*7, and 8-48*42*8, the PTO shaft can be customized to fit specific requirements.<\/p>\n<h3>Instala\u00e7\u00e3o, manuten\u00e7\u00e3o e reparo:<\/h3>\n<ul>\n<li>Installation: Follow the manufacturer&#8217;s instructions for proper installation of the PTO shaft.<\/li>\n<li>Manuten\u00e7\u00e3o: Inspecione regularmente o eixo para detectar sinais de desgaste ou danos. Limpe e lubrifique conforme recomendado pelo fabricante.<\/li>\n<li>Reparo: Em caso de qualquer dano ou mau funcionamento, consulte um t\u00e9cnico profissional ou o fornecedor para reparo ou substitui\u00e7\u00e3o.<\/li>\n<\/ul>\n<p><img decoding=\"async\" src=\"https:\/\/images.ever-power.net\/2019\/07\/ep_ep_pto-shaft-4.webp\" alt=\"Eixo de tomada de for\u00e7a\"><\/p>\n<h2>Outros produtos oferecidos pela nossa empresa<\/h2>\n<p>Somos um fornecedor l\u00edder de v\u00e1rias engrenagens pl\u00e1sticas industriais, incluindo caixas de engrenagens agr\u00edcolas, eixos de sa\u00edda de pot\u00eancia, rodas dentadas, acoplamentos hidr\u00e1ulicos, redutores de engrenagem sem-fim, cremalheiras de engrenagens, correntes remov\u00edveis, polias, caixas de engrenagens planet\u00e1rias, polias de sincroniza\u00e7\u00e3o e buchas. Nossos produtos de alta qualidade s\u00e3o conhecidos por sua durabilidade e desempenho superior.<\/p>\n<p><strong>N\u00f3s fornecemos:<\/strong><\/p>\n<ul>\n<li>Produtos de alta qualidade<\/li>\n<li>Pre\u00e7os competitivos<\/li>\n<li>Servi\u00e7os atenciosos<\/li>\n<\/ul>\n<p>Damos boas-vindas aos clientes para personalizar produtos de acordo com suas necessidades espec\u00edficas. Sinta-se \u00e0 vontade para entrar em contato conosco com fotos e amostras para solu\u00e7\u00f5es personalizadas.<\/p>\n<h2>Perguntas frequentes<\/h2>\n<ol>\n<li>\n    <strong>Qual \u00e9 o per\u00edodo de garantia do eixo da tomada de for\u00e7a?<\/strong><br \/>\n    O eixo da tomada de for\u00e7a vem com garantia de 1 ano.\n  <\/li>\n<li>\n    <strong>O eixo da tomada de for\u00e7a \u00e9 adequado para todos os tipos de tratores?<\/strong><br \/>\n    Sim, o eixo da tomada de for\u00e7a foi projetado para ser compat\u00edvel com v\u00e1rios tipos de tratores e implementos agr\u00edcolas.\n  <\/li>\n<li>\n    <strong>Quais s\u00e3o os tipos de jugo dispon\u00edveis para o eixo da tomada de for\u00e7a?<\/strong><br \/>\n    Os tipos de jugo dispon\u00edveis incluem pino de press\u00e3o duplo, pinos de parafuso, pinos de divis\u00e3o, libera\u00e7\u00e3o r\u00e1pida, fixa\u00e7\u00e3o de esfera, colar e muito mais.\n  <\/li>\n<li>\n    <strong>Como devo instalar o eixo da tomada de for\u00e7a?<\/strong><br \/>\n    It is recommended to follow the manufacturer&#8217;s installation instructions for proper installation of the PTO shaft.\n  <\/li>\n<li>\n    <strong>Onde posso comprar pe\u00e7as de reposi\u00e7\u00e3o originais?<\/strong><br \/>\n    Para pe\u00e7as de reposi\u00e7\u00e3o originais, entre em contato com a f\u00e1brica ou fornecedor original para compra.\n  <\/li>\n<\/ol>\n<p><em>Autor: lmc<\/em><\/p>\n<p><font color=\"red\">Aviso Legal: O conte\u00fado desta p\u00e1gina \u00e9 proveniente da internet e \u00e9 fornecido apenas como refer\u00eancia para sele\u00e7\u00e3o de produtos. Nossos produtos s\u00e3o acess\u00f3rios e n\u00e3o pe\u00e7as de reposi\u00e7\u00e3o originais. N\u00e3o somos detentores da marca registrada original. Nossos acess\u00f3rios s\u00e3o adequados para uso p\u00f3s-venda. Se voc\u00ea precisar de pe\u00e7as de reposi\u00e7\u00e3o originais, entre em contato com a f\u00e1brica ou fornecedor original.<\/font><\/p>","protected":false},"excerpt":{"rendered":"<p>Customized PTO Shaft for Tractor T4 1200 BIP Round Yoke Triangular Yoke with Collar The customized PTO shaft for tractor T4 1200 BIP is a new, high-quality product made of steel. It is designed with a triangular yoke and collar, coated with PE for added durability. With a torque capacity of 3500, this PTO shaft [&hellip;]<\/p>","protected":false},"featured_media":6141,"template":"","meta":{"_et_pb_use_builder":"","_et_pb_old_content":"","_et_gb_content_width":""},"product_brand":[],"product_cat":[11315],"product_tag":[],"class_list":{"0":"post-6142","1":"product","2":"type-product","3":"status-publish","4":"has-post-thumbnail","6":"product_cat-pto-shaft","8":"first","9":"instock","10":"shipping-taxable","11":"product-type-simple"},"_links":{"self":[{"href":"https:\/\/agricultural-gear-boxes.com\/pt\/wp-json\/wp\/v2\/product\/6142","targetHints":{"allow":["GET"]}}],"collection":[{"href":"https:\/\/agricultural-gear-boxes.com\/pt\/wp-json\/wp\/v2\/product"}],"about":[{"href":"https:\/\/agricultural-gear-boxes.com\/pt\/wp-json\/wp\/v2\/types\/product"}],"wp:featuredmedia":[{"embeddable":true,"href":"https:\/\/agricultural-gear-boxes.com\/pt\/wp-json\/wp\/v2\/media\/6141"}],"wp:attachment":[{"href":"https:\/\/agricultural-gear-boxes.com\/pt\/wp-json\/wp\/v2\/media?parent=6142"}],"wp:term":[{"taxonomy":"product_brand","embeddable":true,"href":"https:\/\/agricultural-gear-boxes.com\/pt\/wp-json\/wp\/v2\/product_brand?post=6142"},{"taxonomy":"product_cat","embeddable":true,"href":"https:\/\/agricultural-gear-boxes.com\/pt\/wp-json\/wp\/v2\/product_cat?post=6142"},{"taxonomy":"product_tag","embeddable":true,"href":"https:\/\/agricultural-gear-boxes.com\/pt\/wp-json\/wp\/v2\/product_tag?post=6142"}],"curies":[{"name":"wp","href":"https:\/\/api.w.org\/{rel}","templated":true}]}}