{"id":6148,"date":"2024-10-30T06:31:08","date_gmt":"2024-10-30T06:31:08","guid":{"rendered":"https:\/\/agricultural-gear-boxes.com\/product\/pto-shaft-t4-1200-ygiip-agricultural-yoke-tractor-rotavator-spline-pto-cross-joint-cardan-shaft\/"},"modified":"2024-10-30T06:31:09","modified_gmt":"2024-10-30T06:31:09","slug":"pto-shaft-t4-1200-ygiip-agricultural-yoke-tractor-rotavator-spline-pto-cross-joint-cardan-shaft","status":"publish","type":"product","link":"https:\/\/agricultural-gear-boxes.com\/pt\/product\/pto-shaft-t4-1200-ygiip-agricultural-yoke-tractor-rotavator-spline-pto-cross-joint-cardan-shaft\/","title":{"rendered":"EIXO TDF T4 1200 YGIIP Rotor de garfo agr\u00edcola spline pto junta cruzada eixo cardan"},"content":{"rendered":"<h2>Eixo de tomada de for\u00e7a T4 1200 YGIIP Yoke agr\u00edcola Trator Rotavator Spline PTO Cross Joint Cardan Eixo<\/h2>\n<p>O eixo PTO T4 1200 YGIIP Agricultural Yoke Tractor Rotavator Spline PTO Cross Joint Cardan Shaft \u00e9 um novo produto que vem com garantia de 1 ano. \u00c9 usado em v\u00e1rios setores, como hot\u00e9is, lojas de roupas, lojas de materiais de constru\u00e7\u00e3o, f\u00e1bricas, oficinas de conserto de m\u00e1quinas, f\u00e1bricas de alimentos e bebidas, fazendas, restaurantes, uso dom\u00e9stico, varejo, lojas de alimentos, gr\u00e1ficas, obras de constru\u00e7\u00e3o, energia e minera\u00e7\u00e3o, lojas de alimentos e bebidas e outros. O eixo PTO T4 1200 YGIIP Agricultural Yoke Tractor Rotavator Spline PTO Cross Joint Cardan Shaft tem um peso de 18 KG e um tamanho personalizado.<\/p>\n<h3>Cen\u00e1rios de uso comum<\/h3>\n<p>The PTO Shaft T4 1200 YGIIP Agricultural Yoke Tractor Rotavator Spline PTO Cross Joint Cardan Shaft is commonly used in tractors and farm implements. It has teeth of 1 3\/8&#8221; Z6 and a processing of yoke which is forged. The certificate includes CE, ISO, and TS, and the processing of the tube is cold-drawn. The material is made of steel with triangular tubes. The yoke type is a push pin yoke and it has a packaging of plastic bag+ wooden case + according to the customer&#8217;s request. The port of shipment is Shanghai or Ningbo.<\/p>\n<p><img decoding=\"async\" src=\"https:\/\/images.hzpt.com\/2023\/06\/xe4ye4bO-PTO-Shaft-Common-Applications.webp\" alt=\"Aplica\u00e7\u00f5es comuns do eixo de tomada de for\u00e7a\" \/><\/p>\n<h3>Descri\u00e7\u00e3o do produto<\/h3>\n<p>The PTO Shaft T4 1200 YGIIP Agricultural Yoke Tractor Rotavator Spline PTO Cross Joint Cardan Shaft is a type of shaft that is used in tractors and farm implements. It comes in various sizes and materials depending on the needs of the buyer. The product&#8217;s history dates back to the early days of agriculture when it was first used in tractors to drive farm implements. Today, it is still used in tractors and farm implements, but it has also found its way into other industries such as food &amp; beverage factories, machinery repair shops, and manufacturing plants.<\/p>\n<h3>Classifica\u00e7\u00e3o<\/h3>\n<ul>\n<li>Alfinete de press\u00e3o duplo<\/li>\n<li>Pinos de parafuso<\/li>\n<li>Pinos de divis\u00e3o<\/li>\n<li>Alfinete de press\u00e3o<\/li>\n<li>Libera\u00e7\u00e3o r\u00e1pida<\/li>\n<li>Fixa\u00e7\u00e3o de bola<\/li>\n<li>Colarinho<\/li>\n<\/ul>\n<h3>Vantagens<\/h3>\n<ul>\n<li>Materiais de alta qualidade<\/li>\n<li>Tamanho personaliz\u00e1vel<\/li>\n<li>Duradouro<\/li>\n<li>F\u00e1cil de instalar<\/li>\n<li>Baixa manuten\u00e7\u00e3o<\/li>\n<\/ul>\n<h3>Materiais de produtos dispon\u00edveis<\/h3>\n<ul>\n<li>A\u00e7o<\/li>\n<li>Alum\u00ednio<\/li>\n<li>A\u00e7o inoxid\u00e1vel<\/li>\n<\/ul>\n<h3>Instala\u00e7\u00e3o, Manuten\u00e7\u00e3o e Reparo<\/h3>\n<p>O eixo PTO T4 1200 YGIIP Agricultural Yoke Tractor Rotavator Spline PTO Cross Joint Cardan Shaft \u00e9 f\u00e1cil de instalar. Basta seguir as instru\u00e7\u00f5es que acompanham o produto. Para manter o produto, certifique-se de mant\u00ea-lo limpo e lubrificado. Se for necess\u00e1rio reparo, \u00e9 recomend\u00e1vel procurar assist\u00eancia profissional. Tamb\u00e9m \u00e9 importante inspecionar regularmente o produto para garantir que ele esteja funcionando corretamente.<\/p>\n<h3>Substitui\u00e7\u00e3o<\/h3>\n<p>Se for necess\u00e1ria a substitui\u00e7\u00e3o, \u00e9 recomend\u00e1vel comprar pe\u00e7as de reposi\u00e7\u00e3o originais do fornecedor original.<\/p>\n<h2>Outros produtos<\/h2>\n<p>Nossa empresa fornece principalmente v\u00e1rias engrenagens pl\u00e1sticas industriais, como caixas de engrenagens agr\u00edcolas, eixos de sa\u00edda de pot\u00eancia, rodas dentadas, acoplamentos hidr\u00e1ulicos, redutores de engrenagem sem-fim, cremalheiras de engrenagens, correntes remov\u00edveis, polias, caixas de engrenagens planet\u00e1rias, polias de sincroniza\u00e7\u00e3o, buchas e muito mais. Oferecemos produtos de alta qualidade a pre\u00e7os preferenciais e fornecemos servi\u00e7os atenciosos aos nossos clientes. Damos as boas-vindas aos clientes para personalizar com fotos e amostras.<\/p>\n<p><img decoding=\"async\" src=\"https:\/\/images.ever-power.net\/2019\/07\/ep_ep_pto-shaft-4.webp\" alt=\"Eixo de tomada de for\u00e7a\" \/><\/p>\n<h2>Perguntas e Respostas<\/h2>\n<h3>1. Qual \u00e9 o peso do eixo cardan da junta cruzada da tomada de for\u00e7a T4 1200 YGIIP para trator agr\u00edcola?<\/h3>\n<p>O peso do eixo cardan da tomada de for\u00e7a T4 1200 YGIIP para trator agr\u00edcola, garfo rotativo estriado, junta cruzada da tomada de for\u00e7a \u00e9 de 18 kg.<\/p>\n<h3>2. Qual \u00e9 o certificado do eixo cardan da junta cruzada da tomada de for\u00e7a T4 1200 YGIIP para trator agr\u00edcola?<\/h3>\n<p>O certificado do eixo cardan da junta cruzada da tomada de for\u00e7a T4 1200 YGIIP para trator agr\u00edcola e eixo rotativo estriado da tomada de for\u00e7a inclui CE, ISO e TS.<\/p>\n<h3>3. Qual \u00e9 o material do eixo cardan da junta transversal da tomada de for\u00e7a T4 1200 YGIIP para trator agr\u00edcola?<\/h3>\n<p>O material do eixo cardan da tomada de for\u00e7a T4 1200 YGIIP para trator agr\u00edcola, garfo rotativo estriado, junta cruzada da tomada de for\u00e7a \u00e9 feito de a\u00e7o com tubos triangulares.<\/p>\n<h3>4. O eixo cardan com junta cruzada da tomada de for\u00e7a T4 1200 YGIIP para trator agr\u00edcola e eixo rotativo com ranhura da tomada de for\u00e7a \u00e9 f\u00e1cil de instalar?<\/h3>\n<p>Sim, o PTO Shaft T4 1200 YGIIP Agricultural Yoke Tractor Rotavator Spline PTO Cross Joint Cardan Shaft \u00e9 f\u00e1cil de instalar. Basta seguir as instru\u00e7\u00f5es que acompanham o produto.<\/p>\n<h3>5. Qual \u00e9 a fun\u00e7\u00e3o do eixo cardan da junta cruzada da tomada de for\u00e7a T4 1200 YGIIP para trator agr\u00edcola?<\/h3>\n<p>A fun\u00e7\u00e3o do eixo cardan da tomada de for\u00e7a T4 1200 YGIIP para trator agr\u00edcola, garfo rotativo estriado, junta cruzada da tomada de for\u00e7a \u00e9 a de pe\u00e7as do eixo de transmiss\u00e3o e transmiss\u00e3o de pot\u00eancia.<\/p>\n<p style=\"color:red;\">Todo o conte\u00fado da p\u00e1gina vem da Internet, e o conte\u00fado \u00e9 usado apenas como refer\u00eancia para sele\u00e7\u00e3o de produtos. Nossos produtos s\u00e3o acess\u00f3rios e n\u00e3o pe\u00e7as de reposi\u00e7\u00e3o originais; n\u00e3o somos detentores da marca registrada original do conte\u00fado. Nossos produtos s\u00e3o adequados apenas para acess\u00f3rios de reposi\u00e7\u00e3o e n\u00e3o para pe\u00e7as de reposi\u00e7\u00e3o originais. Nossos acess\u00f3rios podem se encaixar perfeitamente nas pe\u00e7as de reposi\u00e7\u00e3o originais; se voc\u00ea precisar comprar pe\u00e7as de reposi\u00e7\u00e3o originais, entre em contato com a f\u00e1brica original para comprar.<\/p>\n<p>Autor: lmc<\/p>","protected":false},"excerpt":{"rendered":"<p>PTO Shaft T4 1200 YGIIP Agricultural Yoke Tractor Rotavator Spline PTO Cross Joint Cardan Shaft The PTO Shaft T4 1200 YGIIP Agricultural Yoke Tractor Rotavator Spline PTO Cross Joint Cardan Shaft is a new product that comes with a 1-year warranty. It is used in various industries such as hotels, garment shops, building material shops, [&hellip;]<\/p>","protected":false},"featured_media":6147,"template":"","meta":{"_et_pb_use_builder":"","_et_pb_old_content":"","_et_gb_content_width":""},"product_brand":[],"product_cat":[11315],"product_tag":[],"class_list":{"0":"post-6148","1":"product","2":"type-product","3":"status-publish","4":"has-post-thumbnail","6":"product_cat-pto-shaft","8":"first","9":"instock","10":"shipping-taxable","11":"product-type-simple"},"_links":{"self":[{"href":"https:\/\/agricultural-gear-boxes.com\/pt\/wp-json\/wp\/v2\/product\/6148","targetHints":{"allow":["GET"]}}],"collection":[{"href":"https:\/\/agricultural-gear-boxes.com\/pt\/wp-json\/wp\/v2\/product"}],"about":[{"href":"https:\/\/agricultural-gear-boxes.com\/pt\/wp-json\/wp\/v2\/types\/product"}],"wp:featuredmedia":[{"embeddable":true,"href":"https:\/\/agricultural-gear-boxes.com\/pt\/wp-json\/wp\/v2\/media\/6147"}],"wp:attachment":[{"href":"https:\/\/agricultural-gear-boxes.com\/pt\/wp-json\/wp\/v2\/media?parent=6148"}],"wp:term":[{"taxonomy":"product_brand","embeddable":true,"href":"https:\/\/agricultural-gear-boxes.com\/pt\/wp-json\/wp\/v2\/product_brand?post=6148"},{"taxonomy":"product_cat","embeddable":true,"href":"https:\/\/agricultural-gear-boxes.com\/pt\/wp-json\/wp\/v2\/product_cat?post=6148"},{"taxonomy":"product_tag","embeddable":true,"href":"https:\/\/agricultural-gear-boxes.com\/pt\/wp-json\/wp\/v2\/product_tag?post=6148"}],"curies":[{"name":"wp","href":"https:\/\/api.w.org\/{rel}","templated":true}]}}