{"id":6154,"date":"2024-10-30T06:31:31","date_gmt":"2024-10-30T06:31:31","guid":{"rendered":"https:\/\/agricultural-gear-boxes.com\/product\/factory-direct-sale-customized-pto-shaft-for-tractor-t4-1200-bip-harvester-spare-parts\/"},"modified":"2024-10-30T06:31:31","modified_gmt":"2024-10-30T06:31:31","slug":"factory-direct-sale-customized-pto-shaft-for-tractor-t4-1200-bip-harvester-spare-parts","status":"publish","type":"product","link":"https:\/\/agricultural-gear-boxes.com\/pt\/product\/factory-direct-sale-customized-pto-shaft-for-tractor-t4-1200-bip-harvester-spare-parts\/","title":{"rendered":"Venda direta de f\u00e1brica eixo de tomada de for\u00e7a personalizado para trator T4 1200 BIP pe\u00e7as de reposi\u00e7\u00e3o de colheitadeira"},"content":{"rendered":"<h2>Venda direta de f\u00e1brica eixo de tomada de for\u00e7a personalizado para trator T4 1200 BIP pe\u00e7as de reposi\u00e7\u00e3o de colheitadeira<\/h2>\n<p>O eixo de tomada de for\u00e7a personalizado de venda direta de f\u00e1brica para trator T4 1200 BIP \u00e9 uma pe\u00e7a de m\u00e1quina de transmiss\u00e3o agr\u00edcola de alta qualidade. Ele \u00e9 projetado para tratores e implementos agr\u00edcolas, fornecendo transmiss\u00e3o de energia confi\u00e1vel. Com seus dentes 6T e jugo forjado, este eixo de tomada de for\u00e7a garante durabilidade e desempenho ideal.<\/p>\n<h3>Especifica\u00e7\u00f5es do produto:<\/h3>\n<ul>\n<li>Condi\u00e7\u00e3o: Novo<\/li>\n<li>Garantia: 1 ano<\/li>\n<li>Peso (KG): 20 KG<\/li>\n<li>Localiza\u00e7\u00e3o do Showroom: Nenhum<\/li>\n<li>V\u00eddeo de inspe\u00e7\u00e3o de sa\u00edda: Fornecido<\/li>\n<li>Relat\u00f3rio de teste de m\u00e1quinas: fornecido<\/li>\n<li>Tipo de Marketing: Novo Produto 2020<\/li>\n<li>Tipo: Eixos<\/li>\n<li>Uso: Tratores<\/li>\n<li>Nome do produto: Eixo T4 1200 BIP PTO para m\u00e1quina de transmiss\u00e3o agr\u00edcola<\/li>\n<li>Uso: Tratores e implementos agr\u00edcolas<\/li>\n<li>Dentes: 6T<\/li>\n<li>Processamento de Jugo: Forja<\/li>\n<li>Certificado: CE, ISO e TS<\/li>\n<li>Processamento de Tubo: Trefilado a Frio<\/li>\n<li>Material: A\u00e7o<\/li>\n<li>Tubos: Tubos Triangulares<\/li>\n<li>Kit cruzado: 27*74,6<\/li>\n<li>Jugo: jugo estriado 13B com colar<\/li>\n<li>Packaging Details: Plastic bag+ Woodencase + According to Customer&#8217;s request<\/li>\n<li>Porto: Xangai ou Ningbo<\/li>\n<\/ul>\n<table>\n<tr>\n<td colspan=\"1\" rowspan=\"1\">N\u00famero do modelo<\/td>\n<td colspan=\"1\" rowspan=\"1\">Eixo T4 1200 BIP PTO para m\u00e1quina de transmiss\u00e3o agr\u00edcola<\/td>\n<\/tr>\n<tr>\n<td colspan=\"1\" rowspan=\"1\">Fun\u00e7\u00e3o<\/td>\n<td colspan=\"1\" rowspan=\"1\">Pe\u00e7as de eixo de transmiss\u00e3o e transmiss\u00e3o de pot\u00eancia<\/td>\n<\/tr>\n<tr>\n<td colspan=\"1\" rowspan=\"1\">Usar<\/td>\n<td colspan=\"1\" rowspan=\"1\">Tipos de tratores e implementos agr\u00edcolas<\/td>\n<\/tr>\n<tr>\n<td colspan=\"1\" rowspan=\"1\">Marca<\/td>\n<td colspan=\"1\" rowspan=\"1\">EP<\/td>\n<\/tr>\n<tr>\n<td colspan=\"1\" rowspan=\"1\">Tipo de jugo<\/td>\n<td colspan=\"1\" rowspan=\"1\">Double push pin, Bolt pins, Split pins, Push pin, Quick release, Ball attachment, Collar&#8230;<\/td>\n<\/tr>\n<tr>\n<td colspan=\"1\" rowspan=\"1\">Processamento de jugo<\/td>\n<td colspan=\"1\" rowspan=\"1\">Forjamento<\/td>\n<\/tr>\n<tr>\n<td colspan=\"1\" rowspan=\"1\">Capa de pl\u00e1stico<\/td>\n<td colspan=\"1\" rowspan=\"1\">YW; BW; YS; BS; Etc<\/td>\n<\/tr>\n<tr>\n<td colspan=\"1\" rowspan=\"1\">Cor<\/td>\n<td colspan=\"1\" rowspan=\"1\">Verde; Laranja; Amarelo; Preto Etc.<\/td>\n<\/tr>\n<tr>\n<td colspan=\"1\" rowspan=\"1\">S\u00e9rie<\/td>\n<td colspan=\"1\" rowspan=\"1\">T1-T10; L1-L6; S6-S10; 10HP-150HP com SA, RA, SB, SFF, WA, CV Etc.<\/td>\n<\/tr>\n<tr>\n<td colspan=\"1\" rowspan=\"1\">Tipo de tubo<\/td>\n<td colspan=\"1\" rowspan=\"1\">Lim\u00e3o, Triangular, Estrela, Quadrado, Hexangular, Spline, Especial Etc.<\/td>\n<\/tr>\n<tr>\n<td colspan=\"1\" rowspan=\"1\">Processamento de Tubo<\/td>\n<td colspan=\"1\" rowspan=\"1\">Estiramento a frio<\/td>\n<\/tr>\n<tr>\n<td colspan=\"1\" rowspan=\"1\">Tipo de Spline<\/td>\n<td colspan=\"1\" rowspan=\"1\">1 1\/8&#8243; Z6; 1 3\/8&#8243; Z6; 1 3\/4&#8243; Z6; 1 3\/8&#8243; Z21; 1 3\/4&#8243; Z20; 8-38*32*6 8-42*36*7; 8-48*42*8;<\/td>\n<\/tr>\n<tr>\n<td colspan=\"1\" rowspan=\"1\">Lugar de origem<\/td>\n<td colspan=\"1\" rowspan=\"1\">Hangzhou, China (continente)<\/td>\n<\/tr>\n<\/table>\n<p><img decoding=\"async\" src=\"https:\/\/images.hzpt.com\/2023\/06\/xe4ye4bO-PTO-Shaft-Common-Applications.webp\" alt=\"Aplica\u00e7\u00f5es comuns do eixo de tomada de for\u00e7a\"><\/p>\n<h3>Descri\u00e7\u00e3o do produto:<\/h3>\n<p>O eixo T4 1200 BIP PTO para m\u00e1quina de transmiss\u00e3o agr\u00edcola \u00e9 amplamente utilizado em v\u00e1rios setores, incluindo hot\u00e9is, lojas de vestu\u00e1rio, lojas de materiais de constru\u00e7\u00e3o, f\u00e1bricas, oficinas de reparo de m\u00e1quinas, f\u00e1bricas de alimentos e bebidas, fazendas, restaurantes e muito mais. Ele \u00e9 projetado especificamente para tratores e implementos agr\u00edcolas, fornecendo transmiss\u00e3o de energia confi\u00e1vel.<\/p>\n<p>Este eixo de tomada de for\u00e7a \u00e9 feito de a\u00e7o de alta qualidade e apresenta tubos triangulares, garantindo resist\u00eancia e durabilidade. Os dentes 6T e o jugo forjado melhoram ainda mais seu desempenho. Com uma garantia de 1 ano, os clientes podem ter paz de esp\u00edrito sabendo que est\u00e3o investindo em um produto confi\u00e1vel e duradouro.<\/p>\n<h3>Cen\u00e1rios de uso comuns:<\/h3>\n<ul>\n<li>Maquinaria agr\u00edcola<\/li>\n<li>Equipamento de constru\u00e7\u00e3o<\/li>\n<li>M\u00e1quinas industriais<\/li>\n<li>Equipamentos para gramado e jardim<\/li>\n<li>E mais<\/li>\n<\/ul>\n<p><img decoding=\"async\" src=\"https:\/\/images.hzpt.com\/2023\/06\/xe4ye4bO-PTO-Shaft-Common-Applications.webp\" alt=\"Aplica\u00e7\u00f5es comuns do eixo de tomada de for\u00e7a\"><\/p>\n<h3>Vantagens do produto:<\/h3>\n<ul>\n<li>Materiais de alta qualidade garantem durabilidade e longevidade<\/li>\n<li>Transmiss\u00e3o de pot\u00eancia ideal para diversas aplica\u00e7\u00f5es<\/li>\n<li>Projetado para suportar cargas pesadas e uso intenso<\/li>\n<li>F\u00e1cil de instalar e manter<\/li>\n<li>Compat\u00edvel com uma ampla gama de tratores e implementos agr\u00edcolas<\/li>\n<\/ul>\n<h3>Materiais do produto dispon\u00edveis:<\/h3>\n<ul>\n<li>A\u00e7o<\/li>\n<li>Alum\u00ednio<\/li>\n<li>Ferro<\/li>\n<li>E mais<\/li>\n<\/ul>\n<h3>Instala\u00e7\u00e3o, manuten\u00e7\u00e3o e reparo:<\/h3>\n<p>The T4 1200 BIP PTO Shaft can be easily installed following the manufacturer&#8217;s instructions. Regular maintenance, including lubrication and inspection, ensures optimal performance and extends the product&#8217;s lifespan. In case of any damage or issues, it is recommended to consult a professional for proper repair or replacement.<\/p>\n<h3>Company&#8217;s Other Product Businesses:<\/h3>\n<p>Al\u00e9m do eixo de tomada de for\u00e7a T4 1200 BIP, nossa empresa oferece uma ampla gama de engrenagens pl\u00e1sticas industriais, caixas de engrenagens agr\u00edcolas, eixos de sa\u00edda de pot\u00eancia, rodas dentadas, acoplamentos hidr\u00e1ulicos, redutores de engrenagem sem-fim, cremalheiras, correntes remov\u00edveis, polias e polias, caixas de engrenagens planet\u00e1rias, polias de sincroniza\u00e7\u00e3o, buchas e muito mais.<\/p>\n<p><img decoding=\"async\" src=\"https:\/\/images.ever-power.net\/2019\/07\/ep_ep_pto-shaft-4.webp\" alt=\"Outros produtos da empresa\"><\/p>\n<h3>Perguntas Frequentes (FAQ):<\/h3>\n<ol>\n<li><strong>P:<\/strong> Seus produtos s\u00e3o forjados ou fundidos?<\/li>\n<li><strong>UM:<\/strong> Todos os nossos produtos s\u00e3o forjados.<\/li>\n<li><strong>P:<\/strong> Voc\u00ea tem um certificado CE?<\/li>\n<li><strong>UM:<\/strong> Sim, temos certificados CE, TS\/16949, ISO9001.<\/li>\n<li><strong>P:<\/strong> What&#8217;s the horsepower range for the PTO shafts?<\/li>\n<li><strong>UM:<\/strong><br \/>","protected":false},"excerpt":{"rendered":"<p>Factory Direct Sale Customized PTO Shaft for Tractor T4 1200 BIP Harvester Spare Parts The Factory Direct Sale Customized PTO Shaft for Tractor T4 1200 BIP is a high-quality agricultural transmission machine part. It is designed for tractors and farm implements, providing reliable power transmission. With its 6T teeth and forged yoke, this PTO shaft [&hellip;]<\/p>","protected":false},"featured_media":6153,"template":"","meta":{"_et_pb_use_builder":"","_et_pb_old_content":"","_et_gb_content_width":""},"product_brand":[],"product_cat":[11315],"product_tag":[],"class_list":{"0":"post-6154","1":"product","2":"type-product","3":"status-publish","4":"has-post-thumbnail","6":"product_cat-pto-shaft","8":"first","9":"instock","10":"shipping-taxable","11":"product-type-simple"},"_links":{"self":[{"href":"https:\/\/agricultural-gear-boxes.com\/pt\/wp-json\/wp\/v2\/product\/6154","targetHints":{"allow":["GET"]}}],"collection":[{"href":"https:\/\/agricultural-gear-boxes.com\/pt\/wp-json\/wp\/v2\/product"}],"about":[{"href":"https:\/\/agricultural-gear-boxes.com\/pt\/wp-json\/wp\/v2\/types\/product"}],"wp:featuredmedia":[{"embeddable":true,"href":"https:\/\/agricultural-gear-boxes.com\/pt\/wp-json\/wp\/v2\/media\/6153"}],"wp:attachment":[{"href":"https:\/\/agricultural-gear-boxes.com\/pt\/wp-json\/wp\/v2\/media?parent=6154"}],"wp:term":[{"taxonomy":"product_brand","embeddable":true,"href":"https:\/\/agricultural-gear-boxes.com\/pt\/wp-json\/wp\/v2\/product_brand?post=6154"},{"taxonomy":"product_cat","embeddable":true,"href":"https:\/\/agricultural-gear-boxes.com\/pt\/wp-json\/wp\/v2\/product_cat?post=6154"},{"taxonomy":"product_tag","embeddable":true,"href":"https:\/\/agricultural-gear-boxes.com\/pt\/wp-json\/wp\/v2\/product_tag?post=6154"}],"curies":[{"name":"wp","href":"https:\/\/api.w.org\/{rel}","templated":true}]}}