{"id":6156,"date":"2024-10-30T06:31:37","date_gmt":"2024-10-30T06:31:37","guid":{"rendered":"https:\/\/agricultural-gear-boxes.com\/product\/factory-price-t4-1200-bip-tractor-pto-shaft-for-agricultural-tractor-maize-harvesting-machine-tractor-parts\/"},"modified":"2024-10-30T06:31:38","modified_gmt":"2024-10-30T06:31:38","slug":"factory-price-t4-1200-bip-tractor-pto-shaft-for-agricultural-tractor-maize-harvesting-machine-tractor-parts","status":"publish","type":"product","link":"https:\/\/agricultural-gear-boxes.com\/pt\/product\/factory-price-t4-1200-bip-tractor-pto-shaft-for-agricultural-tractor-maize-harvesting-machine-tractor-parts\/","title":{"rendered":"Pre\u00e7o de f\u00e1brica T4 1200 BIP eixo de tomada de trator para trator agr\u00edcola m\u00e1quina de colheita de milho pe\u00e7as de trator"},"content":{"rendered":"<h2> Eixo T4 1200 BIP PTO para m\u00e1quina de transmiss\u00e3o agr\u00edcola <\/h2>\n<p>O eixo T4 1200 BIP PTO \u00e9 uma m\u00e1quina de transmiss\u00e3o agr\u00edcola rec\u00e9m-desenvolvida, projetada para tratores e implementos agr\u00edcolas. Este produto \u00e9 feito de material de a\u00e7o de alta qualidade, e seu processamento do jugo \u00e9 forjado, enquanto o processamento do tubo \u00e9 trefilado a frio. Ele vem com um certificado CE, ISO e TS e tem dentes com 6T. Com um peso de 20 KG, os tubos triangulares s\u00e3o usados para tubos, e o kit cruzado \u00e9 27 * 74,6. O jugo \u00e9 um jugo estriado 13B com um colar. <\/p>\n<h3> Cen\u00e1rios de uso comum <\/h3>\n<p>O eixo T4 1200 BIP PTO para m\u00e1quina de transmiss\u00e3o agr\u00edcola tem uma ampla gama de aplica\u00e7\u00f5es para fazendas, plantas de fabrica\u00e7\u00e3o, oficinas de reparo de m\u00e1quinas, f\u00e1bricas de alimentos e bebidas, hot\u00e9is, lojas de vestu\u00e1rio, lojas de materiais de constru\u00e7\u00e3o, restaurantes e outros estabelecimentos. Este produto \u00e9 comumente usado em tratores e implementos agr\u00edcolas para colheita de milho e outras atividades agr\u00edcolas. <\/p>\n<p><img decoding=\"async\" src=\"https:\/\/images.hzpt.com\/2023\/06\/xe4ye4bO-PTO-Shaft-Common-Applications.webp\"\/><\/p>\n<h3> Vantagens <\/h3>\n<p>O eixo T4 1200 BIP PTO para m\u00e1quina de transmiss\u00e3o agr\u00edcola tem v\u00e1rias vantagens que o destacam de outros produtos. \u00c9 dur\u00e1vel, confi\u00e1vel e pode suportar cargas pesadas. \u00c9 f\u00e1cil de instalar e sua manuten\u00e7\u00e3o e reparo s\u00e3o simples. Este produto tamb\u00e9m est\u00e1 dispon\u00edvel em diferentes materiais e os clientes podem escolher de acordo com suas prefer\u00eancias.<\/p>\n<h3> Como instalar, manter e reparar <\/h3>\n<p>To install the T4 1200 BIP PTO shaft, follow the manufacturer&#8217;s instructions carefully. Regular maintenance is crucial to keep the product in top condition and to avoid any potential issues. When repairing the PTO shaft, it is important to inspect all parts for damage, replace any worn-out components, and reassemble the product correctly. <\/p>\n<h3> Outros produtos <\/h3>\n<p>A Ever-Power Group Co., Ltd. fornece diversas engrenagens pl\u00e1sticas industriais, como caixas de engrenagens agr\u00edcolas, eixos de sa\u00edda de pot\u00eancia, rodas dentadas, acoplamentos hidr\u00e1ulicos, redutores de engrenagem sem-fim, cremalheiras, correntes remov\u00edveis, polias e polias, caixas de engrenagens planet\u00e1rias, polias de sincroniza\u00e7\u00e3o, buchas, etc.<\/p>\n<p><img decoding=\"async\" src=\"https:\/\/images.ever-power.net\/2019\/07\/ep_ep_pto-shaft-4.webp\"\/><\/p>\n<h2> Perguntas frequentes <\/h2>\n<p>1. Os produtos s\u00e3o forjados ou fundidos?<br \/>\nTodos os nossos produtos s\u00e3o forjados.<\/p>\n<p>2. Voc\u00ea tem um certificado CE?<br \/>\nSim, temos certificados CE, TS\/16949, ISO9001.<\/p>\n<p>3. What&#8217;s the horsepower of the PTO shaft available?<br \/>\nFornecemos uma gama completa de eixos de tomada de for\u00e7a, variando de 16 HP a 200 HP.<\/p>\n<p>4. Quantas especifica\u00e7\u00f5es splined voc\u00ea tem?<br \/>\nWe produce 1 1\/8&#8243;-Z6, 1 3\/8&#8243;-Z6, 1 3\/4&#8243;-Z6, 1 3\/8&#8243;- Z21, 1 3\/4&#8243;-Z20, 8X42X48X8, and 8X32X38X6 splines.<\/p>\n<p>5. Quais s\u00e3o as suas condi\u00e7\u00f5es de pagamento?<br \/>\nAceitamos T\/T, L\/C, D\/A, D\/P.<\/p>\n<p>Autor: lmc<\/p>\n<p>O conte\u00fado desta p\u00e1gina vem da internet e \u00e9 usado apenas como refer\u00eancia para sele\u00e7\u00e3o de produtos. Nossos produtos s\u00e3o acess\u00f3rios e n\u00e3o pe\u00e7as de reposi\u00e7\u00e3o originais; n\u00e3o somos detentores da marca registrada original do conte\u00fado. Nossos produtos s\u00e3o adequados apenas para acess\u00f3rios de reposi\u00e7\u00e3o e n\u00e3o para pe\u00e7as de reposi\u00e7\u00e3o originais. Nossos acess\u00f3rios podem se encaixar perfeitamente nas pe\u00e7as de reposi\u00e7\u00e3o originais se voc\u00ea precisar comprar pe\u00e7as de reposi\u00e7\u00e3o originais. Entre em contato com a f\u00e1brica original para comprar.<\/p>","protected":false},"excerpt":{"rendered":"<p>T4 1200 BIP PTO Shaft for Agricultural Transmission Machine The T4 1200 BIP PTO shaft is a newly developed agricultural transmission machine designed for tractors and farm implements. This product is made of high-quality steel material, and its processing of the yoke is forged, while the processing of the tube is cold-drawn. It comes with [&hellip;]<\/p>","protected":false},"featured_media":6155,"template":"","meta":{"_et_pb_use_builder":"","_et_pb_old_content":"","_et_gb_content_width":""},"product_brand":[],"product_cat":[11315],"product_tag":[],"class_list":{"0":"post-6156","1":"product","2":"type-product","3":"status-publish","4":"has-post-thumbnail","6":"product_cat-pto-shaft","8":"first","9":"instock","10":"shipping-taxable","11":"product-type-simple"},"_links":{"self":[{"href":"https:\/\/agricultural-gear-boxes.com\/pt\/wp-json\/wp\/v2\/product\/6156","targetHints":{"allow":["GET"]}}],"collection":[{"href":"https:\/\/agricultural-gear-boxes.com\/pt\/wp-json\/wp\/v2\/product"}],"about":[{"href":"https:\/\/agricultural-gear-boxes.com\/pt\/wp-json\/wp\/v2\/types\/product"}],"wp:featuredmedia":[{"embeddable":true,"href":"https:\/\/agricultural-gear-boxes.com\/pt\/wp-json\/wp\/v2\/media\/6155"}],"wp:attachment":[{"href":"https:\/\/agricultural-gear-boxes.com\/pt\/wp-json\/wp\/v2\/media?parent=6156"}],"wp:term":[{"taxonomy":"product_brand","embeddable":true,"href":"https:\/\/agricultural-gear-boxes.com\/pt\/wp-json\/wp\/v2\/product_brand?post=6156"},{"taxonomy":"product_cat","embeddable":true,"href":"https:\/\/agricultural-gear-boxes.com\/pt\/wp-json\/wp\/v2\/product_cat?post=6156"},{"taxonomy":"product_tag","embeddable":true,"href":"https:\/\/agricultural-gear-boxes.com\/pt\/wp-json\/wp\/v2\/product_tag?post=6156"}],"curies":[{"name":"wp","href":"https:\/\/api.w.org\/{rel}","templated":true}]}}