{"id":6166,"date":"2024-10-30T06:32:14","date_gmt":"2024-10-30T06:32:14","guid":{"rendered":"https:\/\/agricultural-gear-boxes.com\/product\/tractor-parts-universal-joint-cardan-shaft-japanese-tractor-pto-shaft-for-kubota-iseki-yamma\/"},"modified":"2024-10-30T06:32:15","modified_gmt":"2024-10-30T06:32:15","slug":"tractor-parts-universal-joint-cardan-shaft-japanese-tractor-pto-shaft-for-kubota-iseki-yamma","status":"publish","type":"product","link":"https:\/\/agricultural-gear-boxes.com\/pt\/product\/tractor-parts-universal-joint-cardan-shaft-japanese-tractor-pto-shaft-for-kubota-iseki-yamma\/","title":{"rendered":"Pe\u00e7as de trator junta universal eixo cardan eixo de tomada de for\u00e7a de trator japon\u00eas para Kubota, Iseki, Yamma"},"content":{"rendered":"<h2>Pe\u00e7as de trator Junta universal Eixo cardan<\/h2>\n<p>O eixo cardan de junta universal de pe\u00e7as de trator \u00e9 um produto de alta qualidade projetado para uso em v\u00e1rias aplica\u00e7\u00f5es agr\u00edcolas e de constru\u00e7\u00e3o. Com foco em durabilidade e desempenho, este eixo \u00e9 compat\u00edvel com Kubota, Iseki, Yamma e outras marcas de tratores japonesas. O eixo \u00e9 feito de a\u00e7o trefilado a frio, garantindo resist\u00eancia e confiabilidade. Seu comprimento de 900 mm o torna adequado para uma ampla gama de tratores e implementos agr\u00edcolas.<\/p>\n<p><img decoding=\"async\" src=\"https:\/\/images.hzpt.com\/2023\/06\/xe4ye4bO-PTO-Shaft-Common-Applications.webp\" alt=\"Cen\u00e1rio de uso do eixo do trator\"><\/p>\n<h3>Cen\u00e1rios de uso comum<\/h3>\n<ul>\n<li>Colheita de safras em campos agr\u00edcolas<\/li>\n<li>Operar v\u00e1rios implementos agr\u00edcolas, como cultivadores rotativos<\/li>\n<li>Fornecimento de transmiss\u00e3o de energia em obras de constru\u00e7\u00e3o<\/li>\n<li>Apoiando as opera\u00e7\u00f5es de energia e minera\u00e7\u00e3o<\/li>\n<\/ul>\n<p>Com sua cor amarela pulverizada, o eixo cardan da junta universal das pe\u00e7as do trator se destaca e \u00e9 facilmente reconhec\u00edvel. Ele tem um peso de 12 KG, oferecendo um bom equil\u00edbrio entre resist\u00eancia e manobrabilidade. Os tubos triangulares usados em sua constru\u00e7\u00e3o garantem estabilidade e efici\u00eancia durante a opera\u00e7\u00e3o.<\/p>\n<h3>Vantagens<\/h3>\n<ul>\n<li>Jugo forjado para maior durabilidade<\/li>\n<li>Pino de libera\u00e7\u00e3o r\u00e1pida para f\u00e1cil instala\u00e7\u00e3o e remo\u00e7\u00e3o<\/li>\n<li>Capa de pl\u00e1stico para prote\u00e7\u00e3o adicional<\/li>\n<li>Dispon\u00edvel em v\u00e1rios tipos de spline para compatibilidade com diferentes m\u00e1quinas<\/li>\n<\/ul>\n<p>Quando se trata de instala\u00e7\u00e3o, o eixo cardan de junta universal de pe\u00e7as de trator \u00e9 compat\u00edvel com uma ampla gama de tratores e implementos agr\u00edcolas. Seu tubo trefilado a frio garante um ajuste preciso e desempenho confi\u00e1vel. Manuten\u00e7\u00e3o regular e lubrifica\u00e7\u00e3o adequada s\u00e3o essenciais para funcionalidade e longevidade ideais.<\/p>\n<p><img decoding=\"async\" src=\"https:\/\/images.ever-power.net\/2019\/07\/ep_ep_pto-shaft-4.webp\" alt=\"Pe\u00e7as para tratores Ever-Power\"><\/p>\n<h2>Outros neg\u00f3cios de produtos<\/h2>\n<p>Al\u00e9m do eixo cardan de junta universal para pe\u00e7as de trator, nossa empresa oferece uma ampla gama de engrenagens e acess\u00f3rios pl\u00e1sticos industriais. Nossos produtos incluem caixas de engrenagens agr\u00edcolas, eixos de sa\u00edda de pot\u00eancia, rodas dentadas, acoplamentos hidr\u00e1ulicos, redutores de engrenagem sem-fim, cremalheiras, correntes remov\u00edveis, polias e polias, caixas de engrenagens planet\u00e1rias, polias de sincroniza\u00e7\u00e3o e buchas. Temos orgulho em fornecer produtos de alta qualidade, pre\u00e7os competitivos e excelente atendimento ao cliente. Aceitamos solicita\u00e7\u00f5es de personaliza\u00e7\u00e3o com base em fotos e amostras.<\/p>\n<h2>Perguntas frequentes<\/h2>\n<h3>1. Seus produtos s\u00e3o forjados ou fundidos?<\/h3>\n<p>Todos os nossos produtos s\u00e3o forjados, garantindo resist\u00eancia e durabilidade superiores.<\/p>\n<h3>2. Voc\u00ea tem um certificado CE?<\/h3>\n<p>Sim, obtivemos os certificados CE, TS\/16949 e ISO9001, garantindo a qualidade dos nossos produtos.<\/p>\n<h3>3. Qual \u00e9 a faixa de pot\u00eancia dispon\u00edvel para seus eixos de tomada de for\u00e7a?<\/h3>\n<p>Fornecemos uma gama completa de eixos de tomada de for\u00e7a, adequados para tratores de 16 HP a 200 HP.<\/p>\n<h3>4. Quantas especifica\u00e7\u00f5es estriadas voc\u00ea oferece?<\/h3>\n<p>We produce various splined specifications, including 1 1\/8&#8243; Z6, 1 3\/8&#8243; Z6, 1 3\/4&#8243; Z6, 1 3\/8&#8243; Z21, 1 3\/4&#8243; Z20, 8X42X48X8, and 8X32X38X6 splines.<\/p>\n<h3>5. Quais s\u00e3o as suas condi\u00e7\u00f5es de pagamento?<\/h3>\n<p>Aceitamos pagamentos por meio de v\u00e1rios m\u00e9todos, incluindo T\/T, L\/C, D\/A e D\/P.<\/p>\n<p>Autor: lmc<\/p>\n<p><font color=\"red\">Aviso Legal: O conte\u00fado desta p\u00e1gina \u00e9 proveniente da Internet e \u00e9 fornecido apenas para fins de refer\u00eancia. Nossos produtos s\u00e3o acess\u00f3rios de reposi\u00e7\u00e3o e n\u00e3o pe\u00e7as de reposi\u00e7\u00e3o originais. N\u00e3o detemos os direitos de marca registrada originais para o conte\u00fado mencionado. Embora nossos acess\u00f3rios se encaixem perfeitamente nas pe\u00e7as de reposi\u00e7\u00e3o originais, se voc\u00ea precisar de pe\u00e7as de reposi\u00e7\u00e3o originais, entre em contato com o fabricante original.<\/font><\/p>","protected":false},"excerpt":{"rendered":"<p>Tractor Parts Universal Joint Cardan Shaft The tractor parts universal joint cardan shaft is a high-quality product designed for use in various farming and construction applications. With a focus on durability and performance, this shaft is compatible with Kubota, Iseki, Yamma, and other Japanese tractor brands. The shaft is made of cold-drawn steel, ensuring strength [&hellip;]<\/p>","protected":false},"featured_media":6165,"template":"","meta":{"_et_pb_use_builder":"","_et_pb_old_content":"","_et_gb_content_width":""},"product_brand":[],"product_cat":[11315],"product_tag":[],"class_list":{"0":"post-6166","1":"product","2":"type-product","3":"status-publish","4":"has-post-thumbnail","6":"product_cat-pto-shaft","8":"first","9":"instock","10":"shipping-taxable","11":"product-type-simple"},"_links":{"self":[{"href":"https:\/\/agricultural-gear-boxes.com\/pt\/wp-json\/wp\/v2\/product\/6166","targetHints":{"allow":["GET"]}}],"collection":[{"href":"https:\/\/agricultural-gear-boxes.com\/pt\/wp-json\/wp\/v2\/product"}],"about":[{"href":"https:\/\/agricultural-gear-boxes.com\/pt\/wp-json\/wp\/v2\/types\/product"}],"wp:featuredmedia":[{"embeddable":true,"href":"https:\/\/agricultural-gear-boxes.com\/pt\/wp-json\/wp\/v2\/media\/6165"}],"wp:attachment":[{"href":"https:\/\/agricultural-gear-boxes.com\/pt\/wp-json\/wp\/v2\/media?parent=6166"}],"wp:term":[{"taxonomy":"product_brand","embeddable":true,"href":"https:\/\/agricultural-gear-boxes.com\/pt\/wp-json\/wp\/v2\/product_brand?post=6166"},{"taxonomy":"product_cat","embeddable":true,"href":"https:\/\/agricultural-gear-boxes.com\/pt\/wp-json\/wp\/v2\/product_cat?post=6166"},{"taxonomy":"product_tag","embeddable":true,"href":"https:\/\/agricultural-gear-boxes.com\/pt\/wp-json\/wp\/v2\/product_tag?post=6166"}],"curies":[{"name":"wp","href":"https:\/\/api.w.org\/{rel}","templated":true}]}}