{"id":6174,"date":"2024-10-30T06:32:39","date_gmt":"2024-10-30T06:32:39","guid":{"rendered":"https:\/\/agricultural-gear-boxes.com\/product\/pto-shaft-yoke-parts-for-agricultural-pto-shaft-with-ce-certificated\/"},"modified":"2024-10-30T06:32:39","modified_gmt":"2024-10-30T06:32:39","slug":"pto-shaft-yoke-parts-for-agricultural-pto-shaft-with-ce-certificated","status":"publish","type":"product","link":"https:\/\/agricultural-gear-boxes.com\/pt\/product\/pto-shaft-yoke-parts-for-agricultural-pto-shaft-with-ce-certificated\/","title":{"rendered":"Pe\u00e7as de jugo de eixo de tomada de for\u00e7a para eixo de tomada de for\u00e7a agr\u00edcola com certifica\u00e7\u00e3o CE"},"content":{"rendered":"<h2>Pe\u00e7as de garfo de eixo de tomada de for\u00e7a para eixo de tomada de for\u00e7a agr\u00edcola com certifica\u00e7\u00e3o CE<\/h2>\n<p>As pe\u00e7as de garfo de eixo de tomada de for\u00e7a para eixo de tomada de for\u00e7a agr\u00edcola com certifica\u00e7\u00e3o CE s\u00e3o componentes essenciais usados em tratores e implementos agr\u00edcolas. Essas pe\u00e7as s\u00e3o projetadas para fornecer transmiss\u00e3o de pot\u00eancia eficiente e s\u00e3o feitas de materiais de a\u00e7o de alta qualidade. Com um comprimento de 900 mm, essas pe\u00e7as de garfo de eixo s\u00e3o compat\u00edveis com v\u00e1rios tipos de colheitadeiras.<\/p>\n<p>Essas pe\u00e7as foram certificadas com certifica\u00e7\u00f5es CE, ISO e TS, garantindo sua qualidade e desempenho. Os tubos usados no eixo s\u00e3o tubos triangulares trefilados a frio, o que aumenta ainda mais sua durabilidade. A cor amarela de pulveriza\u00e7\u00e3o adiciona um toque visualmente atraente \u00e0s pe\u00e7as.<\/p>\n<h3>Especifica\u00e7\u00f5es do produto<\/h3>\n<ul>\n<li>Condi\u00e7\u00e3o: Novo<\/li>\n<li>Garantia: 1 ano<\/li>\n<li>Applicable Industries: Farms, Construction works, Energy &#038; Mining<\/li>\n<li>Peso (KG): 12 KG<\/li>\n<li>Localiza\u00e7\u00e3o do Showroom: Nenhum<\/li>\n<li>V\u00eddeo de inspe\u00e7\u00e3o de sa\u00edda: Fornecido<\/li>\n<li>Relat\u00f3rio de teste de m\u00e1quinas: N\u00e3o dispon\u00edvel<\/li>\n<li>Tipo de Marketing: Novo Produto 2020<\/li>\n<li>Tipo: Eixos<\/li>\n<li>Uso: Colheitadeiras<\/li>\n<li>Nome do produto: Pe\u00e7as de garfo de eixo de tomada de for\u00e7a para eixo de tomada de for\u00e7a agr\u00edcola com certifica\u00e7\u00e3o CE<\/li>\n<li>Uso: Tratores e implementos agr\u00edcolas<\/li>\n<li>Processamento de Tubo: Trefilado a Frio<\/li>\n<li>Material: A\u00e7o<\/li>\n<li>Marca: EVER-POWER<\/li>\n<li>Tubos: Tubos Tri\u00e2ngulos<\/li>\n<li>Cor: Amarelo Pulveriza\u00e7\u00e3o<\/li>\n<li>Comprimento: 900mm<\/li>\n<li>OEM: Servi\u00e7o OEM<\/li>\n<li>Packaging Details: Plastic bag+ Woodencase + According to Customer&#8217;s request<\/li>\n<li>Porto: Xangai ou Ningbo<\/li>\n<\/ul>\n<table>\n<tr>\n<td>N\u00famero do modelo<\/td>\n<td>Pe\u00e7as de jugo de eixo de tomada de for\u00e7a Zhejiang EVER-POWER para eixo de tomada de for\u00e7a agr\u00edcola com certifica\u00e7\u00e3o CE<\/td>\n<\/tr>\n<tr>\n<td>Fun\u00e7\u00e3o<\/td>\n<td>Pe\u00e7as de eixo de transmiss\u00e3o e transmiss\u00e3o de pot\u00eancia<\/td>\n<\/tr>\n<tr>\n<td>Usar<\/td>\n<td>Tipos de tratores e implementos agr\u00edcolas<\/td>\n<\/tr>\n<tr>\n<td>Marca<\/td>\n<td>EP<\/td>\n<\/tr>\n<tr>\n<td>Tipo de jugo<\/td>\n<td>Double push pin, Bolt pins, Split pins, Push pin, Quick release, Ball attachment, Collar&#8230;<\/td>\n<\/tr>\n<tr>\n<td>Processamento de jugo<\/td>\n<td>Forjamento<\/td>\n<\/tr>\n<tr>\n<td>Capa de pl\u00e1stico<\/td>\n<td>YW;BW;YS;BS;Etc<\/td>\n<\/tr>\n<tr>\n<td>Cor<\/td>\n<td>Verde;Laranja;Amarelo;Preto Etc.<\/td>\n<\/tr>\n<tr>\n<td>S\u00e9rie<\/td>\n<td>T1-T10; L1-L6; S6-S10; 10HP-150HP com SA, RA, SB, SFF, WA, CV Etc.<\/td>\n<\/tr>\n<tr>\n<td>Tipo de tubo<\/td>\n<td>Lim\u00e3o, Triangular, Estrela, Quadrado, Hexagonal, Spline, Especial Etc.<\/td>\n<\/tr>\n<tr>\n<td>Processamento de Tubo<\/td>\n<td>Estiramento a frio<\/td>\n<\/tr>\n<tr>\n<td>Tipo de Spline<\/td>\n<td>1 1\/8&#8243; Z6; 1 3\/8&#8243; Z6; 1 3\/4&#8243; Z6; 1 3\/8&#8243; Z21; 1 3\/4&#8243; Z20; 8-38*32*6 8-42*36*7; 8-48*42*8;<\/td>\n<\/tr>\n<tr>\n<td>Lugar de origem<\/td>\n<td>Hangzhou, China (continente)<\/td>\n<\/tr>\n<\/table>\n<p><img decoding=\"async\" src=\"https:\/\/images.hzpt.com\/2023\/06\/xe4ye4bO-PTO-Shaft-Common-Applications.webp\" alt=\"Aplica\u00e7\u00f5es comuns do eixo de tomada de for\u00e7a\"><\/p>\n<p><strong>Hist\u00f3ria e Classifica\u00e7\u00e3o:<\/strong> As pe\u00e7as do jugo do eixo PTO t\u00eam sido uma parte essencial do equipamento agr\u00edcola por muitos anos, fornecendo transmiss\u00e3o de energia confi\u00e1vel. Elas s\u00e3o classificadas com base em diferentes especifica\u00e7\u00f5es e designs para atender a v\u00e1rias necessidades agr\u00edcolas.<\/p>\n<p><strong>Vantagens:<\/strong><\/p>\n<ul>\n<li>Dur\u00e1vel e duradouro<\/li>\n<li>Transmiss\u00e3o de energia eficiente<\/li>\n<li>Certificado CE, ISO e TS<\/li>\n<li>Compat\u00edvel com uma ampla gama de tratores e implementos agr\u00edcolas<\/li>\n<li>Tubos de a\u00e7o trefilados a frio de alta qualidade<\/li>\n<\/ul>\n<p><strong>Materiais do produto dispon\u00edveis:<\/strong> A\u00e7o<\/p>\n<p><strong>Instala\u00e7\u00e3o, manuten\u00e7\u00e3o e reparo:<\/strong><\/p>\n<ul>\n<li>Garanta o alinhamento adequado e a fixa\u00e7\u00e3o segura das pe\u00e7as do jugo<\/li>\n<li>Inspecione e lubrifique regularmente o eixo para evitar desgaste<\/li>\n<li>Substitua imediatamente quaisquer pe\u00e7as danificadas ou desgastadas para evitar problemas operacionais<\/li>\n<\/ul>\n<p><strong>Substitui\u00e7\u00e3o:<\/strong> Ao substituir as pe\u00e7as do garfo do eixo da tomada de for\u00e7a, siga estas etapas:<\/p>\n<ol>\n<li>Desconecte o eixo do trator ou implemento agr\u00edcola<\/li>\n<li>Remova as pe\u00e7as antigas do jugo afrouxando os parafusos ou pinos necess\u00e1rios<\/li>\n<li>Instale as novas pe\u00e7as do jugo fixando-as firmemente com os parafusos ou pinos apropriados<\/li>\n<li>Reconecte o eixo ao trator ou implemento agr\u00edcola<\/li>\n<\/ol>\n<p>Temos orgulho de oferecer v\u00e1rias engrenagens pl\u00e1sticas industriais, caixas de engrenagens agr\u00edcolas, eixos de sa\u00edda de pot\u00eancia, rodas dentadas, acoplamentos hidr\u00e1ulicos, redutores de engrenagem sem-fim, cremalheiras de engrenagens, correntes remov\u00edveis, polias e polias, caixas de engrenagens planet\u00e1rias, polias de sincroniza\u00e7\u00e3o, buchas e muito mais. Nossos produtos de alta qualidade t\u00eam pre\u00e7os competitivos e s\u00e3o apoiados por um excelente servi\u00e7o ao cliente. <img decoding=\"async\" src=\"https:\/\/images.ever-power.net\/2019\/07\/ep_ep_pto-shaft-4.webp\" alt=\"Eixo de tomada de for\u00e7a\"><\/p>\n<h3>Perguntas frequentes<\/h3>\n<ol>\n<li><strong>P: Seus produtos s\u00e3o forjados ou fundidos?<\/strong><br \/>\n    R: Todos os nossos produtos s\u00e3o forjados.\n  <\/li>\n<li><strong>P: Voc\u00eas t\u00eam um certificado CE?<\/strong><br \/>\n    R: Sim, temos certificados CE, TS\/16949, ISO9001.\n  <\/li>\n<li><strong>Q: What&#8217;s the horse power of the PTO shafts available?<\/strong><br \/>\n    R: Fornecemos uma gama completa de eixos de tomada de for\u00e7a, variando de 16 HP a 200 HP.\n  <\/li>\n<li><strong>P: Quantas especifica\u00e7\u00f5es splined voc\u00ea tem?<\/strong><br \/>\n    A: We produce 1 1\/8&#8243;-Z6, 1 3\/8&#8243;-Z6, 1 3\/4&#8243;-Z6, 1 3\/8&#8243;-Z21, 1 3\/4&#8243;-Z20, 8X42X48X8, and 8X32X38X6 splines.\n  <\/li>\n<li><strong>P: Quais s\u00e3o as suas condi\u00e7\u00f5es de pagamento?<\/strong><br \/>\n    R: Aceitamos T\/T, L\/C, D\/A, D\/P e muito mais.\n  <\/li>\n<\/ol>\n<p>Autor: lmc<\/p>\n<p style=\"color: red;\">Aviso Legal: Todo o conte\u00fado desta p\u00e1gina vem da Internet, e o conte\u00fado \u00e9 usado apenas como refer\u00eancia para sele\u00e7\u00e3o de produtos. Nossos produtos s\u00e3o acess\u00f3rios e n\u00e3o pe\u00e7as de reposi\u00e7\u00e3o originais; n\u00e3o somos detentores da marca registrada original do conte\u00fado. Nossos acess\u00f3rios podem se encaixar perfeitamente nas pe\u00e7as de reposi\u00e7\u00e3o originais; se voc\u00ea precisar comprar pe\u00e7as de reposi\u00e7\u00e3o originais, entre em contato com a f\u00e1brica original para comprar.<\/p>","protected":false},"excerpt":{"rendered":"<p>PTO Shaft Yoke Parts for Agricultural PTO Shaft with CE Certificated The PTO shaft yoke parts for Agricultural PTO shaft with CE Certificated are essential components used in tractors and farm implements. These parts are designed to provide efficient power transmission and are made from high-quality steel materials. With a length of 900mm, these shaft [&hellip;]<\/p>","protected":false},"featured_media":6173,"template":"","meta":{"_et_pb_use_builder":"","_et_pb_old_content":"","_et_gb_content_width":""},"product_brand":[],"product_cat":[11315],"product_tag":[],"class_list":{"0":"post-6174","1":"product","2":"type-product","3":"status-publish","4":"has-post-thumbnail","6":"product_cat-pto-shaft","8":"first","9":"instock","10":"shipping-taxable","11":"product-type-simple"},"_links":{"self":[{"href":"https:\/\/agricultural-gear-boxes.com\/pt\/wp-json\/wp\/v2\/product\/6174","targetHints":{"allow":["GET"]}}],"collection":[{"href":"https:\/\/agricultural-gear-boxes.com\/pt\/wp-json\/wp\/v2\/product"}],"about":[{"href":"https:\/\/agricultural-gear-boxes.com\/pt\/wp-json\/wp\/v2\/types\/product"}],"wp:featuredmedia":[{"embeddable":true,"href":"https:\/\/agricultural-gear-boxes.com\/pt\/wp-json\/wp\/v2\/media\/6173"}],"wp:attachment":[{"href":"https:\/\/agricultural-gear-boxes.com\/pt\/wp-json\/wp\/v2\/media?parent=6174"}],"wp:term":[{"taxonomy":"product_brand","embeddable":true,"href":"https:\/\/agricultural-gear-boxes.com\/pt\/wp-json\/wp\/v2\/product_brand?post=6174"},{"taxonomy":"product_cat","embeddable":true,"href":"https:\/\/agricultural-gear-boxes.com\/pt\/wp-json\/wp\/v2\/product_cat?post=6174"},{"taxonomy":"product_tag","embeddable":true,"href":"https:\/\/agricultural-gear-boxes.com\/pt\/wp-json\/wp\/v2\/product_tag?post=6174"}],"curies":[{"name":"wp","href":"https:\/\/api.w.org\/{rel}","templated":true}]}}