{"id":6184,"date":"2024-10-30T06:33:15","date_gmt":"2024-10-30T06:33:15","guid":{"rendered":"https:\/\/agricultural-gear-boxes.com\/product\/factory-agricultural-machine-parts-universal-joint-spline-pto-shaft\/"},"modified":"2024-10-30T06:33:16","modified_gmt":"2024-10-30T06:33:16","slug":"factory-agricultural-machine-parts-universal-joint-spline-pto-shaft","status":"publish","type":"product","link":"https:\/\/agricultural-gear-boxes.com\/pt\/product\/factory-agricultural-machine-parts-universal-joint-spline-pto-shaft\/","title":{"rendered":"Pe\u00e7as de m\u00e1quinas agr\u00edcolas de f\u00e1brica, junta universal, eixo de tomada de for\u00e7a"},"content":{"rendered":"<h2>04B 800 YIIIP PTO Drive Shaft: Vis\u00e3o geral, uso, vantagens e muito mais<\/h2>\n<p>O eixo de transmiss\u00e3o PTO 04B 800 YIIIP \u00e9 um produto rec\u00e9m-lan\u00e7ado em 2020 e ganhou uma \u00f3tima reputa\u00e7\u00e3o de clientes da Europa, \u00c1sia, Am\u00e9rica do Norte e Austr\u00e1lia. Este produto \u00e9 fabricado e comercializado pela EVER-POWER GROUP Co., Ltd. \u00c9 um eixo PTO de junta universal estriado feito de a\u00e7o e pesa 13 kg. Ele vem com garantia de 1 ano e tem v\u00e1rias ind\u00fastrias aplic\u00e1veis, como fazendas, obras de constru\u00e7\u00e3o, energia e minera\u00e7\u00e3o. <\/p>\n<h3>Hist\u00f3rico e classifica\u00e7\u00e3o do produto<\/h3>\n<p>O eixo de transmiss\u00e3o da TDF tem sido usado por muitos anos em m\u00e1quinas agr\u00edcolas e tratores. \u00c9 uma parte essencial do sistema de transmiss\u00e3o de pot\u00eancia em m\u00e1quinas agr\u00edcolas. O eixo da TDF \u00e9 classificado em dois tipos: primeiro, os eixos da TDF padr\u00e3o, que s\u00e3o encontrados na maioria dos tratores, e segundo, os eixos da TDF de servi\u00e7o pesado, que s\u00e3o usados em grandes m\u00e1quinas agr\u00edcolas e tratores. <\/p>\n<h3>Vantagens do eixo de transmiss\u00e3o da tomada de for\u00e7a<\/h3>\n<p>O PTO Drive Shaft tem muitas vantagens, como alta efici\u00eancia, longa vida \u00fatil e baixo custo de manuten\u00e7\u00e3o. Tamb\u00e9m \u00e9 f\u00e1cil de instalar e substituir. O PTO Drive Shaft tem uma ampla gama de aplica\u00e7\u00f5es, como em m\u00e1quinas agr\u00edcolas, obras de constru\u00e7\u00e3o e minera\u00e7\u00e3o. <\/p>\n<h3>Materiais de produtos dispon\u00edveis<\/h3>\n<p>O eixo de transmiss\u00e3o da tomada de for\u00e7a \u00e9 feito de a\u00e7o, e o processamento do tubo \u00e9 trefilado a frio. Ele tamb\u00e9m vem em tubos triangulares, que fornecem excelente rigidez torcional e resist\u00eancia. <\/p>\n<h3>Cen\u00e1rios de uso<\/h3>\n<p>O eixo de transmiss\u00e3o da TDF \u00e9 comumente usado em tratores e implementos agr\u00edcolas. Ele \u00e9 usado para transmitir energia para v\u00e1rios implementos, como cortadores de grama, enfardadeiras e cultivadores. Ele tamb\u00e9m \u00e9 usado em obras de constru\u00e7\u00e3o para alimentar misturadores de cimento, brocas e outros equipamentos. Al\u00e9m disso, ele \u00e9 usado na minera\u00e7\u00e3o para alimentar correias transportadoras, trituradores e outras m\u00e1quinas. <\/p>\n<p><img decoding=\"async\" src=\"https:\/\/images.hzpt.com\/2023\/06\/xe4ye4bO-PTO-Shaft-Common-Applications.webp\" alt=\"Aplica\u00e7\u00f5es comuns do eixo de tomada de for\u00e7a\" \/><\/p>\n<h3>Instala\u00e7\u00e3o, Manuten\u00e7\u00e3o e Reparo<\/h3>\n<p>The installation of the PTO Drive Shaft is relatively easy and can be done by following the manufacturer&#8217;s instructions. To maintain the PTO Drive Shaft, it should be regularly lubricated and checked for any signs of wear and tear. If there are any signs of damage or wear, it should be repaired or replaced immediately. Furthermore, it is essential to follow the manufacturer&#8217;s instructions for repair and replacement to ensure that the PTO Drive Shaft functions correctly. <\/p>\n<h3>Substitui\u00e7\u00e3o do eixo de transmiss\u00e3o da tomada de for\u00e7a<\/h3>\n<p>If the PTO Drive Shaft needs to be replaced, it is essential to use a replacement that matches the specifications of the original shaft. It is also important to follow the manufacturer&#8217;s instructions for replacement. <\/p>\n<h2>EVER-POWER GROUP Co., Ltd&#8217;s Other Products<\/h2>\n<p>Al\u00e9m do eixo de transmiss\u00e3o da tomada de for\u00e7a, a EVER-POWER GROUP Co., Ltd tamb\u00e9m fornece v\u00e1rias engrenagens pl\u00e1sticas industriais, como caixas de engrenagens agr\u00edcolas, eixos de sa\u00edda de pot\u00eancia, rodas dentadas, acoplamentos hidr\u00e1ulicos, redutores de engrenagem sem-fim, cremalheiras, correntes remov\u00edveis, polias e polias, caixas de engrenagens planet\u00e1rias, polias de sincroniza\u00e7\u00e3o, buchas, etc. A empresa fornece produtos de alta qualidade, pre\u00e7os preferenciais e servi\u00e7os atenciosos. Os clientes podem personalizar seus produtos com fotos e amostras.<\/p>\n<p><img decoding=\"async\" src=\"https:\/\/images.ever-power.net\/2019\/07\/ep_ep_pto-shaft-4.webp\" alt=\"Eixo de tomada de for\u00e7a 4\" \/><\/p>\n<h2>Perguntas frequentes:<\/h2>\n<h3>P1: Os eixos de transmiss\u00e3o da tomada de for\u00e7a s\u00e3o forjados ou fundidos?<\/h3>\n<p>A1: Todos os nossos eixos de transmiss\u00e3o de tomada de for\u00e7a s\u00e3o forjados.<\/p>\n<h3>Q2: Voc\u00ea tem alguma certifica\u00e7\u00e3o?<\/h3>\n<p>R2: Sim, temos certificados CE, TS\/16949 e ISO9001.<\/p>\n<h3>Q3: Qual \u00e9 a pot\u00eancia dispon\u00edvel do eixo de transmiss\u00e3o da tomada de for\u00e7a?<\/h3>\n<p>A3: Fornecemos uma gama completa de eixos de transmiss\u00e3o de tomada de for\u00e7a, variando de 16 HP a 200 HP.<\/p>\n<h3>Q4: Quantas especifica\u00e7\u00f5es estriadas voc\u00ea tem?<\/h3>\n<p>A4: Produzimos estrias de 1 1\/8\u201d-Z6, 1 3\/8\u201d-Z6, 1 3\/4\u201d-Z6, 1 3\/8\u201d- Z21, 1 3\/4\u201d-Z20, 8X42X48X8 e 8X32X38X6.<\/p>\n<h3>Q5: Quais s\u00e3o as suas condi\u00e7\u00f5es de pagamento?<\/h3>\n<p>A5: Aceitamos T\/T, L\/C, D\/A e D\/P.<\/p>\n<p><font color=\"red\">Observa\u00e7\u00e3o: <\/font> Todo o conte\u00fado da p\u00e1gina vem da Internet, e o conte\u00fado \u00e9 usado apenas como refer\u00eancia para sele\u00e7\u00e3o de produtos. Nossos produtos s\u00e3o acess\u00f3rios e n\u00e3o pe\u00e7as de reposi\u00e7\u00e3o originais; n\u00e3o somos detentores da marca registrada original do conte\u00fado. Nossos produtos s\u00e3o adequados apenas para acess\u00f3rios de reposi\u00e7\u00e3o e n\u00e3o para pe\u00e7as de reposi\u00e7\u00e3o originais. Nossos acess\u00f3rios podem se encaixar perfeitamente nas pe\u00e7as de reposi\u00e7\u00e3o originais; se voc\u00ea precisar comprar pe\u00e7as de reposi\u00e7\u00e3o originais, entre em contato com a f\u00e1brica original para comprar.<\/p>\n<p>Autor: lmc<\/p>","protected":false},"excerpt":{"rendered":"<p>04B 800 YIIIP PTO Drive Shaft: Overview, Usage, Advantages and More The 04B 800 YIIIP PTO Drive Shaft is a newly launched product in 2020, and it has gained a great reputation from Europe, Asia, North America, and Australian customers. This product is manufactured and marketed by EVER-POWER GROUP Co., Ltd. It is a universal [&hellip;]<\/p>","protected":false},"featured_media":6183,"template":"","meta":{"_et_pb_use_builder":"","_et_pb_old_content":"","_et_gb_content_width":""},"product_brand":[],"product_cat":[11315],"product_tag":[],"class_list":{"0":"post-6184","1":"product","2":"type-product","3":"status-publish","4":"has-post-thumbnail","6":"product_cat-pto-shaft","8":"first","9":"instock","10":"shipping-taxable","11":"product-type-simple"},"_links":{"self":[{"href":"https:\/\/agricultural-gear-boxes.com\/pt\/wp-json\/wp\/v2\/product\/6184","targetHints":{"allow":["GET"]}}],"collection":[{"href":"https:\/\/agricultural-gear-boxes.com\/pt\/wp-json\/wp\/v2\/product"}],"about":[{"href":"https:\/\/agricultural-gear-boxes.com\/pt\/wp-json\/wp\/v2\/types\/product"}],"wp:featuredmedia":[{"embeddable":true,"href":"https:\/\/agricultural-gear-boxes.com\/pt\/wp-json\/wp\/v2\/media\/6183"}],"wp:attachment":[{"href":"https:\/\/agricultural-gear-boxes.com\/pt\/wp-json\/wp\/v2\/media?parent=6184"}],"wp:term":[{"taxonomy":"product_brand","embeddable":true,"href":"https:\/\/agricultural-gear-boxes.com\/pt\/wp-json\/wp\/v2\/product_brand?post=6184"},{"taxonomy":"product_cat","embeddable":true,"href":"https:\/\/agricultural-gear-boxes.com\/pt\/wp-json\/wp\/v2\/product_cat?post=6184"},{"taxonomy":"product_tag","embeddable":true,"href":"https:\/\/agricultural-gear-boxes.com\/pt\/wp-json\/wp\/v2\/product_tag?post=6184"}],"curies":[{"name":"wp","href":"https:\/\/api.w.org\/{rel}","templated":true}]}}