{"id":6190,"date":"2024-10-30T06:33:36","date_gmt":"2024-10-30T06:33:36","guid":{"rendered":"https:\/\/agricultural-gear-boxes.com\/product\/drive-shaft-cardan-cross-kit-pto-shaft-for-agricultural-transmission-machine\/"},"modified":"2024-10-30T06:33:36","modified_gmt":"2024-10-30T06:33:36","slug":"drive-shaft-cardan-cross-kit-pto-shaft-for-agricultural-transmission-machine","status":"publish","type":"product","link":"https:\/\/agricultural-gear-boxes.com\/pt\/product\/drive-shaft-cardan-cross-kit-pto-shaft-for-agricultural-transmission-machine\/","title":{"rendered":"kit de eixo cardan de transmiss\u00e3o eixo de transmiss\u00e3o para m\u00e1quina de transmiss\u00e3o agr\u00edcola"},"content":{"rendered":"<h2>Kit de eixo cardan de transmiss\u00e3o cruzada Eixo de tomada de for\u00e7a para m\u00e1quina de transmiss\u00e3o agr\u00edcola<\/h2>\n<p>O eixo cardan cross kit PTO shaft \u00e9 um novo produto para 2020 projetado para uso em tratores e implementos agr\u00edcolas. \u00c9 feito de a\u00e7o trefilado a frio e possui certifica\u00e7\u00e3o CE, ISO e TS, com garantia de 1 ano. O eixo tem um peso de 12 KG e vem em uma cor amarela pulverizada. \u00c9 compat\u00edvel com uma variedade de aplica\u00e7\u00f5es nas fazendas, obras de constru\u00e7\u00e3o, energia e ind\u00fastrias de minera\u00e7\u00e3o.<\/p>\n<p>O eixo da TDF \u00e9 um componente essencial que transmite pot\u00eancia e torque de um trator para uma pe\u00e7a de maquin\u00e1rio agr\u00edcola, como um arado ou uma colheitadeira. Ele \u00e9 composto de uma s\u00e9rie de tubos e jugos que s\u00e3o conectados por tubos estriados, e pode vir em uma variedade de tamanhos e formas para se adequar a diferentes aplica\u00e7\u00f5es.<\/p>\n<p><img decoding=\"async\" src=\"https:\/\/images.hzpt.com\/2023\/06\/xe4ye4bO-PTO-Shaft-Common-Applications.webp\" alt=\"Aplica\u00e7\u00f5es comuns do eixo de tomada de for\u00e7a\" \/><\/p>\n<h3>Tipos de eixos de tomada de for\u00e7a<\/h3>\n<ul>\n<li>T1-T10<\/li>\n<li>L1-L6<\/li>\n<li>S6-S10<\/li>\n<li>10HP-150HP com SA, RA, SB, SFF, WA, CV, etc.<\/li>\n<\/ul>\n<h3>Materiais<\/h3>\n<ul>\n<li>A\u00e7o trefilado a frio<\/li>\n<li>Tubos spline<\/li>\n<\/ul>\n<h3>Vantagens<\/h3>\n<ul>\n<li>Certificado CE, ISO e TS<\/li>\n<li>Garantia de 1 ano<\/li>\n<li>Compat\u00edvel com uma variedade de aplica\u00e7\u00f5es na ind\u00fastria agr\u00edcola<\/li>\n<li>Feito de materiais de alta qualidade<\/li>\n<li>F\u00e1cil de instalar e manter<\/li>\n<\/ul>\n<h3>Como instalar, manter e reparar o eixo da tomada de for\u00e7a<\/h3>\n<p>O eixo da tomada de for\u00e7a \u00e9 projetado para f\u00e1cil instala\u00e7\u00e3o e manuten\u00e7\u00e3o. Ele deve ser verificado regularmente quanto a desgaste e danos, e quaisquer problemas devem ser prontamente reparados para evitar mais danos ou riscos \u00e0 seguran\u00e7a. Se o eixo precisar ser substitu\u00eddo, isso deve ser feito o mais r\u00e1pido poss\u00edvel com uma pe\u00e7a de reposi\u00e7\u00e3o de alta qualidade que seja compat\u00edvel com a aplica\u00e7\u00e3o.<\/p>\n<h2>Outras engrenagens pl\u00e1sticas industriais<\/h2>\n<p>Al\u00e9m do nosso kit de eixo cardan de transmiss\u00e3o, eixo PTO para m\u00e1quinas de transmiss\u00e3o agr\u00edcola, tamb\u00e9m fornecemos v\u00e1rias engrenagens pl\u00e1sticas industriais, como caixas de engrenagens agr\u00edcolas, eixos de sa\u00edda de pot\u00eancia, rodas dentadas, acoplamentos hidr\u00e1ulicos, redutores de engrenagem sem-fim, cremalheiras, correntes remov\u00edveis, polias e polias, caixas de engrenagens planet\u00e1rias, polias de sincroniza\u00e7\u00e3o, buchas, etc. Oferecemos produtos de alta qualidade a pre\u00e7os acess\u00edveis e fornecemos servi\u00e7os atenciosos aos nossos clientes. Damos as boas-vindas aos clientes para personalizar seus pedidos com fotos e amostras.<\/p>\n<p><img decoding=\"async\" src=\"https:\/\/images.ever-power.net\/2019\/07\/ep_ep_pto-shaft-4.webp\" alt=\"EP EP Eixo de tomada de for\u00e7a 4\" \/><\/p>\n<h2>Perguntas frequentes<\/h2>\n<ol>\n<li>\n<h3>Os produtos s\u00e3o forjados ou fundidos?<\/h3>\n<p>Todos os nossos produtos s\u00e3o forjados.<\/p>\n<\/li>\n<li>\n<h3>Voc\u00ea tem um certificado CE?<\/h3>\n<p>Sim, temos certificados CE, TS\/16949, ISO9001.<\/p>\n<\/li>\n<li>\n<h3>What&#8217;s the horse power of the PTO shafts that are available?<\/h3>\n<p>Fornecemos uma gama completa de eixos de tomada de for\u00e7a, variando de 16 HP a 200 HP.<\/p>\n<\/li>\n<li>\n<h3>Quantas especifica\u00e7\u00f5es spline voc\u00ea tem?<\/h3>\n<p>We produce 1 1\/8&#8243;-Z6, 1 3\/8&#8243;-Z6, 1 3\/4&#8243;-Z6, 1 3\/8&#8243;- Z21, 1 3\/4&#8243;-Z20, 8X42X48X8 and 8X32X38X6 splines.<\/p>\n<\/li>\n<li>\n<h3>Quais s\u00e3o as suas condi\u00e7\u00f5es de pagamento?<\/h3>\n<p>T\/T, L\/C, D\/A, D\/P\u2026.<\/p>\n<\/li>\n<\/ol>\n<p><strong>Autor: lmc<\/strong><\/p>\n<p style=\"color: red;\">Aviso Legal: Todo o conte\u00fado desta p\u00e1gina \u00e9 apenas para refer\u00eancia. Nossos produtos s\u00e3o acess\u00f3rios e n\u00e3o pe\u00e7as de reposi\u00e7\u00e3o originais; n\u00e3o somos detentores da marca registrada original do conte\u00fado. Nossos produtos s\u00e3o adequados apenas para acess\u00f3rios de reposi\u00e7\u00e3o e n\u00e3o para pe\u00e7as de reposi\u00e7\u00e3o originais. Nossos acess\u00f3rios podem se encaixar perfeitamente nas pe\u00e7as de reposi\u00e7\u00e3o originais; se voc\u00ea precisar comprar pe\u00e7as de reposi\u00e7\u00e3o originais, entre em contato com a f\u00e1brica original para comprar.<\/p>","protected":false},"excerpt":{"rendered":"<p>Drive Shaft Cardan Cross Kit PTO Shaft for Agricultural Transmission Machine The drive shaft cardan cross kit PTO shaft is a new product for 2020 designed for use in tractors and farm implements. It is made of cold-drawn steel and features CE, ISO, and TS certification, with a 1-year warranty. The shaft has a weight [&hellip;]<\/p>","protected":false},"featured_media":6189,"template":"","meta":{"_et_pb_use_builder":"","_et_pb_old_content":"","_et_gb_content_width":""},"product_brand":[],"product_cat":[11315],"product_tag":[],"class_list":{"0":"post-6190","1":"product","2":"type-product","3":"status-publish","4":"has-post-thumbnail","6":"product_cat-pto-shaft","8":"first","9":"instock","10":"shipping-taxable","11":"product-type-simple"},"_links":{"self":[{"href":"https:\/\/agricultural-gear-boxes.com\/pt\/wp-json\/wp\/v2\/product\/6190","targetHints":{"allow":["GET"]}}],"collection":[{"href":"https:\/\/agricultural-gear-boxes.com\/pt\/wp-json\/wp\/v2\/product"}],"about":[{"href":"https:\/\/agricultural-gear-boxes.com\/pt\/wp-json\/wp\/v2\/types\/product"}],"wp:featuredmedia":[{"embeddable":true,"href":"https:\/\/agricultural-gear-boxes.com\/pt\/wp-json\/wp\/v2\/media\/6189"}],"wp:attachment":[{"href":"https:\/\/agricultural-gear-boxes.com\/pt\/wp-json\/wp\/v2\/media?parent=6190"}],"wp:term":[{"taxonomy":"product_brand","embeddable":true,"href":"https:\/\/agricultural-gear-boxes.com\/pt\/wp-json\/wp\/v2\/product_brand?post=6190"},{"taxonomy":"product_cat","embeddable":true,"href":"https:\/\/agricultural-gear-boxes.com\/pt\/wp-json\/wp\/v2\/product_cat?post=6190"},{"taxonomy":"product_tag","embeddable":true,"href":"https:\/\/agricultural-gear-boxes.com\/pt\/wp-json\/wp\/v2\/product_tag?post=6190"}],"curies":[{"name":"wp","href":"https:\/\/api.w.org\/{rel}","templated":true}]}}