{"id":6192,"date":"2024-10-30T06:33:43","date_gmt":"2024-10-30T06:33:43","guid":{"rendered":"https:\/\/agricultural-gear-boxes.com\/product\/customized-cardan-cross-kit-pto-shaft-for-agricultural-transmission-machine\/"},"modified":"2024-10-30T06:33:43","modified_gmt":"2024-10-30T06:33:43","slug":"customized-cardan-cross-kit-pto-shaft-for-agricultural-transmission-machine","status":"publish","type":"product","link":"https:\/\/agricultural-gear-boxes.com\/pt\/product\/customized-cardan-cross-kit-pto-shaft-for-agricultural-transmission-machine\/","title":{"rendered":"kit de eixo cardan cruzado personalizado para m\u00e1quina de transmiss\u00e3o agr\u00edcola"},"content":{"rendered":"<h2>Kit de eixo cardan cruzado personalizado para m\u00e1quina de transmiss\u00e3o agr\u00edcola<\/h2>\n<p>O kit cardan cross personalizado PTO Shaft para m\u00e1quina de transmiss\u00e3o agr\u00edcola \u00e9 um novo produto lan\u00e7ado em 2020 pela EVER-POWER. \u00c9 feito de a\u00e7o de alta qualidade com um processamento de tubo trefilado a frio, o que garante durabilidade e longevidade. O eixo PTO \u00e9 adequado para v\u00e1rias ind\u00fastrias, incluindo fazendas, obras de constru\u00e7\u00e3o, energia e minera\u00e7\u00e3o.<\/p>\n<p><img decoding=\"async\" src=\"https:\/\/images.hzpt.com\/2023\/06\/xe4ye4bO-PTO-Shaft-Common-Applications.webp\" alt=\"Aplica\u00e7\u00f5es comuns do eixo de tomada de for\u00e7a\" \/><\/p>\n<h3>Uso do produto<\/h3>\n<p>O eixo de tomada de for\u00e7a do kit cruzado Cardan \u00e9 amplamente utilizado em tratores e implementos agr\u00edcolas. Ele \u00e9 projetado para transmitir pot\u00eancia dos tratores para as m\u00e1quinas conectadas a eles. O eixo de tomada de for\u00e7a pode ser usado em v\u00e1rios acess\u00f3rios agr\u00edcolas, incluindo cortadores de grama, cultivadores, espalhadores e cultivadores.<\/p>\n<h3>Materiais e vantagens do produto<\/h3>\n<p>The PTO Shaft is made of high-quality steel with a cold-drawn processing of the tube. The spline tubes used in the shaft are available in different sizes, including 1 1\/8&#8243;-Z6, 1 3\/8&#8243;-Z6, 1 3\/4&#8243;-Z6, 1 3\/8&#8243;-Z21, 1 3\/4&#8243;-Z20, 8X42X48X8, and 8X32X38X6 splines. The product is CE, ISO, and TS certified, ensuring that it meets the highest safety standards. The product&#8217;s surface is coated with yellow spraying, which protects it from rust and corrosion.<\/p>\n<h3>Instala\u00e7\u00e3o, manuten\u00e7\u00e3o e substitui\u00e7\u00e3o de produtos<\/h3>\n<p>O eixo PTO \u00e9 f\u00e1cil de instalar e substituir. O produto vem com um servi\u00e7o OEM que permite aos clientes personalizar de acordo com suas necessidades. A manuten\u00e7\u00e3o regular \u00e9 essencial para garantir a longevidade do produto. \u00c9 recomend\u00e1vel lubrificar o produto regularmente e substituir pe\u00e7as danificadas para evitar acidentes.<\/p>\n<h3>Outras engrenagens pl\u00e1sticas industriais<\/h3>\n<p>Al\u00e9m do kit de cruzeta cardan personalizado PTO Shaft para m\u00e1quina de transmiss\u00e3o agr\u00edcola, tamb\u00e9m fornecemos v\u00e1rias engrenagens pl\u00e1sticas industriais, incluindo caixas de engrenagens agr\u00edcolas, eixos de sa\u00edda de pot\u00eancia, rodas dentadas, acoplamentos hidr\u00e1ulicos, redutores de engrenagem sem-fim, cremalheiras de engrenagens, correntes remov\u00edveis, polias e polias, caixas de engrenagens planet\u00e1rias, polias de sincroniza\u00e7\u00e3o e buchas. Nossos produtos s\u00e3o de alta qualidade e est\u00e3o dispon\u00edveis a pre\u00e7os preferenciais. Damos as boas-vindas aos clientes para personalizar com fotos e amostras.<\/p>\n<p><img decoding=\"async\" src=\"https:\/\/images.ever-power.net\/2019\/07\/ep_ep_pto-shaft-4.webp\" alt=\"Eixo de tomada de for\u00e7a EP EP\" \/><\/p>\n<h2>Perguntas frequentes<\/h2>\n<h3>1. Os produtos s\u00e3o forjados ou fundidos?<\/h3>\n<p>Todos os nossos produtos s\u00e3o forjados.<\/p>\n<h3>2. Voc\u00ea tem um certificado CE?<\/h3>\n<p>Sim, temos certificados CE, TS\/16949, ISO9001.<\/p>\n<h3>3. What&#8217;s the horsepower of the PTO shaft available?<\/h3>\n<p>Fornecemos uma gama completa de eixos de tomada de for\u00e7a, variando de 16 HP a 200 HP.<\/p>\n<h3>4. Quantas especifica\u00e7\u00f5es splined voc\u00ea tem?<\/h3>\n<p>We produce 1 1\/8&#8243;-Z6, 1 3\/8&#8243;-Z6, 1 3\/4&#8243;-Z6, 1 3\/8&#8243;-Z21, 1 3\/4&#8243;-Z20, 8X42X48X8, and 8X32X38X6 splines.<\/p>\n<h3>5. Quais s\u00e3o as suas condi\u00e7\u00f5es de pagamento?<\/h3>\n<p>Aceitamos T\/T, L\/C, D\/A, D\/P e outros m\u00e9todos de pagamento.<\/p>\n<p><strong>Autor: lmc<\/strong><\/p>\n<p style=\"color:red\">Aviso Legal: Todo o conte\u00fado desta p\u00e1gina vem da Internet, e o conte\u00fado \u00e9 usado apenas como refer\u00eancia para sele\u00e7\u00e3o de produtos. Nossos produtos s\u00e3o acess\u00f3rios e n\u00e3o pe\u00e7as de reposi\u00e7\u00e3o originais; n\u00e3o somos detentores da marca registrada original do conte\u00fado. Nossos produtos s\u00e3o adequados apenas para acess\u00f3rios de reposi\u00e7\u00e3o e n\u00e3o para pe\u00e7as de reposi\u00e7\u00e3o originais. Nossos acess\u00f3rios podem se encaixar perfeitamente nas pe\u00e7as de reposi\u00e7\u00e3o originais; se voc\u00ea precisar comprar pe\u00e7as de reposi\u00e7\u00e3o originais, entre em contato com a f\u00e1brica original para comprar.<\/p>","protected":false},"excerpt":{"rendered":"<p>Customized Cardan Cross Kit PTO Shaft for Agricultural Transmission Machine The customized cardan cross kit PTO Shaft for agricultural transmission machine is a new product released in 2020 by EVER-POWER. It is made of high-quality steel with a cold-drawn processing of the tube, which ensures durability and longevity. The PTO shaft is suitable for various [&hellip;]<\/p>","protected":false},"featured_media":6191,"template":"","meta":{"_et_pb_use_builder":"","_et_pb_old_content":"","_et_gb_content_width":""},"product_brand":[],"product_cat":[11315],"product_tag":[],"class_list":{"0":"post-6192","1":"product","2":"type-product","3":"status-publish","4":"has-post-thumbnail","6":"product_cat-pto-shaft","8":"first","9":"instock","10":"shipping-taxable","11":"product-type-simple"},"_links":{"self":[{"href":"https:\/\/agricultural-gear-boxes.com\/pt\/wp-json\/wp\/v2\/product\/6192","targetHints":{"allow":["GET"]}}],"collection":[{"href":"https:\/\/agricultural-gear-boxes.com\/pt\/wp-json\/wp\/v2\/product"}],"about":[{"href":"https:\/\/agricultural-gear-boxes.com\/pt\/wp-json\/wp\/v2\/types\/product"}],"wp:featuredmedia":[{"embeddable":true,"href":"https:\/\/agricultural-gear-boxes.com\/pt\/wp-json\/wp\/v2\/media\/6191"}],"wp:attachment":[{"href":"https:\/\/agricultural-gear-boxes.com\/pt\/wp-json\/wp\/v2\/media?parent=6192"}],"wp:term":[{"taxonomy":"product_brand","embeddable":true,"href":"https:\/\/agricultural-gear-boxes.com\/pt\/wp-json\/wp\/v2\/product_brand?post=6192"},{"taxonomy":"product_cat","embeddable":true,"href":"https:\/\/agricultural-gear-boxes.com\/pt\/wp-json\/wp\/v2\/product_cat?post=6192"},{"taxonomy":"product_tag","embeddable":true,"href":"https:\/\/agricultural-gear-boxes.com\/pt\/wp-json\/wp\/v2\/product_tag?post=6192"}],"curies":[{"name":"wp","href":"https:\/\/api.w.org\/{rel}","templated":true}]}}