{"id":6202,"date":"2024-10-30T06:34:19","date_gmt":"2024-10-30T06:34:19","guid":{"rendered":"https:\/\/agricultural-gear-boxes.com\/product\/rotavator-pto-shaft-tractor-for-agriculture-machinery-and-equipment\/"},"modified":"2024-10-30T06:34:19","modified_gmt":"2024-10-30T06:34:19","slug":"rotavator-pto-shaft-tractor-for-agriculture-machinery-and-equipment","status":"publish","type":"product","link":"https:\/\/agricultural-gear-boxes.com\/pt\/product\/rotavator-pto-shaft-tractor-for-agriculture-machinery-and-equipment\/","title":{"rendered":"Eixo de tomada de for\u00e7a rotativo Trator para m\u00e1quinas e equipamentos agr\u00edcolas"},"content":{"rendered":"<h2>Eixo de tomada de for\u00e7a rotativo para m\u00e1quinas e equipamentos agr\u00edcolas<\/h2>\n<p>O Rotavator PTO Shaft \u00e9 um novo produto dispon\u00edvel em 2020. Ele foi projetado para uso com tratores e implementos agr\u00edcolas e \u00e9 feito de a\u00e7o com tubos estrela e acabamento preto. O processamento do jugo \u00e9 forjado, e o tubo \u00e9 trefilado a frio para maior durabilidade. Ele est\u00e1 dispon\u00edvel em v\u00e1rios tamanhos e vem com garantia de 1 ano.<\/p>\n<h3>Cen\u00e1rios de uso comum<\/h3>\n<p>O Eixo PTO Rotavator \u00e9 um componente cr\u00edtico na opera\u00e7\u00e3o de tratores e implementos agr\u00edcolas. \u00c9 adequado para uso em hot\u00e9is, lojas de vestu\u00e1rio, lojas de materiais de constru\u00e7\u00e3o, f\u00e1bricas, oficinas de reparo de m\u00e1quinas, f\u00e1bricas de alimentos e bebidas, fazendas, restaurantes, uso dom\u00e9stico, varejo, lojas de alimentos, gr\u00e1ficas, obras de constru\u00e7\u00e3o, energia e minera\u00e7\u00e3o, lojas de alimentos e bebidas e outras ind\u00fastrias.<\/p>\n<p><img decoding=\"async\" src=\"https:\/\/images.hzpt.com\/2023\/06\/xe4ye4bO-PTO-Shaft-Common-Applications.webp\" alt=\"Aplica\u00e7\u00f5es comuns do eixo de tomada de for\u00e7a do rotavator\" \/><\/p>\n<p>The Rotavator PTO Shaft is commonly used in a variety of agricultural machines and equipment. It is used to transfer power from the tractor&#8217;s engine to various mechanical devices, such as a rotavator, pump, or other machinery. The shaft is designed to transfer rotational power at varying speeds while accommodating for changes in the angle between the tractor and the implement. It is also used to connect and disconnect the implement quickly and easily. It is a critical component in the efficient operation of tractors and farm implements.<\/p>\n<h3>Vantagens<\/h3>\n<ul>\n<li>Materiais altamente dur\u00e1veis garantem uma longa vida \u00fatil<\/li>\n<li>Jugo forjado e tubo trefilado a frio para maior resist\u00eancia<\/li>\n<li>Dispon\u00edvel em v\u00e1rios tamanhos para se adaptar a diferentes aplica\u00e7\u00f5es<\/li>\n<li>Projetado para f\u00e1cil instala\u00e7\u00e3o e manuten\u00e7\u00e3o<\/li>\n<\/ul>\n<h3>Classifica\u00e7\u00e3o do produto<\/h3>\n<p>The Rotavator PTO Shaft is classified as a driveline spline universal cross joint yoke tractor PTO drive shaft. It is available in various series, including T1-T10, L1-L6, S6-S10, 10HP-150HP with SA, RA, SB, SFF, WA, CV, and others. The spline types available include 1 1\/8&#8243;-Z6, 1 3\/8&#8243;-Z6, 1 3\/4&#8243;-Z6, 1 3\/8&#8243;-Z21, 1 3\/4&#8243;-Z20, 8X42X48X8, and 8X32X38X6.<\/p>\n<h3>Materiais<\/h3>\n<p>O eixo PTO Rotavator \u00e9 feito de a\u00e7o com tubos estrela e acabamento preto. O processamento do jugo \u00e9 forjado, e o tubo \u00e9 trefilado a frio para maior durabilidade.<\/p>\n<h3>Instala\u00e7\u00e3o, Manuten\u00e7\u00e3o e Reparo<\/h3>\n<p>The Rotavator PTO Shaft is designed for easy installation and maintenance. Regular inspection and maintenance of the shaft are recommended to ensure optimal performance. If the shaft is damaged or worn, it should be repaired or replaced immediately. Replacement of the shaft is a simple process that can be done by following the manufacturer&#8217;s instructions.<\/p>\n<p><img decoding=\"async\" src=\"https:\/\/images.ever-power.net\/2019\/07\/ep_ep_pto-shaft-4.webp\" alt=\"Eixo de tomada de for\u00e7a do rotavator\" \/><\/p>\n<h2>Perguntas frequentes<\/h2>\n<ol>\n<li><strong>Os produtos s\u00e3o forjados ou fundidos?<\/strong><br \/>Todos os produtos s\u00e3o falsificados.<\/li>\n<li><strong>Voc\u00ea tem um certificado CE?<\/strong><br \/>Sim, temos certificados CE, TS\/16949, ISO9001.<\/li>\n<li><strong>Qual \u00e9 a pot\u00eancia do eixo da tomada de for\u00e7a dispon\u00edvel?<\/strong><br \/>Fornecemos uma gama completa de eixos de tomada de for\u00e7a, variando de 16 HP a 200 HP.<\/li>\n<li><strong>Quantas especifica\u00e7\u00f5es spline voc\u00ea tem?<\/strong><br \/>We produce 1 1\/8&#8243;-Z6, 1 3\/8&#8243;-Z6, 1 3\/4&#8243;-Z6, 1 3\/8&#8243;-Z21, 1 3\/4&#8243;-Z20, 8X42X48X8, and 8X32X38X6 splines.<\/li>\n<li><strong>Quais s\u00e3o as suas condi\u00e7\u00f5es de pagamento?<\/strong><br \/>Aceitamos T\/T, L\/C, D\/A e D\/P.<\/li>\n<\/ol>\n<p><em>Autor: lmc<\/em><\/p>\n<p style=\"color:red;\">Aviso Legal: Todo o conte\u00fado desta p\u00e1gina \u00e9 apenas para refer\u00eancia e n\u00e3o substitui aconselhamento profissional. Nossos produtos s\u00e3o acess\u00f3rios e n\u00e3o pe\u00e7as de reposi\u00e7\u00e3o originais. N\u00e3o somos detentores da marca registrada original do conte\u00fado. Nossos acess\u00f3rios se encaixam perfeitamente em pe\u00e7as de reposi\u00e7\u00e3o originais. Se voc\u00ea precisar comprar pe\u00e7as de reposi\u00e7\u00e3o originais, entre em contato com a f\u00e1brica original para comprar.<\/p>\n<h2>Outros produtos<\/h2>\n<p>N\u00f3s fornecemos v\u00e1rias engrenagens pl\u00e1sticas industriais, como caixas de engrenagens agr\u00edcolas, eixos de sa\u00edda de pot\u00eancia, rodas dentadas, acoplamentos hidr\u00e1ulicos, redutores de engrenagem sem-fim, cremalheiras de engrenagens, correntes remov\u00edveis, polias e polias, caixas de engrenagens planet\u00e1rias, polias de sincroniza\u00e7\u00e3o, buchas e muito mais. Nossos produtos s\u00e3o de alta qualidade e est\u00e3o dispon\u00edveis a pre\u00e7os preferenciais. Tamb\u00e9m oferecemos servi\u00e7os atenciosos e damos as boas-vindas aos clientes para personalizar com fotos e amostras.<\/p>\n<p><img decoding=\"async\" src=\"https:\/\/images.ever-power.net\/2019\/07\/ep_ep_pto-shaft-4.webp\" alt=\"Grupo Ever-Power\" \/><\/p>","protected":false},"excerpt":{"rendered":"<p>Rotavator PTO Shaft for Agricultural Machinery and Equipment The Rotavator PTO Shaft is a new product available in 2020. It is designed for use with tractors and farm implements and is made of steel with star tubes and a black finish. The processing of the yoke is forged, and the tube is cold-drawn for added [&hellip;]<\/p>","protected":false},"featured_media":6201,"template":"","meta":{"_et_pb_use_builder":"","_et_pb_old_content":"","_et_gb_content_width":""},"product_brand":[],"product_cat":[11315],"product_tag":[],"class_list":{"0":"post-6202","1":"product","2":"type-product","3":"status-publish","4":"has-post-thumbnail","6":"product_cat-pto-shaft","8":"first","9":"instock","10":"shipping-taxable","11":"product-type-simple"},"_links":{"self":[{"href":"https:\/\/agricultural-gear-boxes.com\/pt\/wp-json\/wp\/v2\/product\/6202","targetHints":{"allow":["GET"]}}],"collection":[{"href":"https:\/\/agricultural-gear-boxes.com\/pt\/wp-json\/wp\/v2\/product"}],"about":[{"href":"https:\/\/agricultural-gear-boxes.com\/pt\/wp-json\/wp\/v2\/types\/product"}],"wp:featuredmedia":[{"embeddable":true,"href":"https:\/\/agricultural-gear-boxes.com\/pt\/wp-json\/wp\/v2\/media\/6201"}],"wp:attachment":[{"href":"https:\/\/agricultural-gear-boxes.com\/pt\/wp-json\/wp\/v2\/media?parent=6202"}],"wp:term":[{"taxonomy":"product_brand","embeddable":true,"href":"https:\/\/agricultural-gear-boxes.com\/pt\/wp-json\/wp\/v2\/product_brand?post=6202"},{"taxonomy":"product_cat","embeddable":true,"href":"https:\/\/agricultural-gear-boxes.com\/pt\/wp-json\/wp\/v2\/product_cat?post=6202"},{"taxonomy":"product_tag","embeddable":true,"href":"https:\/\/agricultural-gear-boxes.com\/pt\/wp-json\/wp\/v2\/product_tag?post=6202"}],"curies":[{"name":"wp","href":"https:\/\/api.w.org\/{rel}","templated":true}]}}