{"id":6206,"date":"2024-10-30T06:34:33","date_gmt":"2024-10-30T06:34:33","guid":{"rendered":"https:\/\/agricultural-gear-boxes.com\/product\/agricultural-kubota-tractor-parts-driveline-cover-steel-cardan-drive-pto-shafts-with-ce\/"},"modified":"2024-10-30T06:34:34","modified_gmt":"2024-10-30T06:34:34","slug":"agricultural-kubota-tractor-parts-driveline-cover-steel-cardan-drive-pto-shafts-with-ce","status":"publish","type":"product","link":"https:\/\/agricultural-gear-boxes.com\/pt\/product\/agricultural-kubota-tractor-parts-driveline-cover-steel-cardan-drive-pto-shafts-with-ce\/","title":{"rendered":"Pe\u00e7as de trator agr\u00edcola Kubota Tampa da linha de transmiss\u00e3o Cardan de a\u00e7o Eixos de tomada de for\u00e7a com CE"},"content":{"rendered":"<h2> Pe\u00e7as de trator agr\u00edcola Kubota Tampa da linha de transmiss\u00e3o Cardan de a\u00e7o Eixos de tomada de for\u00e7a com CE <\/h2>\n<p> As pe\u00e7as de trator agr\u00edcola Kubota Driveline Cover Steel Cardan Drive Pto Shafts With CE s\u00e3o pe\u00e7as de trator de alta qualidade e novas, projetadas para desempenho ideal. Com garantia de 1 ano, esses eixos s\u00e3o confi\u00e1veis e dur\u00e1veis. Eles s\u00e3o adequados para v\u00e1rios setores, como hot\u00e9is, lojas de roupas, f\u00e1bricas e muito mais. O peso de cada eixo \u00e9 de 10 kg, o que os torna leves e f\u00e1ceis de manusear.<\/p>\n<p> Os eixos de transmiss\u00e3o de cardan de a\u00e7o da tampa da transmiss\u00e3o s\u00e3o projetados para serem usados com tratores e implementos agr\u00edcolas, proporcionando transmiss\u00e3o de pot\u00eancia eficiente. O jugo \u00e9 forjado para resist\u00eancia e durabilidade. Esses eixos s\u00e3o feitos de tubos de a\u00e7o trefilados a frio, especificamente tubos triangulares. A cor dos eixos \u00e9 amarela e preta, dando a eles uma apar\u00eancia distinta. A marca desses eixos \u00e9 EVER-POWER, um nome confi\u00e1vel na ind\u00fastria.<\/p>\n<p> O tamanho dos eixos pode ser personalizado para atender a requisitos espec\u00edficos. Eles v\u00eam com detalhes de embalagem, incluindo um saco pl\u00e1stico e uma caixa de madeira. Os eixos podem ser enviados do porto de Xangai ou Ningbo. Com a inspe\u00e7\u00e3o de sa\u00edda de v\u00eddeo e o relat\u00f3rio de teste de maquin\u00e1rio fornecidos, voc\u00ea pode ter certeza da qualidade desses eixos. O tipo de marketing desses eixos \u00e9 um novo produto em 2020, garantindo que eles estejam atualizados e atendam aos mais recentes padr\u00f5es da ind\u00fastria.<\/p>\n<h3>Cen\u00e1rios de uso<\/h3>\n<p> Os eixos de tomada de for\u00e7a de acionamento por card\u00e3 de a\u00e7o com tampa de transmiss\u00e3o s\u00e3o comumente usados em v\u00e1rios cen\u00e1rios, incluindo:<\/p>\n<ul>\n<li>Tratores<\/li>\n<li>Implementos agr\u00edcolas<\/li>\n<li>M\u00e1quinas industriais<\/li>\n<li>Equipamento de constru\u00e7\u00e3o<\/li>\n<\/ul>\n<p><img decoding=\"async\" src=\"https:\/\/images.hzpt.com\/2023\/06\/xe4ye4bO-PTO-Shaft-Common-Applications.webp\" alt=\"Aplica\u00e7\u00f5es comuns do eixo de tomada de for\u00e7a\"><\/p>\n<p>Esses eixos t\u00eam uma longa hist\u00f3ria de desempenho confi\u00e1vel e s\u00e3o confi\u00e1veis por profissionais da \u00e1rea. Eles s\u00e3o classificados como eixos de alta qualidade e servi\u00e7o pesado que podem suportar uso rigoroso. As vantagens desses eixos incluem sua durabilidade, efici\u00eancia e compatibilidade com v\u00e1rios implementos agr\u00edcolas e tratores.<\/p>\n<h3>Materiais do produto<\/h3>\n<p>Os eixos de transmiss\u00e3o de cardan de a\u00e7o da tampa da linha de transmiss\u00e3o s\u00e3o feitos de a\u00e7o de alta qualidade. O jugo \u00e9 forjado para maior resist\u00eancia, enquanto os tubos s\u00e3o trefilados a frio para maior durabilidade.<\/p>\n<h3>Instala\u00e7\u00e3o, Manuten\u00e7\u00e3o e Reparo<\/h3>\n<p>Instalar, manter e reparar os eixos de transmiss\u00e3o de cardan de a\u00e7o da tampa da transmiss\u00e3o \u00e9 simples. Siga estas etapas:<\/p>\n<ol>\n<li>Certifique-se de que o eixo esteja corretamente alinhado com o trator ou implemento agr\u00edcola.<\/li>\n<li>Fixe o eixo usando os fixadores apropriados.<\/li>\n<li>Inspecione regularmente o eixo em busca de sinais de desgaste ou danos.<\/li>\n<li>If repairs are needed, consult the manufacturer&#8217;s guidelines or seek professional assistance.<\/li>\n<\/ol>\n<p>Substituir a tampa da transmiss\u00e3o do cardan de a\u00e7o Pto Shafts tamb\u00e9m \u00e9 um processo simples. Siga estas etapas:<\/p>\n<ol>\n<li>Remova o eixo antigo afrouxando os fixadores.<\/li>\n<li>Desconecte cuidadosamente o eixo do trator ou implemento agr\u00edcola.<\/li>\n<li>Instale o novo eixo, certificando-se de que ele esteja devidamente alinhado e preso.<\/li>\n<li>Aperte os fixadores para garantir uma conex\u00e3o segura.<\/li>\n<\/ol>\n<h2>Outros neg\u00f3cios de produtos da empresa<\/h2>\n<p>Al\u00e9m dos eixos de transmiss\u00e3o de cardan de a\u00e7o com tampa de transmiss\u00e3o, nossa empresa oferece uma ampla gama de engrenagens e acess\u00f3rios pl\u00e1sticos industriais. Isso inclui caixas de engrenagens agr\u00edcolas, eixos de sa\u00edda de pot\u00eancia, rodas dentadas, acoplamentos hidr\u00e1ulicos, redutores de engrenagem sem-fim e muito mais. Temos orgulho de fornecer produtos de alta qualidade a pre\u00e7os competitivos. Nosso atendimento ao cliente \u00e9 excepcional e aceitamos pedidos personalizados com base em fotos e amostras.<\/p>\n<p><img decoding=\"async\" src=\"https:\/\/images.ever-power.net\/2019\/07\/ep_ep_pto-shaft-4.webp\" alt=\"Eixo de tomada de for\u00e7a\"><\/p>\n<h3>Perguntas frequentes<\/h3>\n<ol>\n<li>P: Seus produtos s\u00e3o forjados ou fundidos?<\/li>\n<p>R: Todos os nossos produtos s\u00e3o forjados.<\/p>\n<li>P: Voc\u00eas t\u00eam um certificado CE?<\/li>\n<p>R: Sim, temos certificados CE, TS\/16949, ISO9001.<\/p>\n<li>Q: What&#8217;s the horsepower range of the pto shafts that you offer?<\/li>\n<p>R: Fornecemos uma gama completa de eixos de tomada de for\u00e7a, variando de 16 HP a 200 HP.<\/p>\n<li>P: Quantas especifica\u00e7\u00f5es splined voc\u00ea tem?<\/li>\n<p>A: We produce 1 1\/8&#8243;-Z6, 1 3\/8&#8243;-Z6, 1 3\/4&#8243;-Z6, 1 3\/8&#8243;-Z21, 1 3\/4&#8243;-Z20, 8X42X48X8, and 8X32X38X6 splines.<\/p>\n<li>P: Quais s\u00e3o as suas condi\u00e7\u00f5es de pagamento?<\/li>\n<p>R: Aceitamos T\/T, L\/C, D\/A, D\/P e muito mais.<\/p>\n<\/ol>\n<p>Autor: lmc<\/p>\n<p style=\"color:red\">Nota importante: Todo o conte\u00fado desta p\u00e1gina \u00e9 proveniente da internet e \u00e9 fornecido apenas para fins de refer\u00eancia. Nossos produtos s\u00e3o acess\u00f3rios e n\u00e3o pe\u00e7as de reposi\u00e7\u00e3o originais. N\u00e3o somos detentores da marca registrada original mencionada no conte\u00fado. Nossos acess\u00f3rios s\u00e3o adequados para uso p\u00f3s-venda. Se voc\u00ea precisar de pe\u00e7as de reposi\u00e7\u00e3o originais, entre em contato com o fabricante original.<\/p>","protected":false},"excerpt":{"rendered":"<p>Agricultural Kubota Tractor Parts Driveline Cover Steel Cardan Drive Pto Shafts With CE The Agricultural Kubota Tractor Parts Driveline Cover Steel Cardan Drive Pto Shafts With CE are high-quality, new condition tractor parts designed for optimal performance. With a warranty of 1 year, these shafts are reliable and durable. They are suitable for various industries [&hellip;]<\/p>","protected":false},"featured_media":6205,"template":"","meta":{"_et_pb_use_builder":"","_et_pb_old_content":"","_et_gb_content_width":""},"product_brand":[],"product_cat":[11315],"product_tag":[],"class_list":{"0":"post-6206","1":"product","2":"type-product","3":"status-publish","4":"has-post-thumbnail","6":"product_cat-pto-shaft","8":"first","9":"instock","10":"shipping-taxable","11":"product-type-simple"},"_links":{"self":[{"href":"https:\/\/agricultural-gear-boxes.com\/pt\/wp-json\/wp\/v2\/product\/6206","targetHints":{"allow":["GET"]}}],"collection":[{"href":"https:\/\/agricultural-gear-boxes.com\/pt\/wp-json\/wp\/v2\/product"}],"about":[{"href":"https:\/\/agricultural-gear-boxes.com\/pt\/wp-json\/wp\/v2\/types\/product"}],"wp:featuredmedia":[{"embeddable":true,"href":"https:\/\/agricultural-gear-boxes.com\/pt\/wp-json\/wp\/v2\/media\/6205"}],"wp:attachment":[{"href":"https:\/\/agricultural-gear-boxes.com\/pt\/wp-json\/wp\/v2\/media?parent=6206"}],"wp:term":[{"taxonomy":"product_brand","embeddable":true,"href":"https:\/\/agricultural-gear-boxes.com\/pt\/wp-json\/wp\/v2\/product_brand?post=6206"},{"taxonomy":"product_cat","embeddable":true,"href":"https:\/\/agricultural-gear-boxes.com\/pt\/wp-json\/wp\/v2\/product_cat?post=6206"},{"taxonomy":"product_tag","embeddable":true,"href":"https:\/\/agricultural-gear-boxes.com\/pt\/wp-json\/wp\/v2\/product_tag?post=6206"}],"curies":[{"name":"wp","href":"https:\/\/api.w.org\/{rel}","templated":true}]}}