{"id":6210,"date":"2024-10-30T06:34:47","date_gmt":"2024-10-30T06:34:47","guid":{"rendered":"https:\/\/agricultural-gear-boxes.com\/product\/hot-sale-pto-shaft-cross-universal-joint-drive-shaft\/"},"modified":"2024-10-30T06:34:47","modified_gmt":"2024-10-30T06:34:47","slug":"hot-sale-pto-shaft-cross-universal-joint-drive-shaft","status":"publish","type":"product","link":"https:\/\/agricultural-gear-boxes.com\/pt\/product\/hot-sale-pto-shaft-cross-universal-joint-drive-shaft\/","title":{"rendered":"Venda quente eixo de transmiss\u00e3o de junta universal cruzada de eixo de tomada de for\u00e7a"},"content":{"rendered":"<h2>Venda quente eixo de transmiss\u00e3o de junta universal cruzada de eixo de tomada de for\u00e7a<\/h2>\n<p>O eixo de transmiss\u00e3o de junta universal cruzada de eixo de tomada de for\u00e7a Hot Sale \u00e9 um produto dur\u00e1vel e de alta qualidade, perfeito para uso em uma variedade de ind\u00fastrias. Ele \u00e9 projetado para fornecer transmiss\u00e3o de energia confi\u00e1vel e \u00e9 adequado para tratores e implementos agr\u00edcolas.<\/p>\n<p><strong>Especifica\u00e7\u00f5es do produto:<\/strong><\/p>\n<ul>\n<li>Condi\u00e7\u00e3o: Novo<\/li>\n<li>Garantia: 1 ano<\/li>\n<li>Ind\u00fastrias aplic\u00e1veis: Hot\u00e9is, lojas de vestu\u00e1rio, lojas de materiais de constru\u00e7\u00e3o, instala\u00e7\u00f5es de fabrica\u00e7\u00e3o, oficinas de conserto de m\u00e1quinas, f\u00e1bricas de alimentos e bebidas, fazendas, restaurantes, uso dom\u00e9stico, varejo, lojas de alimentos, gr\u00e1ficas, obras de constru\u00e7\u00e3o, energia e minera\u00e7\u00e3o, lojas de alimentos e bebidas, outros<\/li>\n<li>Peso (KG): 10 KG<\/li>\n<li>Localiza\u00e7\u00e3o do Showroom: Nenhum<\/li>\n<li>V\u00eddeo de inspe\u00e7\u00e3o de sa\u00edda: Fornecido<\/li>\n<li>Relat\u00f3rio de teste de m\u00e1quinas: fornecido<\/li>\n<li>Tipo de Marketing: Novo Produto 2020<\/li>\n<li>Tipo: Eixos<\/li>\n<li>Uso: Tratores<\/li>\n<li>Nome do produto: Tampa da linha de transmiss\u00e3o Cardan de a\u00e7o Eixos de tomada de for\u00e7a<\/li>\n<li>Uso: Tratores e implementos agr\u00edcolas<\/li>\n<li>Processamento de Jugo: Forja<\/li>\n<li>Certificado: CE, ISO e TS<\/li>\n<li>Processamento de Tubo: Trefilado a Frio<\/li>\n<li>Material: A\u00e7o<\/li>\n<li>Tubos: Tubos Triangulares<\/li>\n<li>Cor: Amarelo+Preto<\/li>\n<li>Marca: EVER-POWER<\/li>\n<li>Tamanho: Tamanho personalizado<\/li>\n<li>Packaging Details: Plastic bag+ Woodencase + According to Customer&#8217;s request<\/li>\n<li>Porto: Xangai ou Ningbo<\/li>\n<\/ul>\n<h3>Cen\u00e1rios de uso comum<\/h3>\n<p>The Hot Sale pto shaft cross universal joint drive shaft is widely used in various industries such as hotels, manufacturing plants, farms, and construction works. It is ideal for powering tractors and farm implements, providing reliable and efficient performance. Whether it&#8217;s plowing fields, operating machinery, or transporting goods, this drive shaft ensures smooth power transmission for optimal productivity.<\/p>\n<p><img decoding=\"async\" src=\"https:\/\/images.hzpt.com\/2023\/06\/xe4ye4bO-PTO-Shaft-Common-Applications.webp\" alt=\"Aplica\u00e7\u00f5es comuns do eixo de tomada de for\u00e7a\" \/><\/p>\n<h3>Hist\u00f3rico e classifica\u00e7\u00e3o do produto<\/h3>\n<p>O conceito do eixo pto remonta aos prim\u00f3rdios da agricultura mecanizada. Ao longo dos anos, os avan\u00e7os na tecnologia levaram ao desenvolvimento de eixos de transmiss\u00e3o mais eficientes e dur\u00e1veis. O eixo de transmiss\u00e3o de junta universal cruzada de eixo pto Hot Sale se enquadra na categoria de eixos de transmiss\u00e3o de cardan de a\u00e7o com tampa de transmiss\u00e3o, que s\u00e3o projetados especificamente para tratores e implementos agr\u00edcolas.<\/p>\n<h3>Vantagens<\/h3>\n<ul>\n<li>Dur\u00e1vel e duradouro<\/li>\n<li>Fornece transmiss\u00e3o de energia confi\u00e1vel<\/li>\n<li>Constru\u00e7\u00e3o em a\u00e7o de alta qualidade<\/li>\n<li>Adequado para v\u00e1rias ind\u00fastrias e aplica\u00e7\u00f5es<\/li>\n<li>F\u00e1cil de instalar, manter e reparar<\/li>\n<\/ul>\n<h3>Materiais dispon\u00edveis<\/h3>\n<p>O eixo de transmiss\u00e3o de junta universal cruzada de eixo de tomada de for\u00e7a Hot Sale \u00e9 feito de a\u00e7o de alta qualidade, garantindo sua resist\u00eancia e durabilidade. Os tubos triangulares usados em sua constru\u00e7\u00e3o melhoram ainda mais seu desempenho e estabilidade.<\/p>\n<h3>Instala\u00e7\u00e3o, Manuten\u00e7\u00e3o e Reparo<\/h3>\n<p>Installing, maintaining, and repairing the Hot Sale pto shaft cross universal joint drive shaft is a straightforward process. It is recommended to follow the manufacturer&#8217;s instructions for proper installation. Regular maintenance, such as greasing and inspecting for wear and tear, will help prolong its lifespan. In the event of damage or malfunction, the drive shaft can be repaired or replaced as needed.<\/p>\n<p><img decoding=\"async\" src=\"https:\/\/images.ever-power.net\/2019\/07\/ep_ep_pto-shaft-4.webp\" alt=\"Eixo de tomada de for\u00e7a\" \/><\/p>\n<h2>Outros produtos da EVER-POWER GROUP Co., Ltd.<\/h2>\n<p>Ever-Power Group Co., Ltd. oferece uma ampla gama de engrenagens e acess\u00f3rios pl\u00e1sticos industriais. Nossa linha de produtos inclui caixas de engrenagens agr\u00edcolas, eixos de sa\u00edda de pot\u00eancia, rodas dentadas, acoplamentos hidr\u00e1ulicos, redutores de engrenagem sem-fim, cremalheiras de engrenagens, correntes remov\u00edveis, polias, caixas de engrenagens planet\u00e1rias, polias de sincroniza\u00e7\u00e3o, buchas e muito mais. Temos orgulho em fornecer produtos de alta qualidade, pre\u00e7os competitivos e excelente atendimento ao cliente. A personaliza\u00e7\u00e3o est\u00e1 dispon\u00edvel com base nos requisitos do cliente.<\/p>\n<h2>Perguntas frequentes<\/h2>\n<ol>\n<li><strong>P: Seus produtos s\u00e3o forjados ou fundidos?<\/strong><br \/>R: Todos os nossos produtos s\u00e3o forjados.<\/li>\n<li><strong>P: Voc\u00eas t\u00eam um certificado CE?<\/strong><br \/>R: Sim, temos certificados CE, TS\/16949, ISO9001.<\/li>\n<li><strong>Q: What&#8217;s the horsepower range of your pto shafts?<\/strong><br \/>R: Fornecemos uma gama completa de eixos de tomada de for\u00e7a, variando de 16 HP a 200 HP.<\/li>\n<li><strong>P: Quantas especifica\u00e7\u00f5es splined voc\u00ea tem?<\/strong><br \/>A: We produce 1 1\/8&#8243;-Z6, 1 3\/8&#8243;-Z6, 1 3\/4&#8243;-Z6, 1 3\/8&#8243;-Z21, 1 3\/4&#8243;-Z20, 8X42X48X8, and 8X32X38X6 splines.<\/li>\n<li><strong>P: Quais s\u00e3o as suas condi\u00e7\u00f5es de pagamento?<\/strong><br \/>R: Aceitamos T\/T, L\/C, D\/A, D\/P, etc.<\/li>\n<\/ol>\n<p>Autor: lmc<\/p>\n<p><font color=\"red\"><strong>Isen\u00e7\u00e3o de responsabilidade:<\/strong> Todo o conte\u00fado desta p\u00e1gina \u00e9 proveniente da internet e destina-se apenas a fins de refer\u00eancia na sele\u00e7\u00e3o de produtos. Nossos produtos s\u00e3o acess\u00f3rios de reposi\u00e7\u00e3o e n\u00e3o pe\u00e7as de reposi\u00e7\u00e3o originais. N\u00e3o possu\u00edmos a marca registrada original do conte\u00fado. Nossos acess\u00f3rios s\u00e3o projetados para se encaixar perfeitamente nas pe\u00e7as de reposi\u00e7\u00e3o originais. Se voc\u00ea precisar de pe\u00e7as de reposi\u00e7\u00e3o originais, entre em contato com a f\u00e1brica original para comprar.<\/font><\/p>","protected":false},"excerpt":{"rendered":"<p>Hot Sale pto shaft cross universal joint drive shaft The Hot Sale pto shaft cross universal joint drive shaft is a high-quality, durable product that is perfect for use in a variety of industries. It is designed to provide reliable power transmission and is suitable for tractors and farm implements. Product Specifications: Condition: New Warranty: [&hellip;]<\/p>","protected":false},"featured_media":6209,"template":"","meta":{"_et_pb_use_builder":"","_et_pb_old_content":"","_et_gb_content_width":""},"product_brand":[],"product_cat":[11315],"product_tag":[],"class_list":{"0":"post-6210","1":"product","2":"type-product","3":"status-publish","4":"has-post-thumbnail","6":"product_cat-pto-shaft","8":"first","9":"instock","10":"shipping-taxable","11":"product-type-simple"},"_links":{"self":[{"href":"https:\/\/agricultural-gear-boxes.com\/pt\/wp-json\/wp\/v2\/product\/6210","targetHints":{"allow":["GET"]}}],"collection":[{"href":"https:\/\/agricultural-gear-boxes.com\/pt\/wp-json\/wp\/v2\/product"}],"about":[{"href":"https:\/\/agricultural-gear-boxes.com\/pt\/wp-json\/wp\/v2\/types\/product"}],"wp:featuredmedia":[{"embeddable":true,"href":"https:\/\/agricultural-gear-boxes.com\/pt\/wp-json\/wp\/v2\/media\/6209"}],"wp:attachment":[{"href":"https:\/\/agricultural-gear-boxes.com\/pt\/wp-json\/wp\/v2\/media?parent=6210"}],"wp:term":[{"taxonomy":"product_brand","embeddable":true,"href":"https:\/\/agricultural-gear-boxes.com\/pt\/wp-json\/wp\/v2\/product_brand?post=6210"},{"taxonomy":"product_cat","embeddable":true,"href":"https:\/\/agricultural-gear-boxes.com\/pt\/wp-json\/wp\/v2\/product_cat?post=6210"},{"taxonomy":"product_tag","embeddable":true,"href":"https:\/\/agricultural-gear-boxes.com\/pt\/wp-json\/wp\/v2\/product_tag?post=6210"}],"curies":[{"name":"wp","href":"https:\/\/api.w.org\/{rel}","templated":true}]}}