{"id":6212,"date":"2024-10-30T06:34:54","date_gmt":"2024-10-30T06:34:54","guid":{"rendered":"https:\/\/agricultural-gear-boxes.com\/product\/pto-shaft-for-agricultural-machinery-t32-620mm-black-cover-cardanshaft\/"},"modified":"2024-10-30T06:34:55","modified_gmt":"2024-10-30T06:34:55","slug":"pto-shaft-for-agricultural-machinery-t32-620mm-black-cover-cardanshaft","status":"publish","type":"product","link":"https:\/\/agricultural-gear-boxes.com\/pt\/product\/pto-shaft-for-agricultural-machinery-t32-620mm-black-cover-cardanshaft\/","title":{"rendered":"eixo pto para m\u00e1quinas agr\u00edcolas T32 620mm capa preta eixo cardan"},"content":{"rendered":"<h2>PTO Shaft for Agricultural Machinery &#8211; T32 620mm Black Cover Cardanshaft<\/h2>\n<p>O eixo PTO para m\u00e1quinas agr\u00edcolas \u00e9 um produto novo com garantia de 1 ano, adequado para uso em v\u00e1rios setores, como hot\u00e9is, lojas de roupas, f\u00e1bricas, fazendas, gr\u00e1ficas e muito mais. Ele tem um peso de 10 kg, com tubos personalizados, um jugo de pino de press\u00e3o e cor preta. O eixo \u00e9 certificado pela CE, ISO e TS, com um tamanho de dente 1 3\/8 Z6 e kit cruzado 32*76.<\/p>\n<h3>Cen\u00e1rios de uso<\/h3>\n<p>Este eixo PTO \u00e9 comumente usado em tratores e implementos agr\u00edcolas, tornando-o ideal para aplica\u00e7\u00f5es agr\u00edcolas. Com sua capacidade de transferir pot\u00eancia do trator para o implemento acoplado, ele \u00e9 \u00fatil em uma ampla gama de atividades agr\u00edcolas, como cultivo, plantio, colheita e muito mais. <\/p>\n<p><img decoding=\"async\" src=\"https:\/\/images.hzpt.com\/2023\/06\/xe4ye4bO-PTO-Shaft-Common-Applications.webp\" alt=\"Aplica\u00e7\u00f5es comuns do eixo de tomada de for\u00e7a\"><\/p>\n<h3>Vantagens<\/h3>\n<ul>\n<li>Materiais de alta qualidade<\/li>\n<li>Certificado CE, ISO e TS<\/li>\n<li>Dur\u00e1vel e duradouro<\/li>\n<li>F\u00e1cil de instalar e manter<\/li>\n<\/ul>\n<h3>Hist\u00f3rico e classifica\u00e7\u00e3o do produto<\/h3>\n<p>Os eixos PTO t\u00eam sido usados por muitos anos como uma maneira confi\u00e1vel e eficiente de transferir pot\u00eancia do trator para um implemento acoplado. Esses eixos podem ser classificados pelo tamanho do dente, kit cruzado, tipo de tubo e processamento do jugo e do tubo. <\/p>\n<h3>Materiais de produtos dispon\u00edveis<\/h3>\n<p>O eixo PTO \u00e9 feito de materiais de alta qualidade, tornando-o dur\u00e1vel e duradouro. O eixo \u00e9 feito de tubo trefilado a frio e jugo forjado, com tubos personalizados e um jugo de pino de press\u00e3o. <\/p>\n<h3>Instala\u00e7\u00e3o, Manuten\u00e7\u00e3o e Reparo<\/h3>\n<p>A instala\u00e7\u00e3o do eixo PTO \u00e9 simples e a manuten\u00e7\u00e3o \u00e9 m\u00ednima. Ele deve ser verificado regularmente quanto a sinais de desgaste e quaisquer pe\u00e7as danificadas devem ser substitu\u00eddas imediatamente. Se for necess\u00e1rio um reparo, \u00e9 melhor procurar a ajuda de um profissional. <\/p>\n<h3>Como substituir o produto<\/h3>\n<p>Se o eixo da tomada de for\u00e7a precisar ser substitu\u00eddo, \u00e9 importante garantir que o eixo de substitui\u00e7\u00e3o seja compat\u00edvel com o trator e o implemento. O processo de substitui\u00e7\u00e3o deve ser direto, e quaisquer pe\u00e7as danificadas devem ser substitu\u00eddas imediatamente. <\/p>\n<h2>Outros neg\u00f3cios de produtos da empresa<\/h2>\n<p>Al\u00e9m do eixo PTO, nossa empresa tamb\u00e9m fornece v\u00e1rias engrenagens pl\u00e1sticas industriais, como caixas de engrenagens agr\u00edcolas, eixos de sa\u00edda de pot\u00eancia, rodas dentadas, acoplamentos hidr\u00e1ulicos, redutores de engrenagem sem-fim, cremalheiras de engrenagens, correntes remov\u00edveis, polias e polias, caixas de engrenagens planet\u00e1rias, polias de sincroniza\u00e7\u00e3o, buchas e muito mais. Temos orgulho de fornecer produtos de alta qualidade a pre\u00e7os preferenciais com servi\u00e7os atenciosos. Os clientes s\u00e3o bem-vindos para personalizar seus produtos com fotos e amostras.<\/p>\n<p><img decoding=\"async\" src=\"https:\/\/images.ever-power.net\/2019\/07\/ep_ep_pto-shaft-4.webp\" alt=\"Eixo de tomada de for\u00e7a\"><\/p>\n<h2>Perguntas e Respostas<\/h2>\n<h3>P: Qual \u00e9 o tamanho do dente do eixo da tomada de for\u00e7a?<\/h3>\n<p>R: O tamanho do dente do eixo da tomada de for\u00e7a \u00e9 1 3\/8 Z6.<\/p>\n<h3>P: Para quais setores o eixo de tomada de for\u00e7a \u00e9 adequado?<\/h3>\n<p>R: O eixo da tomada de for\u00e7a \u00e9 adequado para v\u00e1rios setores, como hot\u00e9is, lojas de roupas, f\u00e1bricas, fazendas e gr\u00e1ficas.<\/p>\n<h3>P: Qual \u00e9 o per\u00edodo de garantia do eixo da tomada de for\u00e7a?<\/h3>\n<p>R: O eixo da tomada de for\u00e7a vem com garantia de 1 ano.<\/p>\n<h3>P: Qual \u00e9 o m\u00e9todo de processamento do jugo?<\/h3>\n<p>R: O jugo \u00e9 forjado.<\/p>\n<h3>P: De que materiais o eixo da tomada de for\u00e7a \u00e9 feito?<\/h3>\n<p>R: O eixo da tomada de for\u00e7a \u00e9 feito de tubo trefilado a frio e jugo forjado, com tubos personalizados e um jugo de pino de press\u00e3o.<\/p>\n<p style=\"color:red;\">Aviso Legal: Todo o conte\u00fado desta p\u00e1gina vem da Internet, e o conte\u00fado \u00e9 usado apenas como refer\u00eancia para sele\u00e7\u00e3o de produtos. Nossos produtos s\u00e3o acess\u00f3rios e n\u00e3o pe\u00e7as de reposi\u00e7\u00e3o originais; n\u00e3o somos detentores da marca registrada original do conte\u00fado. Nossos produtos s\u00e3o adequados apenas para acess\u00f3rios de reposi\u00e7\u00e3o e n\u00e3o para pe\u00e7as de reposi\u00e7\u00e3o originais. Nossos acess\u00f3rios podem se encaixar perfeitamente nas pe\u00e7as de reposi\u00e7\u00e3o originais; se voc\u00ea precisar comprar pe\u00e7as de reposi\u00e7\u00e3o originais, entre em contato com a f\u00e1brica original para comprar.<\/p>\n<p>Autor: lmc<\/p>","protected":false},"excerpt":{"rendered":"<p>PTO Shaft for Agricultural Machinery &#8211; T32 620mm Black Cover Cardanshaft The PTO Shaft for Agricultural Machinery is a new product with a 1-year warranty, suitable for use in various industries such as hotels, garment shops, manufacturing plants, farms, printing shops, and more. It has a weight of 10 KG, with customized tubes, a push [&hellip;]<\/p>","protected":false},"featured_media":6211,"template":"","meta":{"_et_pb_use_builder":"","_et_pb_old_content":"","_et_gb_content_width":""},"product_brand":[],"product_cat":[11315],"product_tag":[],"class_list":{"0":"post-6212","1":"product","2":"type-product","3":"status-publish","4":"has-post-thumbnail","6":"product_cat-pto-shaft","8":"first","9":"instock","10":"shipping-taxable","11":"product-type-simple"},"_links":{"self":[{"href":"https:\/\/agricultural-gear-boxes.com\/pt\/wp-json\/wp\/v2\/product\/6212","targetHints":{"allow":["GET"]}}],"collection":[{"href":"https:\/\/agricultural-gear-boxes.com\/pt\/wp-json\/wp\/v2\/product"}],"about":[{"href":"https:\/\/agricultural-gear-boxes.com\/pt\/wp-json\/wp\/v2\/types\/product"}],"wp:featuredmedia":[{"embeddable":true,"href":"https:\/\/agricultural-gear-boxes.com\/pt\/wp-json\/wp\/v2\/media\/6211"}],"wp:attachment":[{"href":"https:\/\/agricultural-gear-boxes.com\/pt\/wp-json\/wp\/v2\/media?parent=6212"}],"wp:term":[{"taxonomy":"product_brand","embeddable":true,"href":"https:\/\/agricultural-gear-boxes.com\/pt\/wp-json\/wp\/v2\/product_brand?post=6212"},{"taxonomy":"product_cat","embeddable":true,"href":"https:\/\/agricultural-gear-boxes.com\/pt\/wp-json\/wp\/v2\/product_cat?post=6212"},{"taxonomy":"product_tag","embeddable":true,"href":"https:\/\/agricultural-gear-boxes.com\/pt\/wp-json\/wp\/v2\/product_tag?post=6212"}],"curies":[{"name":"wp","href":"https:\/\/api.w.org\/{rel}","templated":true}]}}